{"id":594,"date":"2020-11-06T11:28:38","date_gmt":"2020-11-06T14:28:38","guid":{"rendered":"http:\/\/www2.uepg.br\/bacharelado-direito\/?page_id=594"},"modified":"2025-04-24T15:48:49","modified_gmt":"2025-04-24T18:48:49","slug":"estrutura-curricular","status":"publish","type":"page","link":"https:\/\/www2.uepg.br\/direito\/mestrado\/estrutura-curricular\/","title":{"rendered":"Mestrado &#8211; Estrutura Curricular"},"content":{"rendered":"<p>O Programa valoriza o di\u00e1logo interdisciplinar e transdisciplinar na medida em que os compromissos curriculares dos discentes est\u00e3o distribu\u00eddos em tr\u00eas grandes grupos: um de disciplinas de forma\u00e7\u00e3o geral, outro de aprofundamento espec\u00edfico, e um terceiro, de atividades de pesquisa translacional. Neste \u00faltimo grupo, ser\u00e3o exigidas dos mestrandos tr\u00eas esp\u00e9cies de atividades contando cr\u00e9ditos:<\/p>\n<p>a) imers\u00e3o pr\u00e1tico-institucional, em que dever\u00e3o realizar e relatar intera\u00e7\u00e3o e viv\u00eancia em ambiente profissional ou institucional relevante para o tema de sua pesquisa e o problema pr\u00e1tico que ela procurar\u00e1 enfrentar;<\/p>\n<p>b) dissemina\u00e7\u00e3o e discuss\u00e3o do conhecimento produzido, em que o mestrando expor\u00e1 seus resultados parciais de pesquisa em eventos internos e externos e publica\u00e7\u00f5es;<\/p>\n<p>c) orienta\u00e7\u00e3o de disserta\u00e7\u00e3o e escrita acad\u00eamica, em que o mestrando desenvolver\u00e1 a escrita acad\u00eamica de seu trabalho de conclus\u00e3o do mestrado \u2013 uma disserta\u00e7\u00e3o nos moldes tradicionais ou um trabalho final equivalente em estilo diferenciado, compat\u00edvel com os objetivos e finalidades de seu projeto.<\/p>\n<p>A ideia \u00e9 que, no interc\u00e2mbio entre a teoria e a pr\u00e1tica, a perspectiva translacional se apresente nos projetos, eventos, publica\u00e7\u00f5es e disserta\u00e7\u00f5es a serem trabalhadas, por docentes e discentes, ao longo do Programa.<\/p>\n<p>O regulamento do Programa estabelece que os mestrandos dever\u00e3o cursar ao menos quatro disciplinas de aprofundamento espec\u00edfico, sendo duas da Linha de Pesquisa a que se vinculou e outras duas de sua livre escolha. Adicionalmente, dever\u00e3o cursar, no primeiro ano letivo, a disciplina de Metodologia da Pesquisa Translacional no Direito e ao menos duas outras disciplinas de forma\u00e7\u00e3o geral.<\/p>\n<p>&nbsp;<\/p>\n<h4><strong>INTEGRALIZA\u00c7\u00c3O DE CR\u00c9DITOS EM DISCIPLINAS<\/strong><\/h4>\n<p>Conforme artigo 34 do Regulamento do Programa, a grade curricular dever\u00e1 ser integralizada no m\u00e1ximo em 24 (vinte e quatro) meses com a possibilidade de mais 06 (seis) meses, desde que justificado pelo orientador e aprovado pelo Colegiado, assim distribu\u00eddos:<\/p>\n<p>I &#8211; disciplinas de forma\u00e7\u00e3o geral (09 cr\u00e9ditos);<\/p>\n<p>II &#8211; disciplinas de aprofundamento espec\u00edfico na linha de pesquisa (06 cr\u00e9ditos);<\/p>\n<p>III &#8211; disciplinas de aprofundamento espec\u00edfico de livre escolha (06 cr\u00e9ditos);<\/p>\n<p>IV &#8211; atividades de imers\u00e3o pr\u00e1tico-institucional (04 cr\u00e9ditos);<\/p>\n<p>V &#8211; atividades de discuss\u00e3o e dissemina\u00e7\u00e3o do conhecimento produzido (04 cr\u00e9ditos);<\/p>\n<p>VI &#8211; atividades de pesquisa e escrita acad\u00eamica voltadas \u00e0 disserta\u00e7\u00e3o ou trabalho final (04 cr\u00e9ditos).<\/p>\n<p>&nbsp;<\/p>\n<h4 class=\"padding-t bold-italic\" style=\"text-align: left\"><strong>EXAME DE QUALIFICA\u00c7\u00c3O<\/strong><\/h4>\n<p>Nos termos do artigo 40 do Regulamento do Programa, o mestrando somente se submeter\u00e1 a Exame de Qualifica\u00e7\u00e3o ap\u00f3s a conclus\u00e3o dos cr\u00e9ditos, aprova\u00e7\u00e3o em Exame de Sufici\u00eancia em L\u00edngua Estrangeira, elabora\u00e7\u00e3o do Projeto de Disserta\u00e7\u00e3o ou Trabalho Final e apresenta\u00e7\u00e3o de documento comprobat\u00f3rio de submiss\u00e3o e aceite de 01 (um) artigo para publica\u00e7\u00e3o em Revista Cient\u00edfica classificada no QUALIS\/CAPES, ou em Anais de qualificado evento t\u00e9cnico-cient\u00edfico, assim previamente reconhecido pelo Colegiado do Programa ou especificamente autorizado pelo orientador do mestrando.<\/p>\n<p>Os requisitos para o cumprimento desta etapa constam no Regulamento do Programa.<\/p>\n<p>&nbsp;<\/p>\n<h4><strong>PRODUTO DA PESQUISA<\/strong><\/h4>\n<p>De acordo com o artigo 38 do Regulamento do Programa, o produto da pesquisa para o Mestrado Profissional poder\u00e1 ser na forma de Disserta\u00e7\u00e3o, Trabalho Final, ou ainda de acordo com a Instru\u00e7\u00e3o Normativa n\u00b009\/2025 no formato alternativo (modelo escandinavo) no \u00e2mbito do Programa.<\/p>\n<p>Nos termos da Resolu\u00e7\u00e3o CEPE n o 20\/2016, considera-se:<\/p>\n<p>I &#8211; DISSERTA\u00c7\u00c3O: O texto resultante de trabalho supervisionado, que demonstre capacidade de sistematiza\u00e7\u00e3o cr\u00edtica do conhecimento acumulado sobre o tema tratado e de utiliza\u00e7\u00e3o de m\u00e9todos e t\u00e9cnicas de investiga\u00e7\u00e3o cient\u00edfica, tecnol\u00f3gica ou art\u00edstica, visando o desenvolvimento acad\u00eamico ou profissional, de acordo com a natureza da \u00e1rea e os objetivos do curso de Mestrado;<\/p>\n<p>II &#8211; TRABALHO FINAL: O texto resultante de um trabalho vinculado a problemas reais da \u00e1rea de atua\u00e7\u00e3o do profissional-discente e de acordo com a natureza da \u00e1rea e a finalidade do curso, podendo ser apresentado em diversos formatos, entre eles estudo de caso.<\/p>\n<p>Nos termos do artigo 53 do Regulamento do Programa, a obten\u00e7\u00e3o do t\u00edtulo de Mestre est\u00e1 condicionada a:<\/p>\n<p>I &#8211; integralizar todos os cr\u00e9ditos exigidos pelo Regulamento do Programa;<\/p>\n<p>II &#8211; ter recebido da Banca Examinadora o conceito \u201cAprovado\u201d na defesa p\u00fablica da Disserta\u00e7\u00e3o ou Trabalho Final;<\/p>\n<p>III &#8211; entregar, no m\u00e1ximo em 60 (sessenta) dias ap\u00f3s a defesa p\u00fablica, a vers\u00e3o final da Disserta\u00e7\u00e3o ou do Trabalho Final, com as devidas modifica\u00e7\u00f5es indicadas pela Banca Examinadora e com o Termo de Autoriza\u00e7\u00e3o para Publica\u00e7\u00e3o Eletr\u00f4nica assinada.<\/p>\n","protected":false},"excerpt":{"rendered":"<p>O Programa valoriza o di\u00e1logo interdisciplinar e transdisciplinar na medida em que os compromissos curriculares dos discentes est\u00e3o distribu\u00eddos em tr\u00eas grandes grupos: um de disciplinas de forma\u00e7\u00e3o geral, outro de aprofundamento espec\u00edfico, e um terceiro, de atividades de pesquisa translacional. Neste \u00faltimo grupo, ser\u00e3o exigidas dos mestrandos tr\u00eas esp\u00e9cies de atividades contando cr\u00e9ditos: a)&nbsp;&hellip;<\/p>\n","protected":false},"author":24,"featured_media":0,"parent":441,"menu_order":0,"comment_status":"closed","ping_status":"closed","template":"","meta":[],"_links":{"self":[{"href":"https:\/\/www2.uepg.br\/direito\/wp-json\/wp\/v2\/pages\/594"}],"collection":[{"href":"https:\/\/www2.uepg.br\/direito\/wp-json\/wp\/v2\/pages"}],"about":[{"href":"https:\/\/www2.uepg.br\/direito\/wp-json\/wp\/v2\/types\/page"}],"author":[{"embeddable":true,"href":"https:\/\/www2.uepg.br\/direito\/wp-json\/wp\/v2\/users\/24"}],"replies":[{"embeddable":true,"href":"https:\/\/www2.uepg.br\/direito\/wp-json\/wp\/v2\/comments?post=594"}],"version-history":[{"count":6,"href":"https:\/\/www2.uepg.br\/direito\/wp-json\/wp\/v2\/pages\/594\/revisions"}],"predecessor-version":[{"id":3371,"href":"https:\/\/www2.uepg.br\/direito\/wp-json\/wp\/v2\/pages\/594\/revisions\/3371"}],"up":[{"embeddable":true,"href":"https:\/\/www2.uepg.br\/direito\/wp-json\/wp\/v2\/pages\/441"}],"wp:attachment":[{"href":"https:\/\/www2.uepg.br\/direito\/wp-json\/wp\/v2\/media?parent=594"}],"curies":[{"name":"wp","href":"https:\/\/api.w.org\/{rel}","templated":true}]}}