{"id":602,"date":"2020-11-06T11:32:01","date_gmt":"2020-11-06T14:32:01","guid":{"rendered":"http:\/\/www2.uepg.br\/bacharelado-direito\/?page_id=602"},"modified":"2025-08-26T09:55:17","modified_gmt":"2025-08-26T12:55:17","slug":"selecao","status":"publish","type":"page","link":"https:\/\/www2.uepg.br\/direito\/mestrado\/selecao\/","title":{"rendered":"Mestrado &#8211; Sele\u00e7\u00e3o para ingresso discente em 2024"},"content":{"rendered":"<p><strong>EDITAL DE SELE\u00c7\u00c3O &#8211; PROGRAMA DE MESTRADO EM DIRITO &#8211; 2026<\/strong><\/p>\n<p><strong>Por favor, leia os EDITAIS com aten\u00e7\u00e3o!!!<\/strong><\/p>\n<p><a href=\"http:\/\/www2.uepg.br\/direito\/wp-content\/uploads\/sites\/76\/2025\/08\/EDITAL20.2025-ABERTURA-SELECAO-2026.pdf\">EDITAL n\u00b020.2025 &#8211; ABERTURA SELE\u00c7\u00c3O &#8211; BIBLIOGRAFIA PARA PROVA TE\u00d3RICA &#8211; 2026<\/a><\/p>\n<p><a href=\"http:\/\/www2.uepg.br\/direito\/wp-content\/uploads\/sites\/76\/2025\/08\/editalabertura21.2025.retificacaodocx.pdf\">EDITAL n\u00b021\/2025 &#8211; RETIFICA\u00c7\u00c3O<\/a><\/p>\n<p><a href=\"http:\/\/www2.uepg.br\/direito\/wp-content\/uploads\/sites\/76\/2025\/08\/EDITAL-22.2025incricoes-2026.pdf\">EDITAL n\u00b022.2025 &#8211; INSCRI\u00c7\u00d5ES 2026<\/a><\/p>\n<p>&nbsp;<\/p>\n<p>1. Fa\u00e7a sua inscri\u00e7\u00e3o no\u00a0processo seletivo, preenchendo a <a href=\"https:\/\/forms.gle\/6mz2ee2yMbkeyeMm7\" target=\"_blank\" rel=\"noopener\">FICHA DE INSCRI\u00c7\u00c3O<\/a><strong>.<\/strong><\/p>\n<p>2. Toda a documenta\u00e7\u00e3o exigida para a inscri\u00e7\u00e3o, conforme especificado no Edital, deve ser inserido na FICHA DE INSCRI\u00c7\u00c3O.<\/p>\n<p>3. Se precisar de condi\u00e7\u00f5es diferenciadas para realizar etapas de avalia\u00e7\u00e3o do processo seletivo, preencha a <a href=\"https:\/\/forms.gle\/9otHLr24N3fcN6td8\" target=\"_blank\" rel=\"noopener\">FICHA PARA PESSOAS COM NECESSIDADES ESPECIAIS<\/a>.<\/p>\n<p>4. Para interpor eventuais recursos, conforme especificado no Edital, acesse o link<a href=\"https:\/\/sisei.apps.uepg.br\/protocolo-digital\/mestrado-direito\"> https:\/\/sisei.apps.uepg.br\/protocolo-digital\/mestrado-direito<\/a>, incluindo, na descri\u00e7\u00e3o simplificada do assunto, \u201cRECURSO NA SELE\u00c7\u00c3O MESTRADO EM DIREITO, PARA INGRESSO DISCENTE EM 2024\u201d.<\/p>\n<p>5. Caso o candidato, ap\u00f3s ter observado atentamente as instru\u00e7\u00f5es, se depare com algum problema t\u00e9cnico na finaliza\u00e7\u00e3o de sua inscri\u00e7\u00e3o no processo seletivo, solicitamos que entre em contato com a Coordena\u00e7\u00e3o do Programa por meio do seguinte endere\u00e7o eletr\u00f4nico:\u00a0<a href=\"mailto:mestradodireitouepg@uepg.br\">mestradodireitouepg@uepg.br<\/a>.<\/p>\n","protected":false},"excerpt":{"rendered":"<p>EDITAL DE SELE\u00c7\u00c3O &#8211; PROGRAMA DE MESTRADO EM DIRITO &#8211; 2026 Por favor, leia os EDITAIS com aten\u00e7\u00e3o!!! EDITAL n\u00b020.2025 &#8211; ABERTURA SELE\u00c7\u00c3O &#8211; BIBLIOGRAFIA PARA PROVA TE\u00d3RICA &#8211; 2026 EDITAL n\u00b021\/2025 &#8211; RETIFICA\u00c7\u00c3O EDITAL n\u00b022.2025 &#8211; INSCRI\u00c7\u00d5ES 2026 &nbsp; 1. Fa\u00e7a sua inscri\u00e7\u00e3o no\u00a0processo seletivo, preenchendo a FICHA DE INSCRI\u00c7\u00c3O. 2. Toda a documenta\u00e7\u00e3o&nbsp;&hellip;<\/p>\n","protected":false},"author":24,"featured_media":0,"parent":441,"menu_order":0,"comment_status":"closed","ping_status":"closed","template":"","meta":[],"_links":{"self":[{"href":"https:\/\/www2.uepg.br\/direito\/wp-json\/wp\/v2\/pages\/602"}],"collection":[{"href":"https:\/\/www2.uepg.br\/direito\/wp-json\/wp\/v2\/pages"}],"about":[{"href":"https:\/\/www2.uepg.br\/direito\/wp-json\/wp\/v2\/types\/page"}],"author":[{"embeddable":true,"href":"https:\/\/www2.uepg.br\/direito\/wp-json\/wp\/v2\/users\/24"}],"replies":[{"embeddable":true,"href":"https:\/\/www2.uepg.br\/direito\/wp-json\/wp\/v2\/comments?post=602"}],"version-history":[{"count":15,"href":"https:\/\/www2.uepg.br\/direito\/wp-json\/wp\/v2\/pages\/602\/revisions"}],"predecessor-version":[{"id":3668,"href":"https:\/\/www2.uepg.br\/direito\/wp-json\/wp\/v2\/pages\/602\/revisions\/3668"}],"up":[{"embeddable":true,"href":"https:\/\/www2.uepg.br\/direito\/wp-json\/wp\/v2\/pages\/441"}],"wp:attachment":[{"href":"https:\/\/www2.uepg.br\/direito\/wp-json\/wp\/v2\/media?parent=602"}],"curies":[{"name":"wp","href":"https:\/\/api.w.org\/{rel}","templated":true}]}}