{"id":668,"date":"2020-11-09T09:34:51","date_gmt":"2020-11-09T12:34:51","guid":{"rendered":"http:\/\/www2.uepg.br\/direito\/?page_id=668"},"modified":"2026-03-20T11:35:44","modified_gmt":"2026-03-20T14:35:44","slug":"especializacao-em-direito-processual-penal-e-pratica-forense-penal","status":"publish","type":"page","link":"https:\/\/www2.uepg.br\/direito\/especializacao-em-direito-processual-penal-e-pratica-forense-penal\/","title":{"rendered":"Especializa\u00e7\u00e3o em Direito Processual Penal e Pr\u00e1tica Forense Penal &#8211; Lato Sensu"},"content":{"rendered":"<h3 align=\"justify\"><strong><b>CURSO PRESENCIAL DE ESPECIALIZA\u00c7\u00c3O DIREITO PROCESSUAL PENAL E PR\u00c1TICA FORENSE PENAL &#8211; 6\u00aa EDI\u00c7\u00c3O<\/b><\/strong><\/h3>\n<h4 align=\"justify\">COORDENADOR: Professor Dr. Rauli Gross Jr<\/h4>\n<p><!--more--><\/p>\n<h4 align=\"justify\"><\/h4>\n<h4 align=\"justify\"><a style=\"color: #0000ff\" href=\"http:\/\/www2.uepg.br\/direito\/wp-content\/uploads\/sites\/76\/2026\/02\/Edital-de-Inscricao-da-Pos-Graduacao-em-Processo-Penal-e-Pratica-Forense-Penal-6a-Edicao-1.pdf\">EDITAL DE INSCRI\u00c7\u00c3O PARA SELE\u00c7\u00c3O &#8211; 6\u00aa EDI\u00c7\u00c3O &#8211; <\/a><span style=\"color: #0000ff\"><a style=\"color: #0000ff\" href=\"http:\/\/www2.uepg.br\/direito\/wp-content\/uploads\/sites\/76\/2026\/02\/Edital-de-Inscricao-da-Pos-Graduacao-em-Processo-Penal-e-Pratica-Forense-Penal-6a-Edicao-1.pdf\">Pos-Graduacao-em-Processo-Penal-e-Pratica-Forense-Penal-6a-Edicao-2026<\/a><\/span><\/h4>\n<h4><\/h4>\n<p>&nbsp;<\/p>\n<h4>P\u00daBLICO ALVO<\/h4>\n<p><span class=\"fontstyle0\">O\u00a0 curso\u00a0 de\u00a0 p\u00f3s-gradua\u00e7\u00e3o\u00a0 em\u00a0 Direito\u00a0 Processo\u00a0 Penal\u00a0 e\u00a0 Pr\u00e1tica\u00a0 Forense\u00a0 Penal\u00a0 \u00a0destina-se\u00a0 a\u00a0 profissionais\u00a0 de\u00a0 direito\u00a0 que\u00a0 atuam\u00a0 como\u00a0 advogados,\u00a0 procuradores,\u00a0 magistrados,\u00a0 promotores, serventu\u00e1rios\u00a0 da\u00a0 Justi\u00e7a,\u00a0 policiais,\u00a0 investigadores,\u00a0 peritos,\u00a0 e\u00a0 docentes\u00a0 que\u00a0 atuam\u00a0 na\u00a0 \u00e1rea\u00a0 jur\u00eddica,\u00a0 bem\u00a0 como,\u00a0 profissionais\u00a0 envolvidos com media\u00e7\u00e3o e concilia\u00e7\u00e3o, que buscam aprofundar seu conhecimento em rela\u00e7\u00e3o as quest\u00f5es, pr\u00e1ticas e ferramentas que envolvem o Direito Processual Penal.<\/span><\/p>\n<h4 align=\"justify\"><span class=\"fontstyle0\">FORMAS DE INGRESSO: <\/span><\/h4>\n<p align=\"justify\"><span class=\"fontstyle2\">Inscri\u00e7\u00e3o, sele\u00e7\u00e3o e matr\u00edcula<\/span><\/p>\n<h4 align=\"justify\"><span class=\"fontstyle0\">TIPO DE CURSO:<\/span><\/h4>\n<p align=\"justify\"><span class=\"fontstyle2\">Presencial (sendo que 30% do curso ser\u00e1 ofertado na modalidade virtual)<\/span><\/p>\n<h4 align=\"justify\"><span class=\"fontstyle0\">DURA\u00c7\u00c3O DO CURSO:<\/span><\/h4>\n<p align=\"justify\"><span class=\"fontstyle2\">27\/03\/2026 a 20\/12\/2027<\/span><\/p>\n<h4 align=\"justify\">CARGA HOR\u00c1RIA:<\/h4>\n<p align=\"justify\">Carga hor\u00e1ria total de 420 horas, sendo divida em 380 horas para a realiza\u00e7\u00e3o dos cr\u00e9ditos, 20 horas para o Trabalho de Conclus\u00e3o de Curso \u2013 TCC e 20 horas para Atividade em Estagio Superior N\u00e3o Obrigat\u00f3rio.<\/p>\n<h4 align=\"justify\">VAGAS:<\/h4>\n<p align=\"justify\">30 vagas no m\u00ednimo e 60 vagas no m\u00e1ximo<\/p>\n<h4 align=\"justify\"><span class=\"fontstyle0\">N\u00daMERO DE M\u00d3DULOS:<\/span><\/h4>\n<p align=\"justify\"><span class=\"fontstyle2\">06 m\u00f3dulos\u00a0<\/span><\/p>\n<h4 align=\"justify\"><span class=\"fontstyle0\">Dura\u00e7\u00e3o\/Per\u00edodo (m\u00eas):<\/span><\/h4>\n<p align=\"justify\"><span class=\"fontstyle2\">22 meses<\/span><\/p>\n<h4 align=\"justify\"><span class=\"fontstyle0\">Local de realiza\u00e7\u00e3o do curso: <\/span><\/h4>\n<p align=\"justify\"><span class=\"fontstyle0\">Centro de P\u00f3s-gradua\u00e7\u00e3o de Direito, <\/span><span class=\"fontstyle2\">localizado ao Pr\u00e9dio\u00a0<\/span><span class=\"fontstyle2\">anexo ao Audit\u00f3rio PAX, sito \u00e0 rua Dr. Ant\u00f4nio Russo, 28, 1\u00ba Andar, bairro de Oficinas \u2013 84045-020 \u2013\u00a0<\/span><span class=\"fontstyle2\">Ponta Grossa \u2013 PR.<\/span><\/p>\n<h4 align=\"justify\"><span class=\"fontstyle0\">Unidade Respons\u00e1vel<\/span><span class=\"fontstyle2\">: <\/span><\/h4>\n<p align=\"justify\"><span class=\"fontstyle2\">Departamento de Direito Processual do Setor de Ci\u00eancias Jur\u00eddicas.<\/span><\/p>\n<h4 align=\"justify\"><span class=\"fontstyle0\">Coordenador do curso: <\/span><\/h4>\n<p align=\"justify\"><span class=\"fontstyle2\">Prof. Dr. Rauli Gross Jr., indicado pelo departamento de Direito <\/span><span class=\"fontstyle2\">Processual.<\/span><\/p>\n<p align=\"justify\"><span class=\"fontstyle0\">\u00c1rea de Forma\u00e7\u00e3o: <\/span><span class=\"fontstyle2\">Gradua\u00e7\u00e3o em Direito\/Doutorado em Direito<\/span><\/p>\n<p align=\"justify\"><span class=\"fontstyle4\">Lattes<\/span><span class=\"fontstyle0\">: <\/span><a href=\"http:\/\/lattes.cnpq.br\/9027016395386483\"><span class=\"fontstyle5\">http:\/\/lattes.cnpq.br\/9027016395386483<\/span><\/a><\/p>\n<p align=\"justify\"><span class=\"fontstyle0\">Telefone comercial: <\/span><span class=\"fontstyle2\">(42) 3220-3232<\/span><\/p>\n<p align=\"justify\"><span class=\"fontstyle0\">Telefone Celular: <\/span><span class=\"fontstyle2\">(42) 99102-1656<\/span><\/p>\n<p align=\"justify\"><span class=\"fontstyle0\">E-mail: <\/span><a href=\"mailto:rgjunior@uepg.br\"><span class=\"fontstyle2\">rgjunior@uepg.br<\/span><\/a><\/p>\n<h4 align=\"justify\"><span class=\"fontstyle0\">Secretaria:<\/span><\/h4>\n<p><span class=\"fontstyle2\">Lorena Ribas Rebonato Alberti<\/span><\/p>\n<p>Telefone: (42) 21028974<\/p>\n<p>e-mail: <a href=\"mailto:lrralberti@uepg.br\">lrralberti@uepg.br<\/a><\/p>\n<p>e-mail: <a href=\"mailto:posdireitoprocessualpenal@uepg.br\" target=\"_blank\" rel=\"noopener\">posdireitoprocessualpenal@uepg.br<\/a><\/p>\n<p>&nbsp;<\/p>\n<h3 align=\"justify\">APRESENTA\u00c7\u00c3O<\/h3>\n<h4><span class=\"fontstyle0\">Justificativa(s) da cria\u00e7\u00e3o do curso:<\/span><\/h4>\n<p><span class=\"fontstyle2\">O curso de Direito Processual Penal e Pr\u00e1tica Forense Penal, vem ganhando cada vez mais espa\u00e7o\u00a0<\/span><span class=\"fontstyle2\">na sociedade contempor\u00e2nea, ultrapassando a sua aplica\u00e7\u00e3o ao campo do Direito. A frequente\u00a0<\/span><span class=\"fontstyle2\">mudan\u00e7a de comportamento da sociedade e as \u00faltimas altera\u00e7\u00f5es nos procedimentos processuais\u00a0<\/span><span class=\"fontstyle2\">obrigam os profissionais da \u00e1rea jur\u00eddica e que atuam na Seguran\u00e7a P\u00fablica, a buscarem\u00a0<\/span><span class=\"fontstyle2\">atualiza\u00e7\u00f5es na \u00e1rea de atua\u00e7\u00e3o ou pesquisar as tend\u00eancias e novos campos de trabalho tornando\u00a0<\/span><span class=\"fontstyle2\">o Direito Processual Penal e a Pr\u00e1tica Forense Penal um campo rico em Desenvolvimento e\u00a0<\/span><span class=\"fontstyle2\">pesquisas. Com o incessante avan\u00e7o tecnol\u00f3gico e, assim, com a chamada &#8220;<\/span><span class=\"fontstyle3\">sociedade de risco<\/span><span class=\"fontstyle2\">&#8220;,\u00a0<\/span><span class=\"fontstyle2\">bem como as constantes altera\u00e7\u00f5es de valores anteriormente aceitos, cabe ao\u00a0 int\u00e9rprete do direito,\u00a0<\/span><span class=\"fontstyle2\">mais especificamente o da ci\u00eancia processual penal, diuturnamente, acompanhar tais varia\u00e7\u00f5es e\u00a0<\/span><span class=\"fontstyle2\">questionar se o <\/span><span class=\"fontstyle0\">Direito Processual e Pr\u00e1tica Forense Penal<\/span><span class=\"fontstyle2\">, nos moldes em que nos s\u00e3os\u00a0<\/span><span class=\"fontstyle2\">apresentados, atingem seus respectivos fins e aqueles estabelecidos pela Constitui\u00e7\u00e3o Federal. O\u00a0<\/span><span class=\"fontstyle2\">estudo \u00e9 focado nos princ\u00edpios constitucionais e ordin\u00e1rios orientadores das\u00a0 disciplinas e o corpo\u00a0<\/span><span class=\"fontstyle2\">docente \u00e9 constitu\u00eddo de mestre e doutores, atuantes tanto na doc\u00eancia quanto na milit\u00e2ncia\u00a0<\/span><span class=\"fontstyle2\">profissional espec\u00edfica do Direito Processual Penal. Ademais ressaltamos que existe uma demanda\u00a0<\/span><span class=\"fontstyle2\">para propositura da 6\u00aa Edi\u00e7\u00e3o, tendo em vista que, nas edi\u00e7\u00f5es anteriores, tivemos um total de 224\u00a0<\/span><span class=\"fontstyle2\">alunos que efetivaram a matr\u00edcula, uma m\u00e9dia de 44 alunos por edi\u00e7\u00e3o, havendo a necessidade de\u00a0<\/span><span class=\"fontstyle2\">reeditar o referido curso para que possamos dar continuidade ao processo de aperfei\u00e7oamento\u00a0<\/span><span class=\"fontstyle2\">profissional destes profissionais.<\/span><\/p>\n<h4><span class=\"fontstyle0\">Objetivos gerais e espec\u00edficos:<\/span><\/h4>\n<h4><span class=\"fontstyle0\">\u00a0Objetivo geral:<\/span><\/h4>\n<p><span class=\"fontstyle2\">Aumentar as oportunidades profissionais na \u00e1rea de Direito Processual Penal e suprindo as lacunas\u00a0<\/span><span class=\"fontstyle2\">do mercado; instrumentalizar os operadores do Direito para a condu\u00e7\u00e3o de quest\u00f5es na \u00e1rea, com\u00a0<\/span><span class=\"fontstyle2\">\u00eanfase em casos concretos; oferecer e viabilizar a especializa\u00e7\u00e3o de Membros da Magistratura e do\u00a0<\/span><span class=\"fontstyle2\">Minist\u00e9rio P\u00fablico; rever e aprofundar os conhecimentos sobre ramos conexos com o Direito\u00a0\u00a0<\/span><span class=\"fontstyle2\">Processual Penal (Criminologia, Sociologia Criminal, Direito Constitucional, Filosofia do Direito,\u00a0<\/span><span class=\"fontstyle2\">Direito da Seguran\u00e7a P\u00fablica, Medicina Legal, Criminal\u00edstica, etc.) e Execu\u00e7\u00e3o Penal, e pretende\u00a0<\/span><span class=\"fontstyle2\">ainda desenvolver uma forma\u00e7\u00e3o complementar a Servidores Graduados, que atuam nas diversas\u00a0<\/span><span class=\"fontstyle2\">\u00e1reas da Seguran\u00e7a P\u00fablica, voltado a compreender o sistema jur\u00eddico material e processual Penal,\u00a0<\/span><span class=\"fontstyle2\">visando o seu aperfei\u00e7oamento profissional.<\/span><\/p>\n<h4><span class=\"fontstyle0\">Objetivos espec\u00edficos:<\/span><\/h4>\n<p><span class=\"fontstyle2\">O Curso apresenta o importante diferencial de capacitar os participantes para o desempenho\u00a0<\/span><span class=\"fontstyle2\">t\u00e9cnico-profissional relativo \u00e0 advocacia, \u00e0 Magistratura, ao Minist\u00e9rio P\u00fablico e aos diversos\u00a0\u00a0<\/span><span class=\"fontstyle2\">setores relacionados \u00e0 Seguran\u00e7a P\u00fablica, para o estudo do Processo Penal e a Pr\u00e1tica Forense,\u00a0<\/span><span class=\"fontstyle2\">cujos procedimentos demandam a atua\u00e7\u00e3o de profissionais de diversas \u00e1reas, em especial do\u00a0<\/span><span class=\"fontstyle2\">Direito. Podemos destacar como objetivos espec\u00edficos:\u00a0<\/span><\/p>\n<p><span class=\"fontstyle2\">a) Identificar procedimentos especializados e espec\u00edficos do Direito que se busca;<\/span><\/p>\n<p><span class=\"fontstyle2\">b) saber aplicar os fundamentos legais, jurisprudenciais e doutrin\u00e1rios para as situa\u00e7\u00f5es\u00a0<\/span><span class=\"fontstyle2\">espec\u00edficas;<\/span><\/p>\n<p><span class=\"fontstyle2\">c) utilizar o racioc\u00ednio criativo e a profici\u00eancia para a resolu\u00e7\u00e3o de problemas jur\u00eddicos, sabendo\u00a0<\/span><span class=\"fontstyle2\">identific\u00e1-los e ver a conex\u00e3o que existe entre a solu\u00e7\u00e3o e poss\u00edveis abordagens,\u00a0 procurando, <\/span><span class=\"fontstyle2\">sempre, atuar com esp\u00edrito de concilia\u00e7\u00e3o e media\u00e7\u00e3o sob os fundamentos legais e procedimentais,\u00a0<\/span><span class=\"fontstyle2\">visando a melhor pr\u00e1tica da Justi\u00e7a;<\/span><\/p>\n<p><span class=\"fontstyle2\">d) estudar o direito a partir de novas perspectivas, levando em considera\u00e7\u00e3o as novas tecnologias,\u00a0<\/span><span class=\"fontstyle2\">de forma a instrumentalizar solu\u00e7\u00f5es interdisciplinares para quest\u00f5es relacionadas ao Direito\u00a0<\/span><span class=\"fontstyle2\">Material e Processual Penal e \u00e0 Seguran\u00e7a P\u00fablica.<\/span><\/p>\n<h4><span class=\"fontstyle0\">\u00a0Perfil do egresso:<\/span><\/h4>\n<p><span class=\"fontstyle2\">O curso de p\u00f3s-gradua\u00e7\u00e3o em <\/span><span class=\"fontstyle0\">Direito Processo Penal e Pr\u00e1tica Forense Penal, <\/span><span class=\"fontstyle2\">destina-se a\u00a0<\/span><span class=\"fontstyle2\">profissionais de direito que atuam como advogados, procuradores, magistrados,\u00a0 promotores, <\/span><span class=\"fontstyle2\">serventu\u00e1rios da Justi\u00e7a, policiais, investigadores, peritos, Servidores da Seguran\u00e7a P\u00fablica, e\u00a0<\/span><span class=\"fontstyle2\">docentes que atuam na \u00e1rea jur\u00eddica, bem como, profissionais com forma\u00e7\u00e3o em outras \u00e1reas, mas\u00a0<\/span><span class=\"fontstyle2\">que atuam envolvidos com media\u00e7\u00e3o e concilia\u00e7\u00e3o, que buscam aprofundar seu conhecimento em\u00a0<\/span><span class=\"fontstyle2\">rela\u00e7\u00e3o as quest\u00f5es, pr\u00e1ticas e ferramentas que envolvem o Direito Processual Penal.<\/span><\/p>\n<h4><\/h4>\n<h4><span class=\"fontstyle0\">SISTEM\u00c1TICA OPERACIONAL<\/span><\/h4>\n<p><span class=\"fontstyle0\">Per\u00edodo das inscri\u00e7\u00f5es: 11<\/span><span class=\"fontstyle2\">\/02\/2026 a 10\/03\/2026<\/span><\/p>\n<p><span class=\"fontstyle0\">Local: <\/span><span class=\"fontstyle4\">online <\/span><span class=\"fontstyle2\">pelo site da UEPG <\/span><\/p>\n<p><span class=\"fontstyle2\"><a href=\"https:\/\/acad.apps.uepg.br\/\">https:\/\/acad.apps.uepg.br\/<\/a>inscri\u00e7\u00f5es <\/span><span class=\"fontstyle2\">e envio da documenta\u00e7\u00e3o<\/span><\/p>\n<p><span class=\"fontstyle2\">(todos os documentos em PDF \u00fanico identificado com o nome do candidato).<\/span><\/p>\n<h4><\/h4>\n<h4><span class=\"fontstyle0\">Documentos necess\u00e1rios para a inscri\u00e7\u00e3o:<\/span><\/h4>\n<p><span class=\"fontstyle0\">&#8211; PDF <\/span><span class=\"fontstyle2\">do diploma ou certid\u00e3o de conclus\u00e3o de curso superior.<\/span><\/p>\n<p><span class=\"fontstyle0\">&#8211; PDF <\/span><span class=\"fontstyle2\">de C\u00e9dula de Identidade ou documento que indique local de nascimento.<\/span><\/p>\n<p><span class=\"fontstyle2\">&#8211; Comprovante da taxa de inscri\u00e7\u00e3o no valor de R$. 150,00 (Favorecido: FAUEPG &#8211; CPF\/CNPJ:\u00a0<\/span><span class=\"fontstyle2\">8.574.460\/0001-35, Banco 104 \u2013 Caixa Econ\u00f4mica Federal, Ag\u00eancia: 03186, Conta e D\u00edgito:\u00a0<\/span><span class=\"fontstyle2\">0000000000421.<\/span><\/p>\n<h4><span class=\"fontstyle0\">\u00a0Per\u00edodo de sele\u00e7\u00e3o: <\/span><\/h4>\n<p><span class=\"fontstyle2\">11 a 12\/03\/2026.<\/span><\/p>\n<h4><span class=\"fontstyle0\">\u00a0Crit\u00e9rios da sele\u00e7\u00e3o: <\/span><\/h4>\n<p><span class=\"fontstyle2\">An\u00e1lise documental e curr\u00edculo<\/span><\/p>\n<h4><span class=\"fontstyle0\">Divulga\u00e7\u00e3o da sele\u00e7\u00e3o: <\/span><\/h4>\n<p><span class=\"fontstyle0\">16<\/span><span class=\"fontstyle2\">\/03\/2026<\/span><\/p>\n<h4><span class=\"fontstyle0\">Matr\u00edcula:<\/span><\/h4>\n<p><span class=\"fontstyle0\"> 17<\/span><span class=\"fontstyle2\">\/03\/2026 a 25\/03\/2026<\/span><\/p>\n<h4><span class=\"fontstyle0\">Local:<\/span><\/h4>\n<p><span class=\"fontstyle2\">matr\u00edcula <\/span><span class=\"fontstyle4\">online <\/span><span class=\"fontstyle2\">no site da UEPG <\/span><\/p>\n<p><span class=\"fontstyle2\"><a href=\"https:\/\/acad.apps.uepg.br\">https:\/\/acad.apps.uepg.br<\/a>\/matr\u00edcula <\/span><span class=\"fontstyle2\">e envio da\u00a0<\/span><span class=\"fontstyle2\">documenta\u00e7\u00e3o (todos os documentos em PDF \u00fanico identificado com o nome do candidato) atrav\u00e9s\u00a0<\/span><span class=\"fontstyle2\">do sitema e\u00a0 email da coordena\u00e7\u00e3o <\/span><span class=\"fontstyle2\">rgjunior@uepg.br<\/span><span class=\"fontstyle2\">.<\/span><\/p>\n<h4><strong>RECURSOS<\/strong><\/h4>\n<p><strong>&#8211; Recursos f\u00edsicos: <\/strong>as aulas ocorrer\u00e3o nas salas do Centro de P\u00f3s-Gradua\u00e7\u00e3o em Direito &#8211; CEPPODI, anexo ao Teatro Pax, sito \u00e0 rua Dr. Ant\u00f4nio Russo, 28, bairro de Oficinas, em Ponta Grossa\/PR, CEP &#8211; 84045-020, espa\u00e7os que est\u00e3o equipados com Kit-multim\u00eddia e quadro de giz.<\/p>\n<p><strong>&#8211; Recursos materiais: <\/strong>ser\u00e3o disponibilizados de forma virtual atrav\u00e9s do acesso aos acad\u00eamicos ao Sistema ClassRoom.<\/p>\n<p><strong>&#8211; Recursos humanos: <\/strong>A secretaria do curso da PROPESP colaborar\u00e1 nas inscri\u00e7\u00f5es dos interessados e realiza\u00e7\u00e3o das matriculas dos selecionados ao Curso; assim como a Secretaria do Setor de Ci\u00eancias Jur\u00eddicas e Secretaria dos Departamentos de Direito dar\u00e3o apoio administrativo ao longo da execu\u00e7\u00e3o do Programa, havendo a previs\u00e3o financeira de contrata\u00e7\u00e3o de uma secret\u00e1ria conjunta para atuar no CEPPODI<\/p>\n<h4>AVALIA\u00c7\u00c3O<\/h4>\n<p><strong>Avalia\u00e7\u00e3o\u00a0 dos\u00a0 Cursistas: <\/strong>O certificado de conclus\u00e3o de curso ,expedido pelo PROPESP, ser\u00e1 concedido ao cursista que cumprir todas as etapas do curso, que compreendem:<\/p>\n<ul>\n<li style=\"list-style-type: none\">\n<ul>\n<li style=\"list-style-type: none\">\n<ul>\n<li>Frequ\u00eancia m\u00ednima d e75%(setenta e cinco por cento) da carga hor\u00e1ria de cada disciplina, com exce\u00e7\u00e3o para os cursos \u00e0 dist\u00e2ncia onde n\u00e3o for pertinente \u00e0 presen\u00e7a;<\/li>\n<li>Nota igual ou superior a 7,0(sete), correspondente a \u201caprovado\u201d;<\/li>\n<li>Dep\u00f3sito do TCC em forma de artigo, com \u201caprova\u00e7\u00e3o\u201d(nota igual ou superior a 7,0(sete), perante Banca de Avalia\u00e7\u00e3o composta de 3 (tr\u00eas) membros.<\/li>\n<li>Entrega da vers\u00e3o definitiva do TCC\/Artigo ap\u00f3s dep\u00f3sito e aprova\u00e7\u00e3o da banca<\/li>\n<\/ul>\n<\/li>\n<\/ul>\n<\/li>\n<\/ul>\n<p><strong>Avalia\u00e7\u00e3o quali-quantitativa do curso pelos cursistas: <\/strong>com ficha de avalia\u00e7\u00e3o elaborada pela coordena\u00e7\u00e3o, as informa\u00e7\u00f5es coletadas das avalia\u00e7\u00f5es aplicadas aos cursistas ser\u00e3o tabuladas, seguindomodelofornecidopelaPROPESP,semanecessidadedeenviarasavalia\u00e7\u00f5esindividuais de cada aluno.<\/p>\n<h4 align=\"justify\"><span style=\"color: #0000ff\"><a style=\"color: #0000ff\" href=\"http:\/\/www2.uepg.br\/direito\/wp-content\/uploads\/sites\/76\/2026\/02\/DISCIPLINAS-EMENTAS-E-BIBLIOGRAFIAS.pdf\">DISCIPLINAS, EMENTAS E BIBLIOGRAFIAS<\/a><\/span><\/h4>\n<h4 align=\"justify\"><span style=\"color: #0000ff\"><a style=\"color: #0000ff\" href=\"http:\/\/www2.uepg.br\/direito\/wp-content\/uploads\/sites\/76\/2026\/02\/CORPO-DOCENTE.pdf\">CORPO DOCENTE<\/a><\/span><\/h4>\n<h4 align=\"justify\"><span style=\"color: #0000ff\"><a style=\"color: #0000ff\" href=\"http:\/\/www2.uepg.br\/direito\/wp-content\/uploads\/sites\/76\/2026\/02\/CRONOGRAMA-2026.pdf\">CRONOGRAMA 2026<\/a><\/span><\/h4>\n<p align=\"justify\">\n","protected":false},"excerpt":{"rendered":"<p>CURSO PRESENCIAL DE ESPECIALIZA\u00c7\u00c3O DIREITO PROCESSUAL PENAL E PR\u00c1TICA FORENSE PENAL &#8211; 6\u00aa EDI\u00c7\u00c3O COORDENADOR: Professor Dr. Rauli Gross Jr<\/p>\n","protected":false},"author":24,"featured_media":0,"parent":0,"menu_order":0,"comment_status":"closed","ping_status":"closed","template":"","meta":[],"_links":{"self":[{"href":"https:\/\/www2.uepg.br\/direito\/wp-json\/wp\/v2\/pages\/668"}],"collection":[{"href":"https:\/\/www2.uepg.br\/direito\/wp-json\/wp\/v2\/pages"}],"about":[{"href":"https:\/\/www2.uepg.br\/direito\/wp-json\/wp\/v2\/types\/page"}],"author":[{"embeddable":true,"href":"https:\/\/www2.uepg.br\/direito\/wp-json\/wp\/v2\/users\/24"}],"replies":[{"embeddable":true,"href":"https:\/\/www2.uepg.br\/direito\/wp-json\/wp\/v2\/comments?post=668"}],"version-history":[{"count":24,"href":"https:\/\/www2.uepg.br\/direito\/wp-json\/wp\/v2\/pages\/668\/revisions"}],"predecessor-version":[{"id":4001,"href":"https:\/\/www2.uepg.br\/direito\/wp-json\/wp\/v2\/pages\/668\/revisions\/4001"}],"wp:attachment":[{"href":"https:\/\/www2.uepg.br\/direito\/wp-json\/wp\/v2\/media?parent=668"}],"curies":[{"name":"wp","href":"https:\/\/api.w.org\/{rel}","templated":true}]}}