{"id":677,"date":"2020-11-09T09:45:12","date_gmt":"2020-11-09T12:45:12","guid":{"rendered":"http:\/\/www2.uepg.br\/direito\/?page_id=677"},"modified":"2026-02-19T10:28:25","modified_gmt":"2026-02-19T13:28:25","slug":"secretarias","status":"publish","type":"page","link":"https:\/\/www2.uepg.br\/direito\/setor-de-ciencias-juridicas\/secretarias\/","title":{"rendered":"Secretarias"},"content":{"rendered":"<h4 style=\"text-align: center\"><strong>Secretaria de Setor<\/strong><\/h4>\n<p style=\"text-align: center\">Telma Passos<\/p>\n<p style=\"text-align: center\">Ramal: (42)3220-3451 \u2013 sala 211 \u2013 Bloco \u201cA\u201d Campus Central<\/p>\n<p style=\"text-align: center\">E-mail: secijur@uepg.br<\/p>\n<p style=\"text-align: center\">Hor\u00e1rio: 07h30 \u00e0s 11h30 e das 16h \u00e0s 21h<\/p>\n<p>&nbsp;<\/p>\n<h4 style=\"text-align: center\"><strong>Secretaria dos Departamentos<\/strong><\/h4>\n<p style=\"text-align: center\">Marcos Aur\u00e9lio Rosas<\/p>\n<p style=\"text-align: center\">Ramal: (42)3220-3397 \u2013 sala 208 \u2013 Bloco \u201cA\u201d Campus Central<\/p>\n<p style=\"text-align: center\">E-mail: sgdd@uepg.br<\/p>\n<p style=\"text-align: center\">Hor\u00e1rio: 08h \u00e0s 12h e das 17h \u00e0s 21h<\/p>\n<p>&nbsp;<\/p>\n<h4 style=\"text-align: center\"><strong>Secretaria do Colegiado de Curso<\/strong><\/h4>\n<p style=\"text-align: center\">Luiz Carlos<\/p>\n<p style=\"text-align: center\">E-mail: colcj@uepg.br<\/p>\n<p style=\"text-align: center\">Ramal: (42)3220-3398 \u2013 sala 206 \u2013 Bloco \u201cA\u201d Campus Central<\/p>\n<p style=\"text-align: center\">Hor\u00e1rio: 08h \u00e0s 12h e das 17h \u00e0s 21h<\/p>\n<p>&nbsp;<\/p>\n<h4 style=\"text-align: center\"><strong>Secretaria do CEPPODI <\/strong><\/h4>\n<h4 style=\"text-align: center\"><strong>(Centro de Pesquisa e P\u00f3s-gradua\u00e7\u00e3o em Direito)<\/strong><\/h4>\n<p style=\"text-align: center\">Lorena Ribas Rebonato Alberti<\/p>\n<p style=\"text-align: center\">E-mail: mestradodireitouepg@uepg.br<\/p>\n<p style=\"text-align: center\">Ramal: (42) 2102-8992 \/ 8993<\/p>\n<p style=\"text-align: center\">Rua Ant\u00f4nio Russo, 28 &#8211; Oficinas<\/p>\n<p style=\"text-align: center\">Edif\u00edcio Fausi Azis Chagury &#8211; Pr\u00e9dio anexo ao Teatro Pax &#8211; 1\u00ba andar sala 1F<\/p>\n<p style=\"text-align: center\">Hor\u00e1rio: 08h \u00e0s 12h e das 13:30h \u00e0s 17:30h<\/p>\n","protected":false},"excerpt":{"rendered":"<p>Secretaria de Setor Telma Passos Ramal: (42)3220-3451 \u2013 sala 211 \u2013 Bloco \u201cA\u201d Campus Central E-mail: secijur@uepg.br Hor\u00e1rio: 07h30 \u00e0s 11h30 e das 16h \u00e0s 21h &nbsp; Secretaria dos Departamentos Marcos Aur\u00e9lio Rosas Ramal: (42)3220-3397 \u2013 sala 208 \u2013 Bloco \u201cA\u201d Campus Central E-mail: sgdd@uepg.br Hor\u00e1rio: 08h \u00e0s 12h e das 17h \u00e0s 21h &nbsp;&nbsp;&hellip;<\/p>\n","protected":false},"author":24,"featured_media":388,"parent":674,"menu_order":0,"comment_status":"closed","ping_status":"closed","template":"","meta":[],"_links":{"self":[{"href":"https:\/\/www2.uepg.br\/direito\/wp-json\/wp\/v2\/pages\/677"}],"collection":[{"href":"https:\/\/www2.uepg.br\/direito\/wp-json\/wp\/v2\/pages"}],"about":[{"href":"https:\/\/www2.uepg.br\/direito\/wp-json\/wp\/v2\/types\/page"}],"author":[{"embeddable":true,"href":"https:\/\/www2.uepg.br\/direito\/wp-json\/wp\/v2\/users\/24"}],"replies":[{"embeddable":true,"href":"https:\/\/www2.uepg.br\/direito\/wp-json\/wp\/v2\/comments?post=677"}],"version-history":[{"count":16,"href":"https:\/\/www2.uepg.br\/direito\/wp-json\/wp\/v2\/pages\/677\/revisions"}],"predecessor-version":[{"id":3968,"href":"https:\/\/www2.uepg.br\/direito\/wp-json\/wp\/v2\/pages\/677\/revisions\/3968"}],"up":[{"embeddable":true,"href":"https:\/\/www2.uepg.br\/direito\/wp-json\/wp\/v2\/pages\/674"}],"wp:featuredmedia":[{"embeddable":true,"href":"https:\/\/www2.uepg.br\/direito\/wp-json\/wp\/v2\/media\/388"}],"wp:attachment":[{"href":"https:\/\/www2.uepg.br\/direito\/wp-json\/wp\/v2\/media?parent=677"}],"curies":[{"name":"wp","href":"https:\/\/api.w.org\/{rel}","templated":true}]}}