{"id":685,"date":"2020-11-09T09:58:46","date_gmt":"2020-11-09T12:58:46","guid":{"rendered":"http:\/\/www2.uepg.br\/direito\/?page_id=685"},"modified":"2025-04-24T15:59:46","modified_gmt":"2025-04-24T18:59:46","slug":"colegiado-setorial","status":"publish","type":"page","link":"https:\/\/www2.uepg.br\/direito\/setor-de-ciencias-juridicas\/colegiado-setorial\/","title":{"rendered":"Colegiado Setorial"},"content":{"rendered":"<h4 style=\"text-align: center\"><strong><b>Presidente<\/b><\/strong><\/h4>\n<p style=\"text-align: center\">Profa. Adriana Timoteo dos Santos \u2013 Diretora do Setor de Ci\u00eancias Jur\u00eddicas<\/p>\n<p>&nbsp;<\/p>\n<h4 style=\"text-align: center\"><strong><b>Vice-Presidente<\/b><\/strong><\/h4>\n<p style=\"text-align: center\">Prof. Marcelo Alves da Silva \u2013 Diretor Adjunto do Setor de Ci\u00eancias Jur\u00eddicas<\/p>\n<p><strong><b>\u00a0<\/b><\/strong><\/p>\n<h4 style=\"text-align: center\"><strong><b>Membros <\/b><\/strong><\/h4>\n<p style=\"text-align: center\">Prof. Volney Campos dos Santos \u2013 Coordenador do Curso de Direito<\/p>\n<p style=\"text-align: center\">Prof. Alexandre Almeida Rocha &#8211; Coordenador do Curso de Direito<\/p>\n<p style=\"text-align: center\">Prof. Jo\u00e3o Irineu de Resende Miranda \u2013 Coordenador do Mestrado em Direito<\/p>\n<p style=\"text-align: center\">Profa. Angela de Quadros Mongruel \u2013 Chefe do Departamento de Direito do Estado<\/p>\n<p style=\"text-align: center\"><span style=\"font-weight: 400\">Profa. Maria Cristina Rauch Baranoski &#8211; Chefe do Departamento de Direito Processual <\/span><\/p>\n<p style=\"text-align: center\">Profa. Regina F\u00e1tima Wolochn \u2013 Chefe do Departamento de Direito das Rela\u00e7\u00f5es Sociais<\/p>\n<p style=\"text-align: center\">Profa. Adriana de F\u00e1tima Pilatti Ferreira Campagnoli \u00a0\u2013 Representante Docente do Departamento de Direito do Estado<span style=\"font-weight: 400\">\u00a0<\/span><\/p>\n<p style=\"text-align: center\"><span style=\"font-weight: 400\">Profa. Luana M\u00e1rcia de Oliveira Billerbeck -Representante docente do Departamento de Direito processual<\/span><\/p>\n<p style=\"text-align: center\">Dirce do Nascimento Pereiro \u2013 Representante Docente do Departamento de Direito das Rela\u00e7\u00f5es Sociais<\/p>\n<p style=\"text-align: center\">Hellen Kosturesko\u00a0 &#8211; \u00a0Representante Discente<\/p>\n<p>&nbsp;<\/p>\n<h4 style=\"text-align: center\"><strong>Atribui\u00e7\u00f5es do Colegiado Setorial \u2013 Artigo 25 do Regimento Geral da UEPG<\/strong><\/h4>\n<p>a \u2013 aprovar anualmente a proposta or\u00e7ament\u00e1ria do Setor;<br \/>\nb \u2013 conhecer e aprovar qualquer proposta de altera\u00e7\u00e3o do sistema administrativo do Setor, encaminhando-a, quando for o caso, para an\u00e1lise e aprova\u00e7\u00e3o dos \u00f3rg\u00e3os superiores da Universidade;<br \/>\nc \u2013 recomendar, atendendo a representa\u00e7\u00e3o do Diretor, a suspens\u00e3o de qualquer curso regular ou extraordin\u00e1rio em cujo desenvolvimento n\u00e3o estejam sendo observadas as exig\u00eancias legais e estatut\u00e1rias;<br \/>\nd \u2013 opinar sobre o programa de publica\u00e7\u00f5es elaborado pelo Setor;<br \/>\ne \u2013 apreciar os regimentos do Setor e encaminh\u00e1-los, quando for o caso, \u00e0 aprova\u00e7\u00e3o final do Conselho Universit\u00e1rio;<br \/>\nf \u2013 apreciar o relat\u00f3rio anual do Diretor para encaminhamento aos Colegiados Superiores;<br \/>\ng \u2013 constituir comiss\u00f5es especiais para estudar assuntos que interessarem ao Setor;<br \/>\nh \u2013 conhecer e decidir, nos limites de sua compet\u00eancia, representa\u00e7\u00f5es de natureza administrativa e disciplinar;<br \/>\ni \u2013 praticar os demais atos de sua compet\u00eancia origin\u00e1ria, e aqueles oriundos de delega\u00e7\u00e3o dos \u00f3rg\u00e3os superiores da Universidade.<\/p>\n","protected":false},"excerpt":{"rendered":"<p>Presidente Profa. Adriana Timoteo dos Santos \u2013 Diretora do Setor de Ci\u00eancias Jur\u00eddicas &nbsp; Vice-Presidente Prof. Marcelo Alves da Silva \u2013 Diretor Adjunto do Setor de Ci\u00eancias Jur\u00eddicas \u00a0 Membros Prof. Volney Campos dos Santos \u2013 Coordenador do Curso de Direito Prof. Alexandre Almeida Rocha &#8211; Coordenador do Curso de Direito Prof. Jo\u00e3o Irineu de&nbsp;&hellip;<\/p>\n","protected":false},"author":24,"featured_media":388,"parent":674,"menu_order":0,"comment_status":"closed","ping_status":"closed","template":"","meta":[],"_links":{"self":[{"href":"https:\/\/www2.uepg.br\/direito\/wp-json\/wp\/v2\/pages\/685"}],"collection":[{"href":"https:\/\/www2.uepg.br\/direito\/wp-json\/wp\/v2\/pages"}],"about":[{"href":"https:\/\/www2.uepg.br\/direito\/wp-json\/wp\/v2\/types\/page"}],"author":[{"embeddable":true,"href":"https:\/\/www2.uepg.br\/direito\/wp-json\/wp\/v2\/users\/24"}],"replies":[{"embeddable":true,"href":"https:\/\/www2.uepg.br\/direito\/wp-json\/wp\/v2\/comments?post=685"}],"version-history":[{"count":19,"href":"https:\/\/www2.uepg.br\/direito\/wp-json\/wp\/v2\/pages\/685\/revisions"}],"predecessor-version":[{"id":3373,"href":"https:\/\/www2.uepg.br\/direito\/wp-json\/wp\/v2\/pages\/685\/revisions\/3373"}],"up":[{"embeddable":true,"href":"https:\/\/www2.uepg.br\/direito\/wp-json\/wp\/v2\/pages\/674"}],"wp:featuredmedia":[{"embeddable":true,"href":"https:\/\/www2.uepg.br\/direito\/wp-json\/wp\/v2\/media\/388"}],"wp:attachment":[{"href":"https:\/\/www2.uepg.br\/direito\/wp-json\/wp\/v2\/media?parent=685"}],"curies":[{"name":"wp","href":"https:\/\/api.w.org\/{rel}","templated":true}]}}