{"id":900,"date":"2020-11-22T23:26:32","date_gmt":"2020-11-23T02:26:32","guid":{"rendered":"http:\/\/www2.uepg.br\/direito\/?page_id=900"},"modified":"2025-04-14T13:26:54","modified_gmt":"2025-04-14T16:26:54","slug":"publicacoes","status":"publish","type":"page","link":"https:\/\/www2.uepg.br\/direito\/publicacoes\/","title":{"rendered":"Publica\u00e7\u00f5es"},"content":{"rendered":"<div id=\"pl-900\"  class=\"panel-layout\" ><div id=\"pg-900-0\"  class=\"panel-grid panel-no-style\" ><div id=\"pgc-900-0-0\"  class=\"panel-grid-cell\" ><div id=\"panel-900-0-0-0\" class=\"so-panel widget widget_sow-features panel-first-child panel-last-child\" data-index=\"0\" ><div\n\t\t\t\n\t\t\tclass=\"so-widget-sow-features so-widget-sow-features-default-aff2e6aea5eb-900\"\n\t\t\t\n\t\t>\n<div class=\"sow-features-list sow-features-responsive\">\n\n\t\t\t\t\t\t<div\n\t\t\t\tclass=\"sow-features-feature sow-icon-container-position-top sow-features-feature-last-row\"\n\t\t\t\tstyle=\"display: flex; flex-direction: column; float: left; width: 33.333%;\"\n\t\t\t>\n\n\t\t\t\t\t\t\t\t\t<a\n\t\t\t\t\t\thref=\"https:\/\/www2.uepg.br\/direito\/publicacoes\/#livros\"\n\t\t\t\t\t\t\t\t\t\t\t>\n\t\t\t\t\t\t\t\t<div\n\t\t\t\t\tclass=\"sow-icon-container sow-container-round\"\n                    style=\"color: #538c2b; \"\n\t\t\t\t\ttitle=\"Livros\">\n\t\t\t\t\t<span class=\"sow-icon-fontawesome sow-fas\" data-sow-icon=\"&#xf02d;\"\n\t\tstyle=\"font-size: 38px; color: #FFFFFF\" \n\t\taria-hidden=\"true\"><\/span>\t\t\t\t<\/div>\n\t\t\t\t\t\t\t\t\t<\/a>\n\t\t\t\t\n\t\t\t\t<div class=\"textwidget\">\n\t\t\t\t\t\t\t\t\t\t\t<h5>\n\t\t\t\t\t\t\t\t\t\t\t\t\t\t\t<a\n\t\t\t\t\t\t\t\t\thref=\"https:\/\/www2.uepg.br\/direito\/publicacoes\/#livros\"\n\t\t\t\t\t\t\t\t\t\t\t\t\t\t\t\t\t>\n\t\t\t\t\t\t\t\n\t\t\t\t\t\t\tLivros\t\t\t\t\t\t\t\t\t\t\t\t\t\t\t<\/a>\n\t\t\t\t\t\t\t\t\t\t\t\t\t<\/h5>\n\t\t\t\t\t\n\t\t\t\t\t\n\t\t\t\t\t\t\t\t\t<\/div>\n\t\t\t\t\t\t\t<\/div>\n\n\t\t\t\t\t<div\n\t\t\t\tclass=\"sow-features-feature sow-icon-container-position-top sow-features-feature-last-row\"\n\t\t\t\tstyle=\"display: flex; flex-direction: column; float: left; width: 33.333%;\"\n\t\t\t>\n\n\t\t\t\t\t\t\t\t\t<a\n\t\t\t\t\t\thref=\"https:\/\/www2.uepg.br\/direito\/publicacoes\/#artigos\"\n\t\t\t\t\t\t\t\t\t\t\t>\n\t\t\t\t\t\t\t\t<div\n\t\t\t\t\tclass=\"sow-icon-container sow-container-round\"\n                    style=\"color: #1d3769; \"\n\t\t\t\t\ttitle=\"Artigos\">\n\t\t\t\t\t<span class=\"sow-icon-fontawesome sow-fas\" data-sow-icon=\"&#xf570;\"\n\t\tstyle=\"font-size: 38px; color: #FFFFFF\" \n\t\taria-hidden=\"true\"><\/span>\t\t\t\t<\/div>\n\t\t\t\t\t\t\t\t\t<\/a>\n\t\t\t\t\n\t\t\t\t<div class=\"textwidget\">\n\t\t\t\t\t\t\t\t\t\t\t<h5>\n\t\t\t\t\t\t\t\t\t\t\t\t\t\t\t<a\n\t\t\t\t\t\t\t\t\thref=\"https:\/\/www2.uepg.br\/direito\/publicacoes\/#artigos\"\n\t\t\t\t\t\t\t\t\t\t\t\t\t\t\t\t\t>\n\t\t\t\t\t\t\t\n\t\t\t\t\t\t\tArtigos\t\t\t\t\t\t\t\t\t\t\t\t\t\t\t<\/a>\n\t\t\t\t\t\t\t\t\t\t\t\t\t<\/h5>\n\t\t\t\t\t\n\t\t\t\t\t\n\t\t\t\t\t\t\t\t\t<\/div>\n\t\t\t\t\t\t\t<\/div>\n\n\t\t\t\t\t<div\n\t\t\t\tclass=\"sow-features-feature sow-icon-container-position-top sow-features-feature-last-row\"\n\t\t\t\tstyle=\"display: flex; flex-direction: column; float: left; width: 33.333%;\"\n\t\t\t>\n\n\t\t\t\t\t\t\t\t\t<a\n\t\t\t\t\t\thref=\"https:\/\/www2.uepg.br\/direito\/publicacoes\/#revistas\"\n\t\t\t\t\t\t\t\t\t\t\t>\n\t\t\t\t\t\t\t\t<div\n\t\t\t\t\tclass=\"sow-icon-container sow-container-round\"\n                    style=\"color: #bf2b2b; \"\n\t\t\t\t\ttitle=\"Revistas\">\n\t\t\t\t\t<span class=\"sow-icon-fontawesome sow-fas\" data-sow-icon=\"&#xf518;\"\n\t\tstyle=\"font-size: 38px; color: #FFFFFF\" \n\t\taria-hidden=\"true\"><\/span>\t\t\t\t<\/div>\n\t\t\t\t\t\t\t\t\t<\/a>\n\t\t\t\t\n\t\t\t\t<div class=\"textwidget\">\n\t\t\t\t\t\t\t\t\t\t\t<h5>\n\t\t\t\t\t\t\t\t\t\t\t\t\t\t\t<a\n\t\t\t\t\t\t\t\t\thref=\"https:\/\/www2.uepg.br\/direito\/publicacoes\/#revistas\"\n\t\t\t\t\t\t\t\t\t\t\t\t\t\t\t\t\t>\n\t\t\t\t\t\t\t\n\t\t\t\t\t\t\tRevistas\t\t\t\t\t\t\t\t\t\t\t\t\t\t\t<\/a>\n\t\t\t\t\t\t\t\t\t\t\t\t\t<\/h5>\n\t\t\t\t\t\n\t\t\t\t\t\n\t\t\t\t\t\t\t\t\t<\/div>\n\t\t\t\t\t\t\t<\/div>\n\n\t\t\t\n<\/div>\n<\/div><\/div><\/div><\/div><div id=\"pg-900-1\"  class=\"panel-grid panel-no-style\" ><div id=\"pgc-900-1-0\"  class=\"panel-grid-cell\" ><div id=\"panel-900-1-0-0\" class=\"so-panel widget widget_sow-accordion panel-first-child panel-last-child\" data-index=\"1\" ><div id=\"livros\" class=\"panel-widget-style panel-widget-style-for-900-1-0-0\" ><div\n\t\t\t\n\t\t\tclass=\"so-widget-sow-accordion so-widget-sow-accordion-default-c997fa1a5260-900\"\n\t\t\t\n\t\t><h3 class=\"widget-title\">Livros<\/h3><div>\n\t<div class=\"sow-accordion\">\n\t\t\t<div class=\"sow-accordion-panel\"\n\t\t\t data-anchor=\"em-breve-mais-informa%c3%a7%c3%b5es\">\n\t\t\t\t<div class=\"sow-accordion-panel-header-container\" role=\"heading\" aria-level=\"2\">\n\t\t\t\t\t<div class=\"sow-accordion-panel-header\" tabindex=\"0\" role=\"button\" id=\"accordion-label-em-breve-mais-informa%c3%a7%c3%b5es\" aria-controls=\"accordion-content-em-breve-mais-informa%c3%a7%c3%b5es\" aria-expanded=\"false\">\n\t\t\t\t\t\t<div class=\"sow-accordion-title sow-accordion-title-icon-left\">\n\t\t\t\t\t\t\t\t\t\t\t\t\t\tEm breve mais informa\u00e7\u00f5es\t\t\t\t\t\t\t\t\t\t\t\t\t<\/div>\n\t\t\t\t\t\t<div class=\"sow-accordion-open-close-button\">\n\t\t\t\t\t\t\t<div class=\"sow-accordion-open-button\">\n\t\t\t\t\t\t\t\t<span class=\"sow-icon-ionicons\" data-sow-icon=\"&#xf218;\"\n\t\t \n\t\taria-hidden=\"true\"><\/span>\t\t\t\t\t\t\t<\/div>\n\t\t\t\t\t\t\t<div class=\"sow-accordion-close-button\">\n\t\t\t\t\t\t\t\t<span class=\"sow-icon-ionicons\" data-sow-icon=\"&#xf209;\"\n\t\t \n\t\taria-hidden=\"true\"><\/span>\t\t\t\t\t\t\t<\/div>\n\t\t\t\t\t\t<\/div>\n\t\t\t\t\t<\/div>\n\t\t\t\t<\/div>\n\n\t\t\t<div\n\t\t\t\tclass=\"sow-accordion-panel-content\"\n\t\t\t\trole=\"region\"\n\t\t\t\taria-labelledby=\"accordion-label-em-breve-mais-informa%c3%a7%c3%b5es\"\n\t\t\t\tid=\"accordion-content-em-breve-mais-informa%c3%a7%c3%b5es\"\n\t\t\t\tstyle=\"display: none;\"\t\t\t>\n\t\t\t\t<div class=\"sow-accordion-panel-border\" tabindex=\"0\">\n\t\t\t\t\t\t\t\t\t<\/div>\n\t\t\t<\/div>\n\t\t<\/div>\n\t\t<\/div>\n<\/div>\n<\/div><\/div><\/div><\/div><\/div><div id=\"pg-900-2\"  class=\"panel-grid panel-no-style\" ><div id=\"pgc-900-2-0\"  class=\"panel-grid-cell\" ><div id=\"panel-900-2-0-0\" class=\"so-panel widget widget_sow-accordion panel-first-child panel-last-child\" data-index=\"2\" ><div id=\"artigos\" class=\"panel-widget-style panel-widget-style-for-900-2-0-0\" ><div\n\t\t\t\n\t\t\tclass=\"so-widget-sow-accordion so-widget-sow-accordion-default-0ec72541f3e6-900\"\n\t\t\t\n\t\t><h3 class=\"widget-title\">Artigos<\/h3><div>\n\t<div class=\"sow-accordion\">\n\t\t\t<div class=\"sow-accordion-panel\"\n\t\t\t data-anchor=\"em-breve-mais-informa%c3%a7%c3%b5es\">\n\t\t\t\t<div class=\"sow-accordion-panel-header-container\" role=\"heading\" aria-level=\"2\">\n\t\t\t\t\t<div class=\"sow-accordion-panel-header\" tabindex=\"0\" role=\"button\" id=\"accordion-label-em-breve-mais-informa%c3%a7%c3%b5es\" aria-controls=\"accordion-content-em-breve-mais-informa%c3%a7%c3%b5es\" aria-expanded=\"false\">\n\t\t\t\t\t\t<div class=\"sow-accordion-title sow-accordion-title-icon-left\">\n\t\t\t\t\t\t\t\t\t\t\t\t\t\tEm breve mais informa\u00e7\u00f5es\t\t\t\t\t\t\t\t\t\t\t\t\t<\/div>\n\t\t\t\t\t\t<div class=\"sow-accordion-open-close-button\">\n\t\t\t\t\t\t\t<div class=\"sow-accordion-open-button\">\n\t\t\t\t\t\t\t\t<span class=\"sow-icon-ionicons\" data-sow-icon=\"&#xf218;\"\n\t\t \n\t\taria-hidden=\"true\"><\/span>\t\t\t\t\t\t\t<\/div>\n\t\t\t\t\t\t\t<div class=\"sow-accordion-close-button\">\n\t\t\t\t\t\t\t\t<span class=\"sow-icon-ionicons\" data-sow-icon=\"&#xf209;\"\n\t\t \n\t\taria-hidden=\"true\"><\/span>\t\t\t\t\t\t\t<\/div>\n\t\t\t\t\t\t<\/div>\n\t\t\t\t\t<\/div>\n\t\t\t\t<\/div>\n\n\t\t\t<div\n\t\t\t\tclass=\"sow-accordion-panel-content\"\n\t\t\t\trole=\"region\"\n\t\t\t\taria-labelledby=\"accordion-label-em-breve-mais-informa%c3%a7%c3%b5es\"\n\t\t\t\tid=\"accordion-content-em-breve-mais-informa%c3%a7%c3%b5es\"\n\t\t\t\tstyle=\"display: none;\"\t\t\t>\n\t\t\t\t<div class=\"sow-accordion-panel-border\" tabindex=\"0\">\n\t\t\t\t\t\t\t\t\t<\/div>\n\t\t\t<\/div>\n\t\t<\/div>\n\t\t<\/div>\n<\/div>\n<\/div><\/div><\/div><\/div><\/div><div id=\"pg-900-3\"  class=\"panel-grid panel-no-style\" ><div id=\"pgc-900-3-0\"  class=\"panel-grid-cell\" ><div id=\"panel-900-3-0-0\" class=\"so-panel widget widget_sow-accordion panel-first-child panel-last-child\" data-index=\"3\" ><div id=\"revistas\" class=\"panel-widget-style panel-widget-style-for-900-3-0-0\" ><div\n\t\t\t\n\t\t\tclass=\"so-widget-sow-accordion so-widget-sow-accordion-default-6869a2adc2f9-900\"\n\t\t\t\n\t\t><h3 class=\"widget-title\">Revistas<\/h3><div>\n\t<div class=\"sow-accordion\">\n\t\t\t<div class=\"sow-accordion-panel\"\n\t\t\t data-anchor=\"revista-brasileira-de-direito-e-justi%c3%a7a-publica%c3%a7%c3%a3o-oficial-do-setor-de-ci%c3%aancias-jur%c3%addicas-da-uepg-v-8\">\n\t\t\t\t<div class=\"sow-accordion-panel-header-container\" role=\"heading\" aria-level=\"2\">\n\t\t\t\t\t<div class=\"sow-accordion-panel-header\" tabindex=\"0\" role=\"button\" id=\"accordion-label-revista-brasileira-de-direito-e-justi%c3%a7a-publica%c3%a7%c3%a3o-oficial-do-setor-de-ci%c3%aancias-jur%c3%addicas-da-uepg-v-8\" aria-controls=\"accordion-content-revista-brasileira-de-direito-e-justi%c3%a7a-publica%c3%a7%c3%a3o-oficial-do-setor-de-ci%c3%aancias-jur%c3%addicas-da-uepg-v-8\" aria-expanded=\"false\">\n\t\t\t\t\t\t<div class=\"sow-accordion-title sow-accordion-title-icon-left\">\n\t\t\t\t\t\t\t\t\t\t\t\t\t\tRevista Brasileira de Direito e Justi\u00e7a\" - Publica\u00e7\u00e3o Oficial do Setor de Ci\u00eancias Jur\u00eddicas da UEPG - V 8\t\t\t\t\t\t\t\t\t\t\t\t\t<\/div>\n\t\t\t\t\t\t<div class=\"sow-accordion-open-close-button\">\n\t\t\t\t\t\t\t<div class=\"sow-accordion-open-button\">\n\t\t\t\t\t\t\t\t<span class=\"sow-icon-ionicons\" data-sow-icon=\"&#xf218;\"\n\t\t \n\t\taria-hidden=\"true\"><\/span>\t\t\t\t\t\t\t<\/div>\n\t\t\t\t\t\t\t<div class=\"sow-accordion-close-button\">\n\t\t\t\t\t\t\t\t<span class=\"sow-icon-ionicons\" data-sow-icon=\"&#xf209;\"\n\t\t \n\t\taria-hidden=\"true\"><\/span>\t\t\t\t\t\t\t<\/div>\n\t\t\t\t\t\t<\/div>\n\t\t\t\t\t<\/div>\n\t\t\t\t<\/div>\n\n\t\t\t<div\n\t\t\t\tclass=\"sow-accordion-panel-content\"\n\t\t\t\trole=\"region\"\n\t\t\t\taria-labelledby=\"accordion-label-revista-brasileira-de-direito-e-justi%c3%a7a-publica%c3%a7%c3%a3o-oficial-do-setor-de-ci%c3%aancias-jur%c3%addicas-da-uepg-v-8\"\n\t\t\t\tid=\"accordion-content-revista-brasileira-de-direito-e-justi%c3%a7a-publica%c3%a7%c3%a3o-oficial-do-setor-de-ci%c3%aancias-jur%c3%addicas-da-uepg-v-8\"\n\t\t\t\tstyle=\"display: none;\"\t\t\t>\n\t\t\t\t<div class=\"sow-accordion-panel-border\" tabindex=\"0\">\n\t\t\t\t\t<h1><a href=\"https:\/\/revistas.uepg.br\/index.php\/direito\/issue\/view\/944\">v. 8 n. 1 (2024): Processo e inova\u00e7\u00e3o - Processo Estrutural<\/a><\/h1>\n\t\t\t\t<\/div>\n\t\t\t<\/div>\n\t\t<\/div>\n\t\t\t<div class=\"sow-accordion-panel\"\n\t\t\t data-anchor=\"revista-brasileira-de-direito-e-justi%c3%a7a-publica%c3%a7%c3%a3o-oficial-do-setor-de-ci%c3%aancias-jur%c3%addicas-da-uepg\">\n\t\t\t\t<div class=\"sow-accordion-panel-header-container\" role=\"heading\" aria-level=\"2\">\n\t\t\t\t\t<div class=\"sow-accordion-panel-header\" tabindex=\"0\" role=\"button\" id=\"accordion-label-revista-brasileira-de-direito-e-justi%c3%a7a-publica%c3%a7%c3%a3o-oficial-do-setor-de-ci%c3%aancias-jur%c3%addicas-da-uepg\" aria-controls=\"accordion-content-revista-brasileira-de-direito-e-justi%c3%a7a-publica%c3%a7%c3%a3o-oficial-do-setor-de-ci%c3%aancias-jur%c3%addicas-da-uepg\" aria-expanded=\"false\">\n\t\t\t\t\t\t<div class=\"sow-accordion-title sow-accordion-title-icon-left\">\n\t\t\t\t\t\t\t\t\t\t\t\t\t\t\"Revista Brasileira de Direito e Justi\u00e7a\" - Publica\u00e7\u00e3o Oficial do Setor de Ci\u00eancias Jur\u00eddicas da UEPG\t\t\t\t\t\t\t\t\t\t\t\t\t<\/div>\n\t\t\t\t\t\t<div class=\"sow-accordion-open-close-button\">\n\t\t\t\t\t\t\t<div class=\"sow-accordion-open-button\">\n\t\t\t\t\t\t\t\t<span class=\"sow-icon-ionicons\" data-sow-icon=\"&#xf218;\"\n\t\t \n\t\taria-hidden=\"true\"><\/span>\t\t\t\t\t\t\t<\/div>\n\t\t\t\t\t\t\t<div class=\"sow-accordion-close-button\">\n\t\t\t\t\t\t\t\t<span class=\"sow-icon-ionicons\" data-sow-icon=\"&#xf209;\"\n\t\t \n\t\taria-hidden=\"true\"><\/span>\t\t\t\t\t\t\t<\/div>\n\t\t\t\t\t\t<\/div>\n\t\t\t\t\t<\/div>\n\t\t\t\t<\/div>\n\n\t\t\t<div\n\t\t\t\tclass=\"sow-accordion-panel-content\"\n\t\t\t\trole=\"region\"\n\t\t\t\taria-labelledby=\"accordion-label-revista-brasileira-de-direito-e-justi%c3%a7a-publica%c3%a7%c3%a3o-oficial-do-setor-de-ci%c3%aancias-jur%c3%addicas-da-uepg\"\n\t\t\t\tid=\"accordion-content-revista-brasileira-de-direito-e-justi%c3%a7a-publica%c3%a7%c3%a3o-oficial-do-setor-de-ci%c3%aancias-jur%c3%addicas-da-uepg\"\n\t\t\t\tstyle=\"display: none;\"\t\t\t>\n\t\t\t\t<div class=\"sow-accordion-panel-border\" tabindex=\"0\">\n\t\t\t\t\t<p><a href=\"https:\/\/revistas2.uepg.br\/index.php\/direito\/issue\/view\/633\" target=\"_blank\" rel=\"noopener\"><img class=\"aligncenter wp-image-1088 \" src=\"http:\/\/www2.uepg.br\/direito\/wp-content\/uploads\/sites\/76\/2021\/02\/cover_issue_633_pt_BR.jpg\" alt=\"\" width=\"308\" height=\"435\" \/><\/a><\/p>\n\t\t\t\t<\/div>\n\t\t\t<\/div>\n\t\t<\/div>\n\t\t<\/div>\n<\/div>\n<\/div><\/div><\/div><\/div><\/div><\/div>","protected":false},"excerpt":{"rendered":"<p>Livros Artigos Revistas Livros Em breve mais informa\u00e7\u00f5es Artigos Em breve mais informa\u00e7\u00f5es Revistas Revista Brasileira de Direito e Justi\u00e7a&#8221; &#8211; Publica\u00e7\u00e3o Oficial do Setor de Ci\u00eancias Jur\u00eddicas da UEPG &#8211; V 8 v. 8 n. 1 (2024): Processo e inova\u00e7\u00e3o &#8211; Processo Estrutural &#8220;Revista Brasileira de Direito e Justi\u00e7a&#8221; &#8211; Publica\u00e7\u00e3o Oficial do Setor&nbsp;&hellip;<\/p>\n","protected":false},"author":24,"featured_media":0,"parent":0,"menu_order":0,"comment_status":"closed","ping_status":"closed","template":"","meta":[],"_links":{"self":[{"href":"https:\/\/www2.uepg.br\/direito\/wp-json\/wp\/v2\/pages\/900"}],"collection":[{"href":"https:\/\/www2.uepg.br\/direito\/wp-json\/wp\/v2\/pages"}],"about":[{"href":"https:\/\/www2.uepg.br\/direito\/wp-json\/wp\/v2\/types\/page"}],"author":[{"embeddable":true,"href":"https:\/\/www2.uepg.br\/direito\/wp-json\/wp\/v2\/users\/24"}],"replies":[{"embeddable":true,"href":"https:\/\/www2.uepg.br\/direito\/wp-json\/wp\/v2\/comments?post=900"}],"version-history":[{"count":29,"href":"https:\/\/www2.uepg.br\/direito\/wp-json\/wp\/v2\/pages\/900\/revisions"}],"predecessor-version":[{"id":3359,"href":"https:\/\/www2.uepg.br\/direito\/wp-json\/wp\/v2\/pages\/900\/revisions\/3359"}],"wp:attachment":[{"href":"https:\/\/www2.uepg.br\/direito\/wp-json\/wp\/v2\/media?parent=900"}],"curies":[{"name":"wp","href":"https:\/\/api.w.org\/{rel}","templated":true}]}}