{"id":142,"date":"2022-03-28T10:13:08","date_gmt":"2022-03-28T13:13:08","guid":{"rendered":"https:\/\/www2.uepg.br\/economia\/?page_id=142"},"modified":"2023-08-21T11:15:34","modified_gmt":"2023-08-21T14:15:34","slug":"departamento","status":"publish","type":"page","link":"https:\/\/www2.uepg.br\/economia\/departamento\/","title":{"rendered":"Departamento"},"content":{"rendered":"<div id=\"pl-142\"  class=\"panel-layout\" ><div id=\"pg-142-0\"  class=\"panel-grid panel-no-style\" ><div id=\"pgc-142-0-0\"  class=\"panel-grid-cell\" ><div id=\"panel-142-0-0-0\" class=\"so-panel widget widget_sow-editor panel-first-child\" data-index=\"0\" ><div\n\t\t\t\n\t\t\tclass=\"so-widget-sow-editor so-widget-sow-editor-base\"\n\t\t\t\n\t\t>\n<div class=\"siteorigin-widget-tinymce textwidget\">\n\t<div class=\"box-section \">\n<h2 class=\" \">HIST\u00d3RICO<\/h2>\n<p>O Curso de Ci\u00eancias Econ\u00f4micas da Universidade Estadual de Ponta Grossa foi criado juntamente com a ent\u00e3o Faculdade de Ci\u00eancias Econ\u00f4micas e Administra\u00e7\u00e3o pela Lei Estadual n.\u00ba 03\/66 e reconhecido pelo Decreto Federal n.\u00ba 69.697 de 03.12.71.<\/p>\n<p>A incorpora\u00e7\u00e3o do curso \u00e0 Universidade Estadual de Ponta Grossa ocorreu pela Lei n.\u00ba 6.034, sancionada em 06.11.69 e pelo Decreto 18.111 de 28.01.70.<\/p>\n<p>Em 1989 com a reforma universit\u00e1ria, a Faculdade foi desdobrada em tr\u00eas Departamentos: Economia, Administra\u00e7\u00e3o e Contabilidade.<\/p>\n<p>Anualmente, o Curso de Ci\u00eancias Econ\u00f4micas oferece 80 vagas de vestibular, sendo 40 para o turno matutino e 40 para o turno noturno. Um total de 370 alunos encontram-se matriculados no Campus Central.<\/p>\n<p>A preocupa\u00e7\u00e3o com a melhoria da qualidade de ensino tem sido uma constante no Curso de Ci\u00eancias Econ\u00f4micas. Neste sentido, o Colegiado de Curso em conjunto com o Departamento de Economia t\u00eam empreendido a\u00e7\u00f5es visando atender as expectativas dos futuros profissionais em Economia, destacando-se:<\/p>\n<ul>\n<li>Nova grade curricular: No sentido de atender as diretrizes curriculares estabelecidas pelo Minist\u00e9rio da Educa\u00e7\u00e3o foi implantado de acordo com a Res. CEPE n\u00ba 03 de\u00a005 mar\u00e7o de 2013;<\/li>\n<li>Organiza\u00e7\u00e3o de reuni\u00f5es did\u00e1tico-pedag\u00f3gicas para acompanhamento do desempenho de seu corpo docente;<\/li>\n<li>Participa\u00e7\u00e3o do corpo docente do Departamento de Economia em eventos de express\u00e3o nacional, regional e local, nos quais s\u00e3o discutidas quest\u00f5es fundamentais para o meio acad\u00eamico e para a revitaliza\u00e7\u00e3o do Curso de Economia;<\/li>\n<li>An\u00e1lise e acompanhamento constante dos conte\u00fados program\u00e1ticos das disciplinas que comp\u00f5em o curso;<\/li>\n<li>Organiza\u00e7\u00e3o de visitas t\u00e9cnicas \u00e0s empresas e promo\u00e7\u00e3o de palestras e semin\u00e1rios voltados \u00e0 \u00e1rea de Economia, procurando dessa forma mostrar a realidade do mercado ao corpo discente;<\/li>\n<li>Implanta\u00e7\u00e3o no ano de 2002 do laborat\u00f3rio de inform\u00e1tica para atender o ensino de Economia.<\/li>\n<\/ul>\n<\/div>\n<p>&nbsp;<\/p>\n<div class=\"box-section \">\n<h2 class=\" \">ESTRUTURA ADMINISTRATIVA - 2022\/2023<\/h2>\n<div class=\"row\">\n<div class=\"col-md-6\">\n<p><strong>Chefe do Departamento<\/strong><\/p>\n<p style=\"text-align: left\">Alysson Luiz Stege<br \/>\nalyssonstege@uepg.br<\/p>\n<p style=\"text-align: left\">\n<p style=\"text-align: left\"><strong>Chefe Adjunto<\/strong><\/p>\n<p style=\"text-align: left\">\n<p style=\"text-align: left\">\n<p style=\"text-align: left\"><strong>Coordenador do Curso<\/strong><\/p>\n<p style=\"text-align: left\">\n<\/div>\n<div class=\"col-md-6\">\n<p><strong>Coordenador de Monografia<\/strong><\/p>\n<p>Luma de Oliveira<br \/>\nluoliveira@uepg.br<\/p>\n<p>&nbsp;<\/p>\n<p><strong>Membros do Colegiado do Curso<\/strong><\/p>\n<p>&nbsp;<\/p>\n<p>&nbsp;<\/p>\n<p><strong>Secret\u00e1rio<\/strong><\/p>\n<p><span class=\"fontstyle0\">Lauro Jos\u00e9 M\u00fcller<\/span><br \/>\neconomia@uepg.br \/ (42) 3220-3394<\/p>\n<\/div>\n<\/div>\n<\/div>\n<h2 class=\" \">INFRAESTRUTURA<\/h2>\n<\/div>\n<\/div><\/div><div id=\"panel-142-0-0-1\" class=\"so-panel widget widget_sow-slider panel-last-child\" data-index=\"1\" ><div\n\t\t\t\n\t\t\tclass=\"so-widget-sow-slider so-widget-sow-slider-default-53fd0f98de19-142\"\n\t\t\t\n\t\t><div class=\"sow-slider-base\" style=\"display: none\"><ul\n\t\t\t\t\tclass=\"sow-slider-images\"\n\t\t\t\t\tdata-settings=\"{&quot;pagination&quot;:true,&quot;speed&quot;:800,&quot;timeout&quot;:8000,&quot;paused&quot;:false,&quot;pause_on_hover&quot;:false,&quot;swipe&quot;:true,&quot;nav_always_show_desktop&quot;:&quot;&quot;,&quot;nav_always_show_mobile&quot;:&quot;&quot;,&quot;breakpoint&quot;:&quot;780px&quot;,&quot;unmute&quot;:false,&quot;anchor&quot;:null}\"\n\t\t\t\t\t\t\t\t\t\tdata-anchor-id=\"\"\n\t\t\t\t>\t\t<li class=\"sow-slider-image  sow-slider-image-cover\" style=\"background-image: url(https:\/\/www2.uepg.br\/economia\/wp-content\/uploads\/sites\/231\/2022\/03\/infra-1.jpg)\" >\n\t\t\t\t\t\t\t\t\t<img width=\"960\" height=\"720\" src=\"https:\/\/www2.uepg.br\/economia\/wp-content\/uploads\/sites\/231\/2022\/03\/infra-1.jpg\" class=\"sow-slider-background-image skip-lazy\" alt=\"\" loading=\"eager\" srcset=\"https:\/\/www2.uepg.br\/economia\/wp-content\/uploads\/sites\/231\/2022\/03\/infra-1.jpg 960w, https:\/\/www2.uepg.br\/economia\/wp-content\/uploads\/sites\/231\/2022\/03\/infra-1-300x225.jpg 300w, https:\/\/www2.uepg.br\/economia\/wp-content\/uploads\/sites\/231\/2022\/03\/infra-1-768x576.jpg 768w\" sizes=\"(max-width: 960px) 100vw, 960px\" \/>\t\t\t\t\t\t\t\t<\/li>\n\t\t\t\t<li class=\"sow-slider-image  sow-slider-image-cover\" style=\"background-image: url(https:\/\/www2.uepg.br\/economia\/wp-content\/uploads\/sites\/231\/2022\/03\/infra-2.jpg)\" >\n\t\t\t\t\t\t\t\t\t<img width=\"960\" height=\"720\" src=\"https:\/\/www2.uepg.br\/economia\/wp-content\/uploads\/sites\/231\/2022\/03\/infra-2.jpg\" class=\"sow-slider-background-image skip-lazy\" alt=\"\" loading=\"eager\" srcset=\"https:\/\/www2.uepg.br\/economia\/wp-content\/uploads\/sites\/231\/2022\/03\/infra-2.jpg 960w, https:\/\/www2.uepg.br\/economia\/wp-content\/uploads\/sites\/231\/2022\/03\/infra-2-300x225.jpg 300w, https:\/\/www2.uepg.br\/economia\/wp-content\/uploads\/sites\/231\/2022\/03\/infra-2-768x576.jpg 768w\" sizes=\"(max-width: 960px) 100vw, 960px\" \/>\t\t\t\t\t\t\t\t<\/li>\n\t\t\t\t<li class=\"sow-slider-image  sow-slider-image-cover\" style=\"background-image: url(https:\/\/www2.uepg.br\/economia\/wp-content\/uploads\/sites\/231\/2022\/03\/infra-3.jpg)\" >\n\t\t\t\t\t\t\t\t\t<img width=\"960\" height=\"720\" src=\"https:\/\/www2.uepg.br\/economia\/wp-content\/uploads\/sites\/231\/2022\/03\/infra-3.jpg\" class=\"sow-slider-background-image skip-lazy\" alt=\"\" loading=\"eager\" srcset=\"https:\/\/www2.uepg.br\/economia\/wp-content\/uploads\/sites\/231\/2022\/03\/infra-3.jpg 960w, https:\/\/www2.uepg.br\/economia\/wp-content\/uploads\/sites\/231\/2022\/03\/infra-3-300x225.jpg 300w, https:\/\/www2.uepg.br\/economia\/wp-content\/uploads\/sites\/231\/2022\/03\/infra-3-768x576.jpg 768w\" sizes=\"(max-width: 960px) 100vw, 960px\" \/>\t\t\t\t\t\t\t\t<\/li>\n\t\t\t\t<li class=\"sow-slider-image  sow-slider-image-cover\" style=\"background-image: url(https:\/\/www2.uepg.br\/economia\/wp-content\/uploads\/sites\/231\/2022\/03\/infra-4.jpg)\" >\n\t\t\t\t\t\t\t\t\t<img width=\"960\" height=\"720\" src=\"https:\/\/www2.uepg.br\/economia\/wp-content\/uploads\/sites\/231\/2022\/03\/infra-4.jpg\" class=\"sow-slider-background-image skip-lazy\" alt=\"\" loading=\"eager\" srcset=\"https:\/\/www2.uepg.br\/economia\/wp-content\/uploads\/sites\/231\/2022\/03\/infra-4.jpg 960w, https:\/\/www2.uepg.br\/economia\/wp-content\/uploads\/sites\/231\/2022\/03\/infra-4-300x225.jpg 300w, https:\/\/www2.uepg.br\/economia\/wp-content\/uploads\/sites\/231\/2022\/03\/infra-4-768x576.jpg 768w\" sizes=\"(max-width: 960px) 100vw, 960px\" \/>\t\t\t\t\t\t\t\t<\/li>\n\t\t\t\t<li class=\"sow-slider-image  sow-slider-image-cover\" style=\"background-image: url(https:\/\/www2.uepg.br\/economia\/wp-content\/uploads\/sites\/231\/2022\/03\/infra-5.jpg)\" >\n\t\t\t\t\t\t\t\t\t<img width=\"960\" height=\"720\" src=\"https:\/\/www2.uepg.br\/economia\/wp-content\/uploads\/sites\/231\/2022\/03\/infra-5.jpg\" class=\"sow-slider-background-image skip-lazy\" alt=\"\" loading=\"eager\" srcset=\"https:\/\/www2.uepg.br\/economia\/wp-content\/uploads\/sites\/231\/2022\/03\/infra-5.jpg 960w, https:\/\/www2.uepg.br\/economia\/wp-content\/uploads\/sites\/231\/2022\/03\/infra-5-300x225.jpg 300w, https:\/\/www2.uepg.br\/economia\/wp-content\/uploads\/sites\/231\/2022\/03\/infra-5-768x576.jpg 768w\" sizes=\"(max-width: 960px) 100vw, 960px\" \/>\t\t\t\t\t\t\t\t<\/li>\n\t\t\t\t<li class=\"sow-slider-image  sow-slider-image-cover\" style=\"background-image: url(https:\/\/www2.uepg.br\/economia\/wp-content\/uploads\/sites\/231\/2022\/03\/infra-6.jpg)\" >\n\t\t\t\t\t\t\t\t\t<img width=\"960\" height=\"720\" src=\"https:\/\/www2.uepg.br\/economia\/wp-content\/uploads\/sites\/231\/2022\/03\/infra-6.jpg\" class=\"sow-slider-background-image skip-lazy\" alt=\"\" loading=\"eager\" srcset=\"https:\/\/www2.uepg.br\/economia\/wp-content\/uploads\/sites\/231\/2022\/03\/infra-6.jpg 960w, https:\/\/www2.uepg.br\/economia\/wp-content\/uploads\/sites\/231\/2022\/03\/infra-6-300x225.jpg 300w, https:\/\/www2.uepg.br\/economia\/wp-content\/uploads\/sites\/231\/2022\/03\/infra-6-768x576.jpg 768w\" sizes=\"(max-width: 960px) 100vw, 960px\" \/>\t\t\t\t\t\t\t\t<\/li>\n\t\t\t\t<li class=\"sow-slider-image  sow-slider-image-cover\" style=\"background-image: url(https:\/\/www2.uepg.br\/economia\/wp-content\/uploads\/sites\/231\/2022\/03\/infra-7.jpg)\" >\n\t\t\t\t\t\t\t\t\t<img width=\"960\" height=\"720\" src=\"https:\/\/www2.uepg.br\/economia\/wp-content\/uploads\/sites\/231\/2022\/03\/infra-7.jpg\" class=\"sow-slider-background-image skip-lazy\" alt=\"\" loading=\"eager\" srcset=\"https:\/\/www2.uepg.br\/economia\/wp-content\/uploads\/sites\/231\/2022\/03\/infra-7.jpg 960w, https:\/\/www2.uepg.br\/economia\/wp-content\/uploads\/sites\/231\/2022\/03\/infra-7-300x225.jpg 300w, https:\/\/www2.uepg.br\/economia\/wp-content\/uploads\/sites\/231\/2022\/03\/infra-7-768x576.jpg 768w\" sizes=\"(max-width: 960px) 100vw, 960px\" \/>\t\t\t\t\t\t\t\t<\/li>\n\t\t\t\t<li class=\"sow-slider-image  sow-slider-image-cover\" style=\"background-image: url(https:\/\/www2.uepg.br\/economia\/wp-content\/uploads\/sites\/231\/2022\/03\/infra-8.jpg)\" >\n\t\t\t\t\t\t\t\t\t<img width=\"960\" height=\"720\" src=\"https:\/\/www2.uepg.br\/economia\/wp-content\/uploads\/sites\/231\/2022\/03\/infra-8.jpg\" class=\"sow-slider-background-image skip-lazy\" alt=\"\" loading=\"eager\" srcset=\"https:\/\/www2.uepg.br\/economia\/wp-content\/uploads\/sites\/231\/2022\/03\/infra-8.jpg 960w, https:\/\/www2.uepg.br\/economia\/wp-content\/uploads\/sites\/231\/2022\/03\/infra-8-300x225.jpg 300w, https:\/\/www2.uepg.br\/economia\/wp-content\/uploads\/sites\/231\/2022\/03\/infra-8-768x576.jpg 768w\" sizes=\"(max-width: 960px) 100vw, 960px\" \/>\t\t\t\t\t\t\t\t<\/li>\n\t\t\t\t<li class=\"sow-slider-image  sow-slider-image-cover\" style=\"background-image: url(https:\/\/www2.uepg.br\/economia\/wp-content\/uploads\/sites\/231\/2022\/03\/infra-9.jpg)\" >\n\t\t\t\t\t\t\t\t\t<img width=\"960\" height=\"720\" src=\"https:\/\/www2.uepg.br\/economia\/wp-content\/uploads\/sites\/231\/2022\/03\/infra-9.jpg\" class=\"sow-slider-background-image skip-lazy\" alt=\"\" loading=\"eager\" srcset=\"https:\/\/www2.uepg.br\/economia\/wp-content\/uploads\/sites\/231\/2022\/03\/infra-9.jpg 960w, https:\/\/www2.uepg.br\/economia\/wp-content\/uploads\/sites\/231\/2022\/03\/infra-9-300x225.jpg 300w, https:\/\/www2.uepg.br\/economia\/wp-content\/uploads\/sites\/231\/2022\/03\/infra-9-768x576.jpg 768w\" sizes=\"(max-width: 960px) 100vw, 960px\" \/>\t\t\t\t\t\t\t\t<\/li>\n\t\t<\/ul>\t\t\t\t<ol class=\"sow-slider-pagination\">\n\t\t\t\t\t\t\t\t\t\t\t<li><a href=\"#\" data-goto=\"0\" aria-label=\"display slide 1\"><\/a><\/li>\n\t\t\t\t\t\t\t\t\t\t\t<li><a href=\"#\" data-goto=\"1\" aria-label=\"display slide 2\"><\/a><\/li>\n\t\t\t\t\t\t\t\t\t\t\t<li><a href=\"#\" data-goto=\"2\" aria-label=\"display slide 3\"><\/a><\/li>\n\t\t\t\t\t\t\t\t\t\t\t<li><a href=\"#\" data-goto=\"3\" aria-label=\"display slide 4\"><\/a><\/li>\n\t\t\t\t\t\t\t\t\t\t\t<li><a href=\"#\" data-goto=\"4\" aria-label=\"display slide 5\"><\/a><\/li>\n\t\t\t\t\t\t\t\t\t\t\t<li><a href=\"#\" data-goto=\"5\" aria-label=\"display slide 6\"><\/a><\/li>\n\t\t\t\t\t\t\t\t\t\t\t<li><a href=\"#\" data-goto=\"6\" aria-label=\"display slide 7\"><\/a><\/li>\n\t\t\t\t\t\t\t\t\t\t\t<li><a href=\"#\" data-goto=\"7\" aria-label=\"display slide 8\"><\/a><\/li>\n\t\t\t\t\t\t\t\t\t\t\t<li><a href=\"#\" data-goto=\"8\" aria-label=\"display slide 9\"><\/a><\/li>\n\t\t\t\t\t\t\t\t\t<\/ol>\n\n\t\t\t\t<div class=\"sow-slide-nav sow-slide-nav-next\">\n\t\t\t\t\t<a href=\"#\" data-goto=\"next\" aria-label=\"next slide\" data-action=\"next\">\n\t\t\t\t\t\t<em class=\"sow-sld-icon-thin-right\"><\/em>\n\t\t\t\t\t<\/a>\n\t\t\t\t<\/div>\n\n\t\t\t\t<div class=\"sow-slide-nav sow-slide-nav-prev\">\n\t\t\t\t\t<a href=\"#\" data-goto=\"previous\" aria-label=\"previous slide\" data-action=\"prev\">\n\t\t\t\t\t\t<em class=\"sow-sld-icon-thin-left\"><\/em>\n\t\t\t\t\t<\/a>\n\t\t\t\t<\/div>\n\t\t\t\t<\/div><\/div><\/div><\/div><\/div><\/div>","protected":false},"excerpt":{"rendered":"<p>HIST\u00d3RICO O Curso de Ci\u00eancias Econ\u00f4micas da Universidade Estadual de Ponta Grossa foi criado juntamente com a ent\u00e3o Faculdade de Ci\u00eancias Econ\u00f4micas e Administra\u00e7\u00e3o pela Lei Estadual n.\u00ba 03\/66 e reconhecido pelo Decreto Federal n.\u00ba 69.697 de 03.12.71. A incorpora\u00e7\u00e3o do curso \u00e0 Universidade Estadual de Ponta Grossa ocorreu pela Lei n.\u00ba 6.034, sancionada em&nbsp;&hellip;<\/p>\n","protected":false},"author":378,"featured_media":0,"parent":0,"menu_order":0,"comment_status":"closed","ping_status":"closed","template":"","meta":[],"_links":{"self":[{"href":"https:\/\/www2.uepg.br\/economia\/wp-json\/wp\/v2\/pages\/142"}],"collection":[{"href":"https:\/\/www2.uepg.br\/economia\/wp-json\/wp\/v2\/pages"}],"about":[{"href":"https:\/\/www2.uepg.br\/economia\/wp-json\/wp\/v2\/types\/page"}],"author":[{"embeddable":true,"href":"https:\/\/www2.uepg.br\/economia\/wp-json\/wp\/v2\/users\/378"}],"replies":[{"embeddable":true,"href":"https:\/\/www2.uepg.br\/economia\/wp-json\/wp\/v2\/comments?post=142"}],"version-history":[{"count":8,"href":"https:\/\/www2.uepg.br\/economia\/wp-json\/wp\/v2\/pages\/142\/revisions"}],"predecessor-version":[{"id":294,"href":"https:\/\/www2.uepg.br\/economia\/wp-json\/wp\/v2\/pages\/142\/revisions\/294"}],"wp:attachment":[{"href":"https:\/\/www2.uepg.br\/economia\/wp-json\/wp\/v2\/media?parent=142"}],"curies":[{"name":"wp","href":"https:\/\/api.w.org\/{rel}","templated":true}]}}