{"id":146,"date":"2022-03-28T10:13:08","date_gmt":"2022-03-28T13:13:08","guid":{"rendered":"https:\/\/www2.uepg.br\/economia\/?page_id=146"},"modified":"2022-03-28T15:41:40","modified_gmt":"2022-03-28T18:41:40","slug":"monografias","status":"publish","type":"page","link":"https:\/\/www2.uepg.br\/economia\/monografias\/","title":{"rendered":"Monografias"},"content":{"rendered":"<p>De acordo com a Regulamento de Monografia do curso de Bacharelado em Ci\u00eancias Econ\u00f4micas (Resolu\u00e7\u00e3o CEPE n\u00ba 119\/2005), a Monografia consiste em um trabalho de gradua\u00e7\u00e3o a ser elaborado individualmente pelo aluno, sob a orienta\u00e7\u00e3o de um professor da institui\u00e7\u00e3o de ensino, na disciplina Monografia, desde que este esteja de acordo com o tema escolhido pelo aluno e que o aproveitamento seja para a \u00e1rea de interesse do curso. (Art. 1\u00ba)<\/p>\n<p>A disciplina Monografia \u00e9 obrigat\u00f3ria para a obten\u00e7\u00e3o do diploma e tem uma carga hor\u00e1ria de 272 horas, sendo que destas, 34 horas s\u00e3o destinadas \u00e0 orienta\u00e7\u00e3o individual.<\/p>\n<p>A elabora\u00e7\u00e3o da Monografia implica em rigor metodol\u00f3gico e cient\u00edfico, organiza\u00e7\u00e3o e contribui\u00e7\u00e3o para a ci\u00eancia, sistematiza\u00e7\u00e3o e aprofundamento do tema abordado, sem ultrapassar, contudo, o n\u00edvel de gradua\u00e7\u00e3o. (Art. 2\u00ba \u00a72\u00ba)<\/p>\n<p>A Monografia tem por objetivo geral propiciar ao aluno a aquisi\u00e7\u00e3o e aprofundamento dos fundamentos te\u00f3ricos da \u00e1rea de estudo e desenvolvimento da an\u00e1lise cr\u00edtica dos problemas relativos \u00e0 economia, preferencialmente \u00e0 nacional. (Art. 3\u00ba)<\/p>\n<p>At\u00e9 maio de 2015, a disciplina de Monografia foi coordenada pelo Professor Renato Alves de Oliveira, dispensado da fun\u00e7\u00e3o conforme Portaria SECISA n\u00ba 10 de 14 de maio de 2015, e substitu\u00eddo pelo Professor Luiz Philipe dos Santos Ramos, atrav\u00e9s da Portaria SECISA n\u00ba 09 de 14 de maio de 2015, para um mandato no per\u00edodo de 5 de maio de 2015 a 20 de mar\u00e7o de 2017.<\/p>\n","protected":false},"excerpt":{"rendered":"<p>De acordo com a Regulamento de Monografia do curso de Bacharelado em Ci\u00eancias Econ\u00f4micas (Resolu\u00e7\u00e3o CEPE n\u00ba 119\/2005), a Monografia consiste em um trabalho de gradua\u00e7\u00e3o a ser elaborado individualmente pelo aluno, sob a orienta\u00e7\u00e3o de um professor da institui\u00e7\u00e3o de ensino, na disciplina Monografia, desde que este esteja de acordo com o tema escolhido&nbsp;&hellip;<\/p>\n","protected":false},"author":378,"featured_media":0,"parent":0,"menu_order":0,"comment_status":"closed","ping_status":"closed","template":"","meta":[],"_links":{"self":[{"href":"https:\/\/www2.uepg.br\/economia\/wp-json\/wp\/v2\/pages\/146"}],"collection":[{"href":"https:\/\/www2.uepg.br\/economia\/wp-json\/wp\/v2\/pages"}],"about":[{"href":"https:\/\/www2.uepg.br\/economia\/wp-json\/wp\/v2\/types\/page"}],"author":[{"embeddable":true,"href":"https:\/\/www2.uepg.br\/economia\/wp-json\/wp\/v2\/users\/378"}],"replies":[{"embeddable":true,"href":"https:\/\/www2.uepg.br\/economia\/wp-json\/wp\/v2\/comments?post=146"}],"version-history":[{"count":2,"href":"https:\/\/www2.uepg.br\/economia\/wp-json\/wp\/v2\/pages\/146\/revisions"}],"predecessor-version":[{"id":244,"href":"https:\/\/www2.uepg.br\/economia\/wp-json\/wp\/v2\/pages\/146\/revisions\/244"}],"wp:attachment":[{"href":"https:\/\/www2.uepg.br\/economia\/wp-json\/wp\/v2\/media?parent=146"}],"curies":[{"name":"wp","href":"https:\/\/api.w.org\/{rel}","templated":true}]}}