{"id":173,"date":"2022-03-28T10:54:24","date_gmt":"2022-03-28T13:54:24","guid":{"rendered":"https:\/\/www2.uepg.br\/economia\/?page_id=173"},"modified":"2022-03-28T15:42:56","modified_gmt":"2022-03-28T18:42:56","slug":"livros","status":"publish","type":"page","link":"https:\/\/www2.uepg.br\/economia\/livros\/","title":{"rendered":"Livros"},"content":{"rendered":"<p><strong>Docente:<\/strong>\u00a0Antonio Siqueira<br \/>\n<strong>Titulo do Livro:<\/strong>\u00a0Lutas e vit\u00f3ria de um Humanista. A hist\u00f3ria de Victos Hor\u00e1cio de Souza Costa<br \/>\n<strong>Editora:<\/strong>\u00a0curitiba<br \/>\n<strong>Ano:<\/strong>\u00a02012<\/p>\n<p>&nbsp;<\/p>\n<p><strong>Docente:<\/strong>\u00a0Jandir Ferrera de Lima, Augusta Pelinski Raiher<br \/>\n<strong>T\u00edtulo da produ\u00e7\u00e3o (cap\u00edtulo):<\/strong>\u00a0Do neoliberalismo ao intervencionismo: apontamento sobre a economia da Am\u00e9rica do Sul<br \/>\n<strong>Livro:<\/strong>\u00a0Lenir Aparecida Mainardes da Silva; Silvana Souza Netto Mandalozzo; Jussara Maria Rosa Mendes (Org.). Trabalho e Prote\u00e7\u00e3o social. Editora: Estudio Texto, 2014, p. 173-187.<\/p>\n<p>&nbsp;<\/p>\n<p><strong>Docente:<\/strong>\u00a0Augusta Pelinski Raiher<br \/>\n<strong>T\u00edtulo da produ\u00e7\u00e3o (cap\u00edtulo):<\/strong>\u00a0Os determinantes da localiza\u00e7\u00e3o industrial por n\u00edvel tecnol\u00f3gico no Paran\u00e1: \u00eanfase no capital humano<br \/>\n<strong>Livro:<\/strong>\u00a0Amarildo Hersen; JandirFerrera de Lima; Jefferson Andronio Ramundo Staduto. (Org.). Industrializa\u00e7\u00e3o paranaense. Editora: Unicentro, 2013, p. 147-174.<\/p>\n<p>&nbsp;<\/p>\n<p><strong>Docente:<\/strong>\u00a0Augusta Pelinski Raiher, Jandir Ferrera de Lima<br \/>\n<strong>T\u00edtulo da produ\u00e7\u00e3o (cap\u00edtulo):<\/strong>\u00a0Potencial de atra\u00e7\u00e3o e desigualdade: um perfil da polariza\u00e7\u00e3o e da periferiza\u00e7\u00e3o da economia regional paranaense<br \/>\n<strong>Livro:<\/strong>\u00a0Augusta Pelinski Raiher. (Org.). Economia Paranaense: crescimento e desigualdades regionais. Editora UEPG, 2012, v. , p. 11-54.<\/p>\n<p>&nbsp;<\/p>\n<p><strong>Docente:<\/strong>\u00a0Augusta Pelinski Raiher, Ricardo Dathein<br \/>\n<strong>T\u00edtulo da produ\u00e7\u00e3o (cap\u00edtulo):<\/strong>\u00a0O Capital Humano e sua influ\u00eancia no crescimento econ\u00f4mico das microrregi\u00f5es paranaenses.<br \/>\n<strong>Livro:<\/strong>\u00a0Augusta Pelinski Raiher. (Org.). Economia Paranaense: crescimento e desigualdades regionais. Editora UEPG, 2012, p. 93-148.<\/p>\n<p>&nbsp;<\/p>\n<p><strong>Docente:<\/strong>\u00a0Augusta Pelinski Raiher, Jandir Ferrera de Lima<br \/>\n<strong>T\u00edtulo da produ\u00e7\u00e3o (cap\u00edtulo):<\/strong>\u00a0Desigualdades socioecon\u00f4micas e investimentos estaduais nos munic\u00edpios do Paran\u00e1.<br \/>\n<strong>Livro:<\/strong>\u00a0Augusta Pelinski Raiher (org.) Economia Paranaense: crescimento e desigualdades regionais. Editora UEPG, 2012, p. 149-204.<\/p>\n<p>&nbsp;<\/p>\n<p><strong>Docente:<\/strong>\u00a0Ivan Colangelo Salom\u00e3o<br \/>\n<strong>T\u00edtulo da produ\u00e7\u00e3o (cap\u00edtulo):<\/strong>\u00a0Trabalho e liberdade: reflex\u00f5es sobre hist\u00f3ria e perspectiva no trabalho<br \/>\n<strong>Livro:<\/strong>\u00a0Daysi Lange Albeche. (Org.). Universidade e sociedade. Vis\u00f5es de um Brasil em constru\u00e7\u00e3o. Editora Educs, 2012, p. 61-90.<\/p>\n","protected":false},"excerpt":{"rendered":"<p>Docente:\u00a0Antonio Siqueira Titulo do Livro:\u00a0Lutas e vit\u00f3ria de um Humanista. A hist\u00f3ria de Victos Hor\u00e1cio de Souza Costa Editora:\u00a0curitiba Ano:\u00a02012 &nbsp; Docente:\u00a0Jandir Ferrera de Lima, Augusta Pelinski Raiher T\u00edtulo da produ\u00e7\u00e3o (cap\u00edtulo):\u00a0Do neoliberalismo ao intervencionismo: apontamento sobre a economia da Am\u00e9rica do Sul Livro:\u00a0Lenir Aparecida Mainardes da Silva; Silvana Souza Netto Mandalozzo; Jussara Maria Rosa&nbsp;&hellip;<\/p>\n","protected":false},"author":378,"featured_media":0,"parent":0,"menu_order":0,"comment_status":"closed","ping_status":"closed","template":"","meta":[],"_links":{"self":[{"href":"https:\/\/www2.uepg.br\/economia\/wp-json\/wp\/v2\/pages\/173"}],"collection":[{"href":"https:\/\/www2.uepg.br\/economia\/wp-json\/wp\/v2\/pages"}],"about":[{"href":"https:\/\/www2.uepg.br\/economia\/wp-json\/wp\/v2\/types\/page"}],"author":[{"embeddable":true,"href":"https:\/\/www2.uepg.br\/economia\/wp-json\/wp\/v2\/users\/378"}],"replies":[{"embeddable":true,"href":"https:\/\/www2.uepg.br\/economia\/wp-json\/wp\/v2\/comments?post=173"}],"version-history":[{"count":2,"href":"https:\/\/www2.uepg.br\/economia\/wp-json\/wp\/v2\/pages\/173\/revisions"}],"predecessor-version":[{"id":245,"href":"https:\/\/www2.uepg.br\/economia\/wp-json\/wp\/v2\/pages\/173\/revisions\/245"}],"wp:attachment":[{"href":"https:\/\/www2.uepg.br\/economia\/wp-json\/wp\/v2\/media?parent=173"}],"curies":[{"name":"wp","href":"https:\/\/api.w.org\/{rel}","templated":true}]}}