{"id":175,"date":"2022-03-28T10:54:24","date_gmt":"2022-03-28T13:54:24","guid":{"rendered":"https:\/\/www2.uepg.br\/economia\/?page_id=175"},"modified":"2022-03-28T16:05:04","modified_gmt":"2022-03-28T19:05:04","slug":"revistas","status":"publish","type":"page","link":"https:\/\/www2.uepg.br\/economia\/revistas\/","title":{"rendered":"Revistas"},"content":{"rendered":"<p><strong>MACHOSKI<\/strong>, E. ;\u00a0<strong>RAIHER<\/strong>, A. P. CRESCIMENTO ECON\u00d4MICO, EXPORTA\u00c7\u00d5ES E TECNOLOGIA: O CASO PARANAENSE.<\/p>\n<p>Redes (Santa Cruz do Sul. Impresso), v. 21, p. 84-102, 2016.<\/p>\n<p>&nbsp;<\/p>\n<p><strong>RAIHER<\/strong>, A.P. CONDI\u00c7\u00c3O DE POBREZA E A VULNERABILIDADE DA MULHER BRASILEIRA.<\/p>\n<p>Informe GEPEC (Online), v. 20, p. 1-20, 2016.<\/p>\n<p>&nbsp;<\/p>\n<p><strong>GIOVANETTI<\/strong>, A. E. ;\u00a0<strong>RAIHER<\/strong>, A. P. Uma An\u00e1lise Multidimensional da pobreza nos munic\u00edpios paranaenses em 2010.<\/p>\n<p>Revista de Estudos Sociais, v. 17, p. 228-248, 2015.<\/p>\n<p>&nbsp;<\/p>\n<p><strong>RAIHER<\/strong>, A. P. CRESCIMENTO ECON\u00d4MICO E SUA CONVERG\u00caNCIA NO ESTADO DO PARAN\u00c1.<\/p>\n<p>Gest\u00e3o &amp; Regionalidade (Online), v. 31, p. 136-150, 2015.<\/p>\n<p>&nbsp;<\/p>\n<p><strong>BARBOSA<\/strong>, W. ;\u00a0<strong>CARMO<\/strong>, A. S. S. ;\u00a0<strong>RAIHER<\/strong>, A. P. Existe desindustrializa\u00e7\u00e3o no Estado do Paran\u00e1? Um teste emp\u00edrico para o per\u00edodo de 1996 a 2012.<\/p>\n<p>Informe GEPEC (Online), v. 19, p. 55-79, 2015.<\/p>\n<p>&nbsp;<\/p>\n<p><strong>SANTOS<\/strong>, C. V. ;\u00a0<strong>RAIHER<\/strong>, A.P. ;\u00a0<strong>Hilgemberg<\/strong>, C.M.A. ;\u00a0<strong>BUENO<\/strong>, L. R. DIN\u00c2MICA DO EMPREGO NO SETOR DE SERVI\u00c7OS NO PARAN\u00c1: UMA AN\u00c1LISE DIFERENCIAL-ESTRUTURAL PARA OS PRINCIPAIS MUNIC\u00cdPIOS NO PER\u00cdODO 2000-2010.<\/p>\n<p>Planejamento e Politicas Publicas, v. 44, p. 01-30, 2015.<\/p>\n<p>&nbsp;<\/p>\n<p><strong>RAIHER<\/strong>, A.P.;\u00a0<strong>SCOLARO<\/strong>, M. ;\u00a0<strong>SALOMAO<\/strong>, I. C. . DOZE ANOS DE FLUTUA\u00c7\u00c3O CAMBIAL: UMA AN\u00c1LISE ECONOM\u00c9TRICA DO DESEMPENHO DO BALAN\u00c7O DE PAGAMENTOS BRASILEIRO (1999-2010).<\/p>\n<p>Economia e Desenvolvimento (Recife), v. 14, p. 1, 2015.<\/p>\n<p>&nbsp;<\/p>\n<p><strong>T\u00edtulo da Produ\u00e7\u00e3o:<\/strong>\u00a0A distribui\u00e7\u00e3o espacial da ind\u00fastria no sul do Brasil e sua converg\u00eancia<br \/>\n<strong>Autores:<\/strong>\u00a0Augusta Pelinski Raiher, Jandir Ferrera de Lima, Cristiane Klein<br \/>\n<strong>Revista:<\/strong>\u00a0An\u00e1lise Econ\u00f4mica (UFRGS)<br \/>\n<strong>Ano:<\/strong>\u00a02014<br \/>\n<strong>Link:<\/strong>\u00a0<a href=\"http:\/\/www.seer.ufrgs.br\/AnaliseEconomica\/article\/view\/37831\">http:\/\/www.seer.ufrgs.br\/AnaliseEconomica\/article\/view\/37831<\/a><\/p>\n<p>&nbsp;<\/p>\n<p><strong>T\u00edtulo da Produ\u00e7\u00e3o:<\/strong>\u00a0Renda, desigualdade e criminalidade no Brasil: uma an\u00e1lise emp\u00edrica<br \/>\n<strong>Autores:<\/strong>\u00a0Karlo Marques Junior<br \/>\n<strong>Revista:<\/strong>\u00a0Revista Econ\u00f4mica do Nordeste<br \/>\n<strong>Ano:<\/strong>\u00a02014<br \/>\n<strong>Link:<\/strong>\u00a0<a href=\"http:\/\/www.bnb.gov.br\/content\/aplicacao\/Publicacoes\/REN-apresentacao\/gerados\/apresentacao.asp?idTR=ren\">http:\/\/www.bnb.gov.br\/content\/aplicacao\/Publicacoes\/REN-apresentacao\/gerados\/apresentacao.asp?idTR=ren<\/a><\/p>\n<p>&nbsp;<\/p>\n<p><strong>T\u00edtulo da Produ\u00e7\u00e3o:<\/strong>\u00a0Com\u00e9rcio intra-industrial entre o Brasil e a Argentina: novas evid\u00eancias<br \/>\n<strong>Autores:<\/strong>\u00a0Alex Sander Souza do Carmo, Maur\u00edcio Vaz Lobo Bittencourt<br \/>\n<strong>Revista:<\/strong>\u00a0Revista de Economia e Administra\u00e7\u00e3o (Impresso), v. 12, p. 7-31.<br \/>\n<strong>Ano:<\/strong>\u00a02013.<br \/>\n<strong>Link:<\/strong>\u00a0<a href=\"https:\/\/www3.uepg.br\/economia\/revistas\/www.spell.org.br\/documentos\/download\/10420\">www.spell.org.br\/documentos\/download\/10420<\/a><\/p>\n<p>&nbsp;<\/p>\n<p><strong>T\u00edtulo da Produ\u00e7\u00e3o:<\/strong>\u00a0O com\u00e9rcio intra-industrial entre Brasil e os pa\u00edses da OCDE: decomposi\u00e7\u00e3o e an\u00e1lise de seus determinantes.<br \/>\n<strong>Autores:<\/strong>\u00a0Alex Sander Souza do Carmo, Maur\u00edcio Vaz Lobo Bittencourt<br \/>\n<strong>Revista:<\/strong>\u00a0An\u00e1lise Econ\u00f4mica (UFRGS)<br \/>\n<strong>Ano:<\/strong>\u00a02013<br \/>\n<strong>Link:<\/strong>\u00a0<a href=\"http:\/\/seer.ufrgs.br\/index.php\/AnaliseEconomica\/article\/view\/30661\/26907\">http:\/\/seer.ufrgs.br\/index.php\/AnaliseEconomica\/article\/view\/30661\/26907<\/a><\/p>\n<p>&nbsp;<\/p>\n<p><strong>T\u00edtulo da Produ\u00e7\u00e3o:<\/strong>\u00a0Desempenho econ\u00f4mico da cultura do girassol em sistemas de agricultura familiar do sudeste paranaense<br \/>\n<strong>Autores:<\/strong>\u00a0Maria de F\u00e1tima Ribeiro dos Santos, Augusta Pelinski Raiher<br \/>\n<strong>Revista:<\/strong>\u00a0Ci\u00eancia Rural (UFSM. Impresso)<br \/>\n<strong>Ano:<\/strong>\u00a02013<br \/>\n<strong>Link:<\/strong>\u00a0<a href=\"http:\/\/www.scielo.br\/scielo.php?pid=S0103-84782013000500005&amp;script=sci_arttext\">http:\/\/www.scielo.br\/scielo.php?pid=S0103-84782013000500005&amp;script=sci_arttext<\/a><\/p>\n<p>&nbsp;<\/p>\n<p><strong>T\u00edtulo da Produ\u00e7\u00e3o:<\/strong>\u00a0Potentialities of energy generation from waste and feedstock produced by the agricultural sector in brazil: the case of the state of Paran\u00e1<br \/>\n<strong>Autores:<\/strong>\u00a0Maria de F\u00e1tima Ribeiro dos Santos, Augusta Pelinski Raiher<br \/>\n<strong>Revista:<\/strong>\u00a0Energy Policy<br \/>\n<strong>Ano:<\/strong>\u00a02013<br \/>\n<strong>Link:<\/strong>\u00a0<a href=\"http:\/\/www.sciencedirect.com\/science\/article\/pii\/S0301421513003364\">http:\/\/www.sciencedirect.com\/science\/article\/pii\/S0301421513003364<\/a><\/p>\n<p>&nbsp;<\/p>\n<p><strong>T\u00edtulo da Produ\u00e7\u00e3o:<\/strong>\u00a0Determinantes da renda e pobreza dos agricultores do Vale do Ribeira.<br \/>\n<strong>Autores:<\/strong>\u00a0Janieli Lazaroto, Augusta Pelinski Raiher<br \/>\n<strong>Revista:<\/strong>\u00a0Revista de Politica Agricola<br \/>\n<strong>Ano:<\/strong>\u00a02013<br \/>\n<strong>Link:<\/strong>\u00a0<a href=\"http:\/\/ainfo.cnptia.embrapa.br\/digital\/bitstream\/item\/86544\/1\/Determinantes-da-renda-e-pobreza-dos-agricultores-do-Vale-do-Ribeira.pdf\">http:\/\/ainfo.cnptia.embrapa.br\/digital\/bitstream\/item\/86544\/1\/Determinantes-da-renda-e-pobreza-dos-agricultores-do-Vale-do-Ribeira.pdf<\/a><\/p>\n<p>&nbsp;<\/p>\n<p><strong>T\u00edtulo da Produ\u00e7\u00e3o:<\/strong>\u00a0Agropecu\u00e1ria brasileira: desempenho regional e determinantes de produtividade.<br \/>\n<strong>Autores:<\/strong>\u00a0Jo\u00e3o Felema, Augusta Pelinski Raiher, Carlos Ferreira<br \/>\n<strong>Revista:<\/strong>\u00a0Revista de Economia e Sociologia Rural (Impresso)<br \/>\n<strong>Ano:<\/strong>\u00a02013<br \/>\n<strong>Link:<\/strong>\u00a0<a href=\"http:\/\/www.scielo.br\/scielo.php?script=sci_arttext&amp;pid=S0103-20032013000300008\">http:\/\/www.scielo.br\/scielo.php?script=sci_arttext&amp;pid=S0103-20032013000300008<\/a><\/p>\n<p>&nbsp;<\/p>\n<p><strong>T\u00edtulo da Produ\u00e7\u00e3o:<\/strong>\u00a0Padr\u00e3o tecnol\u00f3gico da ind\u00fastria paranaense e o crescimento econ\u00f4mico.<br \/>\n<strong>Autores:<\/strong>\u00a0Marco Ahuaji Filho, Augusta Pelinski Raiher<br \/>\n<strong>Revista:<\/strong>\u00a0Revista Brasileira de Gest\u00e3o e Desenvolvimento Regional<br \/>\n<strong>Ano:<\/strong>\u00a02013<br \/>\n<strong>Link:<\/strong>\u00a0<a href=\"http:\/\/www.rbgdr.net\/revista\/index.php\/rbgdr\/article\/viewArticle\/1022\">http:\/\/www.rbgdr.net\/revista\/index.php\/rbgdr\/article\/viewArticle\/1022<\/a><\/p>\n<p>&nbsp;<\/p>\n<p><strong>T\u00edtulo da Produ\u00e7\u00e3o:<\/strong>\u00a0Desenvolvimento econ\u00f4mico dos munic\u00edpios de Santa Catarina e a a\u00e7\u00e3o do estado.<br \/>\n<strong>Autores:<\/strong>\u00a0Augusta Pelinski Raiher<br \/>\n<strong>Revista:<\/strong>\u00a0Gest\u00e3o &amp; Regionalidade (Online)<br \/>\n<strong>Ano:<\/strong>\u00a02013<br \/>\n<strong>Link:<\/strong>\u00a0<a href=\"http:\/\/seer.uscs.edu.br\/index.php\/revista_gestao\/article\/view\/1049\">http:\/\/seer.uscs.edu.br\/index.php\/revista_gestao\/article\/view\/1049<\/a><\/p>\n<p>&nbsp;<\/p>\n<p><strong>T\u00edtulo da Produ\u00e7\u00e3o:<\/strong>\u00a0A oferta de mat\u00e9rias-primas (oleaginosas) do biodiesel no Brasil e seus determinantes: uma an\u00e1lise dos anos de 1991 a 2010.<br \/>\n<strong>Autores:<\/strong>\u00a0Tatiane Glovatski, Augusta Pelinski Raiher<br \/>\n<strong>Revista:<\/strong>\u00a0Estudo &amp; Debate (Online)<br \/>\n<strong>Ano:<\/strong>\u00a02013<br \/>\n<strong>Link:<\/strong>\u00a0<a href=\"http:\/\/www.univates.br\/revistas\/index.php\/estudoedebate\/article\/view\/544\">http:\/\/www.univates.br\/revistas\/index.php\/estudoedebate\/article\/view\/544<\/a><\/p>\n<p>&nbsp;<\/p>\n<p><strong>T\u00edtulo da Produ\u00e7\u00e3o:<\/strong>\u00a0Desenvolvimento econ\u00f4mico dos munic\u00edpios do Paran\u00e1: evolu\u00e7\u00e3o e determinantes<br \/>\n<strong>Autores:<\/strong>\u00a0Sonise Dubiel, Augusta PelinskiRaiher<br \/>\n<strong>Revista:<\/strong>\u00a0Informe Gepec<br \/>\n<strong>Ano:<\/strong>\u00a02013<br \/>\n<strong>Link:<\/strong>\u00a0<a href=\"http:\/\/e-revista.unioeste.br\/index.php\/gepec\/article\/download\/7707\/7264\">http:\/\/e-revista.unioeste.br\/index.php\/gepec\/article\/download\/7707\/7264<\/a><\/p>\n<p>&nbsp;<\/p>\n<p><strong>T\u00edtulo da Produ\u00e7\u00e3o:<\/strong>\u00a0Tomada de decis\u00e3o sob condi\u00e7\u00f5es de risco e incerteza: uma aplica\u00e7\u00e3o da l\u00f3gica fuzzy \u00e0 bovinocultura de corte da regi\u00e3o Serrana de Santa Catarina<br \/>\n<strong>Autores:<\/strong>\u00a0Jo\u00e3o Candido Bracarense, C\u00e1rliton Vieira dos Santos, S\u00e9rgio Fernando Mayerle<br \/>\n<strong>Revista:<\/strong>\u00a0Teoria e Evidencia Econ\u00f4mica<br \/>\n<strong>Ano:<\/strong>\u00a02013<br \/>\n<strong>Link:<\/strong>\u00a0<a href=\"http:\/\/www.upf.br\/seer\/index.php\/rtee\/article\/view\/3734\">http:\/\/www.upf.br\/seer\/index.php\/rtee\/article\/view\/3734<\/a><\/p>\n<p>&nbsp;<\/p>\n<p><strong>T\u00edtulo da Produ\u00e7\u00e3o:<\/strong>\u00a0Tomada Panorama da Ind\u00fastria de Celulose e Papel no Brasil: 2001 a 2011<br \/>\n<strong>Autores:<\/strong>\u00a0Maritzel Rios Fuentes Coelho, Marcio Henrique Coelho<br \/>\n<strong>Revista:<\/strong>\u00a0Revista Floresta- UFPR<br \/>\n<strong>Ano:<\/strong>\u00a02013<br \/>\n<strong>Link:<\/strong>\u00a0<a href=\"http:\/\/ojs.c3sl.ufpr.br\/ojs2\/index.php\/floresta\/article\/view\/28280\">http:\/\/ojs.c3sl.ufpr.br\/ojs2\/index.php\/floresta\/article\/view\/28280<\/a><\/p>\n<p>&nbsp;<\/p>\n<p><strong>T\u00edtulo da Produ\u00e7\u00e3o:<\/strong>\u00a0An\u00e1lise da maximiza\u00e7\u00e3o do lucro e minimiza\u00e7\u00e3o do custo no processo de convers\u00e3o do caf\u00e9 convencional para o org\u00e2nico: um estudo de caso.<br \/>\n<strong>Autores:<\/strong>\u00a0Renato Alves de Oliveira, Jos\u00e9 Caixeta Filho<br \/>\n<strong>Revista:<\/strong>\u00a0Revista de Economia e Sociologia Rural (Impresso)<br \/>\n<strong>Ano:<\/strong>\u00a02013<br \/>\n<strong>Link:<\/strong>\u00a0<a href=\"http:\/\/www.scielo.br\/scielo.php?pid=S0103-20032013000300007&amp;script=sci_arttext\">http:\/\/www.scielo.br\/scielo.php?pid=S0103-20032013000300007&amp;script=sci_arttext<\/a><\/p>\n<p>&nbsp;<\/p>\n<p><strong>T\u00edtulo da Produ\u00e7\u00e3o:<\/strong>\u00a0An\u00e1lise da lucratividade do caf\u00e9 com ado\u00e7\u00e3o da pol\u00edtica de pre\u00e7o m\u00ednimo no processo de convers\u00e3o para o org\u00e2nico: estudo de caso com uso da programa\u00e7\u00e3o linear.<br \/>\n<strong>Autores:<\/strong>\u00a0Renato Alves de Oliveira<br \/>\n<strong>Revista:<\/strong>\u00a0Revista ADMpg (Impresso)<br \/>\n<strong>Ano:<\/strong>\u00a02013<br \/>\n<strong>Link:<\/strong>\u00a0<a href=\"http:\/\/www.admpg.com.br\/revista2013_2\/Artigos\/14%20-%20Artigo14.pdf\">http:\/\/www.admpg.com.br\/revista2013_2\/Artigos\/14%20-%20Artigo14.pdf<\/a><\/p>\n<p>&nbsp;<\/p>\n<p><strong>T\u00edtulo da Produ\u00e7\u00e3o:<\/strong>\u00a0Padr\u00e3o de especializa\u00e7\u00e3o no com\u00e9rcio exterior, tecnologia e crescimento econ\u00f4mico no Brasil<br \/>\n<strong>Autores:<\/strong>\u00a0Alex Sander Souza do Carmo, Hermes Higachi, Augusta PelinskiRaiher<br \/>\n<strong>Revista:<\/strong>\u00a0Revista de Economia e Administra\u00e7\u00e3o (Impresso)<br \/>\n<strong>Ano:<\/strong>\u00a02012<br \/>\n<strong>Link:<\/strong>\u00a0<a href=\"https:\/\/www3.uepg.br\/economia\/revistas\/www.spell.org.br\/documentos\/download\/7997\">www.spell.org.br\/documentos\/download\/7997<\/a><\/p>\n<p>&nbsp;<\/p>\n<p><strong>T\u00edtulo da Produ\u00e7\u00e3o:<\/strong>\u00a0Um estudo da produtividade do trabalho e da terra na agropecu\u00e1ria paranaense<br \/>\n<strong>Autores:<\/strong>\u00a0Jo\u00e3o Felema, Ezequiel Guerreiro, Augusta Pelinski Raiher<br \/>\n<strong>Revista:<\/strong>\u00a0Ensaios FEE (Online)<br \/>\n<strong>Ano:<\/strong>\u00a02012<br \/>\n<strong>Link:<\/strong>\u00a0<a href=\"http:\/\/revistas.fee.tche.br\/index.php\/ensaios\/article\/viewFile\/2496\/3077\">http:\/\/revistas.fee.tche.br\/index.php\/ensaios\/article\/viewFile\/2496\/3077<\/a><\/p>\n<p>&nbsp;<\/p>\n<p><strong>T\u00edtulo da Produ\u00e7\u00e3o:<\/strong>\u00a0A Evolu\u00e7\u00e3o da Produ\u00e7\u00e3o de Etanol no Brasil, no Per\u00edodo de 1975 a 2009.<br \/>\n<strong>Autores:<\/strong>\u00a0Michele Gomes da Cruz, Ezequiel Guerreiro, Augusta Pelinski Raiher<br \/>\n<strong>Revista:<\/strong>\u00a0Revista Econ\u00f4mica do Nordeste<br \/>\n<strong>Ano:<\/strong>\u00a02012<br \/>\n<strong>Link:<\/strong>\u00a0<a href=\"http:\/\/www.bnb.gov.br\/projwebren\/Exec\/artigoRenPDF.aspx?cd_artigo_ren=1342\">http:\/\/www.bnb.gov.br\/projwebren\/Exec\/artigoRenPDF.aspx?cd_artigo_ren=1342<\/a><\/p>\n<p>&nbsp;<\/p>\n<p><strong>T\u00edtulo da Produ\u00e7\u00e3o:<\/strong>\u00a0Potencialidades econ\u00f4micas de florestas plantadas de Pinus Elliotti em pequenas propriedades rurais.<br \/>\n<strong>Autores:<\/strong>\u00a0Marcio Henrique Coelho<br \/>\n<strong>Revista:<\/strong>\u00a0Revista Paranaense de Desenvolvimento<br \/>\n<strong>Ano:<\/strong>\u00a02012<br \/>\n<strong>Link:<\/strong>\u00a0<a href=\"http:\/\/www.ipardes.pr.gov.br\/ojs\/index.php\/revistaparanaense\/article\/view\/464\">http:\/\/www.ipardes.pr.gov.br\/ojs\/index.php\/revistaparanaense\/article\/view\/464<\/a><\/p>\n<p>&nbsp;<\/p>\n<p><strong>T\u00edtulo da Produ\u00e7\u00e3o:<\/strong>\u00a0Uma aplica\u00e7\u00e3o modelo da arbitrage pricing theory para o setor de bens industriais<br \/>\n<strong>Autores:<\/strong>\u00a0Altamir Schembergue, Emerson Martins Hilgemberg<br \/>\n<strong>Revista:<\/strong>\u00a0Publicatio Ci\u00eancias Sociais<br \/>\n<strong>Ano:<\/strong>\u00a02012<br \/>\n<strong>Link:<\/strong>\u00a0<a href=\"http:\/\/www.revistas2.uepg.br\/index.php\/sociais\/article\/viewArticle\/3082\">http:\/\/www.revistas2.uepg.br\/index.php\/sociais\/article\/viewArticle\/3082<\/a><\/p>\n<p>&nbsp;<\/p>\n<p><strong>T\u00edtulo da Produ\u00e7\u00e3o:<\/strong>\u00a0O Controle Social da Gest\u00e3o P\u00fablica: uma Contextualiza\u00e7\u00e3o Pol\u00edtico-Jur\u00eddica<br \/>\n<strong>Autores:<\/strong>\u00a0Michel Samaha, M.B. Oliveira.<br \/>\n<strong>Revista:<\/strong>\u00a0Revista Jur\u00eddica da Faculdade Uni\u00e3o<br \/>\n<strong>Ano:<\/strong>\u00a02012<br \/>\n<strong>Link:<\/strong><\/p>\n<p>&nbsp;<\/p>\n<p><strong>T\u00edtulo da Produ\u00e7\u00e3o:<\/strong>\u00a0Os subs\u00eddios agr\u00edcolas europeus: caracter\u00edsticas e perspectivas para o com\u00e9rcio mundial de a\u00e7\u00facar<br \/>\n<strong>Autores:<\/strong>\u00a0N\u00e1dia Jaqueline Coelho Tremea<br \/>\n<strong>Revista:<\/strong>\u00a0Revista ADMpg (Impresso)<br \/>\n<strong>Ano:<\/strong>\u00a02012<br \/>\n<strong>Link:<\/strong>\u00a0<a href=\"http:\/\/www.admpg.com.br\/revista2012a\/artigos\/artigos\/Negocios\/07-01338988801.pdf\">http:\/\/www.admpg.com.br\/revista2012a\/artigos\/artigos\/Negocios\/07-01338988801.pdf<\/a><\/p>\n","protected":false},"excerpt":{"rendered":"<p>MACHOSKI, E. ;\u00a0RAIHER, A. P. CRESCIMENTO ECON\u00d4MICO, EXPORTA\u00c7\u00d5ES E TECNOLOGIA: O CASO PARANAENSE. Redes (Santa Cruz do Sul. Impresso), v. 21, p. 84-102, 2016. &nbsp; RAIHER, A.P. CONDI\u00c7\u00c3O DE POBREZA E A VULNERABILIDADE DA MULHER BRASILEIRA. Informe GEPEC (Online), v. 20, p. 1-20, 2016. &nbsp; GIOVANETTI, A. E. ;\u00a0RAIHER, A. P. Uma An\u00e1lise Multidimensional da&nbsp;&hellip;<\/p>\n","protected":false},"author":378,"featured_media":0,"parent":0,"menu_order":0,"comment_status":"closed","ping_status":"closed","template":"","meta":[],"_links":{"self":[{"href":"https:\/\/www2.uepg.br\/economia\/wp-json\/wp\/v2\/pages\/175"}],"collection":[{"href":"https:\/\/www2.uepg.br\/economia\/wp-json\/wp\/v2\/pages"}],"about":[{"href":"https:\/\/www2.uepg.br\/economia\/wp-json\/wp\/v2\/types\/page"}],"author":[{"embeddable":true,"href":"https:\/\/www2.uepg.br\/economia\/wp-json\/wp\/v2\/users\/378"}],"replies":[{"embeddable":true,"href":"https:\/\/www2.uepg.br\/economia\/wp-json\/wp\/v2\/comments?post=175"}],"version-history":[{"count":3,"href":"https:\/\/www2.uepg.br\/economia\/wp-json\/wp\/v2\/pages\/175\/revisions"}],"predecessor-version":[{"id":247,"href":"https:\/\/www2.uepg.br\/economia\/wp-json\/wp\/v2\/pages\/175\/revisions\/247"}],"wp:attachment":[{"href":"https:\/\/www2.uepg.br\/economia\/wp-json\/wp\/v2\/media?parent=175"}],"curies":[{"name":"wp","href":"https:\/\/api.w.org\/{rel}","templated":true}]}}