{"id":286,"date":"2022-06-27T09:08:30","date_gmt":"2022-06-27T12:08:30","guid":{"rendered":"https:\/\/www2.uepg.br\/educanto\/?page_id=286"},"modified":"2022-06-28T12:19:53","modified_gmt":"2022-06-28T15:19:53","slug":"partituras-colecoes","status":"publish","type":"page","link":"https:\/\/www2.uepg.br\/educanto\/partituras-colecoes\/","title":{"rendered":"Partituras &#8211; Cole\u00e7\u00f5es"},"content":{"rendered":"<p><strong>Tons e Cores cantando em casa (2020)<\/strong><\/p>\n<p><a href=\"http:\/\/www2.uepg.br\/educanto\/wp-content\/uploads\/sites\/125\/2022\/06\/01-Melodia-da-Pandemia.pdf\">01 &#8211; Melodia da Pandemia<\/a><\/p>\n<div class='embed-container'><iframe loading=\"lazy\" title=\"Melodia da pandemia\" width=\"1778\" height=\"1000\" src=\"https:\/\/www.youtube.com\/embed\/iaIcW2G1PAw?list=PLIK2EY1VH_KFe7np66PiitWiK-eJxueFt\" frameborder=\"0\" allow=\"accelerometer; autoplay; clipboard-write; encrypted-media; gyroscope; picture-in-picture\" allowfullscreen><\/iframe><\/div>\n<p><a href=\"http:\/\/www2.uepg.br\/educanto\/wp-content\/uploads\/sites\/125\/2022\/06\/02-Dias-de-Isolamento.pdf\">02 &#8211; Dias de Isolamento<\/a><\/p>\n<div class='embed-container'><iframe loading=\"lazy\" title=\"Dias de Isolamento\" width=\"1778\" height=\"1000\" src=\"https:\/\/www.youtube.com\/embed\/iudMaQyKL5U?list=PLIK2EY1VH_KFe7np66PiitWiK-eJxueFt\" frameborder=\"0\" allow=\"accelerometer; autoplay; clipboard-write; encrypted-media; gyroscope; picture-in-picture\" allowfullscreen><\/iframe><\/div>\n<p><a href=\"http:\/\/www2.uepg.br\/educanto\/wp-content\/uploads\/sites\/125\/2022\/06\/03-Minha-Cachorrinha-Luna.pdf\">03 &#8211; Minha Cachorrinha Luna<\/a><\/p>\n<div class='embed-container'><iframe loading=\"lazy\" title=\"Minha Cachorrinha Luna\" width=\"1778\" height=\"1000\" src=\"https:\/\/www.youtube.com\/embed\/2gIGHx5tLjk?list=PLIK2EY1VH_KFe7np66PiitWiK-eJxueFt\" frameborder=\"0\" allow=\"accelerometer; autoplay; clipboard-write; encrypted-media; gyroscope; picture-in-picture\" allowfullscreen><\/iframe><\/div>\n<p><a href=\"http:\/\/www2.uepg.br\/educanto\/wp-content\/uploads\/sites\/125\/2022\/06\/04-Minha-Quarentena.pdf\">04 &#8211; Minha Quarentena<\/a><\/p>\n<div class='embed-container'><iframe loading=\"lazy\" title=\"Minha Quarentena\" width=\"1778\" height=\"1000\" src=\"https:\/\/www.youtube.com\/embed\/CZpvlnmaGF8?list=PLIK2EY1VH_KFe7np66PiitWiK-eJxueFt\" frameborder=\"0\" allow=\"accelerometer; autoplay; clipboard-write; encrypted-media; gyroscope; picture-in-picture\" allowfullscreen><\/iframe><\/div>\n<p><a href=\"http:\/\/www2.uepg.br\/educanto\/wp-content\/uploads\/sites\/125\/2022\/06\/05-Tudo-Mudou.pdf\">05 &#8211; Tudo Mudou<\/a><\/p>\n<div class='embed-container'><iframe loading=\"lazy\" title=\"Tudo Mudou\" width=\"1778\" height=\"1000\" src=\"https:\/\/www.youtube.com\/embed\/zKwWGpP6zsY?list=PLIK2EY1VH_KFe7np66PiitWiK-eJxueFt\" frameborder=\"0\" allow=\"accelerometer; autoplay; clipboard-write; encrypted-media; gyroscope; picture-in-picture\" allowfullscreen><\/iframe><\/div>\n<p><a href=\"http:\/\/www2.uepg.br\/educanto\/wp-content\/uploads\/sites\/125\/2022\/06\/06-Esperanca.pdf\">06 &#8211; Esperan\u00e7a<\/a><\/p>\n<div class='embed-container'><iframe loading=\"lazy\" title=\"Esperan\u00e7a\" width=\"1778\" height=\"1000\" src=\"https:\/\/www.youtube.com\/embed\/ZuG48x2Xwfo?list=PLIK2EY1VH_KFe7np66PiitWiK-eJxueFt\" frameborder=\"0\" allow=\"accelerometer; autoplay; clipboard-write; encrypted-media; gyroscope; picture-in-picture\" allowfullscreen><\/iframe><\/div>\n<p>&nbsp;<\/p>\n<p><strong>Natal<\/strong><\/p>\n<p>Cantata de Natal (Ronaldo da Silva) &#8211;<em><span style=\"color: #ff0000\"> Solicitamos que nos enviem grava\u00e7\u00f5es da apresenta\u00e7\u00e3o dessa obra, assim como, c\u00f3pias dos programas de concerto para nosso arquivo (programaeducanto@gmail.com).<\/span><\/em><\/p>\n<ul>\n<li><a href=\"http:\/\/www2.uepg.br\/educanto\/wp-content\/uploads\/sites\/125\/2022\/06\/Cantata-Piano-acomp..pdf\">Cantata &#8211; Piano acomp.<\/a><\/li>\n<li><a href=\"http:\/\/www2.uepg.br\/educanto\/wp-content\/uploads\/sites\/125\/2022\/06\/Cantata-Transc.-Quarteto-Sax.pdf\">Cantata &#8211; Transc. Quarteto de Saxofones<\/a><\/li>\n<li>Cantata &#8211; Transcr. Camerata de Viol\u00f5es (arr. Edson Lopes). Fonte: site do Conservat\u00f3rio de Tatu\u00ed <a href=\"https:\/\/drive.google.com\/file\/d\/1qzVPrwq_eqAzP0kSNaA1vDK2RnjH4GL9\/view?usp=sharing\">https:\/\/drive.google.com\/file\/d\/1qzVPrwq_eqAzP0kSNaA1vDK2RnjH4GL9\/view?usp=sharing<\/a><\/li>\n<\/ul>\n","protected":false},"excerpt":{"rendered":"<p>Tons e Cores cantando em casa (2020) 01 &#8211; Melodia da Pandemia 02 &#8211; Dias de Isolamento 03 &#8211; Minha Cachorrinha Luna 04 &#8211; Minha Quarentena 05 &#8211; Tudo Mudou 06 &#8211; Esperan\u00e7a &nbsp; Natal Cantata de Natal (Ronaldo da Silva) &#8211; Solicitamos que nos enviem grava\u00e7\u00f5es da apresenta\u00e7\u00e3o dessa obra, assim como, c\u00f3pias dos&nbsp;&hellip;<\/p>\n","protected":false},"author":378,"featured_media":0,"parent":0,"menu_order":0,"comment_status":"closed","ping_status":"closed","template":"","meta":[],"_links":{"self":[{"href":"https:\/\/www2.uepg.br\/educanto\/wp-json\/wp\/v2\/pages\/286"}],"collection":[{"href":"https:\/\/www2.uepg.br\/educanto\/wp-json\/wp\/v2\/pages"}],"about":[{"href":"https:\/\/www2.uepg.br\/educanto\/wp-json\/wp\/v2\/types\/page"}],"author":[{"embeddable":true,"href":"https:\/\/www2.uepg.br\/educanto\/wp-json\/wp\/v2\/users\/378"}],"replies":[{"embeddable":true,"href":"https:\/\/www2.uepg.br\/educanto\/wp-json\/wp\/v2\/comments?post=286"}],"version-history":[{"count":3,"href":"https:\/\/www2.uepg.br\/educanto\/wp-json\/wp\/v2\/pages\/286\/revisions"}],"predecessor-version":[{"id":303,"href":"https:\/\/www2.uepg.br\/educanto\/wp-json\/wp\/v2\/pages\/286\/revisions\/303"}],"wp:attachment":[{"href":"https:\/\/www2.uepg.br\/educanto\/wp-json\/wp\/v2\/media?parent=286"}],"curies":[{"name":"wp","href":"https:\/\/api.w.org\/{rel}","templated":true}]}}