{"id":43,"date":"2020-07-13T11:04:06","date_gmt":"2020-07-13T14:04:06","guid":{"rendered":"http:\/\/www2.uepg.br\/educanto\/?page_id=43"},"modified":"2024-04-30T10:47:15","modified_gmt":"2024-04-30T13:47:15","slug":"coros-caic","status":"publish","type":"page","link":"https:\/\/www2.uepg.br\/educanto\/coros-caic\/","title":{"rendered":"Coros CAIC"},"content":{"rendered":"<p>O projeto \u00e9 parceiro do Centro de Aten\u00e7\u00e3o Integral \u00e0 Crian\u00e7a e ao Adolescente (CAIC-UEPG) desde 2016, e atende cerca de 180 crian\u00e7as pertencentes aos 3\u00ba, 4\u00ba e 5\u00ba anos. Os ensaios ocorrem semanalmente, nos quais as crian\u00e7as t\u00eam atividades de musicaliza\u00e7\u00e3o por meio da pr\u00e1tica de canto coral, com exerc\u00edcios de conscientiza\u00e7\u00e3o corporal, exerc\u00edcios de t\u00e9cnica vocal, pr\u00e1tica de repert\u00f3rio e inicia\u00e7\u00e3o \u00e0 leitura musical cantada. Todos os anos, s\u00e3o selecionados acad\u00eamicos para atuarem como regentes, por meio do trabalho em duplas ou trios e tendo um dos professores como orientador.\u00a0 Como forma de externar o trabalho realizado em sala, al\u00e9m de ser um momento especial para os alunos participantes, nos finais de semestre s\u00e3o realizados concertos com todos os coros. As apresenta\u00e7\u00f5es j\u00e1 abordaram os seguintes temas: \u201cPrimavera\u201d (2016), \u201cBrasil de todos os cantos\u201d (2017),\u201cCAIC canta o futebol\u201d (2018), \u201cCan\u00e7\u00e3o de todos os povos\u201d (2018), \u201cDoces melodias\u201d (2019), &#8220;Navegando pelos cantos&#8221; (2022) e &#8220;Sons das estrelas&#8221; (2023). Para 2024, o tema ser\u00e1 &#8220;O fundo do mar&#8221;.<\/p>\n<h1><\/h1>\n<h1 style=\"text-align: center\">2024<\/h1>\n<p>&nbsp;<\/p>\n<p style=\"text-align: center\"><strong>3\u00ba ANO<\/strong><\/p>\n<p style=\"text-align: center\">Ensaio \u00e0s quartas-feiras<\/p>\n<p style=\"text-align: center\">Professores Geraldo, Rafaela e Walter<\/p>\n<p style=\"text-align: center\">Professor orientador: Ronaldo<\/p>\n<p>&nbsp;<\/p>\n<p>&nbsp;<\/p>\n<p style=\"text-align: center\"><strong>4\u00ba ANO<\/strong><\/p>\n<p style=\"text-align: center\">Ensaio \u00e0s quintas-feiras<\/p>\n<p style=\"text-align: center\">Professores Malu, Lincoln e Renata<\/p>\n<p style=\"text-align: center\">Professora orientadora: Ana<\/p>\n<p style=\"text-align: center\"><strong>S\u00edntese\u00a0<\/strong> &#8211; Os acad\u00eamicos Maria Luane, Renata e Lincoln, ministram as aulas nas turmas A (Lobo) e B (Arara). Nos encontros semanais s\u00e3o trabalhados a voz cantada, o som e seus elementos, sempre a partir de atividades l\u00fadicas.<\/p>\n<p>&nbsp;<\/p>\n<p>&nbsp;<\/p>\n<p style=\"text-align: center\"><strong>5\u00ba ANO<\/strong><\/p>\n<p style=\"text-align: center\">Ensaio \u00e0s ter\u00e7as-feiras<\/p>\n<p style=\"text-align: center\">Professores Rubia, Lorena e Sabrina<\/p>\n<p style=\"text-align: center\">Professor orientador: Rog\u00e9rio<\/p>\n<p>&nbsp;<\/p>\n","protected":false},"excerpt":{"rendered":"<p>O projeto \u00e9 parceiro do Centro de Aten\u00e7\u00e3o Integral \u00e0 Crian\u00e7a e ao Adolescente (CAIC-UEPG) desde 2016, e atende cerca de 180 crian\u00e7as pertencentes aos 3\u00ba, 4\u00ba e 5\u00ba anos. Os ensaios ocorrem semanalmente, nos quais as crian\u00e7as t\u00eam atividades de musicaliza\u00e7\u00e3o por meio da pr\u00e1tica de canto coral, com exerc\u00edcios de conscientiza\u00e7\u00e3o corporal, exerc\u00edcios&nbsp;&hellip;<\/p>\n","protected":false},"author":24,"featured_media":0,"parent":0,"menu_order":0,"comment_status":"closed","ping_status":"closed","template":"","meta":[],"_links":{"self":[{"href":"https:\/\/www2.uepg.br\/educanto\/wp-json\/wp\/v2\/pages\/43"}],"collection":[{"href":"https:\/\/www2.uepg.br\/educanto\/wp-json\/wp\/v2\/pages"}],"about":[{"href":"https:\/\/www2.uepg.br\/educanto\/wp-json\/wp\/v2\/types\/page"}],"author":[{"embeddable":true,"href":"https:\/\/www2.uepg.br\/educanto\/wp-json\/wp\/v2\/users\/24"}],"replies":[{"embeddable":true,"href":"https:\/\/www2.uepg.br\/educanto\/wp-json\/wp\/v2\/comments?post=43"}],"version-history":[{"count":5,"href":"https:\/\/www2.uepg.br\/educanto\/wp-json\/wp\/v2\/pages\/43\/revisions"}],"predecessor-version":[{"id":774,"href":"https:\/\/www2.uepg.br\/educanto\/wp-json\/wp\/v2\/pages\/43\/revisions\/774"}],"wp:attachment":[{"href":"https:\/\/www2.uepg.br\/educanto\/wp-json\/wp\/v2\/media?parent=43"}],"curies":[{"name":"wp","href":"https:\/\/api.w.org\/{rel}","templated":true}]}}