{"id":47,"date":"2020-07-13T11:06:37","date_gmt":"2020-07-13T14:06:37","guid":{"rendered":"http:\/\/www2.uepg.br\/educanto\/?page_id=47"},"modified":"2023-07-20T11:22:32","modified_gmt":"2023-07-20T14:22:32","slug":"coro-infantojuvenil-tons-e-cores","status":"publish","type":"page","link":"https:\/\/www2.uepg.br\/educanto\/coro-infantojuvenil-tons-e-cores\/","title":{"rendered":"Coro Infantojuvenil Tons e Cores"},"content":{"rendered":"<p><img loading=\"lazy\" class=\"alignnone size-medium wp-image-274 aligncenter\" src=\"http:\/\/www2.uepg.br\/educanto\/wp-content\/uploads\/sites\/125\/2022\/06\/foto4-300x195.jpg\" alt=\"\" width=\"300\" height=\"195\" srcset=\"https:\/\/www2.uepg.br\/educanto\/wp-content\/uploads\/sites\/125\/2022\/06\/foto4-300x195.jpg 300w, https:\/\/www2.uepg.br\/educanto\/wp-content\/uploads\/sites\/125\/2022\/06\/foto4.jpg 750w\" sizes=\"(max-width: 300px) 100vw, 300px\" \/><\/p>\n<p>&nbsp;<\/p>\n<p>Criado em 2018, o Coro Infantojuvenil Tons e Cores tem como regente o professor Ronaldo da Silva. Atualmente, conta com a participa\u00e7\u00e3o dos acad\u00eamicos bolsistas Fernando Mongruel Antunes, Jo\u00e3o Paulo Anirdo de Carvalho e Kelwin de Camargo Moreira nas fun\u00e7\u00f5es de regentes assistentes, m\u00fasicos instrumentistas, arranjadores e produtores. O acad\u00eamico bolsista Bruno dos Santos Farias atua como designer gr\u00e1fico e cen\u00f3grafo. O coro tem como p\u00fablico-alvo as crian\u00e7as e juvenis com idades entre 7 a 13 anos, pertencentes \u00e0 comunidade de Ponta Grossa. Formando um grupo com cerca de 20 cantores, os ensaios ocorrem semanalmente no audit\u00f3rio do pr\u00e9dio da Pr\u00f3-Reitoria de Extens\u00e3o e Assuntos Culturais da UEPG, \u00e0s segundas-feiras, das 19h \u00e0s 20h30.<\/p>\n<p>Entre os concertos realizados, destacamos: &#8220;[Re]Come\u00e7os&#8221; (2022), \u201cPoemas\u201d (2019), \u201cConcerto de Natal\u201d (2019), \u201cCrian\u00e7ada\u201d (2018), \u201cCantata de Natal\u201d (2018). O coro j\u00e1 se apresentou em v\u00e1rios locais de Ponta Grossa como: Igreja S\u00e3o Jos\u00e9, Igreja S\u00e3o Sebasti\u00e3o, Igreja Bom Jesus, Igreja do Ros\u00e1rio, Shopping Palladium e Pr\u00f3-reitoria de Extens\u00e3o e Assuntos Culturais da UEPG (PROEX). Em Castro, na Igreja Nossa Senhora do Ros\u00e1rio.<\/p>\n<p>No per\u00edodo de 2020 a 2021, devido ao per\u00edodo de restri\u00e7\u00f5es das atividades coletivas diante da pandemia da Covid-19, o coro produziu alguns v\u00eddeos que podem ser vistos em nossa p\u00e1gina no YouTube <a href=\"https:\/\/www.youtube.com\/channel\/UCnoBXZsBXUpTsB3X6JaILTA\">https:\/\/www.youtube.com\/channel\/UCnoBXZsBXUpTsB3X6JaILTA<\/a><\/p>\n<p><strong>Como ingressar:<\/strong><br \/>\nAs inscri\u00e7\u00f5es ocorrem no in\u00edcio de cada semestre. O edital e o formul\u00e1rio de inscri\u00e7\u00e3o \u00e9 divulgado neste site e em nossas canais de comunica\u00e7\u00e3o. Para n\u00e3o perder nenhuma data de inscri\u00e7\u00e3o, fique atento \u00e0s nossas plataformas digitais que est\u00e3o sempre atualizadas!<\/p>\n","protected":false},"excerpt":{"rendered":"<p>&nbsp; Criado em 2018, o Coro Infantojuvenil Tons e Cores tem como regente o professor Ronaldo da Silva. Atualmente, conta com a participa\u00e7\u00e3o dos acad\u00eamicos bolsistas Fernando Mongruel Antunes, Jo\u00e3o Paulo Anirdo de Carvalho e Kelwin de Camargo Moreira nas fun\u00e7\u00f5es de regentes assistentes, m\u00fasicos instrumentistas, arranjadores e produtores. O acad\u00eamico bolsista Bruno dos Santos&nbsp;&hellip;<\/p>\n","protected":false},"author":24,"featured_media":0,"parent":0,"menu_order":0,"comment_status":"closed","ping_status":"closed","template":"","meta":[],"_links":{"self":[{"href":"https:\/\/www2.uepg.br\/educanto\/wp-json\/wp\/v2\/pages\/47"}],"collection":[{"href":"https:\/\/www2.uepg.br\/educanto\/wp-json\/wp\/v2\/pages"}],"about":[{"href":"https:\/\/www2.uepg.br\/educanto\/wp-json\/wp\/v2\/types\/page"}],"author":[{"embeddable":true,"href":"https:\/\/www2.uepg.br\/educanto\/wp-json\/wp\/v2\/users\/24"}],"replies":[{"embeddable":true,"href":"https:\/\/www2.uepg.br\/educanto\/wp-json\/wp\/v2\/comments?post=47"}],"version-history":[{"count":5,"href":"https:\/\/www2.uepg.br\/educanto\/wp-json\/wp\/v2\/pages\/47\/revisions"}],"predecessor-version":[{"id":613,"href":"https:\/\/www2.uepg.br\/educanto\/wp-json\/wp\/v2\/pages\/47\/revisions\/613"}],"wp:attachment":[{"href":"https:\/\/www2.uepg.br\/educanto\/wp-json\/wp\/v2\/media?parent=47"}],"curies":[{"name":"wp","href":"https:\/\/api.w.org\/{rel}","templated":true}]}}