{"id":49,"date":"2020-07-13T11:07:42","date_gmt":"2020-07-13T14:07:42","guid":{"rendered":"http:\/\/www2.uepg.br\/educanto\/?page_id=49"},"modified":"2023-03-01T14:09:50","modified_gmt":"2023-03-01T17:09:50","slug":"coro-entretons","status":"publish","type":"page","link":"https:\/\/www2.uepg.br\/educanto\/coro-entretons\/","title":{"rendered":"Coro EntreTons"},"content":{"rendered":"<p><img loading=\"lazy\" class=\"alignnone size-medium wp-image-271 aligncenter\" src=\"http:\/\/www2.uepg.br\/educanto\/wp-content\/uploads\/sites\/125\/2022\/06\/Coro-Juvenil-jun-2022-ensaio-concerto-ReComecos-300x224.jpeg\" alt=\"\" width=\"300\" height=\"224\" srcset=\"https:\/\/www2.uepg.br\/educanto\/wp-content\/uploads\/sites\/125\/2022\/06\/Coro-Juvenil-jun-2022-ensaio-concerto-ReComecos-300x224.jpeg 300w, https:\/\/www2.uepg.br\/educanto\/wp-content\/uploads\/sites\/125\/2022\/06\/Coro-Juvenil-jun-2022-ensaio-concerto-ReComecos-1024x765.jpeg 1024w, https:\/\/www2.uepg.br\/educanto\/wp-content\/uploads\/sites\/125\/2022\/06\/Coro-Juvenil-jun-2022-ensaio-concerto-ReComecos-768x574.jpeg 768w, https:\/\/www2.uepg.br\/educanto\/wp-content\/uploads\/sites\/125\/2022\/06\/Coro-Juvenil-jun-2022-ensaio-concerto-ReComecos-1536x1148.jpeg 1536w, https:\/\/www2.uepg.br\/educanto\/wp-content\/uploads\/sites\/125\/2022\/06\/Coro-Juvenil-jun-2022-ensaio-concerto-ReComecos-1232x921.jpeg 1232w, https:\/\/www2.uepg.br\/educanto\/wp-content\/uploads\/sites\/125\/2022\/06\/Coro-Juvenil-jun-2022-ensaio-concerto-ReComecos-1445x1080.jpeg 1445w, https:\/\/www2.uepg.br\/educanto\/wp-content\/uploads\/sites\/125\/2022\/06\/Coro-Juvenil-jun-2022-ensaio-concerto-ReComecos.jpeg 1600w\" sizes=\"(max-width: 300px) 100vw, 300px\" \/><\/p>\n<p>&nbsp;<\/p>\n<p>Em 2020 surge uma novidade: o Coro Juvenil da UEPG. O grupo re\u00fane cantores de 13 anos em diante, sob reg\u00eancia da professora Suelen Ribeiro Galdino. Colaboram como regentes assistentes, m\u00fasicos, arranjadores e cantores os acad\u00eamicos bolsistas Bruno dos Santos Farias, Fernando Mongruel Antunes, Jo\u00e3o Paulo Anirdo de Carvalho e Kelwin de Camargo Moreira.<\/p>\n<p><strong>Como ingressar:<\/strong><br \/>\nAs inscri\u00e7\u00f5es ocorrem no in\u00edcio de cada semestre. Fique atento \u00e0 convoca\u00e7\u00e3o que ser\u00e1 feita em nossas redes sociais e em nosso site.<\/p>\n","protected":false},"excerpt":{"rendered":"<p>&nbsp; Em 2020 surge uma novidade: o Coro Juvenil da UEPG. O grupo re\u00fane cantores de 13 anos em diante, sob reg\u00eancia da professora Suelen Ribeiro Galdino. Colaboram como regentes assistentes, m\u00fasicos, arranjadores e cantores os acad\u00eamicos bolsistas Bruno dos Santos Farias, Fernando Mongruel Antunes, Jo\u00e3o Paulo Anirdo de Carvalho e Kelwin de Camargo Moreira.&nbsp;&hellip;<\/p>\n","protected":false},"author":24,"featured_media":0,"parent":0,"menu_order":0,"comment_status":"closed","ping_status":"closed","template":"","meta":[],"_links":{"self":[{"href":"https:\/\/www2.uepg.br\/educanto\/wp-json\/wp\/v2\/pages\/49"}],"collection":[{"href":"https:\/\/www2.uepg.br\/educanto\/wp-json\/wp\/v2\/pages"}],"about":[{"href":"https:\/\/www2.uepg.br\/educanto\/wp-json\/wp\/v2\/types\/page"}],"author":[{"embeddable":true,"href":"https:\/\/www2.uepg.br\/educanto\/wp-json\/wp\/v2\/users\/24"}],"replies":[{"embeddable":true,"href":"https:\/\/www2.uepg.br\/educanto\/wp-json\/wp\/v2\/comments?post=49"}],"version-history":[{"count":8,"href":"https:\/\/www2.uepg.br\/educanto\/wp-json\/wp\/v2\/pages\/49\/revisions"}],"predecessor-version":[{"id":503,"href":"https:\/\/www2.uepg.br\/educanto\/wp-json\/wp\/v2\/pages\/49\/revisions\/503"}],"wp:attachment":[{"href":"https:\/\/www2.uepg.br\/educanto\/wp-json\/wp\/v2\/media?parent=49"}],"curies":[{"name":"wp","href":"https:\/\/api.w.org\/{rel}","templated":true}]}}