{"id":70,"date":"2020-07-13T11:42:06","date_gmt":"2020-07-13T14:42:06","guid":{"rendered":"http:\/\/www2.uepg.br\/educanto\/?page_id=70"},"modified":"2024-09-30T10:17:23","modified_gmt":"2024-09-30T13:17:23","slug":"agenda","status":"publish","type":"page","link":"https:\/\/www2.uepg.br\/educanto\/agenda\/","title":{"rendered":"Agenda"},"content":{"rendered":"<h1 style=\"text-align: center\"><strong>2024<\/strong><\/h1>\n<p><strong>OUTUBRO<\/strong><\/p>\n<p>01\/10 &#8211; 35\u00ba Encontro de Coros da UEPG. Local: Grande Audit\u00f3rio da UEPG, 19h. Entrada franca. <a href=\"http:\/\/www2.uepg.br\/educanto\/wp-content\/uploads\/sites\/125\/2024\/09\/Programa-35-Encontro-de-Coros-UEPG-comprimido.pdf\">Acesse o programa.<\/a><\/p>\n<p><strong>SETEMBRO<\/strong><\/p>\n<p>30\/09 &#8211; 35\u00ba Encontro de Coros da UEPG. Local: Grande Audit\u00f3rio da UEPG, 19h. Entrada franca. <a href=\"http:\/\/www2.uepg.br\/educanto\/wp-content\/uploads\/sites\/125\/2024\/09\/Programa-35-Encontro-de-Coros-UEPG-comprimido.pdf\">Acesse o programa.<\/a><\/p>\n<p><strong>JUNHO<\/strong><\/p>\n<p>27\/06 &#8211; Apresenta\u00e7\u00e3o Coro EntreTons e Coro dos 4os anos do CAIC. Local: Audit\u00f3rio do CAIC\/UEPG, 9h10 e 10h10. P\u00fablico interno.<\/p>\n<p>20\/06 &#8211; Concerto Coro Infantojuvenil Tons e Cores e Coro Seresta Reviver &#8211; UATI: <strong>Noite Seresteira<\/strong>. Local: Grande Audit\u00f3rio da UEPG, 20h. Entrada franca. Regentes: Ronaldo da Silva, Gerlado Pietrovinski Filho e Jo\u00e3o Paulo Anirdo de Carvalho.<\/p>\n<h1 style=\"text-align: center\"><strong>2023<\/strong><\/h1>\n<p><strong>NOVEMBRO<\/strong><\/p>\n<p>20, 22, 23, 28 e 29\/11 &#8211; XXIX Encontro de Coros Infantojuvenis da UEPG. Locais: Igreja Luterana Bom Pastor e Grande Audit\u00f3rio da UEPG, 19h30. Entrada franca. <a href=\"http:\/\/www2.uepg.br\/educanto\/wp-content\/uploads\/sites\/125\/2023\/11\/programa-v2_compressed-2.pdf\">Acesse o programa dos concertos.<\/a><\/p>\n<p><strong>SETEMBRO<\/strong><\/p>\n<p>25\/09 &#8211; Concerto do Coro Infantojuvenil Tons e Cores e Coro Tons e Cores Master (Coral de Pais): <strong>Les Couleurs de l&#8217;enfance<\/strong>. Local: Audit\u00f3rio da Pr\u00f3-reitoria de Extens\u00e3o e Assuntos Culturais (PROEX-UEPG), Ponta Grossa &#8211; 19h30. Entrada franca. Regentes: Ana Cristina Maia Wurmli e Ronaldo da Silva. <a href=\"http:\/\/www2.uepg.br\/educanto\/wp-content\/uploads\/sites\/125\/2023\/09\/Programa-Les-Couleurs-de-lenfance.pdf\">Acesse o programa do concerto.<\/a><\/p>\n<p><strong>JUNHO<\/strong><\/p>\n<p>22\/06 &#8211; Concerto dos coros dos 5\u00bas anos do CAIC\/UPEG no evento &#8220;Refletindo sobre os espa\u00e7os para a realiza\u00e7\u00e3o de pesquisas acad\u00eamicas na Gradua\u00e7\u00e3o e P\u00f3s-Gradua\u00e7\u00e3o (Brasil-Mo\u00e7ambique)&#8221;. Local: Grande Audit\u00f3rio da UEPG, Ponta Grossa &#8211; 9h. Entrada franca. Regente: Fernando Mongruel Antunes. Regente assistente: Maria Luane Martins de Ramos. M\u00fasicos convidados: Gabrieli Kielt, Jo\u00e3o Paulo Anirdo de Carvalho e Kelwin de Camargo Moreira.<\/p>\n<p>26\/06 &#8211; Concerto do Coro Cidade de Ponta Grossa: <strong>Pontas Soltas<\/strong>. Participa\u00e7\u00e3o especial do Coro Infantojuvenil Tons e Cores. Local: Cine-Teatro \u00d3pera, Ponta Grossa &#8211; 20h. Entrada franca. Regente: Edi Marques.<\/p>\n<p>28\/06 &#8211; Concerto do Coro Entre Tons: <strong>F\u00eate de la musique<\/strong>. Local: Audit\u00f3rio da Pr\u00f3-reitoria de Extens\u00e3o e Assuntos Culturais (PROEX-UEPG), Ponta Grossa &#8211; 20h. Entrada franca. Regente: Suelen Ribeiro Galdino. <a href=\"http:\/\/www2.uepg.br\/educanto\/wp-content\/uploads\/sites\/125\/2023\/06\/Programa-Fete-de-la-Musique-1.pdf\">Acesse o programa de concerto.<\/a><\/p>\n<p><strong>MAIO<\/strong><\/p>\n<p>21 e 22\/05 &#8211; Concerto do Coro em Cores: <strong>\u00c1frica<\/strong>. Participa\u00e7\u00e3o especial do Coro Infantojuvenil Tons e Cores. Local: Igreja Luterana Bom Pastor, Ponta Grossa &#8211; 20h. Entrada franca. Regente: Carla I. Roggenkamp. <a href=\"http:\/\/www2.uepg.br\/educanto\/wp-content\/uploads\/sites\/125\/2023\/05\/PROGRAMA_AFRICA_corrigido.pdf\" target=\"_blank\" rel=\"noopener\">Acesse o programa do concerto<\/a><\/p>\n<h1 style=\"text-align: center\"><strong>2022<\/strong><\/h1>\n<p><strong>NOVEMBRO<\/strong><\/p>\n<p>01\/11 &#8211; Participa\u00e7\u00e3o do Coro Infantojuvenil Tons e Cores no concerto do Coro em Cores.\u00a0<strong>Eu canto para caminhar&#8230;<\/strong> Igreja Luterana Bom Pastor, Ponta Grossa &#8211; 19h30. Entrada franca.<\/p>\n<p>06\/11 &#8211; Participa\u00e7\u00e3o do Coro Juvenil da UEPG no concerto do Madrigal Maestro de Paula Machado. <strong>Gracias a la vida<\/strong>. Igreja Luterana Bom Pastor \u2013 Ponta Grossa &#8211; 18h. Entrada Franca.<\/p>\n<p>09\/11 &#8211; Participa\u00e7\u00e3o do Coro Juvenil da UEPG no concerto do Madrigal Maestro de Paula Machado. <strong>Gracias a la vida<\/strong>. Audit\u00f3rio Proex \u2013 UEPG &#8211; 20h. Entrada Franca.<\/p>\n<p>10\/11 &#8211; Participa\u00e7\u00e3o do Coro Juvenil da UEPG no concerto do Madrigal Maestro de Paula Machado. <strong>Gracias a la vida<\/strong>. Audit\u00f3rio Denise Stoklos da Unicentro \u2013 Campus Irati (PR) &#8211; 19h30.\u00a0Entrada Franca.<\/p>\n<p>30\/11 &#8211; Concerto dos Coros dos 4\u00ba e 5\u00ba anos do CAIC\/UEPG. <strong>Navegando pelos cantos<\/strong>. Grande Audit\u00f3rio da UEPG &#8211; Campus Central &#8211; 19h. Entrada franca. <a href=\"https:\/\/www2.uepg.br\/educanto\/agenda\/navegando-pelos-cantos-programa-2\/\" rel=\"attachment wp-att-381\">Acesse o programa do concerto<\/a><\/p>\n<p><strong>OUTUBRO<\/strong><\/p>\n<p>17\/10 &#8211; Concerto do Coro infantojuvenil Tons e Cores.\u00a0<strong>Sonoridades brasileiras<\/strong>. Hall da Reitoria &#8211; Campus Uvaranas &#8211; 19h30. Entrada franca.<\/p>\n<p style=\"text-align: left\"><strong>AGOSTO<\/strong><\/p>\n<p>03\/08 &#8211; Apresenta\u00e7\u00e3o do Coro Infantojuvenil Tons e Cores na abertura do II Workshop do Programa de P\u00f3s-Gradua\u00e7\u00e3o em Ensino de Ci\u00eancias e Educa\u00e7\u00e3o Matem\u00e1tica. Hall Tecnol\u00f3gico da UEPG &#8211; Campus Uvaranas &#8211; 20h30. Entrada franca.<\/p>\n<p>10 e 11\/08 &#8211; Rein\u00edcio das atividades do projeto Educanto no Centro de Aten\u00e7\u00e3o Integral \u00e0 Crian\u00e7a e ao Adolescente (CAIC-UEPG) com as turmas de quartos e quintos anos.<\/p>\n<p>12\/08 &#8211; Oficina &#8220;M\u00fasica, arte nota\u00e7\u00e3o e performance&#8221; ministrada pelos professores Josie Agatha Parrilha da Silva (Artes Visuais-Deartes-UEPG), Ronaldo da Silva (M\u00fasica-Deartes-UEPG) e Jo\u00e3o Paulo Anirdo de Carvalho (Graduando-M\u00fasica-UEPG).<\/p>\n<p>16\/08 &#8211; Abertura do 20\u00ba\u00a0 Conversando Sobre Extens\u00e3o (CONEX) e 5\u00ba Encontro Anual de Extens\u00e3o Universit\u00e1ria (EAEX). Apresenta\u00e7\u00e3o virtual dos grupos do projeto Educanto. Grande Audit\u00f3rio da UEPG &#8211; Centro &#8211; 9h. Entrada franca.<\/p>\n<p>17 e 18\/08 &#8211; 34\u00ba Encontro de Coros da UEPG (modalidade: coros adultos). Participa\u00e7\u00e3o do Coro Juvenil da UEPG. Cine-Teatro \u00d3pera &#8211; Ponta Grossa (PR) &#8211; 19h30. Entrada franca. <a href=\"https:\/\/www2.uepg.br\/educanto\/agenda\/programa-34-encontro-de-corais-2\/\" rel=\"attachment wp-att-370\">Acesse o programa do concerto<\/a><\/p>\n<p><strong>JULHO<\/strong><\/p>\n<p>06\/07 &#8211; Concerto Coro em Cores. <strong>Can\u00e7\u00f5es espirituais: cantos das tradi\u00e7\u00f5es judaica e Negro Spiritual.<\/strong> Igreja Bom Jesus &#8211; Ponta Grossa (PR) &#8211; 20h. Entrada franca.<\/p>\n<p>07\/07 &#8211; Concerto Coro em Cores. <strong>Can\u00e7\u00f5es espirituais: cantos das tradi\u00e7\u00f5es judaica e Negro Spiritual.<\/strong> Igreja Luterana Bom Pastor &#8211; Ponta Grossa (PR) &#8211; 20h. Entrada franca.<\/p>\n<p>10\/07 &#8211; Concerto Coro em Cores. <strong>Can\u00e7\u00f5es espirituais: cantos das tradi\u00e7\u00f5es judaica e Negro Spiritual.<\/strong> Igreja S\u00e3o Jos\u00e9 &#8211; Ponta Grossa (PR) &#8211; 20h. Entrada franca. <a href=\"http:\/\/www2.uepg.br\/educanto\/wp-content\/uploads\/sites\/125\/2022\/07\/Programa-arte.pdf\">Acesse o programa do concerto.<\/a><\/p>\n<p><strong>JUNHO<\/strong><\/p>\n<p>05\/06 &#8211; Concerto Coro Juvenil da UEPG e Madrigal Gabriel de Paula Machado. <strong>Can\u00e7\u00f5es da terra e da gente.<\/strong> Igreja luterana Bom Pastor &#8211; Ponta Grossa (PR) &#8211; 19h. Entrada franca.<\/p>\n<p>08\/06 &#8211; Concerto Coro Juvenil da UEPG e Madrigal Gabriel de Paula Machado. <strong>Can\u00e7\u00f5es da terra e da gente.<\/strong> Igreja Nossa Senhora do Ros\u00e1rio &#8211; Castro (PR) &#8211; 20h. Entrada franca.<\/p>\n<p>09\/06 &#8211; Concerto Coro Juvenil da UEPG e Madrigal Gabriel de Paula Machado. <strong>Can\u00e7\u00f5es da terra e da gente.<\/strong> Clube Palmeirense &#8211; Palmeira (PR) &#8211; 20h. Entrada franca.<\/p>\n<p>12\/06 &#8211; Concerto Coro Juvenil da UEPG e Madrigal Gabriel de Paula Machado. <strong>Can\u00e7\u00f5es da terra e da gente.<\/strong> Igreja S\u00e3o Jos\u00e9 &#8211; Ponta Grossa (PR) &#8211; 20h. Entrada franca.<\/p>\n<p>27\/06 &#8211; Concerto Coro Infantojuvenil Tons e Cores e Coro Juvenil da UEPG. <strong>[Re]Come\u00e7os<\/strong>. Cine-Teatro \u00d3pera &#8211; Audit\u00f3rio B &#8211; Ponta Grossa (PR) &#8211; 19h30. Evento interno. <a href=\"http:\/\/www2.uepg.br\/educanto\/wp-content\/uploads\/sites\/125\/2022\/06\/Programa-ReComecos.pdf\">Acesse o programa do concerto<\/a><\/p>\n<h1 style=\"text-align: center\"><\/h1>\n","protected":false},"excerpt":{"rendered":"<p>2024 OUTUBRO 01\/10 &#8211; 35\u00ba Encontro de Coros da UEPG. Local: Grande Audit\u00f3rio da UEPG, 19h. Entrada franca. Acesse o programa. SETEMBRO 30\/09 &#8211; 35\u00ba Encontro de Coros da UEPG. Local: Grande Audit\u00f3rio da UEPG, 19h. Entrada franca. Acesse o programa. JUNHO 27\/06 &#8211; Apresenta\u00e7\u00e3o Coro EntreTons e Coro dos 4os anos do CAIC. Local:&nbsp;&hellip;<\/p>\n","protected":false},"author":24,"featured_media":0,"parent":0,"menu_order":0,"comment_status":"closed","ping_status":"closed","template":"","meta":[],"_links":{"self":[{"href":"https:\/\/www2.uepg.br\/educanto\/wp-json\/wp\/v2\/pages\/70"}],"collection":[{"href":"https:\/\/www2.uepg.br\/educanto\/wp-json\/wp\/v2\/pages"}],"about":[{"href":"https:\/\/www2.uepg.br\/educanto\/wp-json\/wp\/v2\/types\/page"}],"author":[{"embeddable":true,"href":"https:\/\/www2.uepg.br\/educanto\/wp-json\/wp\/v2\/users\/24"}],"replies":[{"embeddable":true,"href":"https:\/\/www2.uepg.br\/educanto\/wp-json\/wp\/v2\/comments?post=70"}],"version-history":[{"count":38,"href":"https:\/\/www2.uepg.br\/educanto\/wp-json\/wp\/v2\/pages\/70\/revisions"}],"predecessor-version":[{"id":794,"href":"https:\/\/www2.uepg.br\/educanto\/wp-json\/wp\/v2\/pages\/70\/revisions\/794"}],"wp:attachment":[{"href":"https:\/\/www2.uepg.br\/educanto\/wp-json\/wp\/v2\/media?parent=70"}],"curies":[{"name":"wp","href":"https:\/\/api.w.org\/{rel}","templated":true}]}}