{"id":76,"date":"2020-07-13T11:46:51","date_gmt":"2020-07-13T14:46:51","guid":{"rendered":"http:\/\/www2.uepg.br\/educanto\/?page_id=76"},"modified":"2022-06-22T16:15:57","modified_gmt":"2022-06-22T19:15:57","slug":"dicas-e-instrucoes","status":"publish","type":"page","link":"https:\/\/www2.uepg.br\/educanto\/dicas-e-instrucoes\/","title":{"rendered":"Dicas e Instru\u00e7\u00f5es"},"content":{"rendered":"<p><strong>UM NOVO OLHAR<\/strong><\/p>\n<p>&nbsp;<\/p>\n<p><a href=\"https:\/\/umnovoolhar.art.br\/projeto\">https:\/\/umnovoolhar.art.br\/projeto<\/a><\/p>\n<p>&nbsp;<\/p>\n<p><strong>CANTO NA ESCOLA<\/strong><\/p>\n<p>\u201cCoral na escola\u201d, \u00e9 um canal do youtube, que traz uma plataforma de conte\u00fados muito bem estruturada com os desafios di\u00e1rios do regente de coro infantil. S\u00e3o tratados temas como afina\u00e7\u00e3o, vocalizes e brincadeiras, entre outros. Vale a pena clicar no link abaixo e dar uma olhadinha nesse material pr\u00e1tico e muito valioso pra voc\u00ea regente!<\/p>\n<p><a href=\"https:\/\/www.youtube.com\/channel\/UC4k4BfEfzBlotF-0UZWgBHw\">https:\/\/www.youtube.com\/channel\/UC4k4BfEfzBlotF-0UZWgBHw<\/a><\/p>\n<p>\u200b<\/p>\n<p><strong>CANTO E CANTORIA<\/strong><\/p>\n<p>O site Canto e Cantoria \u00e9 o produto final do mestrado de Gisele Cruz, regente coral da cidade de S\u00e3o Paulo. Com v\u00e1rios recursos para o regente de coro infantil, l\u00e1 voc\u00ea encontrar\u00e1 partituras, jogos did\u00e1ticos, \u00e1udios e v\u00eddeos, sugest\u00f5es para leitura, e muito mais! Clique e confira!<\/p>\n<p><a href=\"https:\/\/www.cantoecantoria.com.br\/\">https:\/\/www.cantoecantoria.com.br\/<\/a><\/p>\n<p>\u200b<\/p>\n<p><strong>CURITIBIM<\/strong><\/p>\n<p>O \u201cCuritibim\u201d \u00e9 um importante evento realizado em busca da viabiliza\u00e7\u00e3o da produ\u00e7\u00e3o musical para as crian\u00e7as. J\u00e1 foram realizadas duas edi\u00e7\u00f5es, e este ano, no dia 23 de agosto ocorrer\u00e1 a terceira. O projeto tem como resultado, show, bate papo dos m\u00fasicos com a plat\u00e9ia, entre outras coisas. Acontecer\u00e1 no Teatro Guairinha em Curitiba, e para mais informa\u00e7\u00f5es, vale a pena conferir o link abaixo com a programa\u00e7\u00e3o completa!<\/p>\n<p><a href=\"http:\/\/www.curitibim.com.br\/\">http:\/\/www.curitibim.com.br\/<\/a><\/p>\n<p>\u200b<\/p>\n<p><strong>PCCANTOCORAL<\/strong><\/p>\n<p>\u201cPccantocoral\u201d, criado pela Dra. Patr\u00edcia Costa, \u00e9 um site que apresenta sua biografia enquanto professora de m\u00fasica, diretora de coral, arranjadora vocal e criadora da abordagem EYES (Expressive Youthful Ensemble Singing), t\u00e9cnica que une o canto com a atua\u00e7\u00e3o e ajuda no aprimoramento das express\u00f5es corporais e faciais dos m\u00fasicos. A plataforma apresenta recursos como v\u00eddeos\/fotos do coro S\u00e3o Vicente a Cappella, (coro fundado por Patricia, que recebeu o pr\u00eamio de 1\u00ba lugar no Summa Cum Laude International Youth Music Festival, tornando-se refer\u00eancia nacional e internacional), al\u00e9m de arranjos para coral. Clique no link abaixo e confira!<\/p>\n<p><a href=\"https:\/\/www.pccantocoral.com\/\">https:\/\/www.pccantocoral.com\/<\/a><\/p>\n","protected":false},"excerpt":{"rendered":"<p>UM NOVO OLHAR &nbsp; https:\/\/umnovoolhar.art.br\/projeto &nbsp; CANTO NA ESCOLA \u201cCoral na escola\u201d, \u00e9 um canal do youtube, que traz uma plataforma de conte\u00fados muito bem estruturada com os desafios di\u00e1rios do regente de coro infantil. S\u00e3o tratados temas como afina\u00e7\u00e3o, vocalizes e brincadeiras, entre outros. Vale a pena clicar no link abaixo e dar uma&nbsp;&hellip;<\/p>\n","protected":false},"author":24,"featured_media":0,"parent":0,"menu_order":0,"comment_status":"closed","ping_status":"closed","template":"","meta":[],"_links":{"self":[{"href":"https:\/\/www2.uepg.br\/educanto\/wp-json\/wp\/v2\/pages\/76"}],"collection":[{"href":"https:\/\/www2.uepg.br\/educanto\/wp-json\/wp\/v2\/pages"}],"about":[{"href":"https:\/\/www2.uepg.br\/educanto\/wp-json\/wp\/v2\/types\/page"}],"author":[{"embeddable":true,"href":"https:\/\/www2.uepg.br\/educanto\/wp-json\/wp\/v2\/users\/24"}],"replies":[{"embeddable":true,"href":"https:\/\/www2.uepg.br\/educanto\/wp-json\/wp\/v2\/comments?post=76"}],"version-history":[{"count":3,"href":"https:\/\/www2.uepg.br\/educanto\/wp-json\/wp\/v2\/pages\/76\/revisions"}],"predecessor-version":[{"id":270,"href":"https:\/\/www2.uepg.br\/educanto\/wp-json\/wp\/v2\/pages\/76\/revisions\/270"}],"wp:attachment":[{"href":"https:\/\/www2.uepg.br\/educanto\/wp-json\/wp\/v2\/media?parent=76"}],"curies":[{"name":"wp","href":"https:\/\/api.w.org\/{rel}","templated":true}]}}