{"id":78,"date":"2020-07-13T11:53:34","date_gmt":"2020-07-13T14:53:34","guid":{"rendered":"http:\/\/www2.uepg.br\/educanto\/?page_id=78"},"modified":"2020-07-13T11:53:34","modified_gmt":"2020-07-13T14:53:34","slug":"partituras-unissono","status":"publish","type":"page","link":"https:\/\/www2.uepg.br\/educanto\/partituras-unissono\/","title":{"rendered":"Partituras &#8211; Un\u00edssono"},"content":{"rendered":"<p><strong>Concerto Poemas (2019)<\/strong><br \/>\n<a href=\"https:\/\/drive.google.com\/open?id=1kBCYA4WrGvol7_EaDmni98Pe1tJdE0Q2\">O rel\u00f3gio<\/a><\/p>\n<p>&nbsp;<\/p>\n<p><strong>Concerto Crian\u00e7ada (2018)<\/strong><br \/>\n<a href=\"https:\/\/drive.google.com\/open?id=1KDhj7It6AieoJdPDQf6OEfzmUhjnzQhu\">A bola\u00a0<\/a><\/p>\n<p><a href=\"https:\/\/drive.google.com\/open?id=117YnG9kI6KhbJ4S_1OFAXooZh15p2m5F\">Bicicleta<\/a><\/p>\n<p><a href=\"https:\/\/drive.google.com\/open?id=1GgP8rlM-4cbaXEU3rEbrAufVm29xZEBm\">Dan\u00e7a dos brinquedos<\/a><\/p>\n<p><a href=\"https:\/\/drive.google.com\/open?id=13Xa1HJdm1WdDqG71f4u9-0yWVrgbsznh\">O sapato que miava<\/a><\/p>\n<p><a href=\"https:\/\/drive.google.com\/open?id=1oM794uEOa4hbaQZVlLI4aSaHVJRUbLIK\">Sapato p\u00e9<\/a><\/p>\n<p>&nbsp;<\/p>\n<p><strong>Concerto Primavera (2017)<\/strong><br \/>\n<a href=\"https:\/\/drive.google.com\/open?id=1IvuRyheHUOB8fuFPKycrFHNtBe4QarQS\">A primavera j\u00e1 chegou<\/a><\/p>\n<p><a href=\"https:\/\/drive.google.com\/open?id=1NfH0ELrfMBcndsJigOOVNab9HyUk4CdX\">Alecrim dourado &#8211; Rosa Amarela<\/a><\/p>\n<p><a href=\"https:\/\/drive.google.com\/open?id=1WloHBoQT0KgQDScM9Qj4VD6Suyq-W5mu\">Colorindo<\/a><\/p>\n<p><a href=\"https:\/\/drive.google.com\/open?id=1drJb9zwVrv3RnQ4nlMUkSOmrKBmQJ_mn\">D\u00f3 r\u00e9 mi\u00a0<\/a><\/p>\n<p><a href=\"https:\/\/drive.google.com\/open?id=1wFWsEXjTdrT4VlDBTxaOrJmebbpCH6Gy\">Esta\u00e7\u00f5es do ano<\/a><\/p>\n<p><a href=\"https:\/\/drive.google.com\/open?id=1A9DOOrHOtjsUi5nLxxU5LMotJdvOjNBC\">Festa na lagoa<\/a><\/p>\n<p><a href=\"https:\/\/drive.google.com\/open?id=1a0WWxMUJ6OY_ClJHt2U2bbpQt2PIcD-H\">Gentil primavera<\/a><\/p>\n<p><a href=\"https:\/\/drive.google.com\/open?id=1FjG1bdXn-XTFS_Dr_S-O8nA9UuHuCytf\">O elefante<\/a><\/p>\n<p><a href=\"https:\/\/drive.google.com\/open?id=1w1-yeMblzxdmRaJoIPiolHOwBhOMwpfV\">O le\u00e3ozinho<\/a><\/p>\n<p><a href=\"https:\/\/drive.google.com\/open?id=17paTKleitLzHrz2VxK4oygDcsYdCwaoO\">O touro e o passarinho<\/a><\/p>\n","protected":false},"excerpt":{"rendered":"<p>Concerto Poemas (2019) O rel\u00f3gio &nbsp; Concerto Crian\u00e7ada (2018) A bola\u00a0 Bicicleta Dan\u00e7a dos brinquedos O sapato que miava Sapato p\u00e9 &nbsp; Concerto Primavera (2017) A primavera j\u00e1 chegou Alecrim dourado &#8211; Rosa Amarela Colorindo D\u00f3 r\u00e9 mi\u00a0 Esta\u00e7\u00f5es do ano Festa na lagoa Gentil primavera O elefante O le\u00e3ozinho O touro e o passarinho<\/p>\n","protected":false},"author":24,"featured_media":0,"parent":0,"menu_order":0,"comment_status":"closed","ping_status":"closed","template":"","meta":[],"_links":{"self":[{"href":"https:\/\/www2.uepg.br\/educanto\/wp-json\/wp\/v2\/pages\/78"}],"collection":[{"href":"https:\/\/www2.uepg.br\/educanto\/wp-json\/wp\/v2\/pages"}],"about":[{"href":"https:\/\/www2.uepg.br\/educanto\/wp-json\/wp\/v2\/types\/page"}],"author":[{"embeddable":true,"href":"https:\/\/www2.uepg.br\/educanto\/wp-json\/wp\/v2\/users\/24"}],"replies":[{"embeddable":true,"href":"https:\/\/www2.uepg.br\/educanto\/wp-json\/wp\/v2\/comments?post=78"}],"version-history":[{"count":1,"href":"https:\/\/www2.uepg.br\/educanto\/wp-json\/wp\/v2\/pages\/78\/revisions"}],"predecessor-version":[{"id":79,"href":"https:\/\/www2.uepg.br\/educanto\/wp-json\/wp\/v2\/pages\/78\/revisions\/79"}],"wp:attachment":[{"href":"https:\/\/www2.uepg.br\/educanto\/wp-json\/wp\/v2\/media?parent=78"}],"curies":[{"name":"wp","href":"https:\/\/api.w.org\/{rel}","templated":true}]}}