{"id":82,"date":"2020-07-13T12:00:30","date_gmt":"2020-07-13T15:00:30","guid":{"rendered":"http:\/\/www2.uepg.br\/educanto\/?page_id=82"},"modified":"2022-11-28T16:00:52","modified_gmt":"2022-11-28T19:00:52","slug":"partituras-duas-vozes","status":"publish","type":"page","link":"https:\/\/www2.uepg.br\/educanto\/partituras-duas-vozes\/","title":{"rendered":"Partituras &#8211; Duas Vozes"},"content":{"rendered":"<p><strong>Concerto Sonoridades Brasileiras (2022)<\/strong><\/p>\n<p><a href=\"https:\/\/drive.google.com\/file\/d\/110Jq-z9JimAnkFhmRaSMGh1-Vqnd_byv\/view?usp=share_link\">Dona Maria<\/a><\/p>\n<p><a href=\"https:\/\/drive.google.com\/file\/d\/1FQLI2vozhARt-qpy2rIUJDVXDJDja10h\/view?usp=share_link\">Doura o cacho do cabelo dela<\/a><\/p>\n<p><a href=\"https:\/\/drive.google.com\/file\/d\/1TLtMEKvx_-82gtxXIZYgnUPs2YBSTZfk\/view?usp=share_link\">Eu n\u00e3o vim<\/a><\/p>\n<p><a href=\"https:\/\/drive.google.com\/file\/d\/16MKAnoDfSsFlyx3iP3tdatkyn_FNZMLm\/view?usp=share_link\">Laranja doce<\/a><\/p>\n<p>&nbsp;<\/p>\n<p><strong>Concerto Poemas (2019)<\/strong><br \/>\n<a href=\"https:\/\/drive.google.com\/open?id=1TxjpWqlmzQtjRlJpyYdNQXQyQnfUcxkD\">7 haikais<\/a>\u00a0 (Ronaldo da Silva) &#8211;<em><span style=\"color: #ff0000\"> Solicitamos que nos enviem grava\u00e7\u00f5es da apresenta\u00e7\u00e3o dessa obra, assim como, c\u00f3pias dos programas de concerto para nosso arquivo (programaeducanto@gmail.com).<\/span><\/em><\/p>\n<p><a href=\"https:\/\/drive.google.com\/open?id=19S5bpL0MKp8_YGrC3pjGOs6_g_Mdwv43\">O eco<\/a><\/p>\n<p>&nbsp;<\/p>\n<p><strong>Concerto Amizade (2019)<\/strong><br \/>\n<a href=\"https:\/\/drive.google.com\/open?id=1ni_QN2-tQ7LJ-EgewO2mvAowqWZ2h7Wh\">Ai meu nariz<\/a><\/p>\n<p><a href=\"https:\/\/drive.google.com\/open?id=1RT90T7bSieXFTXlcOLw0xzzlxiumykdo\">Galinha magricela<\/a><\/p>\n<p><a href=\"https:\/\/drive.google.com\/open?id=13vvTJYSuQj5BB0gKJ2RacBr5XNFxtofw\">PR voc\u00ea\u00a0<\/a><\/p>\n<p><a href=\"https:\/\/drive.google.com\/open?id=1cQZGWyQIOTY1u2HaB-Giv_crUVOj_eCC\">Seu Felipe dorminhoco<\/a><\/p>\n<p><a href=\"https:\/\/drive.google.com\/open?id=1JLUPb3yXGJJJ46gFKdIjkQ96DOXsf33m\">Tia Josefina<\/a><\/p>\n<p>&nbsp;<\/p>\n<p><strong>Concerto Crian\u00e7ada (2018)<\/strong><br \/>\n<a href=\"https:\/\/drive.google.com\/open?id=1igANKjUCWSGvrkpDbRHXBzd8JZFUzihn\">Cabra cega<\/a><\/p>\n<p><a href=\"https:\/\/drive.google.com\/open?id=1pTxwPQnhgd96GyevRGKz3kd9Vf5xRs9a\">Crian\u00e7a \u00e9 vida<\/a><\/p>\n<p><a href=\"https:\/\/drive.google.com\/open?id=1JGiwy5xEjYr1PXkkXDBUXqkWMdj5VAsn\">Pipa<\/a><\/p>\n<p>&nbsp;<\/p>\n<p><strong>Concerto Primavera (2017)<\/strong><br \/>\n<a href=\"https:\/\/drive.google.com\/open?id=1WloHBoQT0KgQDScM9Qj4VD6Suyq-W5mu\">Gosto de flores<\/a><\/p>\n<p>&nbsp;<\/p>\n<p><strong>Concerto de Natal<\/strong><\/p>\n<p>Cantata de Natal (Ronaldo da Silva) &#8211;<em><span style=\"color: #ff0000\"> Solicitamos que nos enviem grava\u00e7\u00f5es da apresenta\u00e7\u00e3o dessa obra, assim como, c\u00f3pias dos programas de concerto para nosso arquivo (programaeducanto@gmail.com).<\/span><\/em><\/p>\n<ul>\n<li><a href=\"http:\/\/www2.uepg.br\/educanto\/wp-content\/uploads\/sites\/125\/2022\/06\/Cantata-Piano-acomp..pdf\">Cantata &#8211; Piano acomp.<\/a><\/li>\n<li><a href=\"http:\/\/www2.uepg.br\/educanto\/wp-content\/uploads\/sites\/125\/2022\/06\/Cantata-Transc.-Quarteto-Sax.pdf\">Cantata &#8211; Transc. Quarteto de Saxofones<\/a><\/li>\n<li>Cantata &#8211; Transcr. Camerata de Viol\u00f5es (arr. Edson Lopes). Fonte: site do Conservat\u00f3rio de Tatu\u00ed <a href=\"https:\/\/drive.google.com\/file\/d\/1qzVPrwq_eqAzP0kSNaA1vDK2RnjH4GL9\/view?usp=sharing\">https:\/\/drive.google.com\/file\/d\/1qzVPrwq_eqAzP0kSNaA1vDK2RnjH4GL9\/view?usp=sharing<\/a><\/li>\n<\/ul>\n<p><a href=\"https:\/\/drive.google.com\/open?id=1IIX35Joe2M-4tkdpYZV53IplKRKiqwwi\">Mary had a Baby<\/a><\/p>\n<p><a href=\"https:\/\/drive.google.com\/open?id=13xixMawFqxyOncruXzIvSxmoVo-lbF39\">Menino pequenino<\/a><\/p>\n<p><a href=\"https:\/\/drive.google.com\/open?id=1K9QnAKFBGRV0ADLszUp9ca99w-YSrYUQ\">Mi burrito sabanero<\/a><\/p>\n<p><a href=\"https:\/\/drive.google.com\/open?id=1wdn6Ss6haywbLrNtOG1Bi1VxXVq6PJyb\">Repousa tranquilo<\/a><\/p>\n<p><a href=\"https:\/\/drive.google.com\/open?id=1FGSO6La_r6OUrToNB1AhRBJKNVcDR5HS\">Sininhos do Natal<\/a><\/p>\n<p>&nbsp;<\/p>\n<p>&nbsp;<\/p>\n","protected":false},"excerpt":{"rendered":"<p>Concerto Sonoridades Brasileiras (2022) Dona Maria Doura o cacho do cabelo dela Eu n\u00e3o vim Laranja doce &nbsp; Concerto Poemas (2019) 7 haikais\u00a0 (Ronaldo da Silva) &#8211; Solicitamos que nos enviem grava\u00e7\u00f5es da apresenta\u00e7\u00e3o dessa obra, assim como, c\u00f3pias dos programas de concerto para nosso arquivo (programaeducanto@gmail.com). O eco &nbsp; Concerto Amizade (2019) Ai meu&nbsp;&hellip;<\/p>\n","protected":false},"author":24,"featured_media":0,"parent":0,"menu_order":0,"comment_status":"closed","ping_status":"closed","template":"","meta":[],"_links":{"self":[{"href":"https:\/\/www2.uepg.br\/educanto\/wp-json\/wp\/v2\/pages\/82"}],"collection":[{"href":"https:\/\/www2.uepg.br\/educanto\/wp-json\/wp\/v2\/pages"}],"about":[{"href":"https:\/\/www2.uepg.br\/educanto\/wp-json\/wp\/v2\/types\/page"}],"author":[{"embeddable":true,"href":"https:\/\/www2.uepg.br\/educanto\/wp-json\/wp\/v2\/users\/24"}],"replies":[{"embeddable":true,"href":"https:\/\/www2.uepg.br\/educanto\/wp-json\/wp\/v2\/comments?post=82"}],"version-history":[{"count":9,"href":"https:\/\/www2.uepg.br\/educanto\/wp-json\/wp\/v2\/pages\/82\/revisions"}],"predecessor-version":[{"id":391,"href":"https:\/\/www2.uepg.br\/educanto\/wp-json\/wp\/v2\/pages\/82\/revisions\/391"}],"wp:attachment":[{"href":"https:\/\/www2.uepg.br\/educanto\/wp-json\/wp\/v2\/media?parent=82"}],"curies":[{"name":"wp","href":"https:\/\/api.w.org\/{rel}","templated":true}]}}