{"id":86,"date":"2020-07-13T12:04:04","date_gmt":"2020-07-13T15:04:04","guid":{"rendered":"http:\/\/www2.uepg.br\/educanto\/?page_id=86"},"modified":"2025-10-10T09:34:55","modified_gmt":"2025-10-10T12:34:55","slug":"contato","status":"publish","type":"page","link":"https:\/\/www2.uepg.br\/educanto\/contato\/","title":{"rendered":"Contato"},"content":{"rendered":"<p style=\"text-align: center;\">Os professores e acad\u00eamicos que fazem parte do projeto de extens\u00e3o Educanto ficar\u00e3o felizes em receber a sua mensagem.<\/p>\n<p style=\"text-align: center;\">Pode nos escrever se tiver d\u00favidas, sugest\u00f5es, solicita\u00e7\u00f5es de assessoria coral em sua escola, forma\u00e7\u00e3o de regentes corais em seu munic\u00edpio. Ser\u00e1 um prazer conversar com voc\u00ea!<\/p>\n<p style=\"text-align: center;\"><div role=\"form\" class=\"wpcf7\" id=\"wpcf7-f230-o1\" lang=\"pt-BR\" dir=\"ltr\">\n<div class=\"screen-reader-response\"><p role=\"status\" aria-live=\"polite\" aria-atomic=\"true\"><\/p> <ul><\/ul><\/div>\n<form action=\"\/educanto\/wp-json\/wp\/v2\/pages\/86#wpcf7-f230-o1\" method=\"post\" class=\"wpcf7-form init\" novalidate=\"novalidate\" data-status=\"init\">\n<div style=\"display: none;\">\n<input type=\"hidden\" name=\"_wpcf7\" value=\"230\" \/>\n<input type=\"hidden\" name=\"_wpcf7_version\" value=\"5.6.4\" \/>\n<input type=\"hidden\" name=\"_wpcf7_locale\" value=\"pt_BR\" \/>\n<input type=\"hidden\" name=\"_wpcf7_unit_tag\" value=\"wpcf7-f230-o1\" \/>\n<input type=\"hidden\" name=\"_wpcf7_container_post\" value=\"0\" \/>\n<input type=\"hidden\" name=\"_wpcf7_posted_data_hash\" value=\"\" \/>\n<\/div>\n<p><label> Seu nome<br \/>\n    <span class=\"wpcf7-form-control-wrap\" data-name=\"your-name\"><input type=\"text\" name=\"your-name\" value=\"\" size=\"40\" class=\"wpcf7-form-control wpcf7-text wpcf7-validates-as-required\" aria-required=\"true\" aria-invalid=\"false\" \/><\/span> <\/label><\/p>\n<p><label> Seu e-mail<br \/>\n    <span class=\"wpcf7-form-control-wrap\" data-name=\"your-email\"><input type=\"email\" name=\"your-email\" value=\"\" size=\"40\" class=\"wpcf7-form-control wpcf7-text wpcf7-email wpcf7-validates-as-required wpcf7-validates-as-email\" aria-required=\"true\" aria-invalid=\"false\" \/><\/span> <\/label><\/p>\n<p><label> Assunto<br \/>\n    <span class=\"wpcf7-form-control-wrap\" data-name=\"your-subject\"><input type=\"text\" name=\"your-subject\" value=\"\" size=\"40\" class=\"wpcf7-form-control wpcf7-text wpcf7-validates-as-required\" aria-required=\"true\" aria-invalid=\"false\" \/><\/span> <\/label><\/p>\n<p><label> Sua mensagem (opcional)<br \/>\n    <span class=\"wpcf7-form-control-wrap\" data-name=\"your-message\"><textarea name=\"your-message\" cols=\"40\" rows=\"10\" class=\"wpcf7-form-control wpcf7-textarea\" aria-invalid=\"false\"><\/textarea><\/span> <\/label><\/p>\n<p><input type=\"submit\" value=\"Enviar\" class=\"wpcf7-form-control has-spinner wpcf7-submit\" \/><\/p>\n<div class=\"wpcf7-response-output\" aria-hidden=\"true\"><\/div><\/form><\/div><\/p>\n","protected":false},"excerpt":{"rendered":"<p>Os professores e acad\u00eamicos que fazem parte do projeto de extens\u00e3o Educanto ficar\u00e3o felizes em receber a sua mensagem. Pode nos escrever se tiver d\u00favidas, sugest\u00f5es, solicita\u00e7\u00f5es de assessoria coral em sua escola, forma\u00e7\u00e3o de regentes corais em seu munic\u00edpio. Ser\u00e1 um prazer conversar com voc\u00ea!<\/p>\n","protected":false},"author":24,"featured_media":0,"parent":0,"menu_order":0,"comment_status":"closed","ping_status":"closed","template":"","meta":[],"_links":{"self":[{"href":"https:\/\/www2.uepg.br\/educanto\/wp-json\/wp\/v2\/pages\/86"}],"collection":[{"href":"https:\/\/www2.uepg.br\/educanto\/wp-json\/wp\/v2\/pages"}],"about":[{"href":"https:\/\/www2.uepg.br\/educanto\/wp-json\/wp\/v2\/types\/page"}],"author":[{"embeddable":true,"href":"https:\/\/www2.uepg.br\/educanto\/wp-json\/wp\/v2\/users\/24"}],"replies":[{"embeddable":true,"href":"https:\/\/www2.uepg.br\/educanto\/wp-json\/wp\/v2\/comments?post=86"}],"version-history":[{"count":7,"href":"https:\/\/www2.uepg.br\/educanto\/wp-json\/wp\/v2\/pages\/86\/revisions"}],"predecessor-version":[{"id":816,"href":"https:\/\/www2.uepg.br\/educanto\/wp-json\/wp\/v2\/pages\/86\/revisions\/816"}],"wp:attachment":[{"href":"https:\/\/www2.uepg.br\/educanto\/wp-json\/wp\/v2\/media?parent=86"}],"curies":[{"name":"wp","href":"https:\/\/api.w.org\/{rel}","templated":true}]}}