{"id":1065,"date":"2024-02-06T16:10:45","date_gmt":"2024-02-06T19:10:45","guid":{"rendered":"https:\/\/www2.uepg.br\/eleicao\/?page_id=1065"},"modified":"2024-02-06T16:10:45","modified_gmt":"2024-02-06T19:10:45","slug":"cepe-ca-2024","status":"publish","type":"page","link":"https:\/\/www2.uepg.br\/eleicao\/cepe-ca-2024\/","title":{"rendered":"Elei\u00e7\u00e3o de Representantes junto ao CEPE e ao CA &#8211; 2024"},"content":{"rendered":"<div id=\"pl-1065\"  class=\"panel-layout\" ><div id=\"pg-1065-0\"  class=\"panel-grid panel-no-style\" ><div id=\"pgc-1065-0-0\"  class=\"panel-grid-cell\" ><div id=\"panel-1065-0-0-0\" class=\"so-panel widget widget_listcategorypostswidget panel-first-child panel-last-child\" data-index=\"0\" ><h3 class=\"widget-title\"> <\/h3><ul class=\"lcp_catlist\" id=\"lcp_instance_listcategorypostswidget-1\"><li><a href=\"https:\/\/www2.uepg.br\/eleicao\/eleicao-para-representante-da-carreira-docente-junto-ao-conselho-de-administracao-ca-e-representantes-dos-setores-de-conhecimento-junto-ao-conselho-de-ensino-pesquisa-e-extensao-c\/\">ELEI\u00c7\u00c3O PARA REPRESENTANTE DA CARREIRA DOCENTE JUNTO AO CONSELHO DE ADMINISTRA\u00c7\u00c3O \u2013 CA E REPRESENTANTES DOS SETORES DE CONHECIMENTO JUNTO AO CONSELHO DE ENSINO, PESQUISA E EXTENS\u00c3O \u2013 CEPE<\/a>  7 de fevereiro de 2024<\/li><li><a href=\"https:\/\/www2.uepg.br\/eleicao\/eleicao-para-representante-da-carreira-tecnica-universitaria\/\">ELEI\u00c7\u00c3O PARA REPRESENTANTE DA CARREIRA T\u00c9CNICA UNIVERSIT\u00c1RIA<\/a>  7 de fevereiro de 2024<\/li><\/ul><a href=\"https:\/\/www2.uepg.br\/eleicao\/category\/cepe-ca-2024\/\"> <\/a><\/div><\/div><\/div><\/div>","protected":false},"excerpt":{"rendered":"<p>ELEI\u00c7\u00c3O PARA REPRESENTANTE DA CARREIRA DOCENTE JUNTO AO CONSELHO DE ADMINISTRA\u00c7\u00c3O \u2013 CA E REPRESENTANTES DOS SETORES DE CONHECIMENTO JUNTO AO CONSELHO DE ENSINO, PESQUISA E EXTENS\u00c3O \u2013 CEPE 7 de fevereiro de 2024ELEI\u00c7\u00c3O PARA REPRESENTANTE DA CARREIRA T\u00c9CNICA UNIVERSIT\u00c1RIA 7 de fevereiro de 2024<\/p>\n","protected":false},"author":378,"featured_media":0,"parent":0,"menu_order":0,"comment_status":"closed","ping_status":"closed","template":"","meta":[],"_links":{"self":[{"href":"https:\/\/www2.uepg.br\/eleicao\/wp-json\/wp\/v2\/pages\/1065"}],"collection":[{"href":"https:\/\/www2.uepg.br\/eleicao\/wp-json\/wp\/v2\/pages"}],"about":[{"href":"https:\/\/www2.uepg.br\/eleicao\/wp-json\/wp\/v2\/types\/page"}],"author":[{"embeddable":true,"href":"https:\/\/www2.uepg.br\/eleicao\/wp-json\/wp\/v2\/users\/378"}],"replies":[{"embeddable":true,"href":"https:\/\/www2.uepg.br\/eleicao\/wp-json\/wp\/v2\/comments?post=1065"}],"version-history":[{"count":4,"href":"https:\/\/www2.uepg.br\/eleicao\/wp-json\/wp\/v2\/pages\/1065\/revisions"}],"predecessor-version":[{"id":1069,"href":"https:\/\/www2.uepg.br\/eleicao\/wp-json\/wp\/v2\/pages\/1065\/revisions\/1069"}],"wp:attachment":[{"href":"https:\/\/www2.uepg.br\/eleicao\/wp-json\/wp\/v2\/media?parent=1065"}],"curies":[{"name":"wp","href":"https:\/\/api.w.org\/{rel}","templated":true}]}}