{"id":1207,"date":"2026-02-20T09:39:35","date_gmt":"2026-02-20T12:39:35","guid":{"rendered":"https:\/\/www2.uepg.br\/eleicao\/?page_id=1207"},"modified":"2026-02-20T09:42:17","modified_gmt":"2026-02-20T12:42:17","slug":"consulta-a-comunidade-universitaria-para-a-escolha-de-reitora-e-vice-reitora-da-uepg-gestao-2026-2030","status":"publish","type":"page","link":"https:\/\/www2.uepg.br\/eleicao\/consulta-a-comunidade-universitaria-para-a-escolha-de-reitora-e-vice-reitora-da-uepg-gestao-2026-2030\/","title":{"rendered":"Consulta \u00e0 Comunidade Universit\u00e1ria para a Escolha de Reitor(a) e Vice-Reitor(a) da UEPG &#8211; Gest\u00e3o 2026\/2030"},"content":{"rendered":"<div id=\"pl-1207\"  class=\"panel-layout\" ><div id=\"pg-1207-0\"  class=\"panel-grid panel-no-style\" ><div id=\"pgc-1207-0-0\"  class=\"panel-grid-cell\" ><div id=\"panel-1207-0-0-0\" class=\"so-panel widget widget_listcategorypostswidget panel-first-child panel-last-child\" data-index=\"0\" ><h3 class=\"widget-title\"> <\/h3><ul class=\"lcp_catlist\" id=\"lcp_instance_listcategorypostswidget-1\"><li><a href=\"https:\/\/www2.uepg.br\/eleicao\/edital-com-consultareitor-2026-308\/\">Edital COM-CONSULTAREITOR 2026.308<\/a>  2 de abril de 2026<\/li><li><a href=\"https:\/\/www2.uepg.br\/eleicao\/portaria-2026-179-convocacao-mesarios\/\">Portaria 2026.179 &#8211; Convoca\u00e7\u00e3o Mes\u00e1rios<\/a>  2 de abril de 2026<\/li><li><a href=\"https:\/\/www2.uepg.br\/eleicao\/edital-com-consulta-reitor-2026-02\/\">Edital COM-CONSULTA REITOR &#8211; 2026.02<\/a>  12 de mar\u00e7o de 2026<\/li><li><a href=\"https:\/\/www2.uepg.br\/eleicao\/retificacao-ao-edital-com-consulta-reitor-2026-1\/\">Retifica\u00e7\u00e3o ao Edital COM-CONSULTA REITOR 2026.1<\/a>  9 de mar\u00e7o de 2026<\/li><li><a href=\"https:\/\/www2.uepg.br\/eleicao\/ficha-de-inscricao-gestao-2026-2030\/\">FICHA DE INSCRI\u00c7\u00c3O &#8211; GEST\u00c3O 2026-2030<\/a>  20 de fevereiro de 2026<\/li><li><a href=\"https:\/\/www2.uepg.br\/eleicao\/edital-com-consulta-reitor-no-2026-01\/\">EDITAL COM-CONSULTA REITOR \u2013 N\u00ba 2026.01<\/a>  20 de fevereiro de 2026<\/li><\/ul><a href=\"https:\/\/www2.uepg.br\/eleicao\/category\/consulta-comunidade-reitor-2026-2030\/\"> <\/a><\/div><\/div><\/div><\/div>","protected":false},"excerpt":{"rendered":"<p>Edital COM-CONSULTAREITOR 2026.308 2 de abril de 2026Portaria 2026.179 &#8211; Convoca\u00e7\u00e3o Mes\u00e1rios 2 de abril de 2026Edital COM-CONSULTA REITOR &#8211; 2026.02 12 de mar\u00e7o de 2026Retifica\u00e7\u00e3o ao Edital COM-CONSULTA REITOR 2026.1 9 de mar\u00e7o de 2026FICHA DE INSCRI\u00c7\u00c3O &#8211; GEST\u00c3O 2026-2030 20 de fevereiro de 2026EDITAL COM-CONSULTA REITOR \u2013 N\u00ba 2026.01 20 de fevereiro de&nbsp;&hellip;<\/p>\n","protected":false},"author":8,"featured_media":0,"parent":0,"menu_order":0,"comment_status":"closed","ping_status":"closed","template":"","meta":[],"_links":{"self":[{"href":"https:\/\/www2.uepg.br\/eleicao\/wp-json\/wp\/v2\/pages\/1207"}],"collection":[{"href":"https:\/\/www2.uepg.br\/eleicao\/wp-json\/wp\/v2\/pages"}],"about":[{"href":"https:\/\/www2.uepg.br\/eleicao\/wp-json\/wp\/v2\/types\/page"}],"author":[{"embeddable":true,"href":"https:\/\/www2.uepg.br\/eleicao\/wp-json\/wp\/v2\/users\/8"}],"replies":[{"embeddable":true,"href":"https:\/\/www2.uepg.br\/eleicao\/wp-json\/wp\/v2\/comments?post=1207"}],"version-history":[{"count":4,"href":"https:\/\/www2.uepg.br\/eleicao\/wp-json\/wp\/v2\/pages\/1207\/revisions"}],"predecessor-version":[{"id":1213,"href":"https:\/\/www2.uepg.br\/eleicao\/wp-json\/wp\/v2\/pages\/1207\/revisions\/1213"}],"wp:attachment":[{"href":"https:\/\/www2.uepg.br\/eleicao\/wp-json\/wp\/v2\/media?parent=1207"}],"curies":[{"name":"wp","href":"https:\/\/api.w.org\/{rel}","templated":true}]}}