{"id":127,"date":"2021-02-23T10:29:50","date_gmt":"2021-02-23T13:29:50","guid":{"rendered":"http:\/\/www2.uepg.br\/eleicao\/?page_id=127"},"modified":"2026-02-20T09:57:33","modified_gmt":"2026-02-20T12:57:33","slug":"todas-as-eleicoes","status":"publish","type":"page","link":"https:\/\/www2.uepg.br\/eleicao\/todas-as-eleicoes\/","title":{"rendered":"Todas as Elei\u00e7\u00f5es"},"content":{"rendered":"<div id=\"pl-127\"  class=\"panel-layout\" ><div id=\"pg-127-0\"  class=\"panel-grid panel-no-style\" ><div id=\"pgc-127-0-0\"  class=\"panel-grid-cell\" ><div id=\"panel-127-0-0-0\" class=\"so-panel widget widget_sow-button panel-first-child\" data-index=\"0\" ><div\n\t\t\t\n\t\t\tclass=\"so-widget-sow-button so-widget-sow-button-atom-8e83a6c238f1-127\"\n\t\t\t\n\t\t><div class=\"ow-button-base ow-button-align-justify\">\n\t<a href=\"https:\/\/www2.uepg.br\/eleicao\/consulta-a-comunidade-universitaria-para-a-escolha-de-reitora-e-vice-reitora-da-uepg-gestao-2026-2030\/\" class=\"ow-icon-placement-left ow-button-hover\" \t\t>\n\t\t<span>\n\t\t\t\n\t\t\tConsulta \u00e0 Comunidade Universit\u00e1ria para a Escolha de Reitor(a) e Vice-Reitor(a) da UEPG - 2026\/2030\t\t<\/span>\n\t<\/a>\n<\/div>\n<\/div><\/div><div id=\"panel-127-0-0-1\" class=\"so-panel widget widget_sow-button\" data-index=\"1\" ><div\n\t\t\t\n\t\t\tclass=\"so-widget-sow-button so-widget-sow-button-atom-8e83a6c238f1-127\"\n\t\t\t\n\t\t><div class=\"ow-button-base ow-button-align-justify\">\n\t<a href=\"https:\/\/www2.uepg.br\/eleicao\/representante-cipa-2022\/\" class=\"ow-icon-placement-left ow-button-hover\" \t\t>\n\t\t<span>\n\t\t\t\n\t\t\tElei\u00e7\u00e3o para Representante junto \u00e0 CIPA\t\t<\/span>\n\t<\/a>\n<\/div>\n<\/div><\/div><div id=\"panel-127-0-0-2\" class=\"so-panel widget widget_sow-button\" data-index=\"2\" ><div\n\t\t\t\n\t\t\tclass=\"so-widget-sow-button so-widget-sow-button-atom-a69bb58f9ef7-127\"\n\t\t\t\n\t\t><div class=\"ow-button-base ow-button-align-justify\">\n\t<a href=\"https:\/\/www2.uepg.br\/eleicao\/cepe-ca-2024\/\" class=\"ow-icon-placement-left ow-button-hover\" \t\t>\n\t\t<span>\n\t\t\t\n\t\t\tElei\u00e7\u00e3o de Representantes junto ao CEPE e ao CA - 2024\t\t<\/span>\n\t<\/a>\n<\/div>\n<\/div><\/div><div id=\"panel-127-0-0-3\" class=\"so-panel widget widget_sow-button\" data-index=\"3\" ><div\n\t\t\t\n\t\t\tclass=\"so-widget-sow-button so-widget-sow-button-atom-a69bb58f9ef7-127\"\n\t\t\t\n\t\t><div class=\"ow-button-base ow-button-align-justify\">\n\t<a href=\"https:\/\/www2.uepg.br\/eleicao\/docente-secate-cepe-2022\/\" class=\"ow-icon-placement-left ow-button-hover\" \t\t>\n\t\t<span>\n\t\t\t\n\t\t\tElei\u00e7\u00e3o para Representante Docente do SECATE junto ao CEPE\t\t<\/span>\n\t<\/a>\n<\/div>\n<\/div><\/div><div id=\"panel-127-0-0-4\" class=\"so-panel widget widget_sow-button\" data-index=\"4\" ><div\n\t\t\t\n\t\t\tclass=\"so-widget-sow-button so-widget-sow-button-atom-8e83a6c238f1-127\"\n\t\t\t\n\t\t><div class=\"ow-button-base ow-button-align-justify\">\n\t<a href=\"https:\/\/www2.uepg.br\/eleicao\/diretor-ciencias-biologicas-saude-2022\/\" class=\"ow-icon-placement-left ow-button-hover\" \t\t>\n\t\t<span>\n\t\t\t\n\t\t\tElei\u00e7\u00f5es para Diretor e Diretor Adjunto de Setor de Ci\u00eancias Biol\u00f3gicas e da Sa\u00fade da UEPG - 2022\t\t<\/span>\n\t<\/a>\n<\/div>\n<\/div><\/div><div id=\"panel-127-0-0-5\" class=\"so-panel widget widget_sow-button\" data-index=\"5\" ><div\n\t\t\t\n\t\t\tclass=\"so-widget-sow-button so-widget-sow-button-atom-8e83a6c238f1-127\"\n\t\t\t\n\t\t><div class=\"ow-button-base ow-button-align-justify\">\n\t<a href=\"https:\/\/www2.uepg.br\/eleicao\/coordenador-ed-fisica-ead-2022\/\" class=\"ow-icon-placement-left ow-button-hover\" \t\t>\n\t\t<span>\n\t\t\t\n\t\t\tElei\u00e7\u00e3o para Coordenador do Curso de Educa\u00e7\u00e3o F\u00edsica - EAD\t\t<\/span>\n\t<\/a>\n<\/div>\n<\/div><\/div><div id=\"panel-127-0-0-6\" class=\"so-panel widget widget_sow-button\" data-index=\"6\" ><div\n\t\t\t\n\t\t\tclass=\"so-widget-sow-button so-widget-sow-button-atom-8e83a6c238f1-127\"\n\t\t\t\n\t\t><div class=\"ow-button-base ow-button-align-justify\">\n\t<a href=\"https:\/\/www2.uepg.br\/eleicao\/consulta-a-comunidade-universitaria-para-a-escolha-de-reitor-e-vice-reitor-da-uepg-gestao-2022-2026\" class=\"ow-icon-placement-left ow-button-hover\" \t\t>\n\t\t<span>\n\t\t\t\n\t\t\tConsulta \u00e0 Comunidade Universit\u00e1ria para a Escolha de Reitor e Vice-Reitor da UEPG - Gest\u00e3o 2022\/2026\t\t<\/span>\n\t<\/a>\n<\/div>\n<\/div><\/div><div id=\"panel-127-0-0-7\" class=\"so-panel widget widget_sow-button\" data-index=\"7\" ><div\n\t\t\t\n\t\t\tclass=\"so-widget-sow-button so-widget-sow-button-atom-8e83a6c238f1-127\"\n\t\t\t\n\t\t><div class=\"ow-button-base ow-button-align-justify\">\n\t<a href=\"https:\/\/www2.uepg.br\/eleicao\/carreira-tecnica-2022\/\" class=\"ow-icon-placement-left ow-button-hover\" \t\t>\n\t\t<span>\n\t\t\t\n\t\t\tRepresentante da Carreira T\u00e9cnica Universit\u00e1ria e seu suplente nos Conselhos de Administra\u00e7\u00e3o e Universit\u00e1rio - 2022\t\t<\/span>\n\t<\/a>\n<\/div>\n<\/div><\/div><div id=\"panel-127-0-0-8\" class=\"so-panel widget widget_sow-button\" data-index=\"8\" ><div\n\t\t\t\n\t\t\tclass=\"so-widget-sow-button so-widget-sow-button-atom-8e83a6c238f1-127\"\n\t\t\t\n\t\t><div class=\"ow-button-base ow-button-align-justify\">\n\t<a href=\"https:\/\/www2.uepg.br\/eleicao\/carreira-docente-2022\/\" class=\"ow-icon-placement-left ow-button-hover\" \t\t>\n\t\t<span>\n\t\t\t\n\t\t\tRepresentante da Carreira Docente Universit\u00e1ria e seu suplente nos Conselhos de Administra\u00e7\u00e3o, de Ensino, Pesquisa e Extens\u00e3o e Conselho Universit\u00e1rio - 2022\t\t<\/span>\n\t<\/a>\n<\/div>\n<\/div><\/div><div id=\"panel-127-0-0-9\" class=\"so-panel widget widget_sow-button\" data-index=\"9\" ><div\n\t\t\t\n\t\t\tclass=\"so-widget-sow-button so-widget-sow-button-atom-a3513cf08a9b-127\"\n\t\t\t\n\t\t><div class=\"ow-button-base ow-button-align-justify\">\n\t<a href=\"https:\/\/www2.uepg.br\/eleicao\/ca-e-cepe-discente-graduacao-2021\/\" class=\"ow-icon-placement-left ow-button-hover\" \t\t>\n\t\t<span>\n\t\t\t\n\t\t\tRepresentante do Corpo Discente dos Cursos de Gradua\u00e7\u00e3o para representa\u00e7\u00e3o junto ao Conselho de Ensino, Pesquisa e Extens\u00e3o \u2013 CEPE e Conselho de Administra\u00e7\u00e3o - CA\t\t<\/span>\n\t<\/a>\n<\/div>\n<\/div><\/div><div id=\"panel-127-0-0-10\" class=\"so-panel widget widget_sow-button\" data-index=\"10\" ><div\n\t\t\t\n\t\t\tclass=\"so-widget-sow-button so-widget-sow-button-atom-a3513cf08a9b-127\"\n\t\t\t\n\t\t><div class=\"ow-button-base ow-button-align-justify\">\n\t<a href=\"https:\/\/www2.uepg.br\/eleicao\/chefe-npj-2021\/\" class=\"ow-icon-placement-left ow-button-hover\" \t\t>\n\t\t<span>\n\t\t\t\n\t\t\tChefe do N\u00facleo de Pr\u00e1tica Jur\u00eddica\t\t<\/span>\n\t<\/a>\n<\/div>\n<\/div><\/div><div id=\"panel-127-0-0-11\" class=\"so-panel widget widget_sow-button\" data-index=\"11\" ><div class=\"panel-widget-style panel-widget-style-for-127-0-0-11\" ><div\n\t\t\t\n\t\t\tclass=\"so-widget-sow-button so-widget-sow-button-atom-e8f28638ae51-127\"\n\t\t\t\n\t\t><div class=\"ow-button-base ow-button-align-justify\">\n\t<a href=\"https:\/\/www2.uepg.br\/eleicao\/ca-agente-2021\/\" class=\"ow-icon-placement-left ow-button-hover\" \t\t>\n\t\t<span>\n\t\t\t\n\t\t\tRepresentante da Carreira T\u00e9cnica Universit\u00e1ria (Agentes) junto ao Conselho de Administra\u00e7\u00e3o \u2013 CA, 2021\t\t<\/span>\n\t<\/a>\n<\/div>\n<\/div><\/div><\/div><div id=\"panel-127-0-0-12\" class=\"so-panel widget widget_sow-button\" data-index=\"12\" ><div class=\"panel-widget-style panel-widget-style-for-127-0-0-12\" ><div\n\t\t\t\n\t\t\tclass=\"so-widget-sow-button so-widget-sow-button-atom-e8f28638ae51-127\"\n\t\t\t\n\t\t><div class=\"ow-button-base ow-button-align-justify\">\n\t<a href=\"https:\/\/www2.uepg.br\/eleicao\/ca-docente-2021\/\" class=\"ow-icon-placement-left ow-button-hover\" \t\t>\n\t\t<span>\n\t\t\t\n\t\t\tRepresentante Docente junto ao Conselho de Administra\u00e7\u00e3o \u2013 CA, 2021\t\t<\/span>\n\t<\/a>\n<\/div>\n<\/div><\/div><\/div><div id=\"panel-127-0-0-13\" class=\"so-panel widget widget_sow-button\" data-index=\"13\" ><div class=\"panel-widget-style panel-widget-style-for-127-0-0-13\" ><div\n\t\t\t\n\t\t\tclass=\"so-widget-sow-button so-widget-sow-button-atom-e8f28638ae51-127\"\n\t\t\t\n\t\t><div class=\"ow-button-base ow-button-align-justify\">\n\t<a href=\"https:\/\/www2.uepg.br\/eleicao\/cepe-2021\/\" class=\"ow-icon-placement-left ow-button-hover\" \t\t>\n\t\t<span>\n\t\t\t\n\t\t\tRepresentantes Docentes dos Setores de Conhecimento junto ao Conselho de Ensino, Pesquisa e Extens\u00e3o \u2013 CEPE, 2021\t\t<\/span>\n\t<\/a>\n<\/div>\n<\/div><\/div><\/div><div id=\"panel-127-0-0-14\" class=\"so-panel widget widget_sow-button panel-last-child\" data-index=\"14\" ><div\n\t\t\t\n\t\t\tclass=\"so-widget-sow-button so-widget-sow-button-atom-a3513cf08a9b-127\"\n\t\t\t\n\t\t><div class=\"ow-button-base ow-button-align-justify\">\n\t<a href=\"https:\/\/www2.uepg.br\/eleicao\/representante-docente-no-colegiado-do-curso-de-mestrado-do-programa-de-pos-graduacao-em-ensino-de-fisica\/\" class=\"ow-icon-placement-left ow-button-hover\" \t\t>\n\t\t<span>\n\t\t\t\n\t\t\tRepresentante docente no Colegiado do Curso de Mestrado do Programa de P\u00f3s-Gradua\u00e7\u00e3o em Ensino de F\u00edsica\t\t<\/span>\n\t<\/a>\n<\/div>\n<\/div><\/div><\/div><\/div><\/div>","protected":false},"excerpt":{"rendered":"<p>Consulta \u00e0 Comunidade Universit\u00e1ria para a Escolha de Reitor(a) e Vice-Reitor(a) da UEPG &#8211; 2026\/2030 Elei\u00e7\u00e3o para Representante junto \u00e0 CIPA Elei\u00e7\u00e3o de Representantes junto ao CEPE e ao CA &#8211; 2024 Elei\u00e7\u00e3o para Representante Docente do SECATE junto ao CEPE Elei\u00e7\u00f5es para Diretor e Diretor Adjunto de Setor de Ci\u00eancias Biol\u00f3gicas e da Sa\u00fade&nbsp;&hellip;<\/p>\n","protected":false},"author":204,"featured_media":0,"parent":0,"menu_order":0,"comment_status":"closed","ping_status":"closed","template":"","meta":[],"_links":{"self":[{"href":"https:\/\/www2.uepg.br\/eleicao\/wp-json\/wp\/v2\/pages\/127"}],"collection":[{"href":"https:\/\/www2.uepg.br\/eleicao\/wp-json\/wp\/v2\/pages"}],"about":[{"href":"https:\/\/www2.uepg.br\/eleicao\/wp-json\/wp\/v2\/types\/page"}],"author":[{"embeddable":true,"href":"https:\/\/www2.uepg.br\/eleicao\/wp-json\/wp\/v2\/users\/204"}],"replies":[{"embeddable":true,"href":"https:\/\/www2.uepg.br\/eleicao\/wp-json\/wp\/v2\/comments?post=127"}],"version-history":[{"count":86,"href":"https:\/\/www2.uepg.br\/eleicao\/wp-json\/wp\/v2\/pages\/127\/revisions"}],"predecessor-version":[{"id":1228,"href":"https:\/\/www2.uepg.br\/eleicao\/wp-json\/wp\/v2\/pages\/127\/revisions\/1228"}],"wp:attachment":[{"href":"https:\/\/www2.uepg.br\/eleicao\/wp-json\/wp\/v2\/media?parent=127"}],"curies":[{"name":"wp","href":"https:\/\/api.w.org\/{rel}","templated":true}]}}