{"id":220,"date":"2021-02-23T15:48:57","date_gmt":"2021-02-23T18:48:57","guid":{"rendered":"http:\/\/www2.uepg.br\/eleicao\/?page_id=220"},"modified":"2021-03-16T08:28:50","modified_gmt":"2021-03-16T11:28:50","slug":"ca-docente-2021","status":"publish","type":"page","link":"https:\/\/www2.uepg.br\/eleicao\/ca-docente-2021\/","title":{"rendered":"Representante Docente junto ao Conselho de Administra\u00e7\u00e3o &#8211; CA, 2021"},"content":{"rendered":"<div id=\"pl-220\"  class=\"panel-layout\" ><div id=\"pg-220-0\"  class=\"panel-grid panel-no-style\" ><div id=\"pgc-220-0-0\"  class=\"panel-grid-cell\" ><div id=\"panel-220-0-0-0\" class=\"so-panel widget widget_listcategorypostswidget panel-first-child panel-last-child\" data-index=\"0\" ><h3 class=\"widget-title\"> <\/h3><ul class=\"lcp_catlist\" id=\"lcp_instance_listcategorypostswidget-1\"><li><a href=\"https:\/\/www2.uepg.br\/eleicao\/edital-05-aclamacao-ca-e-cepe\/\">Edital 05 &#8211; Aclama\u00e7\u00e3o CA e CEPE<\/a>  12 de mar\u00e7o de 2021<\/li><li><a href=\"https:\/\/www2.uepg.br\/eleicao\/320-2\/\">Edital 03 Deferimento das inscri\u00e7\u00f5es CA e CEPE &#8211; Docentes<\/a>  10 de mar\u00e7o de 2021<\/li><li><a href=\"https:\/\/www2.uepg.br\/eleicao\/tutorial-para-inscricao-docente-ca\/\">Tutorial para inscri\u00e7\u00e3o &#8211; Docente CA<\/a>  27 de fevereiro de 2021<\/li><li><a href=\"https:\/\/www2.uepg.br\/eleicao\/edital-02-eleicoes-representantes-docentes-ca-e-cepe\/\">Edital 02 &#8211; Elei\u00e7\u00f5es Representantes docentes CA e CEPE<\/a>  26 de fevereiro de 2021<\/li><\/ul><a href=\"https:\/\/www2.uepg.br\/eleicao\/category\/ca-docente-2021\/\"> <\/a><\/div><\/div><\/div><\/div>","protected":false},"excerpt":{"rendered":"<p>Edital 05 &#8211; Aclama\u00e7\u00e3o CA e CEPE 12 de mar\u00e7o de 2021Edital 03 Deferimento das inscri\u00e7\u00f5es CA e CEPE &#8211; Docentes 10 de mar\u00e7o de 2021Tutorial para inscri\u00e7\u00e3o &#8211; Docente CA 27 de fevereiro de 2021Edital 02 &#8211; Elei\u00e7\u00f5es Representantes docentes CA e CEPE 26 de fevereiro de 2021<\/p>\n","protected":false},"author":204,"featured_media":0,"parent":0,"menu_order":0,"comment_status":"closed","ping_status":"closed","template":"","meta":[],"_links":{"self":[{"href":"https:\/\/www2.uepg.br\/eleicao\/wp-json\/wp\/v2\/pages\/220"}],"collection":[{"href":"https:\/\/www2.uepg.br\/eleicao\/wp-json\/wp\/v2\/pages"}],"about":[{"href":"https:\/\/www2.uepg.br\/eleicao\/wp-json\/wp\/v2\/types\/page"}],"author":[{"embeddable":true,"href":"https:\/\/www2.uepg.br\/eleicao\/wp-json\/wp\/v2\/users\/204"}],"replies":[{"embeddable":true,"href":"https:\/\/www2.uepg.br\/eleicao\/wp-json\/wp\/v2\/comments?post=220"}],"version-history":[{"count":6,"href":"https:\/\/www2.uepg.br\/eleicao\/wp-json\/wp\/v2\/pages\/220\/revisions"}],"predecessor-version":[{"id":347,"href":"https:\/\/www2.uepg.br\/eleicao\/wp-json\/wp\/v2\/pages\/220\/revisions\/347"}],"wp:attachment":[{"href":"https:\/\/www2.uepg.br\/eleicao\/wp-json\/wp\/v2\/media?parent=220"}],"curies":[{"name":"wp","href":"https:\/\/api.w.org\/{rel}","templated":true}]}}