{"id":226,"date":"2021-02-23T15:53:31","date_gmt":"2021-02-23T18:53:31","guid":{"rendered":"http:\/\/www2.uepg.br\/eleicao\/?page_id=226"},"modified":"2021-03-30T16:22:34","modified_gmt":"2021-03-30T19:22:34","slug":"cepe-2021","status":"publish","type":"page","link":"https:\/\/www2.uepg.br\/eleicao\/cepe-2021\/","title":{"rendered":"Representantes Docentes dos Setores de Conhecimento junto ao Conselho de Ensino, Pesquisa e Extens\u00e3o &#8211; CEPE, 2021"},"content":{"rendered":"<div id=\"pl-226\"  class=\"panel-layout\" ><div id=\"pg-226-0\"  class=\"panel-grid panel-no-style\" ><div id=\"pgc-226-0-0\"  class=\"panel-grid-cell\" ><div id=\"panel-226-0-0-0\" class=\"widget_text so-panel widget widget_custom_html panel-first-child panel-last-child\" data-index=\"0\" ><h3 class=\"widget-title\">Local de apura\u00e7\u00e3o<\/h3><div class=\"textwidget custom-html-widget\"><div>\n\tLink para apura\u00e7\u00e3o, CEPE SEBISA, hoje (30\/03) as 20:30 pelo Google Meeting:\n\t<p>\n\t\t\t<a href=\"https:\/\/meet.google.com\/wiy-yyjd-mrs\">https:\/\/meet.google.com\/wiy-yyjd-mrs<\/a>\n\t<\/p>\n<\/div><\/div><\/div><\/div><\/div><div id=\"pg-226-1\"  class=\"panel-grid panel-no-style\" ><div id=\"pgc-226-1-0\"  class=\"panel-grid-cell\" ><div id=\"panel-226-1-0-0\" class=\"so-panel widget widget_listcategorypostswidget panel-first-child panel-last-child\" data-index=\"1\" ><h3 class=\"widget-title\"> <\/h3><ul class=\"lcp_catlist\" id=\"lcp_instance_listcategorypostswidget-1\"><li><a href=\"https:\/\/www2.uepg.br\/eleicao\/resultado-eleicao-cepe-sebisa\/\">Resultado elei\u00e7\u00e3o CEPE &#8211; SEBISA<\/a>  31 de mar\u00e7o de 2021<\/li><li><a href=\"https:\/\/www2.uepg.br\/eleicao\/lista-de-eleitores-cepe-sebisa-2021\/\">Lista de eleitores CEPE SEBISA 2021<\/a>  25 de mar\u00e7o de 2021<\/li><li><a href=\"https:\/\/www2.uepg.br\/eleicao\/cartas-de-apresentacao-chapas-cepe-sebisa_2021\/\">Cartas de apresenta\u00e7\u00e3o Chapas CEPE SEBISA 2021<\/a>  15 de mar\u00e7o de 2021<\/li><li><a href=\"https:\/\/www2.uepg.br\/eleicao\/edital-05-aclamacao-ca-e-cepe\/\">Edital 05 &#8211; Aclama\u00e7\u00e3o CA e CEPE<\/a>  12 de mar\u00e7o de 2021<\/li><li><a href=\"https:\/\/www2.uepg.br\/eleicao\/numeracao-das-chapas\/\">Numera\u00e7\u00e3o das Chapas<\/a>  10 de mar\u00e7o de 2021<\/li><li><a href=\"https:\/\/www2.uepg.br\/eleicao\/convocacao-chapas-para-sorteio\/\">Convoca\u00e7\u00e3o Chapas para sorteio<\/a>  10 de mar\u00e7o de 2021<\/li><li><a href=\"https:\/\/www2.uepg.br\/eleicao\/320-2\/\">Edital 03 Deferimento das inscri\u00e7\u00f5es CA e CEPE &#8211; Docentes<\/a>  10 de mar\u00e7o de 2021<\/li><li><a href=\"https:\/\/www2.uepg.br\/eleicao\/tutorial-para-inscricao-docente-cepe\/\">Tutorial para inscri\u00e7\u00e3o Docente CEPE<\/a>  27 de fevereiro de 2021<\/li><li><a href=\"https:\/\/www2.uepg.br\/eleicao\/edital-02-eleicoes-representantes-docentes-ca-e-cepe\/\">Edital 02 &#8211; Elei\u00e7\u00f5es Representantes docentes CA e CEPE<\/a>  26 de fevereiro de 2021<\/li><\/ul><a href=\"https:\/\/www2.uepg.br\/eleicao\/category\/cepe-2021\/\"> <\/a><\/div><\/div><\/div><\/div>","protected":false},"excerpt":{"rendered":"<p>Local de apura\u00e7\u00e3o Link para apura\u00e7\u00e3o, CEPE SEBISA, hoje (30\/03) as 20:30 pelo Google Meeting: https:\/\/meet.google.com\/wiy-yyjd-mrs Resultado elei\u00e7\u00e3o CEPE &#8211; SEBISA 31 de mar\u00e7o de 2021Lista de eleitores CEPE SEBISA 2021 25 de mar\u00e7o de 2021Cartas de apresenta\u00e7\u00e3o Chapas CEPE SEBISA 2021 15 de mar\u00e7o de 2021Edital 05 &#8211; Aclama\u00e7\u00e3o CA e CEPE 12 de&nbsp;&hellip;<\/p>\n","protected":false},"author":204,"featured_media":0,"parent":0,"menu_order":0,"comment_status":"closed","ping_status":"closed","template":"","meta":[],"_links":{"self":[{"href":"https:\/\/www2.uepg.br\/eleicao\/wp-json\/wp\/v2\/pages\/226"}],"collection":[{"href":"https:\/\/www2.uepg.br\/eleicao\/wp-json\/wp\/v2\/pages"}],"about":[{"href":"https:\/\/www2.uepg.br\/eleicao\/wp-json\/wp\/v2\/types\/page"}],"author":[{"embeddable":true,"href":"https:\/\/www2.uepg.br\/eleicao\/wp-json\/wp\/v2\/users\/204"}],"replies":[{"embeddable":true,"href":"https:\/\/www2.uepg.br\/eleicao\/wp-json\/wp\/v2\/comments?post=226"}],"version-history":[{"count":11,"href":"https:\/\/www2.uepg.br\/eleicao\/wp-json\/wp\/v2\/pages\/226\/revisions"}],"predecessor-version":[{"id":388,"href":"https:\/\/www2.uepg.br\/eleicao\/wp-json\/wp\/v2\/pages\/226\/revisions\/388"}],"wp:attachment":[{"href":"https:\/\/www2.uepg.br\/eleicao\/wp-json\/wp\/v2\/media?parent=226"}],"curies":[{"name":"wp","href":"https:\/\/api.w.org\/{rel}","templated":true}]}}