{"id":232,"date":"2021-02-23T15:58:46","date_gmt":"2021-02-23T18:58:46","guid":{"rendered":"http:\/\/www2.uepg.br\/eleicao\/?page_id=232"},"modified":"2021-03-16T08:30:09","modified_gmt":"2021-03-16T11:30:09","slug":"ca-agente-2021","status":"publish","type":"page","link":"https:\/\/www2.uepg.br\/eleicao\/ca-agente-2021\/","title":{"rendered":"Representante da Carreira T\u00e9cnica Universit\u00e1ria (Agentes) junto ao Conselho de Administra\u00e7\u00e3o &#8211; CA, 2021"},"content":{"rendered":"<div id=\"pl-232\"  class=\"panel-layout\" ><div id=\"pg-232-0\"  class=\"panel-grid panel-no-style\" ><div id=\"pgc-232-0-0\"  class=\"panel-grid-cell\" ><div id=\"panel-232-0-0-0\" class=\"so-panel widget widget_listcategorypostswidget panel-first-child panel-last-child\" data-index=\"0\" ><h3 class=\"widget-title\"> <\/h3><ul class=\"lcp_catlist\" id=\"lcp_instance_listcategorypostswidget-1\"><li><a href=\"https:\/\/www2.uepg.br\/eleicao\/edital-06-aclamacao-tecnicos-ca-e-cou\/\">Edital 06 &#8211; Aclama\u00e7\u00e3o T\u00e9cnicos CA e COU<\/a>  12 de mar\u00e7o de 2021<\/li><li><a href=\"https:\/\/www2.uepg.br\/eleicao\/edital-04-deferimento-das-inscricoes-ca-e-cou-tecnicos-administrativos\/\">Edital 04 Deferimento das inscri\u00e7\u00f5es CA e COU &#8211; T\u00e9cnicos Administrativos<\/a>  10 de mar\u00e7o de 2021<\/li><li><a href=\"https:\/\/www2.uepg.br\/eleicao\/tutorial-para-inscricao-representante-tecnico-administrativo-ca\/\">Tutorial para inscri\u00e7\u00e3o Representante T\u00e9cnico Administrativo CA<\/a>  27 de fevereiro de 2021<\/li><li><a href=\"https:\/\/www2.uepg.br\/eleicao\/edital-01-eleicoes-representacao-tecnica-administrativa-ca-e-cepe\/\">Edital 01 &#8211; Elei\u00e7\u00f5es Representa\u00e7\u00e3o T\u00e9cnica Administrativa CA e CEPE<\/a>  26 de fevereiro de 2021<\/li><\/ul><a href=\"https:\/\/www2.uepg.br\/eleicao\/category\/ca-agente-2021\/\"> <\/a><\/div><\/div><\/div><\/div>","protected":false},"excerpt":{"rendered":"<p>Edital 06 &#8211; Aclama\u00e7\u00e3o T\u00e9cnicos CA e COU 12 de mar\u00e7o de 2021Edital 04 Deferimento das inscri\u00e7\u00f5es CA e COU &#8211; T\u00e9cnicos Administrativos 10 de mar\u00e7o de 2021Tutorial para inscri\u00e7\u00e3o Representante T\u00e9cnico Administrativo CA 27 de fevereiro de 2021Edital 01 &#8211; Elei\u00e7\u00f5es Representa\u00e7\u00e3o T\u00e9cnica Administrativa CA e CEPE 26 de fevereiro de 2021<\/p>\n","protected":false},"author":204,"featured_media":0,"parent":0,"menu_order":0,"comment_status":"closed","ping_status":"closed","template":"","meta":[],"_links":{"self":[{"href":"https:\/\/www2.uepg.br\/eleicao\/wp-json\/wp\/v2\/pages\/232"}],"collection":[{"href":"https:\/\/www2.uepg.br\/eleicao\/wp-json\/wp\/v2\/pages"}],"about":[{"href":"https:\/\/www2.uepg.br\/eleicao\/wp-json\/wp\/v2\/types\/page"}],"author":[{"embeddable":true,"href":"https:\/\/www2.uepg.br\/eleicao\/wp-json\/wp\/v2\/users\/204"}],"replies":[{"embeddable":true,"href":"https:\/\/www2.uepg.br\/eleicao\/wp-json\/wp\/v2\/comments?post=232"}],"version-history":[{"count":4,"href":"https:\/\/www2.uepg.br\/eleicao\/wp-json\/wp\/v2\/pages\/232\/revisions"}],"predecessor-version":[{"id":456,"href":"https:\/\/www2.uepg.br\/eleicao\/wp-json\/wp\/v2\/pages\/232\/revisions\/456"}],"wp:attachment":[{"href":"https:\/\/www2.uepg.br\/eleicao\/wp-json\/wp\/v2\/media?parent=232"}],"curies":[{"name":"wp","href":"https:\/\/api.w.org\/{rel}","templated":true}]}}