{"id":393,"date":"2021-04-05T22:21:10","date_gmt":"2021-04-06T01:21:10","guid":{"rendered":"https:\/\/www2.uepg.br\/eleicao\/?page_id=393"},"modified":"2021-04-05T22:23:52","modified_gmt":"2021-04-06T01:23:52","slug":"representante-docente-no-colegiado-do-curso-de-mestrado-do-programa-de-pos-graduacao-em-ensino-de-fisica","status":"publish","type":"page","link":"https:\/\/www2.uepg.br\/eleicao\/representante-docente-no-colegiado-do-curso-de-mestrado-do-programa-de-pos-graduacao-em-ensino-de-fisica\/","title":{"rendered":"Representante docente no Colegiado do Curso de Mestrado do Programa de P\u00f3s-Gradua\u00e7\u00e3o em Ensino de F\u00edsica"},"content":{"rendered":"<div id=\"pl-393\"  class=\"panel-layout\" ><div id=\"pg-393-0\"  class=\"panel-grid panel-no-style\" ><div id=\"pgc-393-0-0\"  class=\"panel-grid-cell\" ><div id=\"panel-393-0-0-0\" class=\"so-panel widget widget_listcategorypostswidget panel-first-child panel-last-child\" data-index=\"0\" ><h3 class=\"widget-title\"> <\/h3><ul class=\"lcp_catlist\" id=\"lcp_instance_listcategorypostswidget-1\"><li><a href=\"https:\/\/www2.uepg.br\/eleicao\/resultado-eleicao-representante-docente-no-colegiado-do-ppg-ensino-de-fisica\/\">Resultado elei\u00e7\u00e3o representante docente no Colegiado do PPG Ensino de F\u00edsica<\/a>  13 de abril de 2021<\/li><li><a href=\"https:\/\/www2.uepg.br\/eleicao\/edital-01-eleicao-representante-docente-no-colegiado-do-ppg-ensino-de-fisica\/\">Edital 01 &#8211; Elei\u00e7\u00e3o representante docente no Colegiado do PPG Ensino de F\u00edsica<\/a>  9 de abril de 2021<\/li><\/ul><a href=\"https:\/\/www2.uepg.br\/eleicao\/category\/representante-docente-mestrado-ensino-fisica-2021\/\"> <\/a><\/div><\/div><\/div><\/div>","protected":false},"excerpt":{"rendered":"<p>Resultado elei\u00e7\u00e3o representante docente no Colegiado do PPG Ensino de F\u00edsica 13 de abril de 2021Edital 01 &#8211; Elei\u00e7\u00e3o representante docente no Colegiado do PPG Ensino de F\u00edsica 9 de abril de 2021<\/p>\n","protected":false},"author":305,"featured_media":0,"parent":0,"menu_order":0,"comment_status":"closed","ping_status":"closed","template":"","meta":[],"_links":{"self":[{"href":"https:\/\/www2.uepg.br\/eleicao\/wp-json\/wp\/v2\/pages\/393"}],"collection":[{"href":"https:\/\/www2.uepg.br\/eleicao\/wp-json\/wp\/v2\/pages"}],"about":[{"href":"https:\/\/www2.uepg.br\/eleicao\/wp-json\/wp\/v2\/types\/page"}],"author":[{"embeddable":true,"href":"https:\/\/www2.uepg.br\/eleicao\/wp-json\/wp\/v2\/users\/305"}],"replies":[{"embeddable":true,"href":"https:\/\/www2.uepg.br\/eleicao\/wp-json\/wp\/v2\/comments?post=393"}],"version-history":[{"count":3,"href":"https:\/\/www2.uepg.br\/eleicao\/wp-json\/wp\/v2\/pages\/393\/revisions"}],"predecessor-version":[{"id":396,"href":"https:\/\/www2.uepg.br\/eleicao\/wp-json\/wp\/v2\/pages\/393\/revisions\/396"}],"wp:attachment":[{"href":"https:\/\/www2.uepg.br\/eleicao\/wp-json\/wp\/v2\/media?parent=393"}],"curies":[{"name":"wp","href":"https:\/\/api.w.org\/{rel}","templated":true}]}}