{"id":566,"date":"2022-02-04T14:12:38","date_gmt":"2022-02-04T17:12:38","guid":{"rendered":"https:\/\/www2.uepg.br\/eleicao\/?page_id=566"},"modified":"2022-02-04T14:12:38","modified_gmt":"2022-02-04T17:12:38","slug":"carreira-docente-2022","status":"publish","type":"page","link":"https:\/\/www2.uepg.br\/eleicao\/carreira-docente-2022\/","title":{"rendered":"Representante da Carreira Docente Universit\u00e1ria e seu suplente nos Conselhos de Administra\u00e7\u00e3o, de Ensino, Pesquisa e Extens\u00e3o e Conselho Universit\u00e1rio &#8211; 2022"},"content":{"rendered":"<div id=\"pl-566\"  class=\"panel-layout\" ><div id=\"pg-566-0\"  class=\"panel-grid panel-no-style\" ><div id=\"pgc-566-0-0\"  class=\"panel-grid-cell\" ><div id=\"panel-566-0-0-0\" class=\"so-panel widget widget_listcategorypostswidget panel-first-child panel-last-child\" data-index=\"0\" ><h3 class=\"widget-title\"> <\/h3><ul class=\"lcp_catlist\" id=\"lcp_instance_listcategorypostswidget-1\"><li><a href=\"https:\/\/www2.uepg.br\/eleicao\/convoca-eleicao-para-representante-docente-junto-ao-conselho-de-administracao\/\">Convoca elei\u00e7\u00e3o para Representante Docente junto ao Conselho de Administra\u00e7\u00e3o<\/a>  27 de abril de 2023<\/li><li><a href=\"https:\/\/www2.uepg.br\/eleicao\/edital-13-2022-aclamacao-cepe-secihla\/\">Edital 13\/2022 Aclama\u00e7\u00e3o CEPE SECIHLA<\/a>  15 de mar\u00e7o de 2022<\/li><li><a href=\"https:\/\/www2.uepg.br\/eleicao\/edital-11-2022-deferimento-chapa-cepe-secihla\/\">Edital 11\/2022 &#8211; Deferimento Chapa CEPE SECIHLA<\/a>  11 de mar\u00e7o de 2022<\/li><li><a href=\"https:\/\/www2.uepg.br\/eleicao\/edital-para-eleicao-de-representante-da-carreira-docente-universitaria-e-seu-suplente-do-setor-de-ciencias-humanas-letras-e-artes-secihla-no-conselho-de-ensino-pesquisa-e-extensao-e-conselho-uni\/\">Edital 07\/2022 &#8211; Elei\u00e7\u00e3o de Representante da Carreira Docente Universit\u00e1ria e seu Suplente, do Setor de Ci\u00eancias Humanas, Letras e Artes (SECIHLA), no Conselho de Ensino, Pesquisa e Extens\u00e3o e Conselho Universit\u00e1rio da UEPG<\/a>  24 de fevereiro de 2022<\/li><li><a href=\"https:\/\/www2.uepg.br\/eleicao\/edital-de-suspensao-do-procedimento-de-votacao-e-consequente-aclamacao-das-chapas-unicas-inscritas-para-a-representacao-docente-no-ca-e-cepe\/\">Edital 05\/2022 &#8211; Edital de suspens\u00e3o do procedimento de vota\u00e7\u00e3o e consequente aclama\u00e7\u00e3o das chapas \u00fanicas inscritas para a Representa\u00e7\u00e3o Docente no CA e CEPE<\/a>  21 de fevereiro de 2022<\/li><li><a href=\"https:\/\/www2.uepg.br\/eleicao\/edital-04-2022-decisao-de-recurso-interposto-ca-e-cepe\/\">Edital 04\/2022 &#8211; Decis\u00e3o de Recurso Interposto &#8211; CA e CEPE<\/a>  20 de fevereiro de 2022<\/li><li><a href=\"https:\/\/www2.uepg.br\/eleicao\/edital-03-2022-deferimento-das-inscricoes-ca-e-cepe\/\">Edital 03\/2022 &#8211; Deferimento das inscri\u00e7\u00f5es &#8211; CA e CEPE<\/a>  17 de fevereiro de 2022<\/li><li><a href=\"https:\/\/www2.uepg.br\/eleicao\/tutorial-para-inscricao-docente-ca-e-cepe\/\">Tutorial para inscri\u00e7\u00e3o \u2013 Docente CA e CEPE<\/a>  4 de fevereiro de 2022<\/li><li><a href=\"https:\/\/www2.uepg.br\/eleicao\/edital-01-2022-eleicao-de-representante-da-carreira-docente-universitaria\/\">Edital 01\/2022 &#8211; Elei\u00e7\u00e3o de Representante da Carreira Docente Universit\u00e1ria<\/a>  4 de fevereiro de 2022<\/li><\/ul><a href=\"https:\/\/www2.uepg.br\/eleicao\/category\/carreira-docente-2022\/\"> <\/a><\/div><\/div><\/div><\/div>","protected":false},"excerpt":{"rendered":"<p>Convoca elei\u00e7\u00e3o para Representante Docente junto ao Conselho de Administra\u00e7\u00e3o 27 de abril de 2023Edital 13\/2022 Aclama\u00e7\u00e3o CEPE SECIHLA 15 de mar\u00e7o de 2022Edital 11\/2022 &#8211; Deferimento Chapa CEPE SECIHLA 11 de mar\u00e7o de 2022Edital 07\/2022 &#8211; Elei\u00e7\u00e3o de Representante da Carreira Docente Universit\u00e1ria e seu Suplente, do Setor de Ci\u00eancias Humanas, Letras e Artes&nbsp;&hellip;<\/p>\n","protected":false},"author":378,"featured_media":0,"parent":0,"menu_order":0,"comment_status":"closed","ping_status":"closed","template":"","meta":[],"_links":{"self":[{"href":"https:\/\/www2.uepg.br\/eleicao\/wp-json\/wp\/v2\/pages\/566"}],"collection":[{"href":"https:\/\/www2.uepg.br\/eleicao\/wp-json\/wp\/v2\/pages"}],"about":[{"href":"https:\/\/www2.uepg.br\/eleicao\/wp-json\/wp\/v2\/types\/page"}],"author":[{"embeddable":true,"href":"https:\/\/www2.uepg.br\/eleicao\/wp-json\/wp\/v2\/users\/378"}],"replies":[{"embeddable":true,"href":"https:\/\/www2.uepg.br\/eleicao\/wp-json\/wp\/v2\/comments?post=566"}],"version-history":[{"count":4,"href":"https:\/\/www2.uepg.br\/eleicao\/wp-json\/wp\/v2\/pages\/566\/revisions"}],"predecessor-version":[{"id":572,"href":"https:\/\/www2.uepg.br\/eleicao\/wp-json\/wp\/v2\/pages\/566\/revisions\/572"}],"wp:attachment":[{"href":"https:\/\/www2.uepg.br\/eleicao\/wp-json\/wp\/v2\/media?parent=566"}],"curies":[{"name":"wp","href":"https:\/\/api.w.org\/{rel}","templated":true}]}}