{"id":777,"date":"2022-05-05T09:15:41","date_gmt":"2022-05-05T12:15:41","guid":{"rendered":"https:\/\/www2.uepg.br\/eleicao\/?page_id=777"},"modified":"2022-05-05T09:38:21","modified_gmt":"2022-05-05T12:38:21","slug":"coordenador-ed-fisica-ead-2022","status":"publish","type":"page","link":"https:\/\/www2.uepg.br\/eleicao\/coordenador-ed-fisica-ead-2022\/","title":{"rendered":"Elei\u00e7\u00e3o para Coordenador do Curso de Educa\u00e7\u00e3o F\u00edsica &#8211; EAD &#8211; 2022"},"content":{"rendered":"<div id=\"pl-777\"  class=\"panel-layout\" ><div id=\"pg-777-0\"  class=\"panel-grid panel-no-style\" ><div id=\"pgc-777-0-0\"  class=\"panel-grid-cell\" ><div id=\"panel-777-0-0-0\" class=\"so-panel widget widget_listcategorypostswidget panel-first-child panel-last-child\" data-index=\"0\" ><h3 class=\"widget-title\"> <\/h3><ul class=\"lcp_catlist\" id=\"lcp_instance_listcategorypostswidget-1\"><li><a href=\"https:\/\/www2.uepg.br\/eleicao\/edital-de-abertura-das-inscricoes\/\">Edital de abertura das inscri\u00e7\u00f5es<\/a>  29 de mar\u00e7o de 2022<\/li><li><a href=\"https:\/\/www2.uepg.br\/eleicao\/edital-de-deferimento-das-inscricoes\/\">Edital de deferimento das inscri\u00e7\u00f5es<\/a>  28 de abril de 2022<\/li><li><a href=\"https:\/\/www2.uepg.br\/eleicao\/794-2\/\">Lista de Eleitores<\/a>  4 de maio de 2022<\/li><li><a href=\"https:\/\/www2.uepg.br\/eleicao\/resultado-final-2\/\">Resultado Final<\/a>  5 de maio de 2022<\/li><\/ul><a href=\"https:\/\/www2.uepg.br\/eleicao\/category\/coordenador-ed-fisica-ead-2022\/\"> <\/a><\/div><\/div><\/div><\/div>","protected":false},"excerpt":{"rendered":"<p>Edital de abertura das inscri\u00e7\u00f5es 29 de mar\u00e7o de 2022Edital de deferimento das inscri\u00e7\u00f5es 28 de abril de 2022Lista de Eleitores 4 de maio de 2022Resultado Final 5 de maio de 2022<\/p>\n","protected":false},"author":378,"featured_media":0,"parent":0,"menu_order":0,"comment_status":"closed","ping_status":"closed","template":"","meta":[],"_links":{"self":[{"href":"https:\/\/www2.uepg.br\/eleicao\/wp-json\/wp\/v2\/pages\/777"}],"collection":[{"href":"https:\/\/www2.uepg.br\/eleicao\/wp-json\/wp\/v2\/pages"}],"about":[{"href":"https:\/\/www2.uepg.br\/eleicao\/wp-json\/wp\/v2\/types\/page"}],"author":[{"embeddable":true,"href":"https:\/\/www2.uepg.br\/eleicao\/wp-json\/wp\/v2\/users\/378"}],"replies":[{"embeddable":true,"href":"https:\/\/www2.uepg.br\/eleicao\/wp-json\/wp\/v2\/comments?post=777"}],"version-history":[{"count":9,"href":"https:\/\/www2.uepg.br\/eleicao\/wp-json\/wp\/v2\/pages\/777\/revisions"}],"predecessor-version":[{"id":807,"href":"https:\/\/www2.uepg.br\/eleicao\/wp-json\/wp\/v2\/pages\/777\/revisions\/807"}],"wp:attachment":[{"href":"https:\/\/www2.uepg.br\/eleicao\/wp-json\/wp\/v2\/media?parent=777"}],"curies":[{"name":"wp","href":"https:\/\/api.w.org\/{rel}","templated":true}]}}