{"id":809,"date":"2022-05-05T12:39:29","date_gmt":"2022-05-05T15:39:29","guid":{"rendered":"https:\/\/www2.uepg.br\/eleicao\/?page_id=809"},"modified":"2024-07-31T11:21:56","modified_gmt":"2024-07-31T14:21:56","slug":"representante-cipa-2022","status":"publish","type":"page","link":"https:\/\/www2.uepg.br\/eleicao\/representante-cipa-2022\/","title":{"rendered":"Comiss\u00e3o Interna de Preven\u00e7\u00e3o de Acidentes e de Ass\u00e9dio &#8211; CIPA"},"content":{"rendered":"<div id=\"pl-809\"  class=\"panel-layout\" ><div id=\"pg-809-0\"  class=\"panel-grid panel-no-style\" ><div id=\"pgc-809-0-0\"  class=\"panel-grid-cell\" ><div id=\"panel-809-0-0-0\" class=\"so-panel widget widget_listcategorypostswidget panel-first-child panel-last-child\" data-index=\"0\" ><h3 class=\"widget-title\"> <\/h3><ul class=\"lcp_catlist\" id=\"lcp_instance_listcategorypostswidget-1\"><li><a href=\"https:\/\/www2.uepg.br\/eleicao\/comissao-interna-de-prevencao-de-acidentes-e-de-assedio-cipa\/\">Comiss\u00e3o Interna de Preven\u00e7\u00e3o de Acidentes e de Ass\u00e9dio &#8211; CIPA<\/a>  22 de julho de 2025<\/li><\/ul><a href=\"https:\/\/www2.uepg.br\/eleicao\/category\/representante-cipa\/\"> <\/a><\/div><\/div><\/div><\/div>","protected":false},"excerpt":{"rendered":"<p>Comiss\u00e3o Interna de Preven\u00e7\u00e3o de Acidentes e de Ass\u00e9dio &#8211; CIPA 22 de julho de 2025<\/p>\n","protected":false},"author":378,"featured_media":0,"parent":0,"menu_order":0,"comment_status":"closed","ping_status":"closed","template":"","meta":[],"_links":{"self":[{"href":"https:\/\/www2.uepg.br\/eleicao\/wp-json\/wp\/v2\/pages\/809"}],"collection":[{"href":"https:\/\/www2.uepg.br\/eleicao\/wp-json\/wp\/v2\/pages"}],"about":[{"href":"https:\/\/www2.uepg.br\/eleicao\/wp-json\/wp\/v2\/types\/page"}],"author":[{"embeddable":true,"href":"https:\/\/www2.uepg.br\/eleicao\/wp-json\/wp\/v2\/users\/378"}],"replies":[{"embeddable":true,"href":"https:\/\/www2.uepg.br\/eleicao\/wp-json\/wp\/v2\/comments?post=809"}],"version-history":[{"count":8,"href":"https:\/\/www2.uepg.br\/eleicao\/wp-json\/wp\/v2\/pages\/809\/revisions"}],"predecessor-version":[{"id":1117,"href":"https:\/\/www2.uepg.br\/eleicao\/wp-json\/wp\/v2\/pages\/809\/revisions\/1117"}],"wp:attachment":[{"href":"https:\/\/www2.uepg.br\/eleicao\/wp-json\/wp\/v2\/media?parent=809"}],"curies":[{"name":"wp","href":"https:\/\/api.w.org\/{rel}","templated":true}]}}