{"id":829,"date":"2022-06-20T08:56:07","date_gmt":"2022-06-20T11:56:07","guid":{"rendered":"https:\/\/www2.uepg.br\/eleicao\/?page_id=829"},"modified":"2022-06-20T08:56:07","modified_gmt":"2022-06-20T11:56:07","slug":"diretor-ciencias-biologicas-saude-2022","status":"publish","type":"page","link":"https:\/\/www2.uepg.br\/eleicao\/diretor-ciencias-biologicas-saude-2022\/","title":{"rendered":"Elei\u00e7\u00f5es para Diretor e Diretor Adjunto de Setor de Ci\u00eancias Biol\u00f3gicas e da Sa\u00fade da UEPG &#8211; 2022"},"content":{"rendered":"<div id=\"pl-829\"  class=\"panel-layout\" ><div id=\"pg-829-0\"  class=\"panel-grid panel-no-style\" ><div id=\"pgc-829-0-0\"  class=\"panel-grid-cell\" ><div id=\"panel-829-0-0-0\" class=\"so-panel widget widget_listcategorypostswidget panel-first-child panel-last-child\" data-index=\"0\" ><h3 class=\"widget-title\"> <\/h3><ul class=\"lcp_catlist\" id=\"lcp_instance_listcategorypostswidget-1\"><li><a href=\"https:\/\/www2.uepg.br\/eleicao\/edital-no-03-2022-suspende-o-procedimento-de-votacao-e-aclama-a-chapa-unica-para-diretor-e-diretor-adjunto-de-setor-de-ciencias-biologicas-e-da-saude-da-uepg\/\">Edital N\u00ba 03\/2022 &#8211; Suspende o procedimento de vota\u00e7\u00e3o e aclama a chapa \u00fanica para Diretor e Diretor Adjunto de Setor de Ci\u00eancias Biol\u00f3gicas e da Sa\u00fade da UEPG<\/a>  1 de julho de 2022<\/li><li><a href=\"https:\/\/www2.uepg.br\/eleicao\/edital-no-02-2022-deferimento-de-inscricao-de-chapa-unica-para-diretor-e-diretor-adjunto-de-setor-de-ciencias-biologicas-e-da-saude-da-uepg\/\">Edital N\u00ba 02\/2022 &#8211; Deferimento de Inscri\u00e7\u00e3o de chapa \u00fanica para Diretor e Diretor Adjunto de Setor de Ci\u00eancias Biol\u00f3gicas e da Sa\u00fade da UEPG<\/a>  1 de julho de 2022<\/li><li><a href=\"https:\/\/www2.uepg.br\/eleicao\/edital-no-01-2022-edital-para-eleicoes-para-diretor-e-diretor-adjunto-de-setor-de-ciencias-biologicas-e-da-saude-da-uepg\/\">Edital N\u00ba 01\/2022 &#8211; Elei\u00e7\u00f5es para Diretor e Diretor Adjunto de Setor de Ci\u00eancias Biol\u00f3gicas e da Sa\u00fade da UEPG \u2013 2022<\/a>  14 de junho de 2022<\/li><li><a href=\"https:\/\/www2.uepg.br\/eleicao\/portaria-r-no-2022-339\/\">Portaria R. &#8211; N\u00ba 2022.339<\/a>  13 de junho de 2022<\/li><li><a href=\"https:\/\/www2.uepg.br\/eleicao\/portaria-r-no-2022-285\/\">Portaria R. &#8211; N\u00ba 2022.285<\/a>  30 de maio de 2022<\/li><\/ul><a href=\"https:\/\/www2.uepg.br\/eleicao\/category\/diretor-ciencias-biologicas-saude-2022\/\"> <\/a><\/div><\/div><\/div><\/div>","protected":false},"excerpt":{"rendered":"<p>Edital N\u00ba 03\/2022 &#8211; Suspende o procedimento de vota\u00e7\u00e3o e aclama a chapa \u00fanica para Diretor e Diretor Adjunto de Setor de Ci\u00eancias Biol\u00f3gicas e da Sa\u00fade da UEPG 1 de julho de 2022Edital N\u00ba 02\/2022 &#8211; Deferimento de Inscri\u00e7\u00e3o de chapa \u00fanica para Diretor e Diretor Adjunto de Setor de Ci\u00eancias Biol\u00f3gicas e da&nbsp;&hellip;<\/p>\n","protected":false},"author":378,"featured_media":0,"parent":0,"menu_order":0,"comment_status":"closed","ping_status":"closed","template":"","meta":[],"_links":{"self":[{"href":"https:\/\/www2.uepg.br\/eleicao\/wp-json\/wp\/v2\/pages\/829"}],"collection":[{"href":"https:\/\/www2.uepg.br\/eleicao\/wp-json\/wp\/v2\/pages"}],"about":[{"href":"https:\/\/www2.uepg.br\/eleicao\/wp-json\/wp\/v2\/types\/page"}],"author":[{"embeddable":true,"href":"https:\/\/www2.uepg.br\/eleicao\/wp-json\/wp\/v2\/users\/378"}],"replies":[{"embeddable":true,"href":"https:\/\/www2.uepg.br\/eleicao\/wp-json\/wp\/v2\/comments?post=829"}],"version-history":[{"count":4,"href":"https:\/\/www2.uepg.br\/eleicao\/wp-json\/wp\/v2\/pages\/829\/revisions"}],"predecessor-version":[{"id":833,"href":"https:\/\/www2.uepg.br\/eleicao\/wp-json\/wp\/v2\/pages\/829\/revisions\/833"}],"wp:attachment":[{"href":"https:\/\/www2.uepg.br\/eleicao\/wp-json\/wp\/v2\/media?parent=829"}],"curies":[{"name":"wp","href":"https:\/\/api.w.org\/{rel}","templated":true}]}}