{"id":933,"date":"2022-12-19T15:41:25","date_gmt":"2022-12-19T18:41:25","guid":{"rendered":"https:\/\/www2.uepg.br\/eleicao\/?page_id=933"},"modified":"2023-05-15T09:19:38","modified_gmt":"2023-05-15T12:19:38","slug":"eleicao-para-reprsentante-docente-junto-ao-conselho-de-administracao-2023-2024-2","status":"publish","type":"page","link":"https:\/\/www2.uepg.br\/eleicao\/eleicao-para-reprsentante-docente-junto-ao-conselho-de-administracao-2023-2024-2\/","title":{"rendered":"Elei\u00e7\u00e3o para Representante Docente junto ao Conselho de Administra\u00e7\u00e3o &#8211; 2023\/2024"},"content":{"rendered":"<ul>\n<li>Portaria R. n\u00ba <a href=\"http:\/\/www2.uepg.br\/eleicao\/wp-content\/uploads\/sites\/175\/2023\/04\/Port2023.315.pdf\">2023.315<\/a>\u00a0&#8211; Convoca elei\u00e7\u00f5es<\/li>\n<li>Edital n\u00ba<a href=\"http:\/\/www2.uepg.br\/eleicao\/wp-content\/uploads\/sites\/175\/2023\/04\/EDITAL-19-REPRESENTANTE-DOCENTE-CA-2023.pdf\"> 19\/2023<\/a><\/li>\n<li>Edital n\u00ba <a href=\"http:\/\/www2.uepg.br\/eleicao\/wp-content\/uploads\/sites\/175\/2023\/05\/EDITAL-20-REPRESENTANTE-DOCENTE.pdf\">20\/2023<\/a> &#8211; prorroga prazo de inscri\u00e7\u00e3o<\/li>\n<li>Edital n\u00ba <a href=\"http:\/\/www2.uepg.br\/eleicao\/wp-content\/uploads\/sites\/175\/2023\/05\/Edital-21-deferimento-inscricao-representante-docente.pdf\">21\/2023<\/a> &#8211; deferimento<\/li>\n<li>Edital n\u00ba <a href=\"http:\/\/www2.uepg.br\/eleicao\/wp-content\/uploads\/sites\/175\/2023\/05\/EDITAL-22-ACLAMACAO-REPRESENTANTE-DOCENTE-CA.pdf\">22\/2023<\/a> &#8211; Aclama\u00e7\u00e3o<\/li>\n<\/ul>\n","protected":false},"excerpt":{"rendered":"<p>Portaria R. n\u00ba 2023.315\u00a0&#8211; Convoca elei\u00e7\u00f5es Edital n\u00ba 19\/2023 Edital n\u00ba 20\/2023 &#8211; prorroga prazo de inscri\u00e7\u00e3o Edital n\u00ba 21\/2023 &#8211; deferimento Edital n\u00ba 22\/2023 &#8211; Aclama\u00e7\u00e3o<\/p>\n","protected":false},"author":582,"featured_media":0,"parent":0,"menu_order":0,"comment_status":"closed","ping_status":"closed","template":"","meta":[],"_links":{"self":[{"href":"https:\/\/www2.uepg.br\/eleicao\/wp-json\/wp\/v2\/pages\/933"}],"collection":[{"href":"https:\/\/www2.uepg.br\/eleicao\/wp-json\/wp\/v2\/pages"}],"about":[{"href":"https:\/\/www2.uepg.br\/eleicao\/wp-json\/wp\/v2\/types\/page"}],"author":[{"embeddable":true,"href":"https:\/\/www2.uepg.br\/eleicao\/wp-json\/wp\/v2\/users\/582"}],"replies":[{"embeddable":true,"href":"https:\/\/www2.uepg.br\/eleicao\/wp-json\/wp\/v2\/comments?post=933"}],"version-history":[{"count":23,"href":"https:\/\/www2.uepg.br\/eleicao\/wp-json\/wp\/v2\/pages\/933\/revisions"}],"predecessor-version":[{"id":1043,"href":"https:\/\/www2.uepg.br\/eleicao\/wp-json\/wp\/v2\/pages\/933\/revisions\/1043"}],"wp:attachment":[{"href":"https:\/\/www2.uepg.br\/eleicao\/wp-json\/wp\/v2\/media?parent=933"}],"curies":[{"name":"wp","href":"https:\/\/api.w.org\/{rel}","templated":true}]}}