{"id":935,"date":"2022-12-19T15:44:00","date_gmt":"2022-12-19T18:44:00","guid":{"rendered":"https:\/\/www2.uepg.br\/eleicao\/?page_id=935"},"modified":"2023-03-01T09:01:04","modified_gmt":"2023-03-01T12:01:04","slug":"representacao-docente-dos-setores-cepe-ca-2023","status":"publish","type":"page","link":"https:\/\/www2.uepg.br\/eleicao\/representacao-docente-dos-setores-cepe-ca-2023\/","title":{"rendered":"Elei\u00e7\u00e3o de Representa\u00e7\u00e3o Docente dos Setores junto ao CEPE e do Conselho de Administra\u00e7\u00e3o &#8211; 2023"},"content":{"rendered":"<ul>\n<li>Portaria R. n\u00ba <a href=\"http:\/\/www2.uepg.br\/eleicao\/wp-content\/uploads\/sites\/175\/2022\/12\/Port2022.825.pdf\">2022.825<\/a> &#8211; Convoca elei\u00e7\u00f5es, defina a data e designa a Comiss\u00e3o<\/li>\n<li><a href=\"http:\/\/www2.uepg.br\/eleicao\/wp-content\/uploads\/sites\/175\/2022\/12\/EDITAL_3_REPRESENTANTE_DOCENTE.pdf\">Edital n\u00ba 03\/2023<\/a><\/li>\n<li><a href=\"http:\/\/www2.uepg.br\/eleicao\/wp-content\/uploads\/sites\/175\/2023\/02\/edital-prorrogacao-inscricao-CEPE.pdf\" target=\"_blank\" rel=\"noopener\">Edital 04\/2023 &#8211; Prorroga inscri\u00e7\u00e3o CEPE<\/a><\/li>\n<li><a href=\"http:\/\/www2.uepg.br\/eleicao\/wp-content\/uploads\/sites\/175\/2023\/02\/edital_06_representante_docente_deferimento.pdf\">Edital n\u00ba 06\/2023<\/a> &#8211; Defere as inscri\u00e7\u00f5es CEPE e CA<\/li>\n<li><a href=\"http:\/\/www2.uepg.br\/eleicao\/wp-content\/uploads\/sites\/175\/2023\/02\/edital-08-aclamaA\u0303\u00a7A\u0303o-CEPE-e-CA.pdf\">Edital n\u00ba 08\/2023<\/a> &#8211; Aclama chapas CEPE e CA<\/li>\n<li><a href=\"http:\/\/www2.uepg.br\/eleicao\/wp-content\/uploads\/sites\/175\/2023\/03\/Edital-15-Aclamacao-Chapa-CEPE-representante-docente-SEXATAS.pdf\">Edital n\u00ba 15\u00a0 &#8211; Aclama Chapa CEPE representante docente SEXATAS<\/a><\/li>\n<\/ul>\n","protected":false},"excerpt":{"rendered":"<p>Portaria R. n\u00ba 2022.825 &#8211; Convoca elei\u00e7\u00f5es, defina a data e designa a Comiss\u00e3o Edital n\u00ba 03\/2023 Edital 04\/2023 &#8211; Prorroga inscri\u00e7\u00e3o CEPE Edital n\u00ba 06\/2023 &#8211; Defere as inscri\u00e7\u00f5es CEPE e CA Edital n\u00ba 08\/2023 &#8211; Aclama chapas CEPE e CA Edital n\u00ba 15\u00a0 &#8211; Aclama Chapa CEPE representante docente SEXATAS<\/p>\n","protected":false},"author":582,"featured_media":0,"parent":0,"menu_order":0,"comment_status":"closed","ping_status":"closed","template":"","meta":[],"_links":{"self":[{"href":"https:\/\/www2.uepg.br\/eleicao\/wp-json\/wp\/v2\/pages\/935"}],"collection":[{"href":"https:\/\/www2.uepg.br\/eleicao\/wp-json\/wp\/v2\/pages"}],"about":[{"href":"https:\/\/www2.uepg.br\/eleicao\/wp-json\/wp\/v2\/types\/page"}],"author":[{"embeddable":true,"href":"https:\/\/www2.uepg.br\/eleicao\/wp-json\/wp\/v2\/users\/582"}],"replies":[{"embeddable":true,"href":"https:\/\/www2.uepg.br\/eleicao\/wp-json\/wp\/v2\/comments?post=935"}],"version-history":[{"count":12,"href":"https:\/\/www2.uepg.br\/eleicao\/wp-json\/wp\/v2\/pages\/935\/revisions"}],"predecessor-version":[{"id":1008,"href":"https:\/\/www2.uepg.br\/eleicao\/wp-json\/wp\/v2\/pages\/935\/revisions\/1008"}],"wp:attachment":[{"href":"https:\/\/www2.uepg.br\/eleicao\/wp-json\/wp\/v2\/media?parent=935"}],"curies":[{"name":"wp","href":"https:\/\/api.w.org\/{rel}","templated":true}]}}