{"id":6651,"date":"2025-06-12T08:49:20","date_gmt":"2025-06-12T11:49:20","guid":{"rendered":"https:\/\/www2.uepg.br\/elos\/?page_id=6651"},"modified":"2025-09-11T15:35:47","modified_gmt":"2025-09-11T18:35:47","slug":"elos-em-fluxo","status":"publish","type":"page","link":"https:\/\/www2.uepg.br\/elos\/elos-em-fluxo\/","title":{"rendered":"Elos em Fluxo"},"content":{"rendered":"<div id=\"pl-6651\"  class=\"panel-layout\" ><div id=\"pg-6651-0\"  class=\"panel-grid panel-has-style\" ><div class=\"siteorigin-panels-stretch panel-row-style panel-row-style-for-6651-0\" data-stretch-type=\"full-stretched-padded\" ><div id=\"pgc-6651-0-0\"  class=\"panel-grid-cell\" ><div id=\"panel-6651-0-0-0\" class=\"so-panel widget widget_media_video panel-first-child panel-last-child\" data-index=\"0\" ><div style=\"width:100%;\" class=\"wp-video\"><!--[if lt IE 9]><script>document.createElement('video');<\/script><![endif]-->\n<video class=\"wp-video-shortcode\" id=\"video-6651-1\" preload=\"metadata\" controls=\"controls\"><source type=\"video\/youtube\" src=\"https:\/\/www.youtube.com\/watch?v=dtBaKq-8SfI&#038;_=1\" \/><a href=\"https:\/\/www.youtube.com\/watch?v=dtBaKq-8SfI\">https:\/\/www.youtube.com\/watch?v=dtBaKq-8SfI<\/a><\/video><\/div><\/div><\/div><div id=\"pgc-6651-0-1\"  class=\"panel-grid-cell\" ><div id=\"panel-6651-0-1-0\" class=\"so-panel widget widget_text panel-first-child panel-last-child\" data-index=\"1\" ><div class=\"panel-widget-style panel-widget-style-for-6651-0-1-0\" >\t\t\t<div class=\"textwidget\"><p>O Elos Em Fluxo \u00e9 um mesacast produzido pelos estudantes de Jornalismo da Universidade Estadual de Ponta Grossa, atrav\u00e9s do projeto de extens\u00e3o Elos &#8211; Jornalismo, Direitos Humanos e Forma\u00e7\u00e3o Cidad\u00e3. Em nosso terceiro epis\u00f3dio, a mestranda Sofia Villagra traz o debate sobre como o jornalismo \u00e9 afetado por um governo de extrema-direita, em especial as m\u00eddias comunit\u00e1rias que d\u00e3o voz a pessoas que, de outra forma, n\u00e3o teriam espa\u00e7o de fala.<\/p>\n<\/div>\n\t\t<\/div><\/div><\/div><\/div><\/div><div id=\"pg-6651-1\"  class=\"panel-grid panel-has-style\" ><div class=\"siteorigin-panels-stretch panel-row-style panel-row-style-for-6651-1\" data-stretch-type=\"full-stretched-padded\" ><div id=\"pgc-6651-1-0\"  class=\"panel-grid-cell\" ><div id=\"panel-6651-1-0-0\" class=\"so-panel widget widget_text panel-first-child panel-last-child\" data-index=\"2\" ><div class=\"panel-widget-style panel-widget-style-for-6651-1-0-0\" >\t\t\t<div class=\"textwidget\"><p>O Elos Em Fluxo \u00e9 um mesacast produzido pelos estudantes de Jornalismo da Universidade Estadual de Ponta Grossa, atrav\u00e9s do projeto de extens\u00e3o Elos &#8211; Jornalismo, Direitos Humanos e Forma\u00e7\u00e3o Cidad\u00e3. Em nosso segundo epis\u00f3dio, a convidada \u00e9 Clara Prado, graduada em Letras e mestre em Estudos de Linguagem, al\u00e9m de atuar em v\u00e1rios movimentos sociais da cidade de Ponta Grossa. Na conversa, foram debatidos o contexto hist\u00f3rico do feminismo, suas diferentes vertentes e como diferentes viv\u00eancias interagem com a luta pela equidade de g\u00eanero.<\/p>\n<\/div>\n\t\t<\/div><\/div><\/div><div id=\"pgc-6651-1-1\"  class=\"panel-grid-cell\" ><div id=\"panel-6651-1-1-0\" class=\"so-panel widget widget_media_video panel-first-child panel-last-child\" data-index=\"3\" ><div style=\"width:100%;\" class=\"wp-video\"><video class=\"wp-video-shortcode\" id=\"video-6651-2\" preload=\"metadata\" controls=\"controls\"><source type=\"video\/youtube\" src=\"https:\/\/www.youtube.com\/watch?v=bJzoKZhksoE&#038;t=111s&#038;_=2\" \/><a href=\"https:\/\/www.youtube.com\/watch?v=bJzoKZhksoE&#038;t=111s\">https:\/\/www.youtube.com\/watch?v=bJzoKZhksoE&#038;t=111s<\/a><\/video><\/div><\/div><\/div><\/div><\/div><div id=\"pg-6651-2\"  class=\"panel-grid panel-has-style\" ><div class=\"siteorigin-panels-stretch panel-row-style panel-row-style-for-6651-2\" data-stretch-type=\"full-stretched-padded\" ><div id=\"pgc-6651-2-0\"  class=\"panel-grid-cell\" ><div id=\"panel-6651-2-0-0\" class=\"so-panel widget widget_media_video panel-first-child panel-last-child\" data-index=\"4\" ><div style=\"width:100%;\" class=\"wp-video\"><video class=\"wp-video-shortcode\" id=\"video-6651-3\" preload=\"metadata\" controls=\"controls\"><source type=\"video\/youtube\" src=\"https:\/\/www.youtube.com\/watch?v=dtBaKq-8SfI&#038;_=3\" \/><a href=\"https:\/\/www.youtube.com\/watch?v=dtBaKq-8SfI\">https:\/\/www.youtube.com\/watch?v=dtBaKq-8SfI<\/a><\/video><\/div><\/div><\/div><div id=\"pgc-6651-2-1\"  class=\"panel-grid-cell\" ><div id=\"panel-6651-2-1-0\" class=\"so-panel widget widget_text panel-first-child panel-last-child\" data-index=\"5\" ><div class=\"panel-widget-style panel-widget-style-for-6651-2-1-0\" >\t\t\t<div class=\"textwidget\"><p>O Elos Em Fluxo \u00e9 um mesacast produzido pelos estudantes de Jornalismo da Universidade Estadual de Ponta Grossa, atrav\u00e9s do projeto de extens\u00e3o Elos &#8211; Jornalismo, Direitos Humanos e Forma\u00e7\u00e3o Cidad\u00e3. Em nosso terceiro epis\u00f3dio, a mestranda Sofia Villagra traz o debate sobre como o jornalismo \u00e9 afetado por um governo de extrema-direita, em especial as m\u00eddias comunit\u00e1rias que d\u00e3o voz a pessoas que, de outra forma, n\u00e3o teriam espa\u00e7o de fala.<\/p>\n<\/div>\n\t\t<\/div><\/div><\/div><\/div><\/div><div id=\"pg-6651-3\"  class=\"panel-grid panel-has-style\" ><div class=\"siteorigin-panels-stretch panel-row-style panel-row-style-for-6651-3\" data-stretch-type=\"full-stretched-padded\" ><div id=\"pgc-6651-3-0\"  class=\"panel-grid-cell\" ><div id=\"panel-6651-3-0-0\" class=\"so-panel widget widget_text panel-first-child panel-last-child\" data-index=\"6\" ><div class=\"panel-widget-style panel-widget-style-for-6651-3-0-0\" >\t\t\t<div class=\"textwidget\"><p>O Elos Em Fluxo \u00e9 um mesacast produzido pelos estudantes de Jornalismo da Universidade Estadual de Ponta Grossa, atrav\u00e9s do projeto de extens\u00e3o Elos &#8211; Jornalismo, Direitos Humanos e Forma\u00e7\u00e3o Cidad\u00e3. Em nosso segundo epis\u00f3dio, a convidada \u00e9 Clara Prado, graduada em Letras e mestre em Estudos de Linguagem, al\u00e9m de atuar em v\u00e1rios movimentos sociais da cidade de Ponta Grossa. Na conversa, foram debatidos o contexto hist\u00f3rico do feminismo, suas diferentes vertentes e como diferentes viv\u00eancias interagem com a luta pela equidade de g\u00eanero.<\/p>\n<\/div>\n\t\t<\/div><\/div><\/div><div id=\"pgc-6651-3-1\"  class=\"panel-grid-cell\" ><div id=\"panel-6651-3-1-0\" class=\"so-panel widget widget_media_video panel-first-child panel-last-child\" data-index=\"7\" ><div style=\"width:100%;\" class=\"wp-video\"><video class=\"wp-video-shortcode\" id=\"video-6651-4\" preload=\"metadata\" controls=\"controls\"><source type=\"video\/youtube\" src=\"https:\/\/www.youtube.com\/watch?v=bJzoKZhksoE&#038;t=111s&#038;_=4\" \/><a href=\"https:\/\/www.youtube.com\/watch?v=bJzoKZhksoE&#038;t=111s\">https:\/\/www.youtube.com\/watch?v=bJzoKZhksoE&#038;t=111s<\/a><\/video><\/div><\/div><\/div><\/div><\/div><div id=\"pg-6651-4\"  class=\"panel-grid panel-has-style\" ><div class=\"siteorigin-panels-stretch panel-row-style panel-row-style-for-6651-4\" data-stretch-type=\"full-stretched-padded\" ><div id=\"pgc-6651-4-0\"  class=\"panel-grid-cell\" ><div id=\"panel-6651-4-0-0\" class=\"so-panel widget widget_media_video panel-first-child panel-last-child\" data-index=\"8\" ><div style=\"width:100%;\" class=\"wp-video\"><video class=\"wp-video-shortcode\" id=\"video-6651-5\" preload=\"metadata\" controls=\"controls\"><source type=\"video\/youtube\" src=\"https:\/\/youtu.be\/uuCwOZW0wyE?si=iX8G453E52il4nvi&#038;_=5\" \/><a href=\"https:\/\/youtu.be\/uuCwOZW0wyE?si=iX8G453E52il4nvi\">https:\/\/youtu.be\/uuCwOZW0wyE?si=iX8G453E52il4nvi<\/a><\/video><\/div><\/div><\/div><div id=\"pgc-6651-4-1\"  class=\"panel-grid-cell\" ><div id=\"panel-6651-4-1-0\" class=\"so-panel widget widget_text panel-first-child panel-last-child\" data-index=\"9\" ><div class=\"panel-widget-style panel-widget-style-for-6651-4-1-0\" >\t\t\t<div class=\"textwidget\"><p>O Elos Em Fluxo \u00e9 um mesacast produzido pelos estudantes de Jornalismo da Universidade Estadual de Ponta Grossa, atrav\u00e9s do projeto de extens\u00e3o Elos &#8211; Jornalismo, Direitos Humanos e Forma\u00e7\u00e3o Cidad\u00e3. Em nosso epis\u00f3dio de estreia, convidamos Joselba Hass para uma conversa sobre como \u00e9 a vida de pessoas com c\u00e2ncer. Joselba \u00e9 paciente oncol\u00f3gica h\u00e1 mais de 8 anos, e esteve presente no processo de cria\u00e7\u00e3o de grupos de apoio para pacientes em Ponta Grossa e Palmeira. Durante a conversa, foram abordados temas como o processo de diagn\u00f3stico; as consequ\u00eancias f\u00edsicas, psicol\u00f3gicas e sociais da doen\u00e7a; como o tratamento afeta o paciente e todos ao seu redor; e qual a import\u00e2ncia da exist\u00eancia de grupos de apoio que compartilham desafios e viv\u00eancias.<\/p>\n<\/div>\n\t\t<\/div><\/div><\/div><\/div><\/div><\/div>","protected":false},"excerpt":{"rendered":"<p>O Elos Em Fluxo \u00e9 um mesacast produzido pelos estudantes de Jornalismo da Universidade Estadual de Ponta Grossa, atrav\u00e9s do projeto de extens\u00e3o Elos &#8211; Jornalismo, Direitos Humanos e Forma\u00e7\u00e3o Cidad\u00e3. Em nosso terceiro epis\u00f3dio, a mestranda Sofia Villagra traz o debate sobre como o jornalismo \u00e9 afetado por um governo de extrema-direita, em especial&nbsp;&hellip;<\/p>\n","protected":false},"author":846,"featured_media":0,"parent":0,"menu_order":0,"comment_status":"closed","ping_status":"closed","template":"","meta":[],"_links":{"self":[{"href":"https:\/\/www2.uepg.br\/elos\/wp-json\/wp\/v2\/pages\/6651"}],"collection":[{"href":"https:\/\/www2.uepg.br\/elos\/wp-json\/wp\/v2\/pages"}],"about":[{"href":"https:\/\/www2.uepg.br\/elos\/wp-json\/wp\/v2\/types\/page"}],"author":[{"embeddable":true,"href":"https:\/\/www2.uepg.br\/elos\/wp-json\/wp\/v2\/users\/846"}],"replies":[{"embeddable":true,"href":"https:\/\/www2.uepg.br\/elos\/wp-json\/wp\/v2\/comments?post=6651"}],"version-history":[{"count":16,"href":"https:\/\/www2.uepg.br\/elos\/wp-json\/wp\/v2\/pages\/6651\/revisions"}],"predecessor-version":[{"id":6861,"href":"https:\/\/www2.uepg.br\/elos\/wp-json\/wp\/v2\/pages\/6651\/revisions\/6861"}],"wp:attachment":[{"href":"https:\/\/www2.uepg.br\/elos\/wp-json\/wp\/v2\/media?parent=6651"}],"curies":[{"name":"wp","href":"https:\/\/api.w.org\/{rel}","templated":true}]}}