{"id":6675,"date":"2025-06-12T08:56:33","date_gmt":"2025-06-12T11:56:33","guid":{"rendered":"https:\/\/www2.uepg.br\/elos\/?page_id=6675"},"modified":"2025-09-11T14:27:14","modified_gmt":"2025-09-11T17:27:14","slug":"o-projeto","status":"publish","type":"page","link":"https:\/\/www2.uepg.br\/elos\/o-projeto\/","title":{"rendered":"O projeto"},"content":{"rendered":"<div id=\"pl-6675\"  class=\"panel-layout\" ><div id=\"pg-6675-0\"  class=\"panel-grid panel-no-style\" ><div id=\"pgc-6675-0-0\"  class=\"panel-grid-cell\" ><div id=\"panel-6675-0-0-0\" class=\"so-panel widget widget_sow-editor panel-first-child panel-last-child\" data-index=\"0\" ><div\n\t\t\t\n\t\t\tclass=\"so-widget-sow-editor so-widget-sow-editor-base\"\n\t\t\t\n\t\t>\n<div class=\"siteorigin-widget-tinymce textwidget\">\n\t<h2 data-start=\"303\" data-end=\"318\">Quem Somos<\/h2>\n<p data-start=\"320\" data-end=\"719\">O <strong data-start=\"322\" data-end=\"399\">Projeto de Extens\u00e3o Elos \u2013 Jornalismo, Direitos Humanos e Forma\u00e7\u00e3o Cidad\u00e3<\/strong> nasceu em <strong data-start=\"410\" data-end=\"418\">2016<\/strong>, no curso de <strong data-start=\"432\" data-end=\"494\">Jornalismo da Universidade Estadual de Ponta Grossa (UEPG)<\/strong>, como resposta ao avan\u00e7o de discursos ultraconservadores no Brasil. Desde ent\u00e3o, tornou-se um espa\u00e7o de <strong data-start=\"599\" data-end=\"619\">forma\u00e7\u00e3o cr\u00edtica<\/strong> e de <strong data-start=\"625\" data-end=\"716\">produ\u00e7\u00e3o jornal\u00edstica comprometida com os direitos humanos, a cidadania e a diversidade<\/strong>.<\/p>\n<p data-start=\"721\" data-end=\"1004\">Coordenado pelas professoras <strong data-start=\"748\" data-end=\"770\">Paula Melani Rocha<\/strong><span data-start=\"748\" data-end=\"770\">, <\/span><strong data-start=\"806\" data-end=\"833\">Graziela Soares Bianchi<\/strong> e <strong data-start=\"836\" data-end=\"861\">Karina Janz Woitowicz<\/strong>, o Elos aproxima universidade, comunidade escolar e movimentos sociais, unindo <strong data-start=\"941\" data-end=\"972\">jornalismo e educomunica\u00e7\u00e3o<\/strong> para fortalecer a democracia.<\/p>\n<h3 data-start=\"1006\" data-end=\"1024\">Nossa miss\u00e3o<\/h3>\n<p data-start=\"1025\" data-end=\"1259\">Produzir conte\u00fados jornal\u00edsticos e educativos que defendam os <strong data-start=\"1087\" data-end=\"1136\">direitos humanos universais e constitucionais<\/strong>, como o direito \u00e0 educa\u00e7\u00e3o, a igualdade de g\u00eanero e ra\u00e7a, a liberdade religiosa e a valoriza\u00e7\u00e3o da diversidade cultural.<\/p>\n<h3 data-start=\"1261\" data-end=\"1280\">O que fazemos<\/h3>\n<ul data-start=\"1281\" data-end=\"2098\">\n<li data-start=\"1281\" data-end=\"1471\">\n<p data-start=\"1283\" data-end=\"1471\"><strong data-start=\"1283\" data-end=\"1300\">Jornal Escola e outras produ\u00e7\u00f5es em parceria com institui\u00e7\u00f5es de ensino<\/strong>: oficinas em col\u00e9gios p\u00fablicos de Ponta Grossa, onde estudantes aprendem fundamentos do jornalismo, como pauta, apura\u00e7\u00e3o, fotografia e diagrama\u00e7\u00e3o de jornais impressos, assim como produ\u00e7\u00e3o, grava\u00e7\u00e3o e edi\u00e7\u00e3o de conte\u00fado em \u00e1udio como radiojornais e podcasts.<\/p>\n<\/li>\n<li data-start=\"1472\" data-end=\"1635\">\n<p data-start=\"1474\" data-end=\"1635\"><strong data-start=\"1474\" data-end=\"1497\">Produ\u00e7\u00e3o multim\u00eddia<\/strong>: conte\u00fados em texto, \u00e1udio, v\u00eddeo e fotografia, publicados no <strong data-start=\"1560\" data-end=\"1579\">site do projeto<\/strong> e em redes sociais (Instagram, Facebook e Twitter\/X).<\/p>\n<\/li>\n<li data-start=\"1636\" data-end=\"1902\">\n<p data-start=\"1638\" data-end=\"1902\"><strong data-start=\"1638\" data-end=\"1679\">Document\u00e1rios e reportagens especiais<\/strong>: destaque para o registro da luta por moradia na <strong data-start=\"1729\" data-end=\"1761\">Ocupa\u00e7\u00e3o Ericson John Duarte<\/strong> e para o document\u00e1rio <strong data-start=\"1784\" data-end=\"1815\">\u201cSobre Viv\u00eancias Travestis\u201d<\/strong>, que retrata as hist\u00f3rias de <strong data-start=\"1845\" data-end=\"1859\">Debora Lee<\/strong> e <strong data-start=\"1862\" data-end=\"1883\">Fernanda Riquelme<\/strong> em Ponta Grossa.<\/p>\n<\/li>\n<li data-start=\"1903\" data-end=\"2098\">\n<p data-start=\"1905\" data-end=\"2098\"><strong data-start=\"1905\" data-end=\"1942\">Eventos acad\u00eamicos e comunit\u00e1rios<\/strong>: como o <strong data-start=\"1951\" data-end=\"1984\">Col\u00f3quio Mulheres e Sociedade<\/strong>, realizado a cada dois anos, reunindo especialistas para debater direitos das mulheres e de grupos minorizados.<\/p>\n<\/li>\n<\/ul>\n<h3 data-start=\"2100\" data-end=\"2119\">Nosso impacto<\/h3>\n<p data-start=\"2120\" data-end=\"2341\">O Elos j\u00e1 contribuiu para o fortalecimento da <strong data-start=\"2166\" data-end=\"2203\">identidade estudantil nas escolas<\/strong>, para a <strong data-start=\"2212\" data-end=\"2250\">visibilidade de movimentos sociais<\/strong> e para a forma\u00e7\u00e3o de uma gera\u00e7\u00e3o de jornalistas mais conscientes, plurais e humanizados.<\/p>\n<h3 data-start=\"2912\" data-end=\"2939\">Olhando para o futuro<\/h3>\n<p data-start=\"2940\" data-end=\"3232\">Com mais de <strong data-start=\"2952\" data-end=\"2979\">seis anos de trajet\u00f3ria<\/strong>, o Elos segue ampliando parcerias com escolas, movimentos sociais e entidades p\u00fablicas de Ponta Grossa, reafirmando seu compromisso com a <strong data-start=\"3118\" data-end=\"3229\">extens\u00e3o universit\u00e1ria, o jornalismo comunit\u00e1rio e a defesa dos direitos humanos em todas as suas dimens\u00f5es<\/strong>.<\/p>\n<p><\/p>\n<\/div>\n<\/div><\/div><\/div><\/div><div id=\"pg-6675-1\"  class=\"panel-grid panel-no-style\" ><div id=\"pgc-6675-1-0\"  class=\"panel-grid-cell\" ><div id=\"panel-6675-1-0-0\" class=\"so-panel widget widget_media_gallery panel-first-child\" data-index=\"1\" >\n\t\t<style type=\"text\/css\">\n\t\t\t#gallery-1 {\n\t\t\t\tmargin: auto;\n\t\t\t}\n\t\t\t#gallery-1 .gallery-item {\n\t\t\t\tfloat: left;\n\t\t\t\tmargin-top: 10px;\n\t\t\t\ttext-align: center;\n\t\t\t\twidth: 25%;\n\t\t\t}\n\t\t\t#gallery-1 img {\n\t\t\t\tborder: 2px solid #cfcfcf;\n\t\t\t}\n\t\t\t#gallery-1 .gallery-caption {\n\t\t\t\tmargin-left: 0;\n\t\t\t}\n\t\t\t\/* see gallery_shortcode() in wp-includes\/media.php *\/\n\t\t<\/style>\n\t\t<div id='gallery-1' class='gallery galleryid-6675 gallery-columns-4 gallery-size-medium'><dl class='gallery-item'>\n\t\t\t<dt class='gallery-icon portrait'>\n\t\t\t\t<a href='https:\/\/www2.uepg.br\/elos\/wp-content\/uploads\/sites\/285\/2025\/09\/6.png'><img width=\"188\" height=\"300\" src=\"https:\/\/www2.uepg.br\/elos\/wp-content\/uploads\/sites\/285\/2025\/09\/6-188x300.png\" class=\"attachment-medium size-medium\" alt=\"\" loading=\"lazy\" srcset=\"https:\/\/www2.uepg.br\/elos\/wp-content\/uploads\/sites\/285\/2025\/09\/6-188x300.png 188w, https:\/\/www2.uepg.br\/elos\/wp-content\/uploads\/sites\/285\/2025\/09\/6.png 638w\" sizes=\"(max-width: 188px) 100vw, 188px\" \/><\/a>\n\t\t\t<\/dt><\/dl><dl class='gallery-item'>\n\t\t\t<dt class='gallery-icon portrait'>\n\t\t\t\t<a href='https:\/\/www2.uepg.br\/elos\/wp-content\/uploads\/sites\/285\/2025\/09\/5.png'><img width=\"188\" height=\"300\" src=\"https:\/\/www2.uepg.br\/elos\/wp-content\/uploads\/sites\/285\/2025\/09\/5-188x300.png\" class=\"attachment-medium size-medium\" alt=\"\" loading=\"lazy\" aria-describedby=\"gallery-1-6831\" srcset=\"https:\/\/www2.uepg.br\/elos\/wp-content\/uploads\/sites\/285\/2025\/09\/5-188x300.png 188w, https:\/\/www2.uepg.br\/elos\/wp-content\/uploads\/sites\/285\/2025\/09\/5.png 638w\" sizes=\"(max-width: 188px) 100vw, 188px\" \/><\/a>\n\t\t\t<\/dt>\n\t\t\t\t<dd class='wp-caption-text gallery-caption' id='gallery-1-6831'>\n\t\t\t\tMeu nome \u00e9 Lorena, sou estudante do 2\u00ba ano de Jornalismo. Apaixonada por produ\u00e7\u00f5es nacionais e movida pela luta dos direitos humanos.\n\t\t\t\t<\/dd><\/dl><dl class='gallery-item'>\n\t\t\t<dt class='gallery-icon portrait'>\n\t\t\t\t<a href='https:\/\/www2.uepg.br\/elos\/wp-content\/uploads\/sites\/285\/2025\/09\/7.png'><img width=\"188\" height=\"300\" src=\"https:\/\/www2.uepg.br\/elos\/wp-content\/uploads\/sites\/285\/2025\/09\/7-188x300.png\" class=\"attachment-medium size-medium\" alt=\"\" loading=\"lazy\" aria-describedby=\"gallery-1-6833\" srcset=\"https:\/\/www2.uepg.br\/elos\/wp-content\/uploads\/sites\/285\/2025\/09\/7-188x300.png 188w, https:\/\/www2.uepg.br\/elos\/wp-content\/uploads\/sites\/285\/2025\/09\/7.png 638w\" sizes=\"(max-width: 188px) 100vw, 188px\" \/><\/a>\n\t\t\t<\/dt>\n\t\t\t\t<dd class='wp-caption-text gallery-caption' id='gallery-1-6833'>\n\t\t\t\tOi more! Meu nome \u00e9 Leonardo. Sou apaixonado pela Bj\u00f6rk e pela Beyonc\u00e9. Estou a cada dia me encontrando no jornalismo e descobrindo coisas novas entre a correria do curso. O projeto ELOS \u00e9 uma parte especial desse meu caminho &lt;3\n\t\t\t\t<\/dd><\/dl><dl class='gallery-item'>\n\t\t\t<dt class='gallery-icon portrait'>\n\t\t\t\t<a href='https:\/\/www2.uepg.br\/elos\/wp-content\/uploads\/sites\/285\/2025\/09\/10.png'><img width=\"188\" height=\"300\" src=\"https:\/\/www2.uepg.br\/elos\/wp-content\/uploads\/sites\/285\/2025\/09\/10-188x300.png\" class=\"attachment-medium size-medium\" alt=\"\" loading=\"lazy\" srcset=\"https:\/\/www2.uepg.br\/elos\/wp-content\/uploads\/sites\/285\/2025\/09\/10-188x300.png 188w, https:\/\/www2.uepg.br\/elos\/wp-content\/uploads\/sites\/285\/2025\/09\/10.png 638w\" sizes=\"(max-width: 188px) 100vw, 188px\" \/><\/a>\n\t\t\t<\/dt><\/dl><br style=\"clear: both\" \/><dl class='gallery-item'>\n\t\t\t<dt class='gallery-icon portrait'>\n\t\t\t\t<a href='https:\/\/www2.uepg.br\/elos\/wp-content\/uploads\/sites\/285\/2025\/09\/9.png'><img width=\"188\" height=\"300\" src=\"https:\/\/www2.uepg.br\/elos\/wp-content\/uploads\/sites\/285\/2025\/09\/9-188x300.png\" class=\"attachment-medium size-medium\" alt=\"\" loading=\"lazy\" srcset=\"https:\/\/www2.uepg.br\/elos\/wp-content\/uploads\/sites\/285\/2025\/09\/9-188x300.png 188w, https:\/\/www2.uepg.br\/elos\/wp-content\/uploads\/sites\/285\/2025\/09\/9.png 638w\" sizes=\"(max-width: 188px) 100vw, 188px\" \/><\/a>\n\t\t\t<\/dt><\/dl><dl class='gallery-item'>\n\t\t\t<dt class='gallery-icon portrait'>\n\t\t\t\t<a href='https:\/\/www2.uepg.br\/elos\/wp-content\/uploads\/sites\/285\/2025\/09\/8.png'><img width=\"188\" height=\"300\" src=\"https:\/\/www2.uepg.br\/elos\/wp-content\/uploads\/sites\/285\/2025\/09\/8-188x300.png\" class=\"attachment-medium size-medium\" alt=\"\" loading=\"lazy\" srcset=\"https:\/\/www2.uepg.br\/elos\/wp-content\/uploads\/sites\/285\/2025\/09\/8-188x300.png 188w, https:\/\/www2.uepg.br\/elos\/wp-content\/uploads\/sites\/285\/2025\/09\/8.png 638w\" sizes=\"(max-width: 188px) 100vw, 188px\" \/><\/a>\n\t\t\t<\/dt><\/dl><dl class='gallery-item'>\n\t\t\t<dt class='gallery-icon portrait'>\n\t\t\t\t<a href='https:\/\/www2.uepg.br\/elos\/wp-content\/uploads\/sites\/285\/2025\/09\/4.png'><img width=\"188\" height=\"300\" src=\"https:\/\/www2.uepg.br\/elos\/wp-content\/uploads\/sites\/285\/2025\/09\/4-188x300.png\" class=\"attachment-medium size-medium\" alt=\"\" loading=\"lazy\" aria-describedby=\"gallery-1-6830\" srcset=\"https:\/\/www2.uepg.br\/elos\/wp-content\/uploads\/sites\/285\/2025\/09\/4-188x300.png 188w, https:\/\/www2.uepg.br\/elos\/wp-content\/uploads\/sites\/285\/2025\/09\/4.png 638w\" sizes=\"(max-width: 188px) 100vw, 188px\" \/><\/a>\n\t\t\t<\/dt>\n\t\t\t\t<dd class='wp-caption-text gallery-caption' id='gallery-1-6830'>\n\t\t\t\tteste\n\t\t\t\t<\/dd><\/dl><dl class='gallery-item'>\n\t\t\t<dt class='gallery-icon portrait'>\n\t\t\t\t<a href='https:\/\/www2.uepg.br\/elos\/wp-content\/uploads\/sites\/285\/2025\/09\/1.png'><img width=\"188\" height=\"300\" src=\"https:\/\/www2.uepg.br\/elos\/wp-content\/uploads\/sites\/285\/2025\/09\/1-188x300.png\" class=\"attachment-medium size-medium\" alt=\"\" loading=\"lazy\" srcset=\"https:\/\/www2.uepg.br\/elos\/wp-content\/uploads\/sites\/285\/2025\/09\/1-188x300.png 188w, https:\/\/www2.uepg.br\/elos\/wp-content\/uploads\/sites\/285\/2025\/09\/1.png 638w\" sizes=\"(max-width: 188px) 100vw, 188px\" \/><\/a>\n\t\t\t<\/dt><\/dl><br style=\"clear: both\" \/><dl class='gallery-item'>\n\t\t\t<dt class='gallery-icon portrait'>\n\t\t\t\t<a href='https:\/\/www2.uepg.br\/elos\/wp-content\/uploads\/sites\/285\/2025\/09\/2.png'><img width=\"188\" height=\"300\" src=\"https:\/\/www2.uepg.br\/elos\/wp-content\/uploads\/sites\/285\/2025\/09\/2-188x300.png\" class=\"attachment-medium size-medium\" alt=\"\" loading=\"lazy\" srcset=\"https:\/\/www2.uepg.br\/elos\/wp-content\/uploads\/sites\/285\/2025\/09\/2-188x300.png 188w, https:\/\/www2.uepg.br\/elos\/wp-content\/uploads\/sites\/285\/2025\/09\/2.png 638w\" sizes=\"(max-width: 188px) 100vw, 188px\" \/><\/a>\n\t\t\t<\/dt><\/dl><dl class='gallery-item'>\n\t\t\t<dt class='gallery-icon portrait'>\n\t\t\t\t<a href='https:\/\/www2.uepg.br\/elos\/wp-content\/uploads\/sites\/285\/2025\/09\/3.png'><img width=\"188\" height=\"300\" src=\"https:\/\/www2.uepg.br\/elos\/wp-content\/uploads\/sites\/285\/2025\/09\/3-188x300.png\" class=\"attachment-medium size-medium\" alt=\"\" loading=\"lazy\" aria-describedby=\"gallery-1-6829\" srcset=\"https:\/\/www2.uepg.br\/elos\/wp-content\/uploads\/sites\/285\/2025\/09\/3-188x300.png 188w, https:\/\/www2.uepg.br\/elos\/wp-content\/uploads\/sites\/285\/2025\/09\/3.png 638w\" sizes=\"(max-width: 188px) 100vw, 188px\" \/><\/a>\n\t\t\t<\/dt>\n\t\t\t\t<dd class='wp-caption-text gallery-caption' id='gallery-1-6829'>\n\t\t\t\tteste\n\t\t\t\t<\/dd><\/dl><dl class='gallery-item'>\n\t\t\t<dt class='gallery-icon portrait'>\n\t\t\t\t<a href='https:\/\/www2.uepg.br\/elos\/wp-content\/uploads\/sites\/285\/2025\/09\/12.png'><img width=\"188\" height=\"300\" src=\"https:\/\/www2.uepg.br\/elos\/wp-content\/uploads\/sites\/285\/2025\/09\/12-188x300.png\" class=\"attachment-medium size-medium\" alt=\"\" loading=\"lazy\" srcset=\"https:\/\/www2.uepg.br\/elos\/wp-content\/uploads\/sites\/285\/2025\/09\/12-188x300.png 188w, https:\/\/www2.uepg.br\/elos\/wp-content\/uploads\/sites\/285\/2025\/09\/12.png 638w\" sizes=\"(max-width: 188px) 100vw, 188px\" \/><\/a>\n\t\t\t<\/dt><\/dl><dl class='gallery-item'>\n\t\t\t<dt class='gallery-icon portrait'>\n\t\t\t\t<a href='https:\/\/www2.uepg.br\/elos\/wp-content\/uploads\/sites\/285\/2025\/09\/11.png'><img width=\"188\" height=\"300\" src=\"https:\/\/www2.uepg.br\/elos\/wp-content\/uploads\/sites\/285\/2025\/09\/11-188x300.png\" class=\"attachment-medium size-medium\" alt=\"\" loading=\"lazy\" aria-describedby=\"gallery-1-6837\" srcset=\"https:\/\/www2.uepg.br\/elos\/wp-content\/uploads\/sites\/285\/2025\/09\/11-188x300.png 188w, https:\/\/www2.uepg.br\/elos\/wp-content\/uploads\/sites\/285\/2025\/09\/11.png 638w\" sizes=\"(max-width: 188px) 100vw, 188px\" \/><\/a>\n\t\t\t<\/dt>\n\t\t\t\t<dd class='wp-caption-text gallery-caption' id='gallery-1-6837'>\n\t\t\t\tOl\u00e1, sou a Isabelly Leticia mais conhecida como Bebel Costalonga, natural de Corn\u00e9lio Proc\u00f3pio (PR), atualmente moro em Ponta Grossa e sou acad\u00eamica de Jornalismo. Apaixonada por comunica\u00e7\u00e3o desde a inf\u00e2ncia, adoro transformar e impactar vidas atrav\u00e9s da minha miss\u00e3o.\n\n@bebelcostalonga\n\t\t\t\t<\/dd><\/dl><br style=\"clear: both\" \/>\n\t\t<\/div>\n<\/div><div id=\"panel-6675-1-0-1\" class=\"so-panel widget widget_sow-anything-carousel panel-last-child\" data-index=\"2\" ><div\n\t\t\t\n\t\t\tclass=\"so-widget-sow-anything-carousel so-widget-sow-anything-carousel-base-aa7321b71c80-6675\"\n\t\t\t\n\t\t><div class=\"sow-carousel-title\">\n\t<\/div>\n\n<div class=\"sow-carousel-container \">\n\t\t\t<div class=\"sow-carousel-navigation sow-carousel-navigation-prev \">\n\t\t\t\t\t\t<a href=\"#\" class=\"sow-carousel-previous\" title=\"Anterior\" aria-label=\"Previous Posts\" role=\"button\"><\/a>\n\t\t\t\t\t<\/div>\n\t\t<div class=\"sow-carousel-wrapper\"\n\t\tdata-dir=\"ltr\"\n\t\tstyle=\"opacity: 0;\"\n\t\tdata-widget=\"anything\" data-item_count=\"1\" data-loop=\"\" data-carousel_settings=\"{&quot;loop&quot;:true,&quot;dots&quot;:true,&quot;animation&quot;:&quot;ease&quot;,&quot;animation_speed&quot;:800,&quot;autoplay&quot;:false,&quot;pauseOnHover&quot;:false,&quot;autoplaySpeed&quot;:8000,&quot;item_overflow&quot;:false,&quot;adaptive_height&quot;:false}\" data-responsive=\"{&quot;desktop_slides_to_scroll&quot;:3,&quot;tablet_landscape_breakpoint&quot;:1366,&quot;tablet_landscape_slides_to_scroll&quot;:3,&quot;tablet_portrait_breakpoint&quot;:1025,&quot;tablet_portrait_slides_to_scroll&quot;:2,&quot;mobile_breakpoint&quot;:480,&quot;mobile_slides_to_scroll&quot;:1,&quot;desktop_slides_to_show&quot;:3,&quot;tablet_landscape_slides_to_show&quot;:3,&quot;tablet_portrait_slides_to_show&quot;:2,&quot;mobile_slides_to_show&quot;:1}\" \t>\n\t\t<div\n\t\t\tclass=\"sow-carousel-items\"\n\t\t\t\t\t>\n\t\t\t\t<div class=\"sow-carousel-item\" tabindex=\"-1\">\n\t\t\n\t\t<div class=\"sow-carousel-content\">\n\t\t\t<p><div id=\"attachment_6831\" style=\"width: 198px\" class=\"wp-caption alignnone\"><img aria-describedby=\"caption-attachment-6831\" class=\"size-medium wp-image-6831\" src=\"https:\/\/www2.uepg.br\/elos\/wp-content\/uploads\/sites\/285\/2025\/09\/5-188x300.png\" alt=\"\" width=\"188\" height=\"300\" \/><p id=\"caption-attachment-6831\" class=\"wp-caption-text\">Meu nome \u00e9 Lorena, sou estudante do 2\u00ba ano de Jornalismo. Apaixonada por produ\u00e7\u00f5es nacionais e movida pela luta dos direitos humanos.<\/p><\/div><\/p>\n\t\t<\/div>\n\t<\/div>\n\t\t\t<\/div>\n\t\t\t<\/div>\n\n\t\t\t<div class=\"sow-carousel-navigation sow-carousel-navigation-next \">\n\t\t\t\t\t\t<a href=\"#\" class=\"sow-carousel-next\" title=\"Pr\u00f3ximo\" aria-label=\"Next Posts\" role=\"button\"><\/a>\n\t\t\t\t\t<\/div>\n\t<\/div>\n<\/div><\/div><\/div><\/div><\/div>","protected":false},"excerpt":{"rendered":"<p>Quem SomosO Projeto de Extens\u00e3o Elos \u2013 Jornalismo, Direitos Humanos e Forma\u00e7\u00e3o Cidad\u00e3 nasceu em 2016, no curso de Jornalismo da Universidade Estadual de Ponta Grossa (UEPG), como resposta ao avan\u00e7o de discursos ultraconservadores no Brasil. Desde ent\u00e3o, tornou-se um espa\u00e7o de forma\u00e7\u00e3o cr\u00edtica e de produ\u00e7\u00e3o jornal\u00edstica comprometida com os direitos humanos, a cidadania&nbsp;&hellip;<\/p>\n","protected":false},"author":846,"featured_media":0,"parent":0,"menu_order":0,"comment_status":"closed","ping_status":"closed","template":"","meta":[],"_links":{"self":[{"href":"https:\/\/www2.uepg.br\/elos\/wp-json\/wp\/v2\/pages\/6675"}],"collection":[{"href":"https:\/\/www2.uepg.br\/elos\/wp-json\/wp\/v2\/pages"}],"about":[{"href":"https:\/\/www2.uepg.br\/elos\/wp-json\/wp\/v2\/types\/page"}],"author":[{"embeddable":true,"href":"https:\/\/www2.uepg.br\/elos\/wp-json\/wp\/v2\/users\/846"}],"replies":[{"embeddable":true,"href":"https:\/\/www2.uepg.br\/elos\/wp-json\/wp\/v2\/comments?post=6675"}],"version-history":[{"count":4,"href":"https:\/\/www2.uepg.br\/elos\/wp-json\/wp\/v2\/pages\/6675\/revisions"}],"predecessor-version":[{"id":6820,"href":"https:\/\/www2.uepg.br\/elos\/wp-json\/wp\/v2\/pages\/6675\/revisions\/6820"}],"wp:attachment":[{"href":"https:\/\/www2.uepg.br\/elos\/wp-json\/wp\/v2\/media?parent=6675"}],"curies":[{"name":"wp","href":"https:\/\/api.w.org\/{rel}","templated":true}]}}