{"id":6678,"date":"2025-06-12T08:56:58","date_gmt":"2025-06-12T11:56:58","guid":{"rendered":"https:\/\/www2.uepg.br\/elos\/?page_id=6678"},"modified":"2025-09-11T14:03:16","modified_gmt":"2025-09-11T17:03:16","slug":"nossas-producoes","status":"publish","type":"page","link":"https:\/\/www2.uepg.br\/elos\/nossas-producoes\/","title":{"rendered":"Nossas produ\u00e7\u00f5es"},"content":{"rendered":"<p data-start=\"306\" data-end=\"695\"><strong data-start=\"308\" data-end=\"324\">O Projeto de Extens\u00e3o\u00a0 Elos &#8211; Jornalismo, Direitos Humanos e Forma\u00e7\u00e3o Cidad\u00e3<\/strong> desenvolve conte\u00fados jornal\u00edsticos e culturais com foco em <strong data-start=\"384\" data-end=\"426\">direitos humanos, cidadania e pol\u00edtica<\/strong>, sempre a partir de uma abordagem <strong data-start=\"461\" data-end=\"494\">humanizada, sens\u00edvel e plural<\/strong>. Nossas produ\u00e7\u00f5es buscam dar visibilidade a pautas e fontes que muitas vezes ficam de fora dos ve\u00edculos tradicionais de m\u00eddia, promovendo um jornalismo comprometido com a diversidade e a democracia.<\/p>\n<h3 data-start=\"697\" data-end=\"726\">Reportagens e especiais<\/h3>\n<p data-start=\"727\" data-end=\"1037\">Produzimos <strong data-start=\"738\" data-end=\"764\">reportagens multim\u00eddia<\/strong> (texto, \u00e1udio, v\u00eddeo e fotografia) que abordam acontecimentos recentes, efem\u00e9rides e temas de como\u00e7\u00e3o p\u00fablica. Nosso olhar prioriza a <strong data-start=\"899\" data-end=\"918\">escuta sens\u00edvel<\/strong>, a valoriza\u00e7\u00e3o de <strong data-start=\"937\" data-end=\"958\">vozes silenciadas<\/strong> e a contextualiza\u00e7\u00e3o de fatos sociais e pol\u00edticos que impactam a comunidade.<\/p>\n<h3 data-start=\"1039\" data-end=\"1056\">Elos Indica<\/h3>\n<p data-start=\"1057\" data-end=\"1416\">S\u00e9rie para redes sociais que, em datas comemorativas como o <strong data-start=\"1117\" data-end=\"1148\">Dia Internacional da Mulher<\/strong>, o <strong data-start=\"1152\" data-end=\"1179\">M\u00eas do Orgulho LGBTQIA+<\/strong> ou o <strong data-start=\"1185\" data-end=\"1213\">Dia da Consci\u00eancia Negra<\/strong>, sugere <strong data-start=\"1222\" data-end=\"1273\">filmes, m\u00fasicas, livros, s\u00e9ries e obras de arte<\/strong>. O objetivo \u00e9 oferecer ao p\u00fablico uma forma <strong data-start=\"1318\" data-end=\"1362\">did\u00e1tica, acess\u00edvel e culturalmente rica<\/strong> de se aproximar dos debates sobre direitos humanos.<\/p>\n<h3 data-start=\"1418\" data-end=\"1437\">Elos um Fluxo<\/h3>\n<p data-start=\"1438\" data-end=\"1735\">Nosso <strong data-start=\"1444\" data-end=\"1456\">mesacast<\/strong> inspirado na <strong data-start=\"1470\" data-end=\"1492\">comunica\u00e7\u00e3o cidad\u00e3<\/strong>. Com base em t\u00e9cnicas jornal\u00edsticas, traduzimos temas <strong data-start=\"1547\" data-end=\"1582\">acad\u00eamicos, pol\u00edticos e sociais<\/strong> em conversas acess\u00edveis para a popula\u00e7\u00e3o em geral. Os epis\u00f3dios completos s\u00e3o publicados no <strong data-start=\"1675\" data-end=\"1686\">YouTube<\/strong>, acompanhados de cortes para as redes sociais.<\/p>\n<h3 data-start=\"1737\" data-end=\"1761\">Colunas opinativas<\/h3>\n<p data-start=\"1762\" data-end=\"1966\">Convidamos pesquisadores e especialistas para escrever sobre <strong data-start=\"1823\" data-end=\"1853\">temas de relev\u00e2ncia social<\/strong>, trazendo an\u00e1lises fundamentadas e opini\u00f5es que ajudam a <strong data-start=\"1911\" data-end=\"1942\">aprofundar o debate p\u00fablico<\/strong> de forma qualificada.<\/p>\n","protected":false},"excerpt":{"rendered":"<p>O Projeto de Extens\u00e3o\u00a0 Elos &#8211; Jornalismo, Direitos Humanos e Forma\u00e7\u00e3o Cidad\u00e3 desenvolve conte\u00fados jornal\u00edsticos e culturais com foco em direitos humanos, cidadania e pol\u00edtica, sempre a partir de uma abordagem humanizada, sens\u00edvel e plural. Nossas produ\u00e7\u00f5es buscam dar visibilidade a pautas e fontes que muitas vezes ficam de fora dos ve\u00edculos tradicionais de m\u00eddia,&nbsp;&hellip;<\/p>\n","protected":false},"author":846,"featured_media":0,"parent":0,"menu_order":0,"comment_status":"closed","ping_status":"closed","template":"","meta":[],"_links":{"self":[{"href":"https:\/\/www2.uepg.br\/elos\/wp-json\/wp\/v2\/pages\/6678"}],"collection":[{"href":"https:\/\/www2.uepg.br\/elos\/wp-json\/wp\/v2\/pages"}],"about":[{"href":"https:\/\/www2.uepg.br\/elos\/wp-json\/wp\/v2\/types\/page"}],"author":[{"embeddable":true,"href":"https:\/\/www2.uepg.br\/elos\/wp-json\/wp\/v2\/users\/846"}],"replies":[{"embeddable":true,"href":"https:\/\/www2.uepg.br\/elos\/wp-json\/wp\/v2\/comments?post=6678"}],"version-history":[{"count":3,"href":"https:\/\/www2.uepg.br\/elos\/wp-json\/wp\/v2\/pages\/6678\/revisions"}],"predecessor-version":[{"id":6823,"href":"https:\/\/www2.uepg.br\/elos\/wp-json\/wp\/v2\/pages\/6678\/revisions\/6823"}],"wp:attachment":[{"href":"https:\/\/www2.uepg.br\/elos\/wp-json\/wp\/v2\/media?parent=6678"}],"curies":[{"name":"wp","href":"https:\/\/api.w.org\/{rel}","templated":true}]}}