{"id":10,"date":"2020-02-21T14:04:28","date_gmt":"2020-02-21T17:04:28","guid":{"rendered":"http:\/\/www2.uepg.br\/eri\/?page_id=10"},"modified":"2022-12-19T09:29:45","modified_gmt":"2022-12-19T12:29:45","slug":"o-eri","status":"publish","type":"page","link":"https:\/\/www2.uepg.br\/eri\/o-eri\/","title":{"rendered":"ERI"},"content":{"rendered":"<div id=\"pl-10\"  class=\"panel-layout\" ><div id=\"pg-10-0\"  class=\"panel-grid panel-no-style\" ><div id=\"pgc-10-0-0\"  class=\"panel-grid-cell\" ><div id=\"panel-10-0-0-0\" class=\"so-panel widget widget_sow-editor panel-first-child\" data-index=\"0\" ><div id=\"contato\" class=\"panel-widget-style panel-widget-style-for-10-0-0-0\" ><div\n\t\t\t\n\t\t\tclass=\"so-widget-sow-editor so-widget-sow-editor-base\"\n\t\t\t\n\t\t><h3 class=\"widget-title\">Contato<\/h3>\n<div class=\"siteorigin-widget-tinymce textwidget\">\n\t<p style=\"text-align: center\"><strong>UNIVERSIDADE ESTADUAL DE PONTA GROSSA<br \/>\n<\/strong>Escrit\u00f3rio de Rela\u00e7\u00f5es Internacionais \u2013 ERI<br \/>\nSagu\u00e3o do bloco da Reitoria, sala 54 - Campus de Uvaranas<br \/>\nAvenida General Carlos Cavalcanti, 4748 CEP 84030-900<br \/>\nPonta Grossa \u2013 PR<\/p>\n<p style=\"text-align: center\">Fone: +55 42 3220-3260<br \/>\nwww2.uepg.br\/eri\/<br \/>\n<strong>E-mail<\/strong>:\u00a0<a href=\"mailto:eri@uepg.br\">eri@uepg.br<\/a><\/p>\n<\/div>\n<\/div><\/div><\/div><div id=\"panel-10-0-0-1\" class=\"so-panel widget widget_sow-editor panel-last-child\" data-index=\"1\" ><div id=\"contato\" class=\"panel-widget-style panel-widget-style-for-10-0-0-1\" ><div\n\t\t\t\n\t\t\tclass=\"so-widget-sow-editor so-widget-sow-editor-base\"\n\t\t\t\n\t\t><h3 class=\"widget-title\">M\u00eddias Sociais<\/h3>\n<div class=\"siteorigin-widget-tinymce textwidget\">\n\t<p style=\"text-align: center\"><b>Facebook: <\/b><a href=\"https:\/\/www.facebook.com\/eri.uepg\">https:\/\/www.facebook.com\/eri.uepg<\/a><br \/>\n<strong>Instagram: <\/strong><a href=\"https:\/\/www.instagram.com\/eriuepg\/\">https:\/\/www.instagram.com\/eriuepg\/<\/a><br \/>\n<strong>Twitter:<\/strong> <a href=\"https:\/\/twitter.com\/eriUEPG\">https:\/\/twitter.com\/eriUEPG<\/a><\/p>\n<p style=\"text-align: center\"><strong>Siga-nos!<\/strong><\/p>\n<\/div>\n<\/div><\/div><\/div><\/div><\/div><div id=\"pg-10-1\"  class=\"panel-grid panel-no-style\" ><div id=\"pgc-10-1-0\"  class=\"panel-grid-cell panel-grid-cell-empty\" ><\/div><\/div><\/div>","protected":false},"excerpt":{"rendered":"<p>UNIVERSIDADE ESTADUAL DE PONTA GROSSA Escrit\u00f3rio de Rela\u00e7\u00f5es Internacionais \u2013 ERI Sagu\u00e3o do bloco da Reitoria, sala 54 &#8211; Campus de Uvaranas Avenida General Carlos Cavalcanti, 4748 CEP 84030-900 Ponta Grossa \u2013 PR Fone: +55 42 3220-3260 www2.uepg.br\/eri\/ E-mail:\u00a0eri@uepg.br Facebook: https:\/\/www.facebook.com\/eri.uepg Instagram: https:\/\/www.instagram.com\/eriuepg\/ Twitter: https:\/\/twitter.com\/eriUEPG Siga-nos!<\/p>\n","protected":false},"author":24,"featured_media":0,"parent":0,"menu_order":0,"comment_status":"closed","ping_status":"closed","template":"page-templates\/page-with-left-sidebar.php","meta":[],"_links":{"self":[{"href":"https:\/\/www2.uepg.br\/eri\/wp-json\/wp\/v2\/pages\/10"}],"collection":[{"href":"https:\/\/www2.uepg.br\/eri\/wp-json\/wp\/v2\/pages"}],"about":[{"href":"https:\/\/www2.uepg.br\/eri\/wp-json\/wp\/v2\/types\/page"}],"author":[{"embeddable":true,"href":"https:\/\/www2.uepg.br\/eri\/wp-json\/wp\/v2\/users\/24"}],"replies":[{"embeddable":true,"href":"https:\/\/www2.uepg.br\/eri\/wp-json\/wp\/v2\/comments?post=10"}],"version-history":[{"count":32,"href":"https:\/\/www2.uepg.br\/eri\/wp-json\/wp\/v2\/pages\/10\/revisions"}],"predecessor-version":[{"id":4649,"href":"https:\/\/www2.uepg.br\/eri\/wp-json\/wp\/v2\/pages\/10\/revisions\/4649"}],"wp:attachment":[{"href":"https:\/\/www2.uepg.br\/eri\/wp-json\/wp\/v2\/media?parent=10"}],"curies":[{"name":"wp","href":"https:\/\/api.w.org\/{rel}","templated":true}]}}