{"id":227,"date":"2020-03-02T13:29:37","date_gmt":"2020-03-02T16:29:37","guid":{"rendered":"http:\/\/www2.uepg.br\/eri\/?page_id=227"},"modified":"2020-03-04T10:24:44","modified_gmt":"2020-03-04T13:24:44","slug":"models-of-covenants","status":"publish","type":"page","link":"https:\/\/www2.uepg.br\/eri\/en\/models-of-covenants\/","title":{"rendered":"Models of Agreements"},"content":{"rendered":"<p style=\"text-align: center\"><a href=\"http:\/\/www2.uepg.br\/eri\/wp-content\/uploads\/sites\/52\/2020\/02\/geral_acad_MODELO_CONVENIO-portugu%C3%AAs_espanhol-2.doc\" target=\"_blank\" rel=\"noopener noreferrer\">CONV\u00caNIO GERAL \u2013 Portugu\u00eas<\/a><\/p>\n<p style=\"text-align: center\"><a href=\"http:\/\/www2.uepg.br\/eri\/wp-content\/uploads\/sites\/52\/2020\/02\/geral-acadMODELO_CONVENIO-portugu%C3%AAs-1.doc\" target=\"_blank\" rel=\"noopener noreferrer\">CONV\u00caNIO GERAL \u2013\u00a0\u00a0portugu\u00eas\/espanhol<\/a><\/p>\n<p style=\"text-align: center\"><a href=\"http:\/\/www2.uepg.br\/eri\/wp-content\/uploads\/sites\/52\/2020\/02\/geral_acad_MODELO_CONVENIO-portugu%C3%AAs_ingl%C3%AAs-1.doc\" target=\"_blank\" rel=\"noopener noreferrer\">CONV\u00caNIO GERAL \u2013 Portugu\u00eas\/Ingl\u00eas<\/a><\/p>\n<p style=\"text-align: center\"><a href=\"http:\/\/www2.uepg.br\/eri\/wp-content\/uploads\/sites\/52\/2020\/02\/UEPG_Carta-de-Inten%C3%A7%C3%B5es-MODELO-Portugu%C3%AAs-1.doc\" target=\"_blank\" rel=\"noopener noreferrer\">CARTA DE INTEN\u00c7\u00d5ES \u2013 Portugu\u00eas<\/a><\/p>\n<p style=\"text-align: center\"><a href=\"http:\/\/www2.uepg.br\/eri\/wp-content\/uploads\/sites\/52\/2020\/02\/UEPG_-Carta-de-Intenciones-DRAFT-Espa%C3%B1ol-1.doc\" target=\"_blank\" rel=\"noopener noreferrer\">CARTA DE INTEN\u00c7\u00d5ES \u2013 Espanhol<\/a><\/p>\n<p style=\"text-align: center\"><a href=\"http:\/\/www2.uepg.br\/eri\/wp-content\/uploads\/sites\/52\/2020\/02\/UEPG_Letter-Of-Intent-DRAFT-English-1.doc\" target=\"_blank\" rel=\"noopener noreferrer\">CARTA DE INTEN\u00c7\u00d5ES \u2013 Ingl\u00eas<\/a><\/p>\n<p style=\"text-align: center\"><a href=\"http:\/\/www2.uepg.br\/eri\/wp-content\/uploads\/sites\/52\/2020\/02\/Acad_Conv_interc%C3%A2mbio-Acad%C3%AAmico_portugu%C3%AAsMODELO-1.doc\" target=\"_blank\" rel=\"noopener noreferrer\">ACORDO DE PROGRAMA INTERC\u00c2MBIO ACAD\u00caMICO \u2013 Portugu\u00eas<\/a><\/p>\n<p style=\"text-align: center\"><a href=\"http:\/\/www2.uepg.br\/eri\/wp-content\/uploads\/sites\/52\/2020\/02\/modelo_Acordo-de-Progr-Interc-Acad%C3%AAmico-PORT_ESPANOL-Out_2018.doc\" target=\"_blank\" rel=\"noopener noreferrer\">ACORDO DE PROGRAMA INTERC\u00c2MBIO ACAD\u00caMICO \u2013 Portugu\u00eas\/Espanhol<\/a><\/p>\n<p style=\"text-align: center\"><a href=\"http:\/\/www2.uepg.br\/eri\/wp-content\/uploads\/sites\/52\/2020\/02\/Acad_modelo_Acordo-de-Progr-Interc-Acad%C3%AAmico-PORT_INGL-1.doc\" target=\"_blank\" rel=\"noopener noreferrer\">ACORDO DE PROGRAMA INTERC\u00c2MBIO ACAD\u00caMICO \u2013 Portugu\u00eas\/Ingl\u00eas<\/a><\/p>\n","protected":false},"excerpt":{"rendered":"<p>CONV\u00caNIO GERAL \u2013 Portugu\u00eas CONV\u00caNIO GERAL \u2013\u00a0\u00a0portugu\u00eas\/espanhol CONV\u00caNIO GERAL \u2013 Portugu\u00eas\/Ingl\u00eas CARTA DE INTEN\u00c7\u00d5ES \u2013 Portugu\u00eas CARTA DE INTEN\u00c7\u00d5ES \u2013 Espanhol CARTA DE INTEN\u00c7\u00d5ES \u2013 Ingl\u00eas ACORDO DE PROGRAMA INTERC\u00c2MBIO ACAD\u00caMICO \u2013 Portugu\u00eas ACORDO DE PROGRAMA INTERC\u00c2MBIO ACAD\u00caMICO \u2013 Portugu\u00eas\/Espanhol ACORDO DE PROGRAMA INTERC\u00c2MBIO ACAD\u00caMICO \u2013 Portugu\u00eas\/Ingl\u00eas<\/p>\n","protected":false},"author":24,"featured_media":0,"parent":0,"menu_order":0,"comment_status":"closed","ping_status":"closed","template":"page-templates\/page-with-left-sidebar.php","meta":[],"_links":{"self":[{"href":"https:\/\/www2.uepg.br\/eri\/wp-json\/wp\/v2\/pages\/227"}],"collection":[{"href":"https:\/\/www2.uepg.br\/eri\/wp-json\/wp\/v2\/pages"}],"about":[{"href":"https:\/\/www2.uepg.br\/eri\/wp-json\/wp\/v2\/types\/page"}],"author":[{"embeddable":true,"href":"https:\/\/www2.uepg.br\/eri\/wp-json\/wp\/v2\/users\/24"}],"replies":[{"embeddable":true,"href":"https:\/\/www2.uepg.br\/eri\/wp-json\/wp\/v2\/comments?post=227"}],"version-history":[{"count":2,"href":"https:\/\/www2.uepg.br\/eri\/wp-json\/wp\/v2\/pages\/227\/revisions"}],"predecessor-version":[{"id":350,"href":"https:\/\/www2.uepg.br\/eri\/wp-json\/wp\/v2\/pages\/227\/revisions\/350"}],"wp:attachment":[{"href":"https:\/\/www2.uepg.br\/eri\/wp-json\/wp\/v2\/media?parent=227"}],"curies":[{"name":"wp","href":"https:\/\/api.w.org\/{rel}","templated":true}]}}