{"id":23,"date":"2020-02-21T14:24:59","date_gmt":"2020-02-21T17:24:59","guid":{"rendered":"http:\/\/www2.uepg.br\/eri\/?page_id=23"},"modified":"2025-12-04T17:13:21","modified_gmt":"2025-12-04T20:13:21","slug":"uepg","status":"publish","type":"page","link":"https:\/\/www2.uepg.br\/eri\/uepg\/","title":{"rendered":"UEPG"},"content":{"rendered":"<div id=\"pl-23\"  class=\"panel-layout\" ><div id=\"pg-23-0\"  class=\"panel-grid panel-no-style\" ><div id=\"pgc-23-0-0\"  class=\"panel-grid-cell\" ><div id=\"panel-23-0-0-0\" class=\"so-panel widget widget_sow-editor panel-first-child\" data-index=\"0\" ><div id=\"historico\" class=\"panel-widget-style panel-widget-style-for-23-0-0-0\" ><div\n\t\t\t\n\t\t\tclass=\"so-widget-sow-editor so-widget-sow-editor-base\"\n\t\t\t\n\t\t><h3 class=\"widget-title\">Hist\u00f3rico<\/h3>\n<div class=\"siteorigin-widget-tinymce textwidget\">\n\t<p>O Escrit\u00f3rio para Assuntos Internacionais da Universidade Estadual de Ponta Grossa foi criado atrav\u00e9s da Resolu\u00e7\u00e3o Universit\u00e1ria n\u00ba 028 de 27 de Novembro de 1995.<\/p>\n<\/div>\n<\/div><\/div><\/div><div id=\"panel-23-0-0-1\" class=\"so-panel widget widget_sow-editor\" data-index=\"1\" ><div id=\"historico\" class=\"panel-widget-style panel-widget-style-for-23-0-0-1\" ><div\n\t\t\t\n\t\t\tclass=\"so-widget-sow-editor so-widget-sow-editor-base\"\n\t\t\t\n\t\t><h3 class=\"widget-title\">Guia do Estudante<\/h3>\n<div class=\"siteorigin-widget-tinymce textwidget\">\n\t<p><a href=\"http:\/\/www2.uepg.br\/eri\/wp-content\/uploads\/sites\/52\/2024\/06\/Booklet-Bem-Vindo-a-Ponta-Grossa-2024.pdf\">Booklet Bem Vindo a Ponta Grossa 2024 - Portugu\u00eas<\/a><\/p>\n<p><a href=\"http:\/\/www2.uepg.br\/eri\/wp-content\/uploads\/sites\/52\/2024\/03\/Booklet-Welcome-to-Ponta-Grossa-2024-1.pdf\">Booklet Welcome to Ponta Grossa 2024 - Ingl\u00eas<\/a><\/p>\n<p><a href=\"http:\/\/www2.uepg.br\/eri\/wp-content\/uploads\/sites\/52\/2024\/06\/Booklet-Bienvenidos-a-Ponta-Grossa-2024.pdf\">Booklet Bienvenidos a Ponta Grossa 2024 - Espanhol<\/a><\/p>\n<p><a href=\"http:\/\/www2.uepg.br\/eri\/wp-content\/uploads\/sites\/52\/2024\/03\/Booklet-Bienvenue-a-Ponta-Grossa-2024-1.pdf\">Booklet Bienvenue \u00e0 Ponta Grossa 2024 - Franc\u00eas<\/a><\/p>\n<\/div>\n<\/div><\/div><\/div><div id=\"panel-23-0-0-2\" class=\"so-panel widget widget_sow-editor\" data-index=\"2\" ><div id=\"historico\" class=\"panel-widget-style panel-widget-style-for-23-0-0-2\" ><div\n\t\t\t\n\t\t\tclass=\"so-widget-sow-editor so-widget-sow-editor-base\"\n\t\t\t\n\t\t><h3 class=\"widget-title\">V\u00eddeos Institucionais<\/h3>\n<div class=\"siteorigin-widget-tinymce textwidget\">\n\t<p><strong>2025<\/strong><\/p>\n<ul>\n<li><a href=\"https:\/\/drive.google.com\/file\/d\/1Uqc9GVKcswKBTMw6_zl6cyMYELVmkDKu\/view?usp=drive_link\">Portugu\u00eas<\/a><\/li>\n<li><a href=\"https:\/\/drive.google.com\/file\/d\/1120-fmTdzYAekIui0puKDP9TfP5dgL1l\/view?usp=sharing\"><strong><span style=\"color: #ff0000\">NEW!<\/span><\/strong> English<\/a><\/li>\n<li><a href=\"https:\/\/drive.google.com\/file\/d\/1bacKW89Nqgvow0azELwYh1gcNJB4wlGV\/view?usp=sharing\"><strong><span style=\"color: #ff0000\">NUEVO!<\/span><\/strong> Espa\u00f1ol<\/a><\/li>\n<\/ul>\n<p><strong>2024<\/strong><\/p>\n<ul>\n<li><a href=\"https:\/\/drive.google.com\/file\/d\/1dbhMaQiJ-_TTFecQJurcycOg89rTyjhn\/view?usp=sharing\">English<\/a><\/li>\n<\/ul>\n<p><strong>2023<\/strong><\/p>\n<ul>\n<li><a href=\"https:\/\/www.youtube.com\/watch?v=WhUldAtUi8o\">Portugu\u00eas\/LIBRAS<\/a><\/li>\n<li><a href=\"https:\/\/drive.google.com\/file\/d\/1d24NZBo0fpqqr6ec4p9oxHq5WRRmRD3R\/view?usp=sharing\">English<\/a><\/li>\n<li><a href=\"https:\/\/drive.google.com\/file\/d\/11d0BGki4NM4WYMhtdP1FZL1lqIBMp34V\/view?usp=drive_link\">Espa\u00f1ol<\/a><\/li>\n<\/ul>\n<\/div>\n<\/div><\/div><\/div><div id=\"panel-23-0-0-3\" class=\"so-panel widget widget_sow-editor panel-last-child\" data-index=\"3\" ><div\n\t\t\t\n\t\t\tclass=\"so-widget-sow-editor so-widget-sow-editor-base\"\n\t\t\t\n\t\t><h3 class=\"widget-title\">Folders<\/h3>\n<div class=\"siteorigin-widget-tinymce textwidget\">\n\t<p><strong>2024<\/strong><\/p>\n<p><a href=\"http:\/\/www2.uepg.br\/eri\/wp-content\/uploads\/sites\/52\/2024\/06\/Folder-Ingles-2024_compressed.pdf\">Folder Ingl\u00eas<\/a><\/p>\n<p><strong>2023<\/strong><\/p>\n<p><a href=\"http:\/\/www2.uepg.br\/eri\/wp-content\/uploads\/sites\/52\/2024\/03\/Folder-Ingles-atualizado.pdf\">Folder Ingl\u00eas<\/a><\/p>\n<p><a href=\"http:\/\/www2.uepg.br\/eri\/wp-content\/uploads\/sites\/52\/2024\/03\/Folder-Espanhol-atualizado.pdf\">Folder Espanhol\u00a0<\/a><\/p>\n<p>&nbsp;<\/p>\n<p>&nbsp;<\/p>\n<\/div>\n<\/div><\/div><\/div><\/div><\/div>","protected":false},"excerpt":{"rendered":"<p>O Escrit\u00f3rio para Assuntos Internacionais da Universidade Estadual de Ponta Grossa foi criado atrav\u00e9s da Resolu\u00e7\u00e3o Universit\u00e1ria n\u00ba 028 de 27 de Novembro de 1995. Booklet Bem Vindo a Ponta Grossa 2024 &#8211; Portugu\u00eas Booklet Welcome to Ponta Grossa 2024 &#8211; Ingl\u00eas Booklet Bienvenidos a Ponta Grossa 2024 &#8211; Espanhol Booklet Bienvenue \u00e0 Ponta Grossa&nbsp;&hellip;<\/p>\n","protected":false},"author":24,"featured_media":0,"parent":0,"menu_order":0,"comment_status":"closed","ping_status":"closed","template":"page-templates\/page-with-left-sidebar.php","meta":[],"_links":{"self":[{"href":"https:\/\/www2.uepg.br\/eri\/wp-json\/wp\/v2\/pages\/23"}],"collection":[{"href":"https:\/\/www2.uepg.br\/eri\/wp-json\/wp\/v2\/pages"}],"about":[{"href":"https:\/\/www2.uepg.br\/eri\/wp-json\/wp\/v2\/types\/page"}],"author":[{"embeddable":true,"href":"https:\/\/www2.uepg.br\/eri\/wp-json\/wp\/v2\/users\/24"}],"replies":[{"embeddable":true,"href":"https:\/\/www2.uepg.br\/eri\/wp-json\/wp\/v2\/comments?post=23"}],"version-history":[{"count":60,"href":"https:\/\/www2.uepg.br\/eri\/wp-json\/wp\/v2\/pages\/23\/revisions"}],"predecessor-version":[{"id":7389,"href":"https:\/\/www2.uepg.br\/eri\/wp-json\/wp\/v2\/pages\/23\/revisions\/7389"}],"wp:attachment":[{"href":"https:\/\/www2.uepg.br\/eri\/wp-json\/wp\/v2\/media?parent=23"}],"curies":[{"name":"wp","href":"https:\/\/api.w.org\/{rel}","templated":true}]}}