{"id":25,"date":"2020-02-21T14:25:20","date_gmt":"2020-02-21T17:25:20","guid":{"rendered":"http:\/\/www2.uepg.br\/eri\/?page_id=25"},"modified":"2020-08-06T15:39:25","modified_gmt":"2020-08-06T18:39:25","slug":"intermig-internacionalizacao-cidadania-e-direitos-humanos","status":"publish","type":"page","link":"https:\/\/www2.uepg.br\/eri\/intermig-internacionalizacao-cidadania-e-direitos-humanos\/","title":{"rendered":"Intermig \u2013 Internacionaliza\u00e7\u00e3o, Cidadania e Direitos Humanos"},"content":{"rendered":"<div id=\"pl-25\"  class=\"panel-layout\" ><div id=\"pg-25-0\"  class=\"panel-grid panel-no-style\" ><div id=\"pgc-25-0-0\"  class=\"panel-grid-cell\" ><div id=\"panel-25-0-0-0\" class=\"so-panel widget widget_sow-editor panel-first-child panel-last-child\" data-index=\"0\" ><div\n\t\t\t\n\t\t\tclass=\"so-widget-sow-editor so-widget-sow-editor-base\"\n\t\t\t\n\t\t>\n<div class=\"siteorigin-widget-tinymce textwidget\">\n\t<p><img class=\"aligncenter\" src=\"https:\/\/memoria.apps.uepg.br\/eri\/wp-content\/uploads\/sites\/30\/2019\/07\/18157217_411716389196171_2872474756330958076_n.png\" alt=\"18157217_411716389196171_2872474756330958076_n\" \/><\/p>\n<p>O InterMig oferece suporte a acad\u00eamicos internacionais. As atividades planejadas pelo projeto visam e incentivam a troca de experi\u00eancias entre pessoas de todo o mundo atrav\u00e9s de interc\u00e2mbios, confer\u00eancias e ferramentas virtuais e, ainda, objetiva envolver culturalmente jovens de diferentes forma\u00e7\u00f5es, culturas, religi\u00f5es e interesses, com o eixo \u00fanico de se tornar agente de mudan\u00e7a positiva na sociedade contempor\u00e2nea, conforme relat\u00f3rio das principais atividades, no anexo Projeto INTERMIG UEPG relat\u00f3rio.<\/p>\n<p>Atualmente s\u00e3o atendidos 49 discentes internacionais, oriundos dos pa\u00edses de Angola, Argentina, Benin, Bol\u00edvia, Cabo Verde, Chile, Col\u00f4mbia, El Salvador, Equador, Portugal, Guatemala, Guin\u00e9-Bissau, Haiti, \u00cdndia, Jamaica, Nig\u00e9ria, Paraguai, Peru, Uruguai e Venezuela.<\/p>\n<p>As atividades planejadas pelo projeto visam e incentivam a troca de experi\u00eancias entre pessoas de todo o mundo atrav\u00e9s de interc\u00e2mbios, confer\u00eancias e ferramentas virtuais e, ainda, objetivam envolver culturalmente jovens de diferentes forma\u00e7\u00f5es, culturas, religi\u00f5es e interesses, com o eixo \u00fanico de se tornar agente de mudan\u00e7a positiva na sociedade contempor\u00e2nea. Dentre as a\u00e7\u00f5es realizadas pelo InterMig, ressaltamos:<\/p>\n<h5>\nLevantamento e atualiza\u00e7\u00e3o de Informa\u00e7\u00f5es sobre os estudantes internacionais da Universidade Estadual de Ponta Grossa (pesquisa de perfil do ano de 2017\/2018).<\/h5>\n<p>As atividades desenvolvidas nesta primeira a\u00e7\u00e3o, consistiram no levantamento de informa\u00e7\u00f5es na Pr\u00f3-Reitoria de Pesquisa e P\u00f3s-Gradua\u00e7\u00e3o (PROPESP), Pr\u00f3-Reitoria de Gradua\u00e7\u00e3o (PROGRAD) e colegiados de curso da UEPG, a fim de organizar e sistematizar os dados referentes aos estudantes internacionais da institui\u00e7\u00e3o. Para isso, foram realizados contatos telef\u00f4nicos<br \/>\ne eletr\u00f4nicos.<\/p>\n<h5>A\u00e7\u00f5es de acolhimento, orienta\u00e7\u00f5es, suporte e acompanhamento dos estudantes internacionais:<\/h5>\n<p>* Atendimentos individuais e em grupo na sala do projeto no Campus Central da\u00a0 UEPG, encaminhando os alunos\/familiares e migrantes a rede de servi\u00e7os disponibilizada no Munic\u00edpio.<br \/>\n* Divulga\u00e7\u00e3o das a\u00e7\u00f5es do projeto atrav\u00e9s ferramentais virtuais: p\u00e1gina do facebook e um grupo fechado para quest\u00f5es de mobilidade estudantil. Acesso a p\u00e1gina atrav\u00e9s do link <a href=\"https:\/\/www.facebook.com\/intermiguepg\/\">https:\/\/www.facebook.com\/intermiguepg\/<\/a><br \/>\n* Elabora\u00e7\u00e3o do Guia do Acad\u00eamico Internacional, tendo por objetivo reunir informa\u00e7\u00f5es para auxiliar o processo de chegada e adapta\u00e7\u00e3o dos estudantes, pesquisadores e demais agentes universit\u00e1rios, que ingressam na<br \/>\nUEPG atrav\u00e9s de programas de mobilidade internacional, para Ponta Grossa e na Universidade Estadual de Ponta Grossa.<br \/>\n* A\u00e7\u00f5es para a constru\u00e7\u00e3o de atividades que possam propiciar acolhimento, orienta\u00e7\u00f5es, suporte e\u00a0 companhamento dos estudantes aos migrantes e refugiados domiciliados no munic\u00edpio de Ponta Grossa.<\/p>\n<\/div>\n<\/div><\/div><\/div><\/div><div id=\"pg-25-1\"  class=\"panel-grid panel-no-style\" ><div id=\"pgc-25-1-0\"  class=\"panel-grid-cell panel-grid-cell-empty\" ><\/div><div id=\"pgc-25-1-1\"  class=\"panel-grid-cell panel-grid-cell-mobile-last\" ><div id=\"panel-25-1-1-0\" class=\"so-panel widget widget_sow-features panel-first-child panel-last-child\" data-index=\"1\" ><div\n\t\t\t\n\t\t\tclass=\"so-widget-sow-features so-widget-sow-features-default-87f4feec68b6-25\"\n\t\t\t\n\t\t>\n<div class=\"sow-features-list sow-features-responsive\">\n\n\t\t\t\t\t\t<div\n\t\t\t\tclass=\"sow-features-feature sow-icon-container-position-right sow-features-feature-last-row\"\n\t\t\t\tstyle=\"display: flex; flex-direction: row; float: left; width: 50%;\"\n\t\t\t>\n\n\t\t\t\t\t\t\t\t\t<a\n\t\t\t\t\t\thref=\"https:\/\/www.facebook.com\/intermiguepg\/\"\n\t\t\t\t\t\ttarget=\"_blank\" rel=\"noopener noreferrer\"\t\t\t\t\t>\n\t\t\t\t\t\t\t\t<div\n\t\t\t\t\tclass=\"sow-icon-container sow-container-none\"\n                    style=\"color: #404040; \"\n\t\t\t\t\t>\n\t\t\t\t\t<span class=\"sow-icon-genericons\" data-sow-icon=\"&#xf204;\"\n\t\tstyle=\"font-size: 54px; color: #0a0a0a\" \n\t\taria-hidden=\"true\"><\/span>\t\t\t\t<\/div>\n\t\t\t\t\t\t\t\t\t<\/a>\n\t\t\t\t\n\t\t\t\t<div class=\"textwidget\">\n\t\t\t\t\t\t\t\t\t\t\t<h5>\n\t\t\t\t\t\t\t\n\t\t\t\t\t\t\tFacebook\t\t\t\t\t\t\t\t\t\t\t\t\t<\/h5>\n\t\t\t\t\t\n\t\t\t\t\t\n\t\t\t\t\t\t\t\t\t\t\t<p class=\"sow-more-text\">\n\t\t\t\t\t\t\t<a href=\"https:\/\/www.facebook.com\/intermiguepg\/\" target=\"_blank\" rel=\"noopener noreferrer\">\t\t\t\t\t\t\t@intermiguepg\t\t\t\t\t\t\t<\/a>\t\t\t\t\t\t<\/p>\n\t\t\t\t\t\t\t\t\t<\/div>\n\t\t\t\t\t\t\t<\/div>\n\n\t\t\t\t\t<div\n\t\t\t\tclass=\"sow-features-feature sow-icon-container-position-right sow-features-feature-last-row\"\n\t\t\t\tstyle=\"display: flex; flex-direction: row; float: left; width: 50%;\"\n\t\t\t>\n\n\t\t\t\t\t\t\t\t<div\n\t\t\t\t\tclass=\"sow-icon-container sow-container-none\"\n                    style=\"color: #404040; \"\n\t\t\t\t\t>\n\t\t\t\t\t<span class=\"sow-icon-ionicons\" data-sow-icon=\"&#xf2eb;\"\n\t\tstyle=\"font-size: 54px; color: #0a0a0a\" \n\t\taria-hidden=\"true\"><\/span>\t\t\t\t<\/div>\n\t\t\t\t\n\t\t\t\t<div class=\"textwidget\">\n\t\t\t\t\t\t\t\t\t\t\t<h5>\n\t\t\t\t\t\t\t\n\t\t\t\t\t\t\te-mail\t\t\t\t\t\t\t\t\t\t\t\t\t<\/h5>\n\t\t\t\t\t\n\t\t\t\t\t\n\t\t\t\t\t\t\t\t\t\t\t<p class=\"sow-more-text\">\n\t\t\t\t\t\t\t\t\t\t\t\t\t\t                                 uepgvivendointercambio@gmail.com\t\t\t\t\t\t\t\t\t\t\t\t\t<\/p>\n\t\t\t\t\t\t\t\t\t<\/div>\n\t\t\t\t\t\t\t<\/div>\n\n\t\t\t\n<\/div>\n<\/div><\/div><\/div><div id=\"pgc-25-1-2\"  class=\"panel-grid-cell panel-grid-cell-empty\" ><\/div><\/div><\/div>","protected":false},"excerpt":{"rendered":"<p>O InterMig oferece suporte a acad\u00eamicos internacionais. As atividades planejadas pelo projeto visam e incentivam a troca de experi\u00eancias entre pessoas de todo o mundo atrav\u00e9s de interc\u00e2mbios, confer\u00eancias e ferramentas virtuais e, ainda, objetiva envolver culturalmente jovens de diferentes forma\u00e7\u00f5es, culturas, religi\u00f5es e interesses, com o eixo \u00fanico de se tornar agente de mudan\u00e7a&nbsp;&hellip;<\/p>\n","protected":false},"author":24,"featured_media":0,"parent":0,"menu_order":0,"comment_status":"closed","ping_status":"closed","template":"page-templates\/page-with-left-sidebar.php","meta":[],"_links":{"self":[{"href":"https:\/\/www2.uepg.br\/eri\/wp-json\/wp\/v2\/pages\/25"}],"collection":[{"href":"https:\/\/www2.uepg.br\/eri\/wp-json\/wp\/v2\/pages"}],"about":[{"href":"https:\/\/www2.uepg.br\/eri\/wp-json\/wp\/v2\/types\/page"}],"author":[{"embeddable":true,"href":"https:\/\/www2.uepg.br\/eri\/wp-json\/wp\/v2\/users\/24"}],"replies":[{"embeddable":true,"href":"https:\/\/www2.uepg.br\/eri\/wp-json\/wp\/v2\/comments?post=25"}],"version-history":[{"count":4,"href":"https:\/\/www2.uepg.br\/eri\/wp-json\/wp\/v2\/pages\/25\/revisions"}],"predecessor-version":[{"id":678,"href":"https:\/\/www2.uepg.br\/eri\/wp-json\/wp\/v2\/pages\/25\/revisions\/678"}],"wp:attachment":[{"href":"https:\/\/www2.uepg.br\/eri\/wp-json\/wp\/v2\/media?parent=25"}],"curies":[{"name":"wp","href":"https:\/\/api.w.org\/{rel}","templated":true}]}}