{"id":4072,"date":"2022-06-29T08:54:26","date_gmt":"2022-06-29T11:54:26","guid":{"rendered":"https:\/\/www2.uepg.br\/eri\/?page_id=4072"},"modified":"2025-12-01T10:14:38","modified_gmt":"2025-12-01T13:14:38","slug":"resolucoes","status":"publish","type":"page","link":"https:\/\/www2.uepg.br\/eri\/resolucoes\/","title":{"rendered":"Resolu\u00e7\u00f5es"},"content":{"rendered":"<p style=\"text-align: center\"><a href=\"http:\/\/www2.uepg.br\/eri\/wp-content\/uploads\/sites\/52\/2022\/07\/RegulamentoERI-CEPE-N\u00b0-022-2015.pdf\">Regulamento ERI CEPE n\u00b0 022\/2015<\/a><\/p>\n<p style=\"text-align: center\"><a href=\"http:\/\/www2.uepg.br\/eri\/wp-content\/uploads\/sites\/52\/2022\/07\/PROMEI-Resolucao-CEPE-No-054-2014.pdf\">PROMEI &#8211; Resolu\u00e7\u00e3o-CEPE n\u00ba 054\/2014<\/a><\/p>\n<p style=\"text-align: center\"><a href=\"http:\/\/www2.uepg.br\/eri\/wp-content\/uploads\/sites\/52\/2022\/07\/AFASTAMENDO-DOCENTE-Resolucao-CEPE-No-071-2016.pdf\">Afastamento Docente Resolu\u00e7\u00e3o CEPE n\u00ba 071\/2016<\/a><\/p>\n<p style=\"text-align: center\"><a href=\"http:\/\/www2.uepg.br\/eri\/wp-content\/uploads\/sites\/52\/2024\/06\/4.14-Liberacao-para-Eventos-no-Exterior-Docente-1.pdf\">Libera\u00e7\u00e3o docente para participar de Semin\u00e1rios, Congressos, Palestras, Est\u00e1gios t\u00e9cnicos supervisionados ou eventos assemelhados no exterior<\/a><\/p>\n<p style=\"text-align: center\"><a href=\"https:\/\/www2.uepg.br\/eri\/resolucoes\/portaria-r-no-1432017-regulamento-de-reconhecimento-de-diplomas-da-pos-graduacao-stricto-sensu\/\" rel=\"attachment wp-att-5023\">Portaria R n\u00ba 1432017 &#8211; Regulamento de Reconhecimento de Diplomas da P\u00f3s-Gradua\u00e7\u00e3o Stricto Sensu<\/a><\/p>\n<p style=\"text-align: center\"><a href=\"https:\/\/www2.uepg.br\/eri\/resolucoes\/autorizac%cc%a7a%cc%83o-de-uso-de-imagem\/\" rel=\"attachment wp-att-5041\">Cess\u00e3o de uso de imagem e voz<\/a><\/p>\n<p style=\"text-align: center\"><a href=\"https:\/\/www2.uepg.br\/eri\/resolucoes\/portaria-r-84-2018\/\" rel=\"attachment wp-att-5456\">Portaria R 84 2018 &#8211; Pol\u00edtica de Internacionaliza\u00e7\u00e3o da UEPG<\/a><\/p>\n","protected":false},"excerpt":{"rendered":"<p>Regulamento ERI CEPE n\u00b0 022\/2015 PROMEI &#8211; Resolu\u00e7\u00e3o-CEPE n\u00ba 054\/2014 Afastamento Docente Resolu\u00e7\u00e3o CEPE n\u00ba 071\/2016 Libera\u00e7\u00e3o docente para participar de Semin\u00e1rios, Congressos, Palestras, Est\u00e1gios t\u00e9cnicos supervisionados ou eventos assemelhados no exterior Portaria R n\u00ba 1432017 &#8211; Regulamento de Reconhecimento de Diplomas da P\u00f3s-Gradua\u00e7\u00e3o Stricto Sensu Cess\u00e3o de uso de imagem e voz Portaria R&nbsp;&hellip;<\/p>\n","protected":false},"author":483,"featured_media":0,"parent":0,"menu_order":0,"comment_status":"closed","ping_status":"closed","template":"","meta":[],"_links":{"self":[{"href":"https:\/\/www2.uepg.br\/eri\/wp-json\/wp\/v2\/pages\/4072"}],"collection":[{"href":"https:\/\/www2.uepg.br\/eri\/wp-json\/wp\/v2\/pages"}],"about":[{"href":"https:\/\/www2.uepg.br\/eri\/wp-json\/wp\/v2\/types\/page"}],"author":[{"embeddable":true,"href":"https:\/\/www2.uepg.br\/eri\/wp-json\/wp\/v2\/users\/483"}],"replies":[{"embeddable":true,"href":"https:\/\/www2.uepg.br\/eri\/wp-json\/wp\/v2\/comments?post=4072"}],"version-history":[{"count":20,"href":"https:\/\/www2.uepg.br\/eri\/wp-json\/wp\/v2\/pages\/4072\/revisions"}],"predecessor-version":[{"id":7322,"href":"https:\/\/www2.uepg.br\/eri\/wp-json\/wp\/v2\/pages\/4072\/revisions\/7322"}],"wp:attachment":[{"href":"https:\/\/www2.uepg.br\/eri\/wp-json\/wp\/v2\/media?parent=4072"}],"curies":[{"name":"wp","href":"https:\/\/api.w.org\/{rel}","templated":true}]}}