{"id":4596,"date":"2022-12-16T09:09:36","date_gmt":"2022-12-16T12:09:36","guid":{"rendered":"https:\/\/www2.uepg.br\/eri\/?page_id=4596"},"modified":"2026-04-16T11:14:23","modified_gmt":"2026-04-16T14:14:23","slug":"casa-internacional","status":"publish","type":"page","link":"https:\/\/www2.uepg.br\/eri\/casa-internacional\/","title":{"rendered":"Casa Internacional"},"content":{"rendered":"<div id=\"pl-4596\"  class=\"panel-layout\" ><div id=\"pg-4596-0\"  class=\"panel-grid panel-no-style\" ><div id=\"pgc-4596-0-0\"  class=\"panel-grid-cell\" ><div id=\"panel-4596-0-0-0\" class=\"so-panel widget widget_text panel-first-child\" data-index=\"0\" >\t\t\t<div class=\"textwidget\"><p><strong><a href=\"http:\/\/www2.uepg.br\/eri\/wp-content\/uploads\/sites\/52\/2022\/11\/TERMOS-RESPONS.-casa-internacional.docx-1.pdf\">TERMOS RESPONS. casa internacional<\/a><\/strong><\/p>\n<p><strong><a href=\"http:\/\/www2.uepg.br\/eri\/wp-content\/uploads\/sites\/52\/2023\/07\/Regimento-Interno-da-Casa-Internacional.pdf\">Regimento Interno da Casa Internacional<\/a><\/strong><\/p>\n<p><strong><a href=\"http:\/\/www2.uepg.br\/eri\/wp-content\/uploads\/sites\/52\/2024\/10\/image-3.pdf\">Fotos da Casa Internacional!<\/a><\/strong><\/p>\n<p><strong>CRONOGRAMA DA CASA INTERNACIONAL<\/strong><\/p>\n<p><strong>2026<\/strong><\/p>\n<p><a href=\"http:\/\/www2.uepg.br\/eri\/wp-content\/uploads\/sites\/52\/2026\/04\/2026-Cronograma-Casa-Internacional-MARCO.pdf\">MAR\u00c7O<\/a><\/p>\n<p><a href=\"http:\/\/www2.uepg.br\/eri\/wp-content\/uploads\/sites\/52\/2026\/04\/2026-Cronograma-Casa-Internacional-ABRIL-3.pdf\">ABRIL<\/a><\/p>\n<p><a href=\"http:\/\/www2.uepg.br\/eri\/wp-content\/uploads\/sites\/52\/2026\/04\/2026-Cronograma-Casa-Internacional-MAIO.pdf\">MAIO<\/a><\/p>\n<\/div>\n\t\t<\/div><div id=\"panel-4596-0-0-1\" class=\"so-panel widget widget_sow-accordion panel-last-child\" data-index=\"1\" ><div\n\t\t\t\n\t\t\tclass=\"so-widget-sow-accordion so-widget-sow-accordion-default-fe6cd01aca1d-4596\"\n\t\t\t\n\t\t><div>\n\t<div class=\"sow-accordion\">\n\t\t\t<div class=\"sow-accordion-panel\"\n\t\t\t data-anchor=\"o-que-%c3%a9\">\n\t\t\t\t<div class=\"sow-accordion-panel-header-container\" role=\"heading\" aria-level=\"2\">\n\t\t\t\t\t<div class=\"sow-accordion-panel-header\" tabindex=\"0\" role=\"button\" id=\"accordion-label-o-que-%c3%a9\" aria-controls=\"accordion-content-o-que-%c3%a9\" aria-expanded=\"false\">\n\t\t\t\t\t\t<div class=\"sow-accordion-title sow-accordion-title-icon-left\">\n\t\t\t\t\t\t\t\t\t\t\t\t\t\tO que \u00e9?\t\t\t\t\t\t\t\t\t\t\t\t\t<\/div>\n\t\t\t\t\t\t<div class=\"sow-accordion-open-close-button\">\n\t\t\t\t\t\t\t<div class=\"sow-accordion-open-button\">\n\t\t\t\t\t\t\t\t<span class=\"sow-icon-ionicons\" data-sow-icon=\"&#xf218;\"\n\t\t \n\t\taria-hidden=\"true\"><\/span>\t\t\t\t\t\t\t<\/div>\n\t\t\t\t\t\t\t<div class=\"sow-accordion-close-button\">\n\t\t\t\t\t\t\t\t<span class=\"sow-icon-ionicons\" data-sow-icon=\"&#xf209;\"\n\t\t \n\t\taria-hidden=\"true\"><\/span>\t\t\t\t\t\t\t<\/div>\n\t\t\t\t\t\t<\/div>\n\t\t\t\t\t<\/div>\n\t\t\t\t<\/div>\n\n\t\t\t<div\n\t\t\t\tclass=\"sow-accordion-panel-content\"\n\t\t\t\trole=\"region\"\n\t\t\t\taria-labelledby=\"accordion-label-o-que-%c3%a9\"\n\t\t\t\tid=\"accordion-content-o-que-%c3%a9\"\n\t\t\t\tstyle=\"display: none;\"\t\t\t>\n\t\t\t\t<div class=\"sow-accordion-panel-border\" tabindex=\"0\">\n\t\t\t\t\t<table>\n<tbody>\n<tr>\n<td><span style=\"font-weight: 400\">A Casa Internacional \u00e9 uma das a\u00e7\u00f5es de internacionaliza\u00e7\u00e3o na Universidade Estadual de Ponta Grossa e se destina \u00e0 hospedagem de docentes e pesquisadores internacionais.<\/span><\/td>\n<\/tr>\n<\/tbody>\n<\/table>\n\t\t\t\t<\/div>\n\t\t\t<\/div>\n\t\t<\/div>\n\t\t\t<div class=\"sow-accordion-panel\"\n\t\t\t data-anchor=\"onde-fica\">\n\t\t\t\t<div class=\"sow-accordion-panel-header-container\" role=\"heading\" aria-level=\"2\">\n\t\t\t\t\t<div class=\"sow-accordion-panel-header\" tabindex=\"0\" role=\"button\" id=\"accordion-label-onde-fica\" aria-controls=\"accordion-content-onde-fica\" aria-expanded=\"false\">\n\t\t\t\t\t\t<div class=\"sow-accordion-title sow-accordion-title-icon-left\">\n\t\t\t\t\t\t\t\t\t\t\t\t\t\tOnde fica?\t\t\t\t\t\t\t\t\t\t\t\t\t<\/div>\n\t\t\t\t\t\t<div class=\"sow-accordion-open-close-button\">\n\t\t\t\t\t\t\t<div class=\"sow-accordion-open-button\">\n\t\t\t\t\t\t\t\t<span class=\"sow-icon-ionicons\" data-sow-icon=\"&#xf218;\"\n\t\t \n\t\taria-hidden=\"true\"><\/span>\t\t\t\t\t\t\t<\/div>\n\t\t\t\t\t\t\t<div class=\"sow-accordion-close-button\">\n\t\t\t\t\t\t\t\t<span class=\"sow-icon-ionicons\" data-sow-icon=\"&#xf209;\"\n\t\t \n\t\taria-hidden=\"true\"><\/span>\t\t\t\t\t\t\t<\/div>\n\t\t\t\t\t\t<\/div>\n\t\t\t\t\t<\/div>\n\t\t\t\t<\/div>\n\n\t\t\t<div\n\t\t\t\tclass=\"sow-accordion-panel-content\"\n\t\t\t\trole=\"region\"\n\t\t\t\taria-labelledby=\"accordion-label-onde-fica\"\n\t\t\t\tid=\"accordion-content-onde-fica\"\n\t\t\t\tstyle=\"display: none;\"\t\t\t>\n\t\t\t\t<div class=\"sow-accordion-panel-border\" tabindex=\"0\">\n\t\t\t\t\t<table>\n<tbody>\n<tr>\n<td><span style=\"font-weight: 400\">Rua Siqueira Campos, 123 \u2013 Uvaranas \u2013 Ponta Grossa\/PR, 84031-030<\/span><\/td>\n<\/tr>\n<\/tbody>\n<\/table>\n\t\t\t\t<\/div>\n\t\t\t<\/div>\n\t\t<\/div>\n\t\t\t<div class=\"sow-accordion-panel\"\n\t\t\t data-anchor=\"como-%c3%a9\">\n\t\t\t\t<div class=\"sow-accordion-panel-header-container\" role=\"heading\" aria-level=\"2\">\n\t\t\t\t\t<div class=\"sow-accordion-panel-header\" tabindex=\"0\" role=\"button\" id=\"accordion-label-como-%c3%a9\" aria-controls=\"accordion-content-como-%c3%a9\" aria-expanded=\"false\">\n\t\t\t\t\t\t<div class=\"sow-accordion-title sow-accordion-title-icon-left\">\n\t\t\t\t\t\t\t\t\t\t\t\t\t\tComo \u00e9?\t\t\t\t\t\t\t\t\t\t\t\t\t<\/div>\n\t\t\t\t\t\t<div class=\"sow-accordion-open-close-button\">\n\t\t\t\t\t\t\t<div class=\"sow-accordion-open-button\">\n\t\t\t\t\t\t\t\t<span class=\"sow-icon-ionicons\" data-sow-icon=\"&#xf218;\"\n\t\t \n\t\taria-hidden=\"true\"><\/span>\t\t\t\t\t\t\t<\/div>\n\t\t\t\t\t\t\t<div class=\"sow-accordion-close-button\">\n\t\t\t\t\t\t\t\t<span class=\"sow-icon-ionicons\" data-sow-icon=\"&#xf209;\"\n\t\t \n\t\taria-hidden=\"true\"><\/span>\t\t\t\t\t\t\t<\/div>\n\t\t\t\t\t\t<\/div>\n\t\t\t\t\t<\/div>\n\t\t\t\t<\/div>\n\n\t\t\t<div\n\t\t\t\tclass=\"sow-accordion-panel-content\"\n\t\t\t\trole=\"region\"\n\t\t\t\taria-labelledby=\"accordion-label-como-%c3%a9\"\n\t\t\t\tid=\"accordion-content-como-%c3%a9\"\n\t\t\t\tstyle=\"display: none;\"\t\t\t>\n\t\t\t\t<div class=\"sow-accordion-panel-border\" tabindex=\"0\">\n\t\t\t\t\t<p><img class=\"alignnone size-full wp-image-5768\" src=\"http:\/\/www2.uepg.br\/eri\/wp-content\/uploads\/sites\/52\/2023\/10\/Blank-8-Grids-Collage.png\" alt=\"\" width=\"2000\" height=\"2000\" \/><\/p>\n<p>&nbsp;<\/p>\n<p>&nbsp;<\/p>\n<p>&nbsp;<\/p>\n\t\t\t\t<\/div>\n\t\t\t<\/div>\n\t\t<\/div>\n\t\t\t<div class=\"sow-accordion-panel\"\n\t\t\t data-anchor=\"a-quem-pertence\">\n\t\t\t\t<div class=\"sow-accordion-panel-header-container\" role=\"heading\" aria-level=\"2\">\n\t\t\t\t\t<div class=\"sow-accordion-panel-header\" tabindex=\"0\" role=\"button\" id=\"accordion-label-a-quem-pertence\" aria-controls=\"accordion-content-a-quem-pertence\" aria-expanded=\"false\">\n\t\t\t\t\t\t<div class=\"sow-accordion-title sow-accordion-title-icon-left\">\n\t\t\t\t\t\t\t\t\t\t\t\t\t\tA quem pertence?\t\t\t\t\t\t\t\t\t\t\t\t\t<\/div>\n\t\t\t\t\t\t<div class=\"sow-accordion-open-close-button\">\n\t\t\t\t\t\t\t<div class=\"sow-accordion-open-button\">\n\t\t\t\t\t\t\t\t<span class=\"sow-icon-ionicons\" data-sow-icon=\"&#xf218;\"\n\t\t \n\t\taria-hidden=\"true\"><\/span>\t\t\t\t\t\t\t<\/div>\n\t\t\t\t\t\t\t<div class=\"sow-accordion-close-button\">\n\t\t\t\t\t\t\t\t<span class=\"sow-icon-ionicons\" data-sow-icon=\"&#xf209;\"\n\t\t \n\t\taria-hidden=\"true\"><\/span>\t\t\t\t\t\t\t<\/div>\n\t\t\t\t\t\t<\/div>\n\t\t\t\t\t<\/div>\n\t\t\t\t<\/div>\n\n\t\t\t<div\n\t\t\t\tclass=\"sow-accordion-panel-content\"\n\t\t\t\trole=\"region\"\n\t\t\t\taria-labelledby=\"accordion-label-a-quem-pertence\"\n\t\t\t\tid=\"accordion-content-a-quem-pertence\"\n\t\t\t\tstyle=\"display: none;\"\t\t\t>\n\t\t\t\t<div class=\"sow-accordion-panel-border\" tabindex=\"0\">\n\t\t\t\t\t<table>\n<tbody>\n<tr>\n<td><span style=\"font-weight: 400\">Funda\u00e7\u00e3o de Apoio ao Desenvolvimento Institucional, Cient\u00edfico e Tecnol\u00f3gico da Universidade Estadual de Ponta Grossa - FAUEPG<\/span><\/td>\n<\/tr>\n<\/tbody>\n<\/table>\n\t\t\t\t<\/div>\n\t\t\t<\/div>\n\t\t<\/div>\n\t\t\t<div class=\"sow-accordion-panel\"\n\t\t\t data-anchor=\"quem-administra\">\n\t\t\t\t<div class=\"sow-accordion-panel-header-container\" role=\"heading\" aria-level=\"2\">\n\t\t\t\t\t<div class=\"sow-accordion-panel-header\" tabindex=\"0\" role=\"button\" id=\"accordion-label-quem-administra\" aria-controls=\"accordion-content-quem-administra\" aria-expanded=\"false\">\n\t\t\t\t\t\t<div class=\"sow-accordion-title sow-accordion-title-icon-left\">\n\t\t\t\t\t\t\t\t\t\t\t\t\t\tQuem administra?\t\t\t\t\t\t\t\t\t\t\t\t\t<\/div>\n\t\t\t\t\t\t<div class=\"sow-accordion-open-close-button\">\n\t\t\t\t\t\t\t<div class=\"sow-accordion-open-button\">\n\t\t\t\t\t\t\t\t<span class=\"sow-icon-ionicons\" data-sow-icon=\"&#xf218;\"\n\t\t \n\t\taria-hidden=\"true\"><\/span>\t\t\t\t\t\t\t<\/div>\n\t\t\t\t\t\t\t<div class=\"sow-accordion-close-button\">\n\t\t\t\t\t\t\t\t<span class=\"sow-icon-ionicons\" data-sow-icon=\"&#xf209;\"\n\t\t \n\t\taria-hidden=\"true\"><\/span>\t\t\t\t\t\t\t<\/div>\n\t\t\t\t\t\t<\/div>\n\t\t\t\t\t<\/div>\n\t\t\t\t<\/div>\n\n\t\t\t<div\n\t\t\t\tclass=\"sow-accordion-panel-content\"\n\t\t\t\trole=\"region\"\n\t\t\t\taria-labelledby=\"accordion-label-quem-administra\"\n\t\t\t\tid=\"accordion-content-quem-administra\"\n\t\t\t\tstyle=\"display: none;\"\t\t\t>\n\t\t\t\t<div class=\"sow-accordion-panel-border\" tabindex=\"0\">\n\t\t\t\t\t<table>\n<tbody>\n<tr>\n<td><span style=\"font-weight: 400\">Escrit\u00f3rio de Rela\u00e7\u00f5es Internacionais - ERI<\/span><\/td>\n<\/tr>\n<\/tbody>\n<\/table>\n\t\t\t\t<\/div>\n\t\t\t<\/div>\n\t\t<\/div>\n\t\t\t<div class=\"sow-accordion-panel\"\n\t\t\t data-anchor=\"quem-pode-utilizar\">\n\t\t\t\t<div class=\"sow-accordion-panel-header-container\" role=\"heading\" aria-level=\"2\">\n\t\t\t\t\t<div class=\"sow-accordion-panel-header\" tabindex=\"0\" role=\"button\" id=\"accordion-label-quem-pode-utilizar\" aria-controls=\"accordion-content-quem-pode-utilizar\" aria-expanded=\"false\">\n\t\t\t\t\t\t<div class=\"sow-accordion-title sow-accordion-title-icon-left\">\n\t\t\t\t\t\t\t\t\t\t\t\t\t\tQuem pode utilizar?\t\t\t\t\t\t\t\t\t\t\t\t\t<\/div>\n\t\t\t\t\t\t<div class=\"sow-accordion-open-close-button\">\n\t\t\t\t\t\t\t<div class=\"sow-accordion-open-button\">\n\t\t\t\t\t\t\t\t<span class=\"sow-icon-ionicons\" data-sow-icon=\"&#xf218;\"\n\t\t \n\t\taria-hidden=\"true\"><\/span>\t\t\t\t\t\t\t<\/div>\n\t\t\t\t\t\t\t<div class=\"sow-accordion-close-button\">\n\t\t\t\t\t\t\t\t<span class=\"sow-icon-ionicons\" data-sow-icon=\"&#xf209;\"\n\t\t \n\t\taria-hidden=\"true\"><\/span>\t\t\t\t\t\t\t<\/div>\n\t\t\t\t\t\t<\/div>\n\t\t\t\t\t<\/div>\n\t\t\t\t<\/div>\n\n\t\t\t<div\n\t\t\t\tclass=\"sow-accordion-panel-content\"\n\t\t\t\trole=\"region\"\n\t\t\t\taria-labelledby=\"accordion-label-quem-pode-utilizar\"\n\t\t\t\tid=\"accordion-content-quem-pode-utilizar\"\n\t\t\t\tstyle=\"display: none;\"\t\t\t>\n\t\t\t\t<div class=\"sow-accordion-panel-border\" tabindex=\"0\">\n\t\t\t\t\t<table>\n<tbody>\n<tr>\n<td><span style=\"font-weight: 400\">Docentes e pesquisadores internacionais.<\/span>\n<p><span style=\"font-weight: 400\">Docentes e pesquisadores nacionais se houver leitos dispon\u00edveis.<\/span><\/p>\n<\/td>\n<\/tr>\n<\/tbody>\n<\/table>\n\t\t\t\t<\/div>\n\t\t\t<\/div>\n\t\t<\/div>\n\t\t\t<div class=\"sow-accordion-panel\"\n\t\t\t data-anchor=\"quanto-tempo-pode-ser-utilizada\">\n\t\t\t\t<div class=\"sow-accordion-panel-header-container\" role=\"heading\" aria-level=\"2\">\n\t\t\t\t\t<div class=\"sow-accordion-panel-header\" tabindex=\"0\" role=\"button\" id=\"accordion-label-quanto-tempo-pode-ser-utilizada\" aria-controls=\"accordion-content-quanto-tempo-pode-ser-utilizada\" aria-expanded=\"false\">\n\t\t\t\t\t\t<div class=\"sow-accordion-title sow-accordion-title-icon-left\">\n\t\t\t\t\t\t\t\t\t\t\t\t\t\tQuanto tempo pode ser utilizada?\t\t\t\t\t\t\t\t\t\t\t\t\t<\/div>\n\t\t\t\t\t\t<div class=\"sow-accordion-open-close-button\">\n\t\t\t\t\t\t\t<div class=\"sow-accordion-open-button\">\n\t\t\t\t\t\t\t\t<span class=\"sow-icon-ionicons\" data-sow-icon=\"&#xf218;\"\n\t\t \n\t\taria-hidden=\"true\"><\/span>\t\t\t\t\t\t\t<\/div>\n\t\t\t\t\t\t\t<div class=\"sow-accordion-close-button\">\n\t\t\t\t\t\t\t\t<span class=\"sow-icon-ionicons\" data-sow-icon=\"&#xf209;\"\n\t\t \n\t\taria-hidden=\"true\"><\/span>\t\t\t\t\t\t\t<\/div>\n\t\t\t\t\t\t<\/div>\n\t\t\t\t\t<\/div>\n\t\t\t\t<\/div>\n\n\t\t\t<div\n\t\t\t\tclass=\"sow-accordion-panel-content\"\n\t\t\t\trole=\"region\"\n\t\t\t\taria-labelledby=\"accordion-label-quanto-tempo-pode-ser-utilizada\"\n\t\t\t\tid=\"accordion-content-quanto-tempo-pode-ser-utilizada\"\n\t\t\t\tstyle=\"display: none;\"\t\t\t>\n\t\t\t\t<div class=\"sow-accordion-panel-border\" tabindex=\"0\">\n\t\t\t\t\t<table>\n<tbody>\n<tr>\n<td><span style=\"font-weight: 400\">At\u00e9 15 dias.<\/span><\/td>\n<\/tr>\n<\/tbody>\n<\/table>\n\t\t\t\t<\/div>\n\t\t\t<\/div>\n\t\t<\/div>\n\t\t\t<div class=\"sow-accordion-panel\"\n\t\t\t data-anchor=\"como-solicitar-a-utiliza%c3%a7%c3%a3o\">\n\t\t\t\t<div class=\"sow-accordion-panel-header-container\" role=\"heading\" aria-level=\"2\">\n\t\t\t\t\t<div class=\"sow-accordion-panel-header\" tabindex=\"0\" role=\"button\" id=\"accordion-label-como-solicitar-a-utiliza%c3%a7%c3%a3o\" aria-controls=\"accordion-content-como-solicitar-a-utiliza%c3%a7%c3%a3o\" aria-expanded=\"false\">\n\t\t\t\t\t\t<div class=\"sow-accordion-title sow-accordion-title-icon-left\">\n\t\t\t\t\t\t\t\t\t\t\t\t\t\tComo solicitar a utiliza\u00e7\u00e3o?\t\t\t\t\t\t\t\t\t\t\t\t\t<\/div>\n\t\t\t\t\t\t<div class=\"sow-accordion-open-close-button\">\n\t\t\t\t\t\t\t<div class=\"sow-accordion-open-button\">\n\t\t\t\t\t\t\t\t<span class=\"sow-icon-ionicons\" data-sow-icon=\"&#xf218;\"\n\t\t \n\t\taria-hidden=\"true\"><\/span>\t\t\t\t\t\t\t<\/div>\n\t\t\t\t\t\t\t<div class=\"sow-accordion-close-button\">\n\t\t\t\t\t\t\t\t<span class=\"sow-icon-ionicons\" data-sow-icon=\"&#xf209;\"\n\t\t \n\t\taria-hidden=\"true\"><\/span>\t\t\t\t\t\t\t<\/div>\n\t\t\t\t\t\t<\/div>\n\t\t\t\t\t<\/div>\n\t\t\t\t<\/div>\n\n\t\t\t<div\n\t\t\t\tclass=\"sow-accordion-panel-content\"\n\t\t\t\trole=\"region\"\n\t\t\t\taria-labelledby=\"accordion-label-como-solicitar-a-utiliza%c3%a7%c3%a3o\"\n\t\t\t\tid=\"accordion-content-como-solicitar-a-utiliza%c3%a7%c3%a3o\"\n\t\t\t\tstyle=\"display: none;\"\t\t\t>\n\t\t\t\t<div class=\"sow-accordion-panel-border\" tabindex=\"0\">\n\t\t\t\t\t<p><span style=\"font-weight: 400\">O processo a seguir deve ser realizado pelo Professor Host da UEPG com no m\u00ednimo 15 dias antes da vinda do h\u00f3spede internacional.\u00a0<\/span><\/p>\n<p><img class=\"size-full wp-image-5793 aligncenter\" src=\"http:\/\/www2.uepg.br\/eri\/wp-content\/uploads\/sites\/52\/2023\/10\/Solicitacao-Casa-Internacional.jpg\" alt=\"\" width=\"1024\" height=\"768\" \/><\/p>\n<p>&nbsp;<\/p>\n\t\t\t\t<\/div>\n\t\t\t<\/div>\n\t\t<\/div>\n\t\t\t<div class=\"sow-accordion-panel\"\n\t\t\t data-anchor=\"quais-s%c3%a3o-as-regras\">\n\t\t\t\t<div class=\"sow-accordion-panel-header-container\" role=\"heading\" aria-level=\"2\">\n\t\t\t\t\t<div class=\"sow-accordion-panel-header\" tabindex=\"0\" role=\"button\" id=\"accordion-label-quais-s%c3%a3o-as-regras\" aria-controls=\"accordion-content-quais-s%c3%a3o-as-regras\" aria-expanded=\"false\">\n\t\t\t\t\t\t<div class=\"sow-accordion-title sow-accordion-title-icon-left\">\n\t\t\t\t\t\t\t\t\t\t\t\t\t\tQuais s\u00e3o as regras?\t\t\t\t\t\t\t\t\t\t\t\t\t<\/div>\n\t\t\t\t\t\t<div class=\"sow-accordion-open-close-button\">\n\t\t\t\t\t\t\t<div class=\"sow-accordion-open-button\">\n\t\t\t\t\t\t\t\t<span class=\"sow-icon-ionicons\" data-sow-icon=\"&#xf218;\"\n\t\t \n\t\taria-hidden=\"true\"><\/span>\t\t\t\t\t\t\t<\/div>\n\t\t\t\t\t\t\t<div class=\"sow-accordion-close-button\">\n\t\t\t\t\t\t\t\t<span class=\"sow-icon-ionicons\" data-sow-icon=\"&#xf209;\"\n\t\t \n\t\taria-hidden=\"true\"><\/span>\t\t\t\t\t\t\t<\/div>\n\t\t\t\t\t\t<\/div>\n\t\t\t\t\t<\/div>\n\t\t\t\t<\/div>\n\n\t\t\t<div\n\t\t\t\tclass=\"sow-accordion-panel-content\"\n\t\t\t\trole=\"region\"\n\t\t\t\taria-labelledby=\"accordion-label-quais-s%c3%a3o-as-regras\"\n\t\t\t\tid=\"accordion-content-quais-s%c3%a3o-as-regras\"\n\t\t\t\tstyle=\"display: none;\"\t\t\t>\n\t\t\t\t<div class=\"sow-accordion-panel-border\" tabindex=\"0\">\n\t\t\t\t\t<table>\n<tbody>\n<tr>\n<td>\n<ul>\n<li><span style=\"font-weight: 400\">\u00c9 vedado o ingresso de animais nas depend\u00eancias da Casa Internacional da Universidade Estadual de Ponta Grossa.<\/span><\/li>\n<li>\u00c9 vedado fumar nas depend\u00eancias internas da Casa Internacional da Universidade Estadual de Ponta Grossa, mesmo nos banheiros ou pr\u00f3ximo \u00e0s janelas.<\/li>\n<li>O h\u00f3spede dever\u00e1 respeitar rigorosamente o hor\u00e1rio limite de 23h (hor\u00e1rio de Bras\u00edlia) para entrada noturna na Casa Internacional da Universidade Estadual de Ponta Grossa.<\/li>\n<li>N\u00e3o ser\u00e1 permitida a pr\u00e1tica de atos que perturbem o bem-estar dos demais h\u00f3spedes na Casa Internacional da Universidade Estadual de Ponta Grossa, incluindo ru\u00eddos e barulhos excessivos durante o dia e a noite.<\/li>\n<li>\u00c9 do h\u00f3spede a responsabilidade pela conserva\u00e7\u00e3o de todos os itens da Casa Internacional da Universidade Estadual de Ponta Grossa e pela comunica\u00e7\u00e3o de eventuais danos que tenha causado.<\/li>\n<li>\u00c9 vedado ao h\u00f3spede o uso das depend\u00eancias externas da Casa Internacional da Universidade Estadual de Ponta Grossa, ficando o acesso restrito ao espa\u00e7o reservado exclusivamente ao funcionamento da casa.<\/li>\n<\/ul>\n<\/td>\n<\/tr>\n<\/tbody>\n<\/table>\n\t\t\t\t<\/div>\n\t\t\t<\/div>\n\t\t<\/div>\n\t\t\t<div class=\"sow-accordion-panel\"\n\t\t\t data-anchor=\"quais-s%c3%a3o-as-penalidades-em-caso-de-descumprimento-das-regras\">\n\t\t\t\t<div class=\"sow-accordion-panel-header-container\" role=\"heading\" aria-level=\"2\">\n\t\t\t\t\t<div class=\"sow-accordion-panel-header\" tabindex=\"0\" role=\"button\" id=\"accordion-label-quais-s%c3%a3o-as-penalidades-em-caso-de-descumprimento-das-regras\" aria-controls=\"accordion-content-quais-s%c3%a3o-as-penalidades-em-caso-de-descumprimento-das-regras\" aria-expanded=\"false\">\n\t\t\t\t\t\t<div class=\"sow-accordion-title sow-accordion-title-icon-left\">\n\t\t\t\t\t\t\t\t\t\t\t\t\t\tQuais s\u00e3o as penalidades em caso de descumprimento das regras?\t\t\t\t\t\t\t\t\t\t\t\t\t<\/div>\n\t\t\t\t\t\t<div class=\"sow-accordion-open-close-button\">\n\t\t\t\t\t\t\t<div class=\"sow-accordion-open-button\">\n\t\t\t\t\t\t\t\t<span class=\"sow-icon-ionicons\" data-sow-icon=\"&#xf218;\"\n\t\t \n\t\taria-hidden=\"true\"><\/span>\t\t\t\t\t\t\t<\/div>\n\t\t\t\t\t\t\t<div class=\"sow-accordion-close-button\">\n\t\t\t\t\t\t\t\t<span class=\"sow-icon-ionicons\" data-sow-icon=\"&#xf209;\"\n\t\t \n\t\taria-hidden=\"true\"><\/span>\t\t\t\t\t\t\t<\/div>\n\t\t\t\t\t\t<\/div>\n\t\t\t\t\t<\/div>\n\t\t\t\t<\/div>\n\n\t\t\t<div\n\t\t\t\tclass=\"sow-accordion-panel-content\"\n\t\t\t\trole=\"region\"\n\t\t\t\taria-labelledby=\"accordion-label-quais-s%c3%a3o-as-penalidades-em-caso-de-descumprimento-das-regras\"\n\t\t\t\tid=\"accordion-content-quais-s%c3%a3o-as-penalidades-em-caso-de-descumprimento-das-regras\"\n\t\t\t\tstyle=\"display: none;\"\t\t\t>\n\t\t\t\t<div class=\"sow-accordion-panel-border\" tabindex=\"0\">\n\t\t\t\t\t<table>\n<tbody>\n<tr>\n<td>\n<ul>\n<li><span style=\"font-weight: 400\">1\u00b0 Ocorr\u00eancia: Advert\u00eancia Verbal<\/span><\/li>\n<li><span style=\"font-weight: 400\">2\u00b0 Ocorr\u00eancia: Notifica\u00e7\u00e3o por Escrito<\/span><\/li>\n<li><span style=\"font-weight: 400\">3\u00b0Ocorr\u00eancia: Suspens\u00e3o do Direito de Uso<br \/>\n<\/span><\/li>\n<\/ul>\n<\/td>\n<\/tr>\n<\/tbody>\n<\/table>\n\t\t\t\t<\/div>\n\t\t\t<\/div>\n\t\t<\/div>\n\t\t\t<div class=\"sow-accordion-panel\"\n\t\t\t data-anchor=\"quanto-custa-a-utiliza%c3%a7%c3%a3o\">\n\t\t\t\t<div class=\"sow-accordion-panel-header-container\" role=\"heading\" aria-level=\"2\">\n\t\t\t\t\t<div class=\"sow-accordion-panel-header\" tabindex=\"0\" role=\"button\" id=\"accordion-label-quanto-custa-a-utiliza%c3%a7%c3%a3o\" aria-controls=\"accordion-content-quanto-custa-a-utiliza%c3%a7%c3%a3o\" aria-expanded=\"false\">\n\t\t\t\t\t\t<div class=\"sow-accordion-title sow-accordion-title-icon-left\">\n\t\t\t\t\t\t\t\t\t\t\t\t\t\tQuanto custa a utiliza\u00e7\u00e3o?\t\t\t\t\t\t\t\t\t\t\t\t\t<\/div>\n\t\t\t\t\t\t<div class=\"sow-accordion-open-close-button\">\n\t\t\t\t\t\t\t<div class=\"sow-accordion-open-button\">\n\t\t\t\t\t\t\t\t<span class=\"sow-icon-ionicons\" data-sow-icon=\"&#xf218;\"\n\t\t \n\t\taria-hidden=\"true\"><\/span>\t\t\t\t\t\t\t<\/div>\n\t\t\t\t\t\t\t<div class=\"sow-accordion-close-button\">\n\t\t\t\t\t\t\t\t<span class=\"sow-icon-ionicons\" data-sow-icon=\"&#xf209;\"\n\t\t \n\t\taria-hidden=\"true\"><\/span>\t\t\t\t\t\t\t<\/div>\n\t\t\t\t\t\t<\/div>\n\t\t\t\t\t<\/div>\n\t\t\t\t<\/div>\n\n\t\t\t<div\n\t\t\t\tclass=\"sow-accordion-panel-content\"\n\t\t\t\trole=\"region\"\n\t\t\t\taria-labelledby=\"accordion-label-quanto-custa-a-utiliza%c3%a7%c3%a3o\"\n\t\t\t\tid=\"accordion-content-quanto-custa-a-utiliza%c3%a7%c3%a3o\"\n\t\t\t\tstyle=\"display: none;\"\t\t\t>\n\t\t\t\t<div class=\"sow-accordion-panel-border\" tabindex=\"0\">\n\t\t\t\t\t<table>\n<tbody>\n<tr>\n<td><span style=\"font-weight: 400\">N\u00e3o h\u00e1 \u00f4nus\u00a0<\/span><\/td>\n<\/tr>\n<\/tbody>\n<\/table>\n\t\t\t\t<\/div>\n\t\t\t<\/div>\n\t\t<\/div>\n\t\t<\/div>\n<\/div>\n<\/div><\/div><\/div><\/div><\/div>","protected":false},"excerpt":{"rendered":"<p>TERMOS RESPONS. casa internacional Regimento Interno da Casa Internacional Fotos da Casa Internacional! CRONOGRAMA DA CASA INTERNACIONAL 2026 MAR\u00c7O ABRIL MAIO<\/p>\n","protected":false},"author":378,"featured_media":0,"parent":0,"menu_order":0,"comment_status":"closed","ping_status":"closed","template":"","meta":[],"_links":{"self":[{"href":"https:\/\/www2.uepg.br\/eri\/wp-json\/wp\/v2\/pages\/4596"}],"collection":[{"href":"https:\/\/www2.uepg.br\/eri\/wp-json\/wp\/v2\/pages"}],"about":[{"href":"https:\/\/www2.uepg.br\/eri\/wp-json\/wp\/v2\/types\/page"}],"author":[{"embeddable":true,"href":"https:\/\/www2.uepg.br\/eri\/wp-json\/wp\/v2\/users\/378"}],"replies":[{"embeddable":true,"href":"https:\/\/www2.uepg.br\/eri\/wp-json\/wp\/v2\/comments?post=4596"}],"version-history":[{"count":142,"href":"https:\/\/www2.uepg.br\/eri\/wp-json\/wp\/v2\/pages\/4596\/revisions"}],"predecessor-version":[{"id":7617,"href":"https:\/\/www2.uepg.br\/eri\/wp-json\/wp\/v2\/pages\/4596\/revisions\/7617"}],"wp:attachment":[{"href":"https:\/\/www2.uepg.br\/eri\/wp-json\/wp\/v2\/media?parent=4596"}],"curies":[{"name":"wp","href":"https:\/\/api.w.org\/{rel}","templated":true}]}}