{"id":4598,"date":"2022-12-16T09:09:36","date_gmt":"2022-12-16T12:09:36","guid":{"rendered":"https:\/\/www2.uepg.br\/eri\/?page_id=4598"},"modified":"2022-12-19T09:31:38","modified_gmt":"2022-12-19T12:31:38","slug":"atribuicoes","status":"publish","type":"page","link":"https:\/\/www2.uepg.br\/eri\/atribuicoes\/","title":{"rendered":"Atribui\u00e7\u00f5es"},"content":{"rendered":"<div id=\"pl-4598\"  class=\"panel-layout\" ><div id=\"pg-4598-0\"  class=\"panel-grid panel-no-style\" ><div id=\"pgc-4598-0-0\"  class=\"panel-grid-cell\" ><div id=\"panel-4598-0-0-0\" class=\"so-panel widget widget_sow-editor panel-first-child panel-last-child\" data-index=\"0\" ><div id=\"atribuicoes-do-eri\" class=\"panel-widget-style panel-widget-style-for-4598-0-0-0\" ><div\n\t\t\t\n\t\t\tclass=\"so-widget-sow-editor so-widget-sow-editor-base\"\n\t\t\t\n\t\t>\n<div class=\"siteorigin-widget-tinymce textwidget\">\n\t<p>O ERI desempenha a fun\u00e7\u00e3o de agente respons\u00e1vel pela harmoniza\u00e7\u00e3o das diretrizes de internacionaliza\u00e7\u00e3o da Universidade, em conson\u00e2ncia com a pol\u00edtica Institucional, Estadual ou Federal, bem como, por seu processo de implementa\u00e7\u00e3o.<\/p>\n<p><strong>Mas o que o ERI faz?<\/strong><br \/>\nV\u00e1rias coisas! Algumas das nossas atividades s\u00e3o:<\/p>\n<p>- Estabelecer conv\u00eanios de coopera\u00e7\u00e3o acad\u00eamica, cient\u00edfica e tecnol\u00f3gica com institui\u00e7\u00f5es estrangeiras;<\/p>\n<p>- Manter contato com institui\u00e7\u00f5es nacionais e estrangeiras a fim de possibilitar a execu\u00e7\u00e3o de a\u00e7\u00f5es previstas em acordos e conv\u00eanios internacionais.<\/p>\n<p>- Desenvolver programas de mobilidade internacional para estudo e\/ou est\u00e1gio e dar encaminhamento a processos relativos ao <a href=\"https:\/\/www2.uepg.br\/eri\/regulamento\/\">Programa de Mobilidade Estudantil Internacional (PROMEI)<\/a>;<\/p>\n<p>- Fornecer informa\u00e7\u00e3o \u00e0 comunidade acad\u00eamica da UEPG sobre mobilidade internacional e apoiar nos tramites legais internos \u00e0 UEPG quanto a viagens internacionais;<\/p>\n<p>- Orientar, dentro de sua esfera de responsabilidade, os alunos estrangeiros em quest\u00f5es burocr\u00e1ticas e documentais, a fim de que estes se mantenham regularizados em rela\u00e7\u00e3o \u00e0s normas da UEPG e do Brasil, e auxili\u00e1-los em quest\u00f5es cotidianas, como encontrar moradia;<\/p>\n<p>- Providenciar int\u00e9rprete para visitantes na UEPG e para que alunos internacionais regularizem sua estadia no pa\u00eds;<\/p>\n<p>- Divulgar oportunidades de internacionaliza\u00e7\u00e3o, mobilidade e bolsas de estudos da UEPG e de outras institui\u00e7\u00f5es estrangeiras;<\/p>\n<p>- Oferecer suporte para professores que v\u00e3o viajar (veja mais informa\u00e7\u00f5es <a href=\"https:\/\/www2.uepg.br\/eri\/mobilidade-docente\/\">aqui<\/a>);<\/p>\n<p>-Atender visitantes, alunos, funcion\u00e1rios e professores em nosso escrit\u00f3rio, solucionando d\u00favidas ou dando encaminhamentos necess\u00e1rios;<\/p>\n<p>-Promo\u00e7\u00e3o e participa\u00e7\u00e3o em eventos;<\/p>\n<p><strong>Ufa!<\/strong> E isso tudo \u00e9 s\u00f3 uma parte do que fazemos no ERI.<br \/>\nPara ficar por dentro das novidades e das a\u00e7\u00f5es do Escrit\u00f3rio de Rela\u00e7\u00f5es Internacionais, siga nossas redes no <a href=\"https:\/\/www.instagram.com\/eriuepg\/\">Instagram<\/a> e <a href=\"https:\/\/www.facebook.com\/eri.uepg\/\">Facebook<\/a>.<\/p>\n<p>Veja mais informa\u00e7\u00f5es sobre nosso trabalho no <a href=\"http:\/\/www2.uepg.br\/eri\/wp-content\/uploads\/sites\/52\/2020\/07\/Regulamento-do-Escrit\u00f3rio-de-Rela\u00e7\u00f5es-Internacionais-UEPG.pdf\">Regulamento do Escrit\u00f3rio de Rela\u00e7\u00f5es Internacionais UEPG<\/a>, conforme a Resolu\u00e7\u00e3o UNIV. 022 de 10\/08\/2015.<\/p>\n<\/div>\n<\/div><\/div><\/div><\/div><\/div><\/div>","protected":false},"excerpt":{"rendered":"<p>O ERI desempenha a fun\u00e7\u00e3o de agente respons\u00e1vel pela harmoniza\u00e7\u00e3o das diretrizes de internacionaliza\u00e7\u00e3o da Universidade, em conson\u00e2ncia com a pol\u00edtica Institucional, Estadual ou Federal, bem como, por seu processo de implementa\u00e7\u00e3o. Mas o que o ERI faz? V\u00e1rias coisas! Algumas das nossas atividades s\u00e3o: &#8211; Estabelecer conv\u00eanios de coopera\u00e7\u00e3o acad\u00eamica, cient\u00edfica e tecnol\u00f3gica com&nbsp;&hellip;<\/p>\n","protected":false},"author":378,"featured_media":0,"parent":0,"menu_order":0,"comment_status":"closed","ping_status":"closed","template":"","meta":[],"_links":{"self":[{"href":"https:\/\/www2.uepg.br\/eri\/wp-json\/wp\/v2\/pages\/4598"}],"collection":[{"href":"https:\/\/www2.uepg.br\/eri\/wp-json\/wp\/v2\/pages"}],"about":[{"href":"https:\/\/www2.uepg.br\/eri\/wp-json\/wp\/v2\/types\/page"}],"author":[{"embeddable":true,"href":"https:\/\/www2.uepg.br\/eri\/wp-json\/wp\/v2\/users\/378"}],"replies":[{"embeddable":true,"href":"https:\/\/www2.uepg.br\/eri\/wp-json\/wp\/v2\/comments?post=4598"}],"version-history":[{"count":3,"href":"https:\/\/www2.uepg.br\/eri\/wp-json\/wp\/v2\/pages\/4598\/revisions"}],"predecessor-version":[{"id":4653,"href":"https:\/\/www2.uepg.br\/eri\/wp-json\/wp\/v2\/pages\/4598\/revisions\/4653"}],"wp:attachment":[{"href":"https:\/\/www2.uepg.br\/eri\/wp-json\/wp\/v2\/media?parent=4598"}],"curies":[{"name":"wp","href":"https:\/\/api.w.org\/{rel}","templated":true}]}}