{"id":4599,"date":"2022-12-16T09:09:36","date_gmt":"2022-12-16T12:09:36","guid":{"rendered":"https:\/\/www2.uepg.br\/eri\/?page_id=4599"},"modified":"2024-03-26T11:43:54","modified_gmt":"2024-03-26T14:43:54","slug":"historico-de-equipe","status":"publish","type":"page","link":"https:\/\/www2.uepg.br\/eri\/historico-de-equipe\/","title":{"rendered":"Hist\u00f3rico de Equipe"},"content":{"rendered":"<div id=\"pl-4599\"  class=\"panel-layout\" ><div id=\"pg-4599-0\"  class=\"panel-grid panel-no-style\" ><div id=\"pgc-4599-0-0\"  class=\"panel-grid-cell\" ><div id=\"panel-4599-0-0-0\" class=\"so-panel widget widget_sow-editor panel-first-child panel-last-child\" data-index=\"0\" ><div id=\"equipe\" class=\"panel-widget-style panel-widget-style-for-4599-0-0-0\" ><div\n\t\t\t\n\t\t\tclass=\"so-widget-sow-editor so-widget-sow-editor-base\"\n\t\t\t\n\t\t>\n<div class=\"siteorigin-widget-tinymce textwidget\">\n\t<p><img loading=\"lazy\" class=\"wp-image-6231 aligncenter\" src=\"http:\/\/www2.uepg.br\/eri\/wp-content\/uploads\/sites\/52\/2024\/03\/Deb-1.png\" alt=\"\" width=\"180\" height=\"180\" \/><\/p>\n<p style=\"text-align: center\">Sulany dos Santos (Diretora)<\/p>\n<p style=\"text-align: center\">2018 -<\/p>\n<p>&nbsp;<\/p>\n<p><img loading=\"lazy\" class=\"wp-image-6237 aligncenter\" src=\"http:\/\/www2.uepg.br\/eri\/wp-content\/uploads\/sites\/52\/2024\/03\/Deb-1-1.png\" alt=\"\" width=\"133\" height=\"133\" \/><\/p>\n<p style=\"text-align: center\">Magnun Josu\u00e9 (Assistente)<\/p>\n<p style=\"text-align: center\">2023 -<\/p>\n<p>&nbsp;<\/p>\n<p><img loading=\"lazy\" class=\"aligncenter wp-image-5729\" src=\"http:\/\/www2.uepg.br\/eri\/wp-content\/uploads\/sites\/52\/2023\/10\/Deb.png\" alt=\"\" width=\"158\" height=\"158\" \/><\/p>\n<p style=\"text-align: center\">D\u00e9bora Resende (Estagi\u00e1ria)<\/p>\n<p style=\"text-align: center\">2023 -<\/p>\n<p>&nbsp;<\/p>\n<p><img loading=\"lazy\" class=\"alignnone wp-image-6075 aligncenter\" src=\"http:\/\/www2.uepg.br\/eri\/wp-content\/uploads\/sites\/52\/2024\/02\/Deb-1-1.png\" alt=\"\" width=\"156\" height=\"156\" \/><\/p>\n<p style=\"text-align: center\">Bruna Caroline Machado do Nascimento (Assistente)<\/p>\n<p style=\"text-align: center\">2023 -<\/p>\n<p>&nbsp;<\/p>\n<p style=\"text-align: center\"><img loading=\"lazy\" class=\"alignnone wp-image-4351\" src=\"http:\/\/www2.uepg.br\/eri\/wp-content\/uploads\/sites\/52\/2022\/11\/Domi-site-1-300x132.png\" alt=\"\" width=\"232\" height=\"102\" srcset=\"https:\/\/www2.uepg.br\/eri\/wp-content\/uploads\/sites\/52\/2022\/11\/Domi-site-1-300x132.png 300w, https:\/\/www2.uepg.br\/eri\/wp-content\/uploads\/sites\/52\/2022\/11\/Domi-site-1-768x338.png 768w, https:\/\/www2.uepg.br\/eri\/wp-content\/uploads\/sites\/52\/2022\/11\/Domi-site-1.png 910w\" sizes=\"(max-width: 232px) 100vw, 232px\" \/><\/p>\n<p style=\"text-align: center\">Domitila Gonzalez (Assistente)<\/p>\n<p style=\"text-align: center\">2022 - 2023<\/p>\n<p>&nbsp;<\/p>\n<p><img loading=\"lazy\" class=\"aligncenter wp-image-6224\" src=\"http:\/\/www2.uepg.br\/eri\/wp-content\/uploads\/sites\/52\/2024\/03\/Deb.png\" alt=\"\" width=\"145\" height=\"145\" \/><\/p>\n<p style=\"text-align: center\">\u00a0Beatriz Mayer (Estagi\u00e1ria)<\/p>\n<p style=\"text-align: center\">2022 - 2023<\/p>\n<p>&nbsp;<\/p>\n<p style=\"text-align: center\"><img loading=\"lazy\" class=\"alignnone wp-image-4657\" src=\"http:\/\/www2.uepg.br\/eri\/wp-content\/uploads\/sites\/52\/2022\/12\/3-Sem-Titulo_20221219095800-300x300.png\" alt=\"\" width=\"96\" height=\"96\" srcset=\"https:\/\/www2.uepg.br\/eri\/wp-content\/uploads\/sites\/52\/2022\/12\/3-Sem-Titulo_20221219095800-300x300.png 300w, https:\/\/www2.uepg.br\/eri\/wp-content\/uploads\/sites\/52\/2022\/12\/3-Sem-Titulo_20221219095800-150x150.png 150w, https:\/\/www2.uepg.br\/eri\/wp-content\/uploads\/sites\/52\/2022\/12\/3-Sem-Titulo_20221219095800-768x768.png 768w, https:\/\/www2.uepg.br\/eri\/wp-content\/uploads\/sites\/52\/2022\/12\/3-Sem-Titulo_20221219095800.png 1000w\" sizes=\"(max-width: 96px) 100vw, 96px\" \/><\/p>\n<p style=\"text-align: center\">Me. Claudio Fernandes Baranhuke Junior (Assistente)<\/p>\n<p style=\"text-align: center\">2022 - 2022<\/p>\n<p>&nbsp;<\/p>\n<p><img loading=\"lazy\" class=\"aligncenter wp-image-3735\" src=\"http:\/\/www2.uepg.br\/eri\/wp-content\/uploads\/sites\/52\/2022\/03\/Design-sem-nome-2-300x300.png\" alt=\"\" width=\"96\" height=\"96\" srcset=\"https:\/\/www2.uepg.br\/eri\/wp-content\/uploads\/sites\/52\/2022\/03\/Design-sem-nome-2-300x300.png 300w, https:\/\/www2.uepg.br\/eri\/wp-content\/uploads\/sites\/52\/2022\/03\/Design-sem-nome-2-1024x1024.png 1024w, https:\/\/www2.uepg.br\/eri\/wp-content\/uploads\/sites\/52\/2022\/03\/Design-sem-nome-2-150x150.png 150w, https:\/\/www2.uepg.br\/eri\/wp-content\/uploads\/sites\/52\/2022\/03\/Design-sem-nome-2-768x768.png 768w, https:\/\/www2.uepg.br\/eri\/wp-content\/uploads\/sites\/52\/2022\/03\/Design-sem-nome-2.png 1080w\" sizes=\"(max-width: 96px) 100vw, 96px\" \/><\/p>\n<p style=\"text-align: center\">Ana Paula Schardosin (Estagi\u00e1ria)<\/p>\n<p style=\"text-align: center\">2021 - 2022<\/p>\n<p>&nbsp;<\/p>\n<p><img loading=\"lazy\" class=\"wp-image-4663 aligncenter\" src=\"http:\/\/www2.uepg.br\/eri\/wp-content\/uploads\/sites\/52\/2022\/12\/3-Sem-Titulo_20221219104703-300x300.png\" alt=\"\" width=\"96\" height=\"96\" srcset=\"https:\/\/www2.uepg.br\/eri\/wp-content\/uploads\/sites\/52\/2022\/12\/3-Sem-Titulo_20221219104703-300x300.png 300w, https:\/\/www2.uepg.br\/eri\/wp-content\/uploads\/sites\/52\/2022\/12\/3-Sem-Titulo_20221219104703-150x150.png 150w, https:\/\/www2.uepg.br\/eri\/wp-content\/uploads\/sites\/52\/2022\/12\/3-Sem-Titulo_20221219104703-768x768.png 768w, https:\/\/www2.uepg.br\/eri\/wp-content\/uploads\/sites\/52\/2022\/12\/3-Sem-Titulo_20221219104703.png 1000w\" sizes=\"(max-width: 96px) 100vw, 96px\" \/><\/p>\n<p style=\"text-align: center\">Cristina Gresele (Assistente)<\/p>\n<p style=\"text-align: center\">2020 - 2022<\/p>\n<p>&nbsp;<\/p>\n<p style=\"text-align: center\"><img loading=\"lazy\" class=\"alignnone wp-image-4672\" src=\"http:\/\/www2.uepg.br\/eri\/wp-content\/uploads\/sites\/52\/2022\/12\/3-Sem-Titulo_20221220080632-300x300.png\" alt=\"\" width=\"96\" height=\"96\" srcset=\"https:\/\/www2.uepg.br\/eri\/wp-content\/uploads\/sites\/52\/2022\/12\/3-Sem-Titulo_20221220080632-300x300.png 300w, https:\/\/www2.uepg.br\/eri\/wp-content\/uploads\/sites\/52\/2022\/12\/3-Sem-Titulo_20221220080632-150x150.png 150w, https:\/\/www2.uepg.br\/eri\/wp-content\/uploads\/sites\/52\/2022\/12\/3-Sem-Titulo_20221220080632-768x768.png 768w, https:\/\/www2.uepg.br\/eri\/wp-content\/uploads\/sites\/52\/2022\/12\/3-Sem-Titulo_20221220080632.png 1000w\" sizes=\"(max-width: 96px) 100vw, 96px\" \/><\/p>\n<p style=\"text-align: center\">Vin\u00edcius de Oliveira Trujillo Ger\u00f4nimo (Estagi\u00e1rio)<\/p>\n<p style=\"text-align: center\">2020 - 2021<\/p>\n<p><img loading=\"lazy\" class=\"alignnone wp-image-6075 aligncenter\" src=\"http:\/\/www2.uepg.br\/eri\/wp-content\/uploads\/sites\/52\/2024\/02\/Deb-1-1.png\" alt=\"\" width=\"150\" height=\"150\" \/><\/p>\n<p style=\"text-align: center\">Bruna Caroline Machado do Nascimento (Estagi\u00e1ria)<\/p>\n<p style=\"text-align: center\">2020 - 2020<\/p>\n<p>&nbsp;<\/p>\n<p style=\"text-align: center\"><img loading=\"lazy\" class=\"alignnone wp-image-823\" src=\"http:\/\/www2.uepg.br\/eri\/wp-content\/uploads\/sites\/52\/2020\/07\/Dani_site-300x300.png\" alt=\"\" width=\"96\" height=\"96\" srcset=\"https:\/\/www2.uepg.br\/eri\/wp-content\/uploads\/sites\/52\/2020\/07\/Dani_site-300x300.png 300w, https:\/\/www2.uepg.br\/eri\/wp-content\/uploads\/sites\/52\/2020\/07\/Dani_site-1024x1024.png 1024w, https:\/\/www2.uepg.br\/eri\/wp-content\/uploads\/sites\/52\/2020\/07\/Dani_site-150x150.png 150w, https:\/\/www2.uepg.br\/eri\/wp-content\/uploads\/sites\/52\/2020\/07\/Dani_site-768x768.png 768w, https:\/\/www2.uepg.br\/eri\/wp-content\/uploads\/sites\/52\/2020\/07\/Dani_site-1536x1536.png 1536w, https:\/\/www2.uepg.br\/eri\/wp-content\/uploads\/sites\/52\/2020\/07\/Dani_site-1232x1232.png 1232w, https:\/\/www2.uepg.br\/eri\/wp-content\/uploads\/sites\/52\/2020\/07\/Dani_site-1080x1080.png 1080w, https:\/\/www2.uepg.br\/eri\/wp-content\/uploads\/sites\/52\/2020\/07\/Dani_site.png 1800w\" sizes=\"(max-width: 96px) 100vw, 96px\" \/><\/p>\n<p style=\"text-align: center\">Me. Danielle Carneiro Dykstra (T\u00e9cnica Administrativa)<\/p>\n<p style=\"text-align: center\">2020<\/p>\n<p>&nbsp;<\/p>\n<p style=\"text-align: center\"><img loading=\"lazy\" class=\"alignnone wp-image-4671\" src=\"http:\/\/www2.uepg.br\/eri\/wp-content\/uploads\/sites\/52\/2022\/12\/3-Sem-Titulo_20221220080645-300x300.png\" alt=\"\" width=\"100\" height=\"100\" srcset=\"https:\/\/www2.uepg.br\/eri\/wp-content\/uploads\/sites\/52\/2022\/12\/3-Sem-Titulo_20221220080645-300x300.png 300w, https:\/\/www2.uepg.br\/eri\/wp-content\/uploads\/sites\/52\/2022\/12\/3-Sem-Titulo_20221220080645-150x150.png 150w, https:\/\/www2.uepg.br\/eri\/wp-content\/uploads\/sites\/52\/2022\/12\/3-Sem-Titulo_20221220080645-768x768.png 768w, https:\/\/www2.uepg.br\/eri\/wp-content\/uploads\/sites\/52\/2022\/12\/3-Sem-Titulo_20221220080645.png 1000w\" sizes=\"(max-width: 100px) 100vw, 100px\" \/><\/p>\n<p style=\"text-align: center\">Giovanna Schwingel de Fonseca (Estagi\u00e1ria)<\/p>\n<p style=\"text-align: center\">2019 - 2020<\/p>\n<p>&nbsp;<\/p>\n<p style=\"text-align: center\"><img loading=\"lazy\" class=\"alignnone wp-image-4666\" src=\"http:\/\/www2.uepg.br\/eri\/wp-content\/uploads\/sites\/52\/2022\/12\/3-Sem-Titulo_20221219105032-300x300.png\" alt=\"\" width=\"96\" height=\"96\" srcset=\"https:\/\/www2.uepg.br\/eri\/wp-content\/uploads\/sites\/52\/2022\/12\/3-Sem-Titulo_20221219105032-300x300.png 300w, https:\/\/www2.uepg.br\/eri\/wp-content\/uploads\/sites\/52\/2022\/12\/3-Sem-Titulo_20221219105032-150x150.png 150w, https:\/\/www2.uepg.br\/eri\/wp-content\/uploads\/sites\/52\/2022\/12\/3-Sem-Titulo_20221219105032-768x768.png 768w, https:\/\/www2.uepg.br\/eri\/wp-content\/uploads\/sites\/52\/2022\/12\/3-Sem-Titulo_20221219105032.png 1000w\" sizes=\"(max-width: 96px) 100vw, 96px\" \/><\/p>\n<p style=\"text-align: center\">Nathalia Safraider Barbato (Assistente)<\/p>\n<p style=\"text-align: center\">2018 - 2019<\/p>\n<p>&nbsp;<\/p>\n<p><img loading=\"lazy\" class=\"wp-image-4656 aligncenter\" src=\"http:\/\/www2.uepg.br\/eri\/wp-content\/uploads\/sites\/52\/2022\/12\/3-Sem-Titulo_20221219095824-300x300.png\" alt=\"\" width=\"96\" height=\"96\" srcset=\"https:\/\/www2.uepg.br\/eri\/wp-content\/uploads\/sites\/52\/2022\/12\/3-Sem-Titulo_20221219095824-300x300.png 300w, https:\/\/www2.uepg.br\/eri\/wp-content\/uploads\/sites\/52\/2022\/12\/3-Sem-Titulo_20221219095824-150x150.png 150w, https:\/\/www2.uepg.br\/eri\/wp-content\/uploads\/sites\/52\/2022\/12\/3-Sem-Titulo_20221219095824-768x768.png 768w, https:\/\/www2.uepg.br\/eri\/wp-content\/uploads\/sites\/52\/2022\/12\/3-Sem-Titulo_20221219095824.png 1000w\" sizes=\"(max-width: 96px) 100vw, 96px\" \/><\/p>\n<p style=\"text-align: center\">Glaci Luzia de Meira Hilgemberg (T\u00e9cnica Administrativa)<\/p>\n<p style=\"text-align: center\">1995 - 2020<\/p>\n<p>&nbsp;<\/p>\n<\/div>\n<\/div><\/div><\/div><\/div><\/div><\/div>","protected":false},"excerpt":{"rendered":"<p>Sulany dos Santos (Diretora) 2018 &#8211; &nbsp; Magnun Josu\u00e9 (Assistente) 2023 &#8211; &nbsp; D\u00e9bora Resende (Estagi\u00e1ria) 2023 &#8211; &nbsp; Bruna Caroline Machado do Nascimento (Assistente) 2023 &#8211; &nbsp; Domitila Gonzalez (Assistente) 2022 &#8211; 2023 &nbsp; \u00a0Beatriz Mayer (Estagi\u00e1ria) 2022 &#8211; 2023 &nbsp; Me. Claudio Fernandes Baranhuke Junior (Assistente) 2022 &#8211; 2022 &nbsp; Ana Paula Schardosin&nbsp;&hellip;<\/p>\n","protected":false},"author":378,"featured_media":0,"parent":0,"menu_order":0,"comment_status":"closed","ping_status":"closed","template":"","meta":[],"_links":{"self":[{"href":"https:\/\/www2.uepg.br\/eri\/wp-json\/wp\/v2\/pages\/4599"}],"collection":[{"href":"https:\/\/www2.uepg.br\/eri\/wp-json\/wp\/v2\/pages"}],"about":[{"href":"https:\/\/www2.uepg.br\/eri\/wp-json\/wp\/v2\/types\/page"}],"author":[{"embeddable":true,"href":"https:\/\/www2.uepg.br\/eri\/wp-json\/wp\/v2\/users\/378"}],"replies":[{"embeddable":true,"href":"https:\/\/www2.uepg.br\/eri\/wp-json\/wp\/v2\/comments?post=4599"}],"version-history":[{"count":31,"href":"https:\/\/www2.uepg.br\/eri\/wp-json\/wp\/v2\/pages\/4599\/revisions"}],"predecessor-version":[{"id":7119,"href":"https:\/\/www2.uepg.br\/eri\/wp-json\/wp\/v2\/pages\/4599\/revisions\/7119"}],"wp:attachment":[{"href":"https:\/\/www2.uepg.br\/eri\/wp-json\/wp\/v2\/media?parent=4599"}],"curies":[{"name":"wp","href":"https:\/\/api.w.org\/{rel}","templated":true}]}}