{"id":4601,"date":"2022-12-16T09:09:36","date_gmt":"2022-12-16T12:09:36","guid":{"rendered":"https:\/\/www2.uepg.br\/eri\/?page_id=4601"},"modified":"2024-10-31T08:15:43","modified_gmt":"2024-10-31T11:15:43","slug":"faq-perguntas-frequentes","status":"publish","type":"page","link":"https:\/\/www2.uepg.br\/eri\/en\/faq-perguntas-frequentes\/","title":{"rendered":"FAQ &#8211; Perguntas Frequentes"},"content":{"rendered":"<div id=\"pl-4601\"  class=\"panel-layout\" ><div id=\"pg-4601-0\"  class=\"panel-grid panel-no-style\" ><div id=\"pgc-4601-0-0\"  class=\"panel-grid-cell\" ><div id=\"panel-4601-0-0-0\" class=\"so-panel widget widget_sow-accordion panel-first-child panel-last-child\" data-index=\"0\" ><div\n\t\t\t\n\t\t\tclass=\"so-widget-sow-accordion so-widget-sow-accordion-default-a0c3e63d1813-4601\"\n\t\t\t\n\t\t><div>\n\t<div class=\"sow-accordion\">\n\t\t\t<div class=\"sow-accordion-panel\"\n\t\t\t data-anchor=\"o-que-o-eri-faz\">\n\t\t\t\t<div class=\"sow-accordion-panel-header-container\" role=\"heading\" aria-level=\"2\">\n\t\t\t\t\t<div class=\"sow-accordion-panel-header\" tabindex=\"0\" role=\"button\" id=\"accordion-label-o-que-o-eri-faz\" aria-controls=\"accordion-content-o-que-o-eri-faz\" aria-expanded=\"false\">\n\t\t\t\t\t\t<div class=\"sow-accordion-title sow-accordion-title-icon-left\">\n\t\t\t\t\t\t\t\t\t\t\t\t\t\tO que o ERI faz?\t\t\t\t\t\t\t\t\t\t\t\t\t<\/div>\n\t\t\t\t\t\t<div class=\"sow-accordion-open-close-button\">\n\t\t\t\t\t\t\t<div class=\"sow-accordion-open-button\">\n\t\t\t\t\t\t\t\t<span class=\"sow-icon-ionicons\" data-sow-icon=\"&#xf218;\"\n\t\t \n\t\taria-hidden=\"true\"><\/span>\t\t\t\t\t\t\t<\/div>\n\t\t\t\t\t\t\t<div class=\"sow-accordion-close-button\">\n\t\t\t\t\t\t\t\t<span class=\"sow-icon-ionicons\" data-sow-icon=\"&#xf209;\"\n\t\t \n\t\taria-hidden=\"true\"><\/span>\t\t\t\t\t\t\t<\/div>\n\t\t\t\t\t\t<\/div>\n\t\t\t\t\t<\/div>\n\t\t\t\t<\/div>\n\n\t\t\t<div\n\t\t\t\tclass=\"sow-accordion-panel-content\"\n\t\t\t\trole=\"region\"\n\t\t\t\taria-labelledby=\"accordion-label-o-que-o-eri-faz\"\n\t\t\t\tid=\"accordion-content-o-que-o-eri-faz\"\n\t\t\t\tstyle=\"display: none;\"\t\t\t>\n\t\t\t\t<div class=\"sow-accordion-panel-border\" tabindex=\"0\">\n\t\t\t\t\t<p><span style=\"font-weight: 400\">N\u00f3s somos respons\u00e1veis por:\u00a0<\/span><\/p>\n<p><span style=\"font-weight: 400\">\u2192 Estabelecer acordos de coopera\u00e7\u00e3o e conv\u00eanios internacionais<\/span><\/p>\n<p><span style=\"font-weight: 400\">\u2192 Consolidar a mobilidade estudantil internacional na UEPG<\/span><\/p>\n<p><span style=\"font-weight: 400\">\u2192 Dar suporte a nossos professores e estudantes internacionais<\/span><\/p>\n<p><span style=\"font-weight: 400\">\u2192 Divulgar oportunidades de internacionaliza\u00e7\u00e3o, mobilidade e de bolsas de estudo<\/span><\/p>\n<p><span style=\"font-weight: 400\">\u2192 Tirar d\u00favidas e fornecer informa\u00e7\u00f5es relacionadas \u00e0 internacionaliza\u00e7\u00e3o<\/span><\/p>\n\t\t\t\t<\/div>\n\t\t\t<\/div>\n\t\t<\/div>\n\t\t\t<div class=\"sow-accordion-panel\"\n\t\t\t data-anchor=\"qual-a-diferen%c3%a7a-entre-interc%c3%a2mbio-e-mobilidade\">\n\t\t\t\t<div class=\"sow-accordion-panel-header-container\" role=\"heading\" aria-level=\"2\">\n\t\t\t\t\t<div class=\"sow-accordion-panel-header\" tabindex=\"0\" role=\"button\" id=\"accordion-label-qual-a-diferen%c3%a7a-entre-interc%c3%a2mbio-e-mobilidade\" aria-controls=\"accordion-content-qual-a-diferen%c3%a7a-entre-interc%c3%a2mbio-e-mobilidade\" aria-expanded=\"false\">\n\t\t\t\t\t\t<div class=\"sow-accordion-title sow-accordion-title-icon-left\">\n\t\t\t\t\t\t\t\t\t\t\t\t\t\tQual a diferen\u00e7a entre interc\u00e2mbio e mobilidade?\t\t\t\t\t\t\t\t\t\t\t\t\t<\/div>\n\t\t\t\t\t\t<div class=\"sow-accordion-open-close-button\">\n\t\t\t\t\t\t\t<div class=\"sow-accordion-open-button\">\n\t\t\t\t\t\t\t\t<span class=\"sow-icon-ionicons\" data-sow-icon=\"&#xf218;\"\n\t\t \n\t\taria-hidden=\"true\"><\/span>\t\t\t\t\t\t\t<\/div>\n\t\t\t\t\t\t\t<div class=\"sow-accordion-close-button\">\n\t\t\t\t\t\t\t\t<span class=\"sow-icon-ionicons\" data-sow-icon=\"&#xf209;\"\n\t\t \n\t\taria-hidden=\"true\"><\/span>\t\t\t\t\t\t\t<\/div>\n\t\t\t\t\t\t<\/div>\n\t\t\t\t\t<\/div>\n\t\t\t\t<\/div>\n\n\t\t\t<div\n\t\t\t\tclass=\"sow-accordion-panel-content\"\n\t\t\t\trole=\"region\"\n\t\t\t\taria-labelledby=\"accordion-label-qual-a-diferen%c3%a7a-entre-interc%c3%a2mbio-e-mobilidade\"\n\t\t\t\tid=\"accordion-content-qual-a-diferen%c3%a7a-entre-interc%c3%a2mbio-e-mobilidade\"\n\t\t\t\tstyle=\"display: none;\"\t\t\t>\n\t\t\t\t<div class=\"sow-accordion-panel-border\" tabindex=\"0\">\n\t\t\t\t\t<p><span style=\"font-weight: 400\">Interc\u00e2mbio \u00e9 o termo geral que se refere a qualquer tipo de estudo realizado fora do Brasil. Mobilidade, por sua vez, \u00e9 um tipo espec\u00edfico de interc\u00e2mbio que possui rela\u00e7\u00e3o com alguma institui\u00e7\u00e3o de ensino superior.\u00a0<\/span><\/p>\n\t\t\t\t<\/div>\n\t\t\t<\/div>\n\t\t<\/div>\n\t\t\t<div class=\"sow-accordion-panel\"\n\t\t\t data-anchor=\"o-que-%c3%a9-mobilidade-estudantil\">\n\t\t\t\t<div class=\"sow-accordion-panel-header-container\" role=\"heading\" aria-level=\"2\">\n\t\t\t\t\t<div class=\"sow-accordion-panel-header\" tabindex=\"0\" role=\"button\" id=\"accordion-label-o-que-%c3%a9-mobilidade-estudantil\" aria-controls=\"accordion-content-o-que-%c3%a9-mobilidade-estudantil\" aria-expanded=\"false\">\n\t\t\t\t\t\t<div class=\"sow-accordion-title sow-accordion-title-icon-left\">\n\t\t\t\t\t\t\t\t\t\t\t\t\t\tO que \u00e9 mobilidade estudantil?\t\t\t\t\t\t\t\t\t\t\t\t\t<\/div>\n\t\t\t\t\t\t<div class=\"sow-accordion-open-close-button\">\n\t\t\t\t\t\t\t<div class=\"sow-accordion-open-button\">\n\t\t\t\t\t\t\t\t<span class=\"sow-icon-ionicons\" data-sow-icon=\"&#xf218;\"\n\t\t \n\t\taria-hidden=\"true\"><\/span>\t\t\t\t\t\t\t<\/div>\n\t\t\t\t\t\t\t<div class=\"sow-accordion-close-button\">\n\t\t\t\t\t\t\t\t<span class=\"sow-icon-ionicons\" data-sow-icon=\"&#xf209;\"\n\t\t \n\t\taria-hidden=\"true\"><\/span>\t\t\t\t\t\t\t<\/div>\n\t\t\t\t\t\t<\/div>\n\t\t\t\t\t<\/div>\n\t\t\t\t<\/div>\n\n\t\t\t<div\n\t\t\t\tclass=\"sow-accordion-panel-content\"\n\t\t\t\trole=\"region\"\n\t\t\t\taria-labelledby=\"accordion-label-o-que-%c3%a9-mobilidade-estudantil\"\n\t\t\t\tid=\"accordion-content-o-que-%c3%a9-mobilidade-estudantil\"\n\t\t\t\tstyle=\"display: none;\"\t\t\t>\n\t\t\t\t<div class=\"sow-accordion-panel-border\" tabindex=\"0\">\n\t\t\t\t\t<p><span style=\"font-weight: 400\">A mobilidade estudantil internacional acontece quando voc\u00ea se afasta da UEPG por um determinado per\u00edodo para cursar disciplinas, fazer est\u00e1gios ou atividades extracurriculares em uma institui\u00e7\u00e3o estrangeira.\u00a0<\/span><\/p>\n<p>&nbsp;<\/p>\n\t\t\t\t<\/div>\n\t\t\t<\/div>\n\t\t<\/div>\n\t\t\t<div class=\"sow-accordion-panel\"\n\t\t\t data-anchor=\"quais-s%c3%a3o-os-tipos-de-mobilidade\">\n\t\t\t\t<div class=\"sow-accordion-panel-header-container\" role=\"heading\" aria-level=\"2\">\n\t\t\t\t\t<div class=\"sow-accordion-panel-header\" tabindex=\"0\" role=\"button\" id=\"accordion-label-quais-s%c3%a3o-os-tipos-de-mobilidade\" aria-controls=\"accordion-content-quais-s%c3%a3o-os-tipos-de-mobilidade\" aria-expanded=\"false\">\n\t\t\t\t\t\t<div class=\"sow-accordion-title sow-accordion-title-icon-left\">\n\t\t\t\t\t\t\t\t\t\t\t\t\t\tQuais s\u00e3o os tipos de mobilidade?\t\t\t\t\t\t\t\t\t\t\t\t\t<\/div>\n\t\t\t\t\t\t<div class=\"sow-accordion-open-close-button\">\n\t\t\t\t\t\t\t<div class=\"sow-accordion-open-button\">\n\t\t\t\t\t\t\t\t<span class=\"sow-icon-ionicons\" data-sow-icon=\"&#xf218;\"\n\t\t \n\t\taria-hidden=\"true\"><\/span>\t\t\t\t\t\t\t<\/div>\n\t\t\t\t\t\t\t<div class=\"sow-accordion-close-button\">\n\t\t\t\t\t\t\t\t<span class=\"sow-icon-ionicons\" data-sow-icon=\"&#xf209;\"\n\t\t \n\t\taria-hidden=\"true\"><\/span>\t\t\t\t\t\t\t<\/div>\n\t\t\t\t\t\t<\/div>\n\t\t\t\t\t<\/div>\n\t\t\t\t<\/div>\n\n\t\t\t<div\n\t\t\t\tclass=\"sow-accordion-panel-content\"\n\t\t\t\trole=\"region\"\n\t\t\t\taria-labelledby=\"accordion-label-quais-s%c3%a3o-os-tipos-de-mobilidade\"\n\t\t\t\tid=\"accordion-content-quais-s%c3%a3o-os-tipos-de-mobilidade\"\n\t\t\t\tstyle=\"display: none;\"\t\t\t>\n\t\t\t\t<div class=\"sow-accordion-panel-border\" tabindex=\"0\">\n\t\t\t\t\t<p><span style=\"font-weight: 400\">Os principais tipos de mobilidade s\u00e3o: mobilidade discente virtual e\/ou presencial e mobilidade docente virtual e\/ou presencial.\u00a0<\/span><\/p>\n<p><span style=\"font-weight: 400\">Sendo classificadas em <\/span><i><span style=\"font-weight: 400\">mobilidade out<\/span><\/i><span style=\"font-weight: 400\">,<\/span> <span style=\"font-weight: 400\">quando os alunos da UEPG v\u00e3o estudar em institui\u00e7\u00f5es do exterior (<\/span><a href=\"https:\/\/www2.uepg.br\/eri\/mobilidade-out\/\"><span>https:\/\/www2.uepg.br\/eri\/mobilidade-out\/)<\/span><\/a><span>; e, <\/span><i><span>mobilidade in<\/span><\/i><span>, quando alunos do exterior vem estudar na UEPG (<\/span><a href=\"https:\/\/www2.uepg.br\/eri\/mobilidade-in\/\"><span>https:\/\/www2.uepg.br\/eri\/mobilidade-in\/<\/span><\/a><span> ).<\/span><\/p>\n\t\t\t\t<\/div>\n\t\t\t<\/div>\n\t\t<\/div>\n\t\t\t<div class=\"sow-accordion-panel\"\n\t\t\t data-anchor=\"afastamento-das-atividades-da-uepg\">\n\t\t\t\t<div class=\"sow-accordion-panel-header-container\" role=\"heading\" aria-level=\"2\">\n\t\t\t\t\t<div class=\"sow-accordion-panel-header\" tabindex=\"0\" role=\"button\" id=\"accordion-label-afastamento-das-atividades-da-uepg\" aria-controls=\"accordion-content-afastamento-das-atividades-da-uepg\" aria-expanded=\"false\">\n\t\t\t\t\t\t<div class=\"sow-accordion-title sow-accordion-title-icon-left\">\n\t\t\t\t\t\t\t\t\t\t\t\t\t\tAfastamento das atividades da UEPG\t\t\t\t\t\t\t\t\t\t\t\t\t<\/div>\n\t\t\t\t\t\t<div class=\"sow-accordion-open-close-button\">\n\t\t\t\t\t\t\t<div class=\"sow-accordion-open-button\">\n\t\t\t\t\t\t\t\t<span class=\"sow-icon-ionicons\" data-sow-icon=\"&#xf218;\"\n\t\t \n\t\taria-hidden=\"true\"><\/span>\t\t\t\t\t\t\t<\/div>\n\t\t\t\t\t\t\t<div class=\"sow-accordion-close-button\">\n\t\t\t\t\t\t\t\t<span class=\"sow-icon-ionicons\" data-sow-icon=\"&#xf209;\"\n\t\t \n\t\taria-hidden=\"true\"><\/span>\t\t\t\t\t\t\t<\/div>\n\t\t\t\t\t\t<\/div>\n\t\t\t\t\t<\/div>\n\t\t\t\t<\/div>\n\n\t\t\t<div\n\t\t\t\tclass=\"sow-accordion-panel-content\"\n\t\t\t\trole=\"region\"\n\t\t\t\taria-labelledby=\"accordion-label-afastamento-das-atividades-da-uepg\"\n\t\t\t\tid=\"accordion-content-afastamento-das-atividades-da-uepg\"\n\t\t\t\tstyle=\"display: none;\"\t\t\t>\n\t\t\t\t<div class=\"sow-accordion-panel-border\" tabindex=\"0\">\n\t\t\t\t\t<p>O PROMEI, que \u00e9 o <b>PRO<\/b><span style=\"font-weight: 400\">grama de <\/span><b>M<\/b><span style=\"font-weight: 400\">obilidade <\/span><b>E<\/b><span style=\"font-weight: 400\">studantil <\/span><b>I<\/b><span style=\"font-weight: 400\">nternacional, nome dado a Resolu\u00e7\u00e3o CEPE n\u00b0 54\/2014, aprova e regulamenta a pol\u00edtica de internacionaliza\u00e7\u00e3o da UEPG.<\/span><\/p>\n<p>A partir dele, os alunos conseguem o afastamento oficial das atividades da UEPG, juntamente com o abono de faltas, valida\u00e7\u00e3o das disciplinas cursadas no exterior, est\u00e1gio obrigat\u00f3rio e\/ou horas complementares.\u00a0Para isso, o aluno precisa protocolar o pedido de afastamento via SEI.<\/p>\n<p><strong>Os documentos necess\u00e1rios para o afastamento s\u00e3o:<\/strong><\/p>\n<ul>\n<li>Formul\u00e1rio PROMEI preenchido e assinado (com aux\u00edlio do coordenador do curso);<\/li>\n<li>Hist\u00f3rico escolar atualizado (o aluno n\u00e3o pode estar retido ou em regime de depend\u00eancia);<\/li>\n<li>Carta de aceite da institui\u00e7\u00e3o estrangeira;<\/li>\n<li>Seguro viagem\/sa\u00fade (com a cl\u00e1usula de repatria\u00e7\u00e3o funer\u00e1ria).<\/li>\n<\/ul>\n\t\t\t\t<\/div>\n\t\t\t<\/div>\n\t\t<\/div>\n\t\t\t<div class=\"sow-accordion-panel\"\n\t\t\t data-anchor=\"o-que-s%c3%a3o-conv%c3%aanios\">\n\t\t\t\t<div class=\"sow-accordion-panel-header-container\" role=\"heading\" aria-level=\"2\">\n\t\t\t\t\t<div class=\"sow-accordion-panel-header\" tabindex=\"0\" role=\"button\" id=\"accordion-label-o-que-s%c3%a3o-conv%c3%aanios\" aria-controls=\"accordion-content-o-que-s%c3%a3o-conv%c3%aanios\" aria-expanded=\"false\">\n\t\t\t\t\t\t<div class=\"sow-accordion-title sow-accordion-title-icon-left\">\n\t\t\t\t\t\t\t\t\t\t\t\t\t\tO que s\u00e3o conv\u00eanios?\t\t\t\t\t\t\t\t\t\t\t\t\t<\/div>\n\t\t\t\t\t\t<div class=\"sow-accordion-open-close-button\">\n\t\t\t\t\t\t\t<div class=\"sow-accordion-open-button\">\n\t\t\t\t\t\t\t\t<span class=\"sow-icon-ionicons\" data-sow-icon=\"&#xf218;\"\n\t\t \n\t\taria-hidden=\"true\"><\/span>\t\t\t\t\t\t\t<\/div>\n\t\t\t\t\t\t\t<div class=\"sow-accordion-close-button\">\n\t\t\t\t\t\t\t\t<span class=\"sow-icon-ionicons\" data-sow-icon=\"&#xf209;\"\n\t\t \n\t\taria-hidden=\"true\"><\/span>\t\t\t\t\t\t\t<\/div>\n\t\t\t\t\t\t<\/div>\n\t\t\t\t\t<\/div>\n\t\t\t\t<\/div>\n\n\t\t\t<div\n\t\t\t\tclass=\"sow-accordion-panel-content\"\n\t\t\t\trole=\"region\"\n\t\t\t\taria-labelledby=\"accordion-label-o-que-s%c3%a3o-conv%c3%aanios\"\n\t\t\t\tid=\"accordion-content-o-que-s%c3%a3o-conv%c3%aanios\"\n\t\t\t\tstyle=\"display: none;\"\t\t\t>\n\t\t\t\t<div class=\"sow-accordion-panel-border\" tabindex=\"0\">\n\t\t\t\t\t<p>\u00c9 um acordo firmado entre institu\u00e7\u00f5es de ensino e pesquisa, p\u00fablicas ou particulares, para realizar um objetivo em comum.<\/p>\n\t\t\t\t<\/div>\n\t\t\t<\/div>\n\t\t<\/div>\n\t\t\t<div class=\"sow-accordion-panel\"\n\t\t\t data-anchor=\"quais-s%c3%a3o-as-institui%c3%a7%c3%b5es-conveniadas-com-a-uepg\">\n\t\t\t\t<div class=\"sow-accordion-panel-header-container\" role=\"heading\" aria-level=\"2\">\n\t\t\t\t\t<div class=\"sow-accordion-panel-header\" tabindex=\"0\" role=\"button\" id=\"accordion-label-quais-s%c3%a3o-as-institui%c3%a7%c3%b5es-conveniadas-com-a-uepg\" aria-controls=\"accordion-content-quais-s%c3%a3o-as-institui%c3%a7%c3%b5es-conveniadas-com-a-uepg\" aria-expanded=\"false\">\n\t\t\t\t\t\t<div class=\"sow-accordion-title sow-accordion-title-icon-left\">\n\t\t\t\t\t\t\t\t\t\t\t\t\t\tQuais s\u00e3o as institui\u00e7\u00f5es conveniadas com a UEPG?\t\t\t\t\t\t\t\t\t\t\t\t\t<\/div>\n\t\t\t\t\t\t<div class=\"sow-accordion-open-close-button\">\n\t\t\t\t\t\t\t<div class=\"sow-accordion-open-button\">\n\t\t\t\t\t\t\t\t<span class=\"sow-icon-ionicons\" data-sow-icon=\"&#xf218;\"\n\t\t \n\t\taria-hidden=\"true\"><\/span>\t\t\t\t\t\t\t<\/div>\n\t\t\t\t\t\t\t<div class=\"sow-accordion-close-button\">\n\t\t\t\t\t\t\t\t<span class=\"sow-icon-ionicons\" data-sow-icon=\"&#xf209;\"\n\t\t \n\t\taria-hidden=\"true\"><\/span>\t\t\t\t\t\t\t<\/div>\n\t\t\t\t\t\t<\/div>\n\t\t\t\t\t<\/div>\n\t\t\t\t<\/div>\n\n\t\t\t<div\n\t\t\t\tclass=\"sow-accordion-panel-content\"\n\t\t\t\trole=\"region\"\n\t\t\t\taria-labelledby=\"accordion-label-quais-s%c3%a3o-as-institui%c3%a7%c3%b5es-conveniadas-com-a-uepg\"\n\t\t\t\tid=\"accordion-content-quais-s%c3%a3o-as-institui%c3%a7%c3%b5es-conveniadas-com-a-uepg\"\n\t\t\t\tstyle=\"display: none;\"\t\t\t>\n\t\t\t\t<div class=\"sow-accordion-panel-border\" tabindex=\"0\">\n\t\t\t\t\t<p><span style=\"font-weight: 400\">A UEPG tem mais de 60 conv\u00eanios ativos no presente momento. Para saber verificar essa lista, acesse: <\/span><a href=\"https:\/\/www2.uepg.br\/eri\/instituicoes-conveniadas\/\"><span style=\"font-weight: 400\">https:\/\/www2.uepg.br\/eri\/instituicoes-conveniadas\/<\/span><\/a><span style=\"font-weight: 400\">\u00a0<\/span><\/p>\n\t\t\t\t<\/div>\n\t\t\t<\/div>\n\t\t<\/div>\n\t\t\t<div class=\"sow-accordion-panel\"\n\t\t\t data-anchor=\"posso-fazer-mobilidade-com-institui%c3%a7%c3%b5es-sem-conv%c3%aanio-com-a-uepg\">\n\t\t\t\t<div class=\"sow-accordion-panel-header-container\" role=\"heading\" aria-level=\"2\">\n\t\t\t\t\t<div class=\"sow-accordion-panel-header\" tabindex=\"0\" role=\"button\" id=\"accordion-label-posso-fazer-mobilidade-com-institui%c3%a7%c3%b5es-sem-conv%c3%aanio-com-a-uepg\" aria-controls=\"accordion-content-posso-fazer-mobilidade-com-institui%c3%a7%c3%b5es-sem-conv%c3%aanio-com-a-uepg\" aria-expanded=\"false\">\n\t\t\t\t\t\t<div class=\"sow-accordion-title sow-accordion-title-icon-left\">\n\t\t\t\t\t\t\t\t\t\t\t\t\t\tPosso fazer mobilidade com institui\u00e7\u00f5es sem conv\u00eanio com a UEPG?\t\t\t\t\t\t\t\t\t\t\t\t\t<\/div>\n\t\t\t\t\t\t<div class=\"sow-accordion-open-close-button\">\n\t\t\t\t\t\t\t<div class=\"sow-accordion-open-button\">\n\t\t\t\t\t\t\t\t<span class=\"sow-icon-ionicons\" data-sow-icon=\"&#xf218;\"\n\t\t \n\t\taria-hidden=\"true\"><\/span>\t\t\t\t\t\t\t<\/div>\n\t\t\t\t\t\t\t<div class=\"sow-accordion-close-button\">\n\t\t\t\t\t\t\t\t<span class=\"sow-icon-ionicons\" data-sow-icon=\"&#xf209;\"\n\t\t \n\t\taria-hidden=\"true\"><\/span>\t\t\t\t\t\t\t<\/div>\n\t\t\t\t\t\t<\/div>\n\t\t\t\t\t<\/div>\n\t\t\t\t<\/div>\n\n\t\t\t<div\n\t\t\t\tclass=\"sow-accordion-panel-content\"\n\t\t\t\trole=\"region\"\n\t\t\t\taria-labelledby=\"accordion-label-posso-fazer-mobilidade-com-institui%c3%a7%c3%b5es-sem-conv%c3%aanio-com-a-uepg\"\n\t\t\t\tid=\"accordion-content-posso-fazer-mobilidade-com-institui%c3%a7%c3%b5es-sem-conv%c3%aanio-com-a-uepg\"\n\t\t\t\tstyle=\"display: none;\"\t\t\t>\n\t\t\t\t<div class=\"sow-accordion-panel-border\" tabindex=\"0\">\n\t\t\t\t\t<p><span style=\"font-weight: 400\">Claro que pode!!! Mas, \u00e9 necess\u00e1rio proceder de acordo com as normas e taxas da institui\u00e7\u00e3o, na qual voc\u00ea est\u00e1 se candidatando.\u00a0<\/span><\/p>\n\t\t\t\t<\/div>\n\t\t\t<\/div>\n\t\t<\/div>\n\t\t\t<div class=\"sow-accordion-panel\"\n\t\t\t data-anchor=\"o-eri-faz-tradu%c3%a7%c3%b5es\">\n\t\t\t\t<div class=\"sow-accordion-panel-header-container\" role=\"heading\" aria-level=\"2\">\n\t\t\t\t\t<div class=\"sow-accordion-panel-header\" tabindex=\"0\" role=\"button\" id=\"accordion-label-o-eri-faz-tradu%c3%a7%c3%b5es\" aria-controls=\"accordion-content-o-eri-faz-tradu%c3%a7%c3%b5es\" aria-expanded=\"false\">\n\t\t\t\t\t\t<div class=\"sow-accordion-title sow-accordion-title-icon-left\">\n\t\t\t\t\t\t\t\t\t\t\t\t\t\tO ERI faz tradu\u00e7\u00f5es?\t\t\t\t\t\t\t\t\t\t\t\t\t<\/div>\n\t\t\t\t\t\t<div class=\"sow-accordion-open-close-button\">\n\t\t\t\t\t\t\t<div class=\"sow-accordion-open-button\">\n\t\t\t\t\t\t\t\t<span class=\"sow-icon-ionicons\" data-sow-icon=\"&#xf218;\"\n\t\t \n\t\taria-hidden=\"true\"><\/span>\t\t\t\t\t\t\t<\/div>\n\t\t\t\t\t\t\t<div class=\"sow-accordion-close-button\">\n\t\t\t\t\t\t\t\t<span class=\"sow-icon-ionicons\" data-sow-icon=\"&#xf209;\"\n\t\t \n\t\taria-hidden=\"true\"><\/span>\t\t\t\t\t\t\t<\/div>\n\t\t\t\t\t\t<\/div>\n\t\t\t\t\t<\/div>\n\t\t\t\t<\/div>\n\n\t\t\t<div\n\t\t\t\tclass=\"sow-accordion-panel-content\"\n\t\t\t\trole=\"region\"\n\t\t\t\taria-labelledby=\"accordion-label-o-eri-faz-tradu%c3%a7%c3%b5es\"\n\t\t\t\tid=\"accordion-content-o-eri-faz-tradu%c3%a7%c3%b5es\"\n\t\t\t\tstyle=\"display: none;\"\t\t\t>\n\t\t\t\t<div class=\"sow-accordion-panel-border\" tabindex=\"0\">\n\t\t\t\t\t<p>A UEPG oferece servi\u00e7o de tradu\u00e7\u00e3o de artigos cient\u00edficos para a comunidade acad\u00eamica da UEPG, atrav\u00e9s do Centro de Escrita Acad\u00eamica.<\/p>\n<p>Para mais informa\u00e7\u00f5es, acesse: <a href=\"https:\/\/www2.uepg.br\/escrita-academica\/\">https:\/\/www2.uepg.br\/escrita-academica\/<\/a><\/p>\n<p>&nbsp;<\/p>\n\t\t\t\t<\/div>\n\t\t\t<\/div>\n\t\t<\/div>\n\t\t\t<div class=\"sow-accordion-panel\"\n\t\t\t data-anchor=\"prova-de-profici%c3%aancia-em-leitura-em-l%c3%adngua-estrangeira-eslin\">\n\t\t\t\t<div class=\"sow-accordion-panel-header-container\" role=\"heading\" aria-level=\"2\">\n\t\t\t\t\t<div class=\"sow-accordion-panel-header\" tabindex=\"0\" role=\"button\" id=\"accordion-label-prova-de-profici%c3%aancia-em-leitura-em-l%c3%adngua-estrangeira-eslin\" aria-controls=\"accordion-content-prova-de-profici%c3%aancia-em-leitura-em-l%c3%adngua-estrangeira-eslin\" aria-expanded=\"false\">\n\t\t\t\t\t\t<div class=\"sow-accordion-title sow-accordion-title-icon-left\">\n\t\t\t\t\t\t\t\t\t\t\t\t\t\tProva de Profici\u00eancia em Leitura em L\u00edngua Estrangeira - ESLIN\t\t\t\t\t\t\t\t\t\t\t\t\t<\/div>\n\t\t\t\t\t\t<div class=\"sow-accordion-open-close-button\">\n\t\t\t\t\t\t\t<div class=\"sow-accordion-open-button\">\n\t\t\t\t\t\t\t\t<span class=\"sow-icon-ionicons\" data-sow-icon=\"&#xf218;\"\n\t\t \n\t\taria-hidden=\"true\"><\/span>\t\t\t\t\t\t\t<\/div>\n\t\t\t\t\t\t\t<div class=\"sow-accordion-close-button\">\n\t\t\t\t\t\t\t\t<span class=\"sow-icon-ionicons\" data-sow-icon=\"&#xf209;\"\n\t\t \n\t\taria-hidden=\"true\"><\/span>\t\t\t\t\t\t\t<\/div>\n\t\t\t\t\t\t<\/div>\n\t\t\t\t\t<\/div>\n\t\t\t\t<\/div>\n\n\t\t\t<div\n\t\t\t\tclass=\"sow-accordion-panel-content\"\n\t\t\t\trole=\"region\"\n\t\t\t\taria-labelledby=\"accordion-label-prova-de-profici%c3%aancia-em-leitura-em-l%c3%adngua-estrangeira-eslin\"\n\t\t\t\tid=\"accordion-content-prova-de-profici%c3%aancia-em-leitura-em-l%c3%adngua-estrangeira-eslin\"\n\t\t\t\tstyle=\"display: none;\"\t\t\t>\n\t\t\t\t<div class=\"sow-accordion-panel-border\" tabindex=\"0\">\n\t\t\t\t\t<p>A \u00a0Prova de Profici\u00eancia em Leitura em L\u00edngua Estrangeira (PPLE) da UEPG \u00e9 oferecida pela Escola de L\u00ednguas, Literaturas e Culturas (ESLIN).<\/p>\n<p>Informe-se <a href=\"https:\/\/www2.uepg.br\/prova-proficiencia\/\">aqui<\/a>.<\/p>\n<p>&nbsp;<\/p>\n<p>Participantes aprovados podem emitir seu certificado <a href=\"https:\/\/siseve.apps.uepg.br\/pt_BR\/certificados\/busca\">aqui<\/a>.<\/p>\n\t\t\t\t<\/div>\n\t\t\t<\/div>\n\t\t<\/div>\n\t\t\t<div class=\"sow-accordion-panel\"\n\t\t\t data-anchor=\"sou-estrangeiro-qual-a-necessidade-do-cpf-e-como-fa%c3%a7o-para-emiti-lo\">\n\t\t\t\t<div class=\"sow-accordion-panel-header-container\" role=\"heading\" aria-level=\"2\">\n\t\t\t\t\t<div class=\"sow-accordion-panel-header\" tabindex=\"0\" role=\"button\" id=\"accordion-label-sou-estrangeiro-qual-a-necessidade-do-cpf-e-como-fa%c3%a7o-para-emiti-lo\" aria-controls=\"accordion-content-sou-estrangeiro-qual-a-necessidade-do-cpf-e-como-fa%c3%a7o-para-emiti-lo\" aria-expanded=\"false\">\n\t\t\t\t\t\t<div class=\"sow-accordion-title sow-accordion-title-icon-left\">\n\t\t\t\t\t\t\t\t\t\t\t\t\t\tSou estrangeiro. Qual a necessidade do CPF e como fa\u00e7o para emiti-lo?\t\t\t\t\t\t\t\t\t\t\t\t\t<\/div>\n\t\t\t\t\t\t<div class=\"sow-accordion-open-close-button\">\n\t\t\t\t\t\t\t<div class=\"sow-accordion-open-button\">\n\t\t\t\t\t\t\t\t<span class=\"sow-icon-ionicons\" data-sow-icon=\"&#xf218;\"\n\t\t \n\t\taria-hidden=\"true\"><\/span>\t\t\t\t\t\t\t<\/div>\n\t\t\t\t\t\t\t<div class=\"sow-accordion-close-button\">\n\t\t\t\t\t\t\t\t<span class=\"sow-icon-ionicons\" data-sow-icon=\"&#xf209;\"\n\t\t \n\t\taria-hidden=\"true\"><\/span>\t\t\t\t\t\t\t<\/div>\n\t\t\t\t\t\t<\/div>\n\t\t\t\t\t<\/div>\n\t\t\t\t<\/div>\n\n\t\t\t<div\n\t\t\t\tclass=\"sow-accordion-panel-content\"\n\t\t\t\trole=\"region\"\n\t\t\t\taria-labelledby=\"accordion-label-sou-estrangeiro-qual-a-necessidade-do-cpf-e-como-fa%c3%a7o-para-emiti-lo\"\n\t\t\t\tid=\"accordion-content-sou-estrangeiro-qual-a-necessidade-do-cpf-e-como-fa%c3%a7o-para-emiti-lo\"\n\t\t\t\tstyle=\"display: none;\"\t\t\t>\n\t\t\t\t<div class=\"sow-accordion-panel-border\" tabindex=\"0\">\n\t\t\t\t\t<p>Cidad\u00e3os estrangeiros, de qualquer idade, que possuam ou desejem adquirir bens ou direitos no Brasil sujeitos a registro p\u00fablico (como im\u00f3veis, ve\u00edculos, participa\u00e7\u00f5es em empresas, contas banc\u00e1rias ou investimentos financeiros) devem cadastrar-se gratuitamente no CPF (Cadastro de Pessoas F\u00edsicas). Lembre-se: o CPF n\u00e3o \u00e9 um documento de viagem e n\u00e3o concede qualquer direito de entrada no territ\u00f3rio brasileiro. Acesse as orienta\u00e7\u00f5es do Minist\u00e9rio das Rela\u00e7\u00f5es Exteriores para a emiss\u00e3o do CPF de estrangeiros <a href=\"https:\/\/www.gov.br\/mre\/pt-br\/embaixada-lima\/sc\/cadastro-de-pessoa-fisica-cpf\/cpf-para-estrangeiros\">neste link<\/a>.<\/p>\n\t\t\t\t<\/div>\n\t\t\t<\/div>\n\t\t<\/div>\n\t\t<\/div>\n<\/div>\n<\/div><\/div><\/div><\/div><\/div>","protected":false},"excerpt":{"rendered":"<p>O que o ERI faz? N\u00f3s somos respons\u00e1veis por:\u00a0 \u2192 Estabelecer acordos de coopera\u00e7\u00e3o e conv\u00eanios internacionais \u2192 Consolidar a mobilidade estudantil internacional na UEPG \u2192 Dar suporte a nossos professores e estudantes internacionais \u2192 Divulgar oportunidades de internacionaliza\u00e7\u00e3o, mobilidade e de bolsas de estudo \u2192 Tirar d\u00favidas e fornecer informa\u00e7\u00f5es relacionadas \u00e0 internacionaliza\u00e7\u00e3o Qual&nbsp;&hellip;<\/p>\n","protected":false},"author":378,"featured_media":0,"parent":0,"menu_order":0,"comment_status":"closed","ping_status":"closed","template":"","meta":[],"_links":{"self":[{"href":"https:\/\/www2.uepg.br\/eri\/wp-json\/wp\/v2\/pages\/4601"}],"collection":[{"href":"https:\/\/www2.uepg.br\/eri\/wp-json\/wp\/v2\/pages"}],"about":[{"href":"https:\/\/www2.uepg.br\/eri\/wp-json\/wp\/v2\/types\/page"}],"author":[{"embeddable":true,"href":"https:\/\/www2.uepg.br\/eri\/wp-json\/wp\/v2\/users\/378"}],"replies":[{"embeddable":true,"href":"https:\/\/www2.uepg.br\/eri\/wp-json\/wp\/v2\/comments?post=4601"}],"version-history":[{"count":17,"href":"https:\/\/www2.uepg.br\/eri\/wp-json\/wp\/v2\/pages\/4601\/revisions"}],"predecessor-version":[{"id":6853,"href":"https:\/\/www2.uepg.br\/eri\/wp-json\/wp\/v2\/pages\/4601\/revisions\/6853"}],"wp:attachment":[{"href":"https:\/\/www2.uepg.br\/eri\/wp-json\/wp\/v2\/media?parent=4601"}],"curies":[{"name":"wp","href":"https:\/\/api.w.org\/{rel}","templated":true}]}}