{"id":5,"date":"2020-02-21T13:49:52","date_gmt":"2020-02-21T16:49:52","guid":{"rendered":"http:\/\/www2.uepg.br\/eri\/?page_id=5"},"modified":"2020-11-07T10:07:25","modified_gmt":"2020-11-07T13:07:25","slug":"pagina-inicial","status":"publish","type":"page","link":"https:\/\/www2.uepg.br\/eri\/","title":{"rendered":"Home &#8211; PT-BR"},"content":{"rendered":"<div id=\"pl-5\"  class=\"panel-layout\" ><div id=\"pg-5-0\"  class=\"panel-grid panel-no-style\" ><div id=\"pgc-5-0-0\"  class=\"panel-grid-cell\" ><div id=\"panel-5-0-0-0\" class=\"so-panel widget widget_sow-editor panel-first-child panel-last-child\" data-index=\"0\" ><div class=\"panel-widget-style panel-widget-style-for-5-0-0-0\" ><div\n\t\t\t\n\t\t\tclass=\"so-widget-sow-editor so-widget-sow-editor-base\"\n\t\t\t\n\t\t>\n<div class=\"siteorigin-widget-tinymce textwidget\">\n\t<h4 style=\"text-align: center\"><\/h4>\n<p>&nbsp;<\/p>\n<p>&nbsp;<\/p>\n<p>&nbsp;<\/p>\n\t\t<div class=\"wppsac-slick-carousel-wrp wppsac-clearfix \">\r\n\t\t\t<div id=\"wppsac-post-carousel-1\" class=\"wppsac-post-slider-init wppsac-post-carousel design-1\">\r\n\t\t\t\t\r\n<div class=\"wppsac-carousel-slides\">\r\n\t\t\t<div class=\"wppsac-post-image-bg\">\r\n\t\t\t<a href=\"https:\/\/www2.uepg.br\/eri\/talentos-parana-no-mundo-para-estudantes-participantes-do-tofas-2025-estados-unidos\/\">\r\n\t\t\t\t<img class=\"wppsac-post-image-bg\"  src=\"https:\/\/www2.uepg.br\/eri\/wp-content\/uploads\/sites\/52\/2026\/04\/53969265409_a457a07afb_z.jpg\" alt=\"&#8220;Talentos Paran\u00e1 no Mundo&#8221; para estudantes participantes do TOFAS 2025 &#8211; Estados Unidos\" \/>\r\n\t\t\t<\/a>\r\n\t\t<\/div>\r\n\t\t<div class=\"wppsac-post-content-position\">\r\n\t\t\t\t\t<div class=\"wppsac-post-categories\"><ul class=\"wppsac-post-categories-list\"><li><a href=\"https:\/\/www2.uepg.br\/eri\/category\/a-uepg-no-mundo\/\" rel=\"category\"> A UEPG no mundo <\/a><\/li><li><a href=\"https:\/\/www2.uepg.br\/eri\/category\/mobilidade\/\" rel=\"category\"> Mobilidade <\/a><\/li><li><a href=\"https:\/\/www2.uepg.br\/eri\/category\/novidades\/\" rel=\"category\"> Novidades <\/a><\/li><\/ul><\/div>\r\n\t\t\t  \t<h2 class=\"wppsac-post-title\">\r\n\t\t\t<a href=\"https:\/\/www2.uepg.br\/eri\/talentos-parana-no-mundo-para-estudantes-participantes-do-tofas-2025-estados-unidos\/\">&#8220;Talentos Paran\u00e1 no Mundo&#8221; para estudantes participantes do TOFAS 2025 &#8211; Estados Unidos<\/a>\r\n\t\t<\/h2>\r\n\t\t\t\t\t<div class=\"wppsac-post-date\">\r\n\t\t\t\t16 de abril de 2026\t\t\t<\/div>\r\n\t\t\t\t\t<\/div>\r\n<\/div>\r\n<div class=\"wppsac-carousel-slides\">\r\n\t\t\t<div class=\"wppsac-post-image-bg\">\r\n\t\t\t<a href=\"https:\/\/www2.uepg.br\/eri\/inscricoes-abertas-mobilidade-na-uic-barcelona-espanha-2026-2027\/\">\r\n\t\t\t\t<img class=\"wppsac-post-image-bg\"  src=\"https:\/\/www2.uepg.br\/eri\/wp-content\/uploads\/sites\/52\/2026\/04\/mobilidade-2025-1.png\" alt=\"Inscri\u00e7\u00f5es abertas: mobilidade na UIC Barcelona \u2013 Espanha 2026-2027.\" \/>\r\n\t\t\t<\/a>\r\n\t\t<\/div>\r\n\t\t<div class=\"wppsac-post-content-position\">\r\n\t\t\t\t\t<div class=\"wppsac-post-categories\"><ul class=\"wppsac-post-categories-list\"><li><a href=\"https:\/\/www2.uepg.br\/eri\/category\/novidades\/\" rel=\"category\"> Novidades <\/a><\/li><\/ul><\/div>\r\n\t\t\t  \t<h2 class=\"wppsac-post-title\">\r\n\t\t\t<a href=\"https:\/\/www2.uepg.br\/eri\/inscricoes-abertas-mobilidade-na-uic-barcelona-espanha-2026-2027\/\">Inscri\u00e7\u00f5es abertas: mobilidade na UIC Barcelona \u2013 Espanha 2026-2027.<\/a>\r\n\t\t<\/h2>\r\n\t\t\t\t\t<div class=\"wppsac-post-date\">\r\n\t\t\t\t15 de abril de 2026\t\t\t<\/div>\r\n\t\t\t\t\t<\/div>\r\n<\/div>\r\n<div class=\"wppsac-carousel-slides\">\r\n\t\t<div class=\"wppsac-post-content-position\">\r\n\t\t\t\t\t<div class=\"wppsac-post-categories\"><ul class=\"wppsac-post-categories-list\"><li><a href=\"https:\/\/www2.uepg.br\/eri\/category\/eventos\/\" rel=\"category\"> Eventos <\/a><\/li><\/ul><\/div>\r\n\t\t\t  \t<h2 class=\"wppsac-post-title\">\r\n\t\t\t<a href=\"https:\/\/www2.uepg.br\/eri\/convite-exibicao-do-filme-cancoes-de-kamui-em-ponta-grossa\/\">[CONVITE] Exibi\u00e7\u00e3o do filme &#8220;Can\u00e7\u00f5es de Kamui&#8221; em Ponta Grossa<\/a>\r\n\t\t<\/h2>\r\n\t\t\t\t\t<div class=\"wppsac-post-date\">\r\n\t\t\t\t15 de abril de 2026\t\t\t<\/div>\r\n\t\t\t\t\t<\/div>\r\n<\/div>\r\n<div class=\"wppsac-carousel-slides\">\r\n\t\t\t<div class=\"wppsac-post-image-bg\">\r\n\t\t\t<a href=\"https:\/\/www2.uepg.br\/eri\/capes-brafitec-engenharia\/\">\r\n\t\t\t\t<img class=\"wppsac-post-image-bg\"  src=\"https:\/\/www2.uepg.br\/eri\/wp-content\/uploads\/sites\/52\/2026\/04\/capes.png\" alt=\"[Oportunidade] Programa Capes\/Brafitec &#8211; \u00e1rea de Engenharia\" \/>\r\n\t\t\t<\/a>\r\n\t\t<\/div>\r\n\t\t<div class=\"wppsac-post-content-position\">\r\n\t\t\t\t\t<div class=\"wppsac-post-categories\"><ul class=\"wppsac-post-categories-list\"><li><a href=\"https:\/\/www2.uepg.br\/eri\/category\/a-uepg-no-mundo\/\" rel=\"category\"> A UEPG no mundo <\/a><\/li><li><a href=\"https:\/\/www2.uepg.br\/eri\/category\/novidades\/\" rel=\"category\"> Novidades <\/a><\/li><li><a href=\"https:\/\/www2.uepg.br\/eri\/category\/radar-de-oportunidades\/\" rel=\"category\"> Radar de oportunidades <\/a><\/li><\/ul><\/div>\r\n\t\t\t  \t<h2 class=\"wppsac-post-title\">\r\n\t\t\t<a href=\"https:\/\/www2.uepg.br\/eri\/capes-brafitec-engenharia\/\">[Oportunidade] Programa Capes\/Brafitec &#8211; \u00e1rea de Engenharia<\/a>\r\n\t\t<\/h2>\r\n\t\t\t\t\t<div class=\"wppsac-post-date\">\r\n\t\t\t\t15 de abril de 2026\t\t\t<\/div>\r\n\t\t\t\t\t<\/div>\r\n<\/div>\r\n<div class=\"wppsac-carousel-slides\">\r\n\t\t\t<div class=\"wppsac-post-image-bg\">\r\n\t\t\t<a href=\"https:\/\/www2.uepg.br\/eri\/oportunidade-grow-fomenta-pesquisadores-e-cooperacao-academica-no-sul-global\/\">\r\n\t\t\t\t<img class=\"wppsac-post-image-bg\"  src=\"https:\/\/www2.uepg.br\/eri\/wp-content\/uploads\/sites\/52\/2026\/04\/daad-grow.png\" alt=\"Oportunidade: GROW fomenta pesquisadores e coopera\u00e7\u00e3o acad\u00eamica no Sul Global\" \/>\r\n\t\t\t<\/a>\r\n\t\t<\/div>\r\n\t\t<div class=\"wppsac-post-content-position\">\r\n\t\t\t\t\t<div class=\"wppsac-post-categories\"><ul class=\"wppsac-post-categories-list\"><li><a href=\"https:\/\/www2.uepg.br\/eri\/category\/bolsas-de-estudo\/\" rel=\"category\"> Bolsas de Estudo <\/a><\/li><li><a href=\"https:\/\/www2.uepg.br\/eri\/category\/mobilidade\/\" rel=\"category\"> Mobilidade <\/a><\/li><li><a href=\"https:\/\/www2.uepg.br\/eri\/category\/novidades\/\" rel=\"category\"> Novidades <\/a><\/li><\/ul><\/div>\r\n\t\t\t  \t<h2 class=\"wppsac-post-title\">\r\n\t\t\t<a href=\"https:\/\/www2.uepg.br\/eri\/oportunidade-grow-fomenta-pesquisadores-e-cooperacao-academica-no-sul-global\/\">Oportunidade: GROW fomenta pesquisadores e coopera\u00e7\u00e3o acad\u00eamica no Sul Global<\/a>\r\n\t\t<\/h2>\r\n\t\t\t\t\t<div class=\"wppsac-post-date\">\r\n\t\t\t\t13 de abril de 2026\t\t\t<\/div>\r\n\t\t\t\t\t<\/div>\r\n<\/div>\r\n<div class=\"wppsac-carousel-slides\">\r\n\t\t\t<div class=\"wppsac-post-image-bg\">\r\n\t\t\t<a href=\"https:\/\/www2.uepg.br\/eri\/estudantes-talentosos-eslovaquia\/\">\r\n\t\t\t\t<img class=\"wppsac-post-image-bg\"  src=\"https:\/\/www2.uepg.br\/eri\/wp-content\/uploads\/sites\/52\/2026\/04\/2.png\" alt=\"Oportunidade de mobilidade na Rep\u00fablica da Eslov\u00e1quia \u2013 Bolsas de Estudo para Estudantes Talentosos\" \/>\r\n\t\t\t<\/a>\r\n\t\t<\/div>\r\n\t\t<div class=\"wppsac-post-content-position\">\r\n\t\t\t\t\t<div class=\"wppsac-post-categories\"><ul class=\"wppsac-post-categories-list\"><li><a href=\"https:\/\/www2.uepg.br\/eri\/category\/novidades\/\" rel=\"category\"> Novidades <\/a><\/li><\/ul><\/div>\r\n\t\t\t  \t<h2 class=\"wppsac-post-title\">\r\n\t\t\t<a href=\"https:\/\/www2.uepg.br\/eri\/estudantes-talentosos-eslovaquia\/\">Oportunidade de mobilidade na Rep\u00fablica da Eslov\u00e1quia \u2013 Bolsas de Estudo para Estudantes Talentosos<\/a>\r\n\t\t<\/h2>\r\n\t\t\t\t\t<div class=\"wppsac-post-date\">\r\n\t\t\t\t9 de abril de 2026\t\t\t<\/div>\r\n\t\t\t\t\t<\/div>\r\n<\/div>\r\n<div class=\"wppsac-carousel-slides\">\r\n\t\t\t<div class=\"wppsac-post-image-bg\">\r\n\t\t\t<a href=\"https:\/\/www2.uepg.br\/eri\/mob-ipb-2026-2027\/\">\r\n\t\t\t\t<img class=\"wppsac-post-image-bg\"  src=\"https:\/\/www2.uepg.br\/eri\/wp-content\/uploads\/sites\/52\/2026\/03\/Mobilidade-IPB-2026.png\" alt=\"Inscri\u00e7\u00f5es abertas: mobilidade no Instituto Polit\u00e9cnico de Bragan\u00e7a \u2013 Portugal 2026-2027.\" \/>\r\n\t\t\t<\/a>\r\n\t\t<\/div>\r\n\t\t<div class=\"wppsac-post-content-position\">\r\n\t\t\t\t\t<div class=\"wppsac-post-categories\"><ul class=\"wppsac-post-categories-list\"><li><a href=\"https:\/\/www2.uepg.br\/eri\/category\/mobilidade\/\" rel=\"category\"> Mobilidade <\/a><\/li><\/ul><\/div>\r\n\t\t\t  \t<h2 class=\"wppsac-post-title\">\r\n\t\t\t<a href=\"https:\/\/www2.uepg.br\/eri\/mob-ipb-2026-2027\/\">Inscri\u00e7\u00f5es abertas: mobilidade no Instituto Polit\u00e9cnico de Bragan\u00e7a \u2013 Portugal 2026-2027.<\/a>\r\n\t\t<\/h2>\r\n\t\t\t\t\t<div class=\"wppsac-post-date\">\r\n\t\t\t\t25 de mar\u00e7o de 2026\t\t\t<\/div>\r\n\t\t\t\t\t<\/div>\r\n<\/div>\r\n<div class=\"wppsac-carousel-slides\">\r\n\t\t<div class=\"wppsac-post-content-position\">\r\n\t\t\t\t\t<div class=\"wppsac-post-categories\"><ul class=\"wppsac-post-categories-list\"><li><a href=\"https:\/\/www2.uepg.br\/eri\/category\/novidades\/\" rel=\"category\"> Novidades <\/a><\/li><li><a href=\"https:\/\/www2.uepg.br\/eri\/category\/radar-de-oportunidades\/\" rel=\"category\"> Radar de oportunidades <\/a><\/li><\/ul><\/div>\r\n\t\t\t  \t<h2 class=\"wppsac-post-title\">\r\n\t\t\t<a href=\"https:\/\/www2.uepg.br\/eri\/radar-de-oportunidades-marco-de-2026\/\">[RADAR DE OPORTUNIDADES] Mar\u00e7o de 2026<\/a>\r\n\t\t<\/h2>\r\n\t\t\t\t\t<div class=\"wppsac-post-date\">\r\n\t\t\t\t20 de mar\u00e7o de 2026\t\t\t<\/div>\r\n\t\t\t\t\t<\/div>\r\n<\/div>\r\n<div class=\"wppsac-carousel-slides\">\r\n\t\t\t<div class=\"wppsac-post-image-bg\">\r\n\t\t\t<a href=\"https:\/\/www2.uepg.br\/eri\/selecao-professores-visitantes-no-ipb\/\">\r\n\t\t\t\t<img class=\"wppsac-post-image-bg\"  src=\"https:\/\/www2.uepg.br\/eri\/wp-content\/uploads\/sites\/52\/2026\/02\/instagram.png\" alt=\"SELE\u00c7\u00c3O &#8211; Professores visitantes no Instituto Polit\u00e9cnico de Bragan\u00e7a Edital 26\/27 (1\u00ba e 2\u00ba semestres)\" \/>\r\n\t\t\t<\/a>\r\n\t\t<\/div>\r\n\t\t<div class=\"wppsac-post-content-position\">\r\n\t\t\t\t\t<div class=\"wppsac-post-categories\"><ul class=\"wppsac-post-categories-list\"><li><a href=\"https:\/\/www2.uepg.br\/eri\/category\/novidades\/\" rel=\"category\"> Novidades <\/a><\/li><\/ul><\/div>\r\n\t\t\t  \t<h2 class=\"wppsac-post-title\">\r\n\t\t\t<a href=\"https:\/\/www2.uepg.br\/eri\/selecao-professores-visitantes-no-ipb\/\">SELE\u00c7\u00c3O &#8211; Professores visitantes no Instituto Polit\u00e9cnico de Bragan\u00e7a Edital 26\/27 (1\u00ba e 2\u00ba semestres)<\/a>\r\n\t\t<\/h2>\r\n\t\t\t\t\t<div class=\"wppsac-post-date\">\r\n\t\t\t\t23 de fevereiro de 2026\t\t\t<\/div>\r\n\t\t\t\t\t<\/div>\r\n<\/div>\r\n<div class=\"wppsac-carousel-slides\">\r\n\t\t\t<div class=\"wppsac-post-image-bg\">\r\n\t\t\t<a href=\"https:\/\/www2.uepg.br\/eri\/inscricoes-abertas-uic-barcelona-summer-programme-2026\/\">\r\n\t\t\t\t<img class=\"wppsac-post-image-bg\"  src=\"https:\/\/www2.uepg.br\/eri\/wp-content\/uploads\/sites\/52\/2026\/02\/uic-barcelona-2026programme.jpg\" alt=\"Inscri\u00e7\u00f5es abertas: UIC Barcelona Summer Programme 2026\" \/>\r\n\t\t\t<\/a>\r\n\t\t<\/div>\r\n\t\t<div class=\"wppsac-post-content-position\">\r\n\t\t\t\t\t<div class=\"wppsac-post-categories\"><ul class=\"wppsac-post-categories-list\"><li><a href=\"https:\/\/www2.uepg.br\/eri\/category\/mobilidade\/\" rel=\"category\"> Mobilidade <\/a><\/li><\/ul><\/div>\r\n\t\t\t  \t<h2 class=\"wppsac-post-title\">\r\n\t\t\t<a href=\"https:\/\/www2.uepg.br\/eri\/inscricoes-abertas-uic-barcelona-summer-programme-2026\/\">Inscri\u00e7\u00f5es abertas: UIC Barcelona Summer Programme 2026<\/a>\r\n\t\t<\/h2>\r\n\t\t\t\t\t<div class=\"wppsac-post-date\">\r\n\t\t\t\t4 de fevereiro de 2026\t\t\t<\/div>\r\n\t\t\t\t\t<\/div>\r\n<\/div>\r\n<div class=\"wppsac-carousel-slides\">\r\n\t\t\t<div class=\"wppsac-post-image-bg\">\r\n\t\t\t<a href=\"https:\/\/www2.uepg.br\/eri\/inscricoes-abertas-mobilidade-na-universidad-de-los-lagos-chile-2-2026\/\">\r\n\t\t\t\t<img class=\"wppsac-post-image-bg\"  src=\"https:\/\/www2.uepg.br\/eri\/wp-content\/uploads\/sites\/52\/2026\/02\/loslagos2.png\" alt=\"Inscri\u00e7\u00f5es abertas: mobilidade na Universidad de Los Lagos \u2013 Chile 2-2026\" \/>\r\n\t\t\t<\/a>\r\n\t\t<\/div>\r\n\t\t<div class=\"wppsac-post-content-position\">\r\n\t\t\t\t\t<div class=\"wppsac-post-categories\"><ul class=\"wppsac-post-categories-list\"><li><a href=\"https:\/\/www2.uepg.br\/eri\/category\/mobilidade\/\" rel=\"category\"> Mobilidade <\/a><\/li><\/ul><\/div>\r\n\t\t\t  \t<h2 class=\"wppsac-post-title\">\r\n\t\t\t<a href=\"https:\/\/www2.uepg.br\/eri\/inscricoes-abertas-mobilidade-na-universidad-de-los-lagos-chile-2-2026\/\">Inscri\u00e7\u00f5es abertas: mobilidade na Universidad de Los Lagos \u2013 Chile 2-2026<\/a>\r\n\t\t<\/h2>\r\n\t\t\t\t\t<div class=\"wppsac-post-date\">\r\n\t\t\t\t4 de fevereiro de 2026\t\t\t<\/div>\r\n\t\t\t\t\t<\/div>\r\n<\/div>\r\n<div class=\"wppsac-carousel-slides\">\r\n\t\t\t<div class=\"wppsac-post-image-bg\">\r\n\t\t\t<a href=\"https:\/\/www2.uepg.br\/eri\/evento-debate-mobilidade-academica-internacional-e-acesso-ao-programa-erasmus-na-uepg\/\">\r\n\t\t\t\t<img class=\"wppsac-post-image-bg\"  src=\"https:\/\/www2.uepg.br\/eri\/wp-content\/uploads\/sites\/52\/2026\/01\/ERI-Erasmus2-Fabio-Ansolin-1-scaled-1.jpg\" alt=\"Evento debate mobilidade acad\u00eamica internacional e acesso ao programa Erasmus na UEPG\" \/>\r\n\t\t\t<\/a>\r\n\t\t<\/div>\r\n\t\t<div class=\"wppsac-post-content-position\">\r\n\t\t\t\t\t<div class=\"wppsac-post-categories\"><ul class=\"wppsac-post-categories-list\"><li><a href=\"https:\/\/www2.uepg.br\/eri\/category\/mobilidade\/\" rel=\"category\"> Mobilidade <\/a><\/li><li><a href=\"https:\/\/www2.uepg.br\/eri\/category\/novidades\/\" rel=\"category\"> Novidades <\/a><\/li><li><a href=\"https:\/\/www2.uepg.br\/eri\/category\/o-mundo-na-uepg\/\" rel=\"category\"> O mundo na UEPG <\/a><\/li><\/ul><\/div>\r\n\t\t\t  \t<h2 class=\"wppsac-post-title\">\r\n\t\t\t<a href=\"https:\/\/www2.uepg.br\/eri\/evento-debate-mobilidade-academica-internacional-e-acesso-ao-programa-erasmus-na-uepg\/\">Evento debate mobilidade acad\u00eamica internacional e acesso ao programa Erasmus na UEPG<\/a>\r\n\t\t<\/h2>\r\n\t\t\t\t\t<div class=\"wppsac-post-date\">\r\n\t\t\t\t26 de janeiro de 2026\t\t\t<\/div>\r\n\t\t\t\t\t<\/div>\r\n<\/div>\r\n<div class=\"wppsac-carousel-slides\">\r\n\t\t\t<div class=\"wppsac-post-image-bg\">\r\n\t\t\t<a href=\"https:\/\/www2.uepg.br\/eri\/evento-exchange-for-all-democratizando-o-acesso-a-mobilidade-academica\/\">\r\n\t\t\t\t<img class=\"wppsac-post-image-bg\"  src=\"https:\/\/www2.uepg.br\/eri\/wp-content\/uploads\/sites\/52\/2026\/01\/WhatsApp-Image-2026-01-14-at-09.52.24.jpeg\" alt=\"[EVENTO] EXCHANGE FOR ALL: Democratizando o acesso \u00e0 mobilidade acad\u00eamica\" \/>\r\n\t\t\t<\/a>\r\n\t\t<\/div>\r\n\t\t<div class=\"wppsac-post-content-position\">\r\n\t\t\t\t\t<div class=\"wppsac-post-categories\"><ul class=\"wppsac-post-categories-list\"><li><a href=\"https:\/\/www2.uepg.br\/eri\/category\/eventos\/\" rel=\"category\"> Eventos <\/a><\/li><li><a href=\"https:\/\/www2.uepg.br\/eri\/category\/o-mundo-na-uepg\/\" rel=\"category\"> O mundo na UEPG <\/a><\/li><\/ul><\/div>\r\n\t\t\t  \t<h2 class=\"wppsac-post-title\">\r\n\t\t\t<a href=\"https:\/\/www2.uepg.br\/eri\/evento-exchange-for-all-democratizando-o-acesso-a-mobilidade-academica\/\">[EVENTO] EXCHANGE FOR ALL: Democratizando o acesso \u00e0 mobilidade acad\u00eamica<\/a>\r\n\t\t<\/h2>\r\n\t\t\t\t\t<div class=\"wppsac-post-date\">\r\n\t\t\t\t15 de janeiro de 2026\t\t\t<\/div>\r\n\t\t\t\t\t<\/div>\r\n<\/div>\r\n<div class=\"wppsac-carousel-slides\">\r\n\t\t\t<div class=\"wppsac-post-image-bg\">\r\n\t\t\t<a href=\"https:\/\/www2.uepg.br\/eri\/fundacion-carolina-bolsas\/\">\r\n\t\t\t\t<img class=\"wppsac-post-image-bg\"  src=\"https:\/\/www2.uepg.br\/eri\/wp-content\/uploads\/sites\/52\/2026\/01\/image.png\" alt=\"Fundaci\u00f3n Carolina abre convocat\u00f3ria de bolsas 2026-2027\" \/>\r\n\t\t\t<\/a>\r\n\t\t<\/div>\r\n\t\t<div class=\"wppsac-post-content-position\">\r\n\t\t\t\t\t<div class=\"wppsac-post-categories\"><ul class=\"wppsac-post-categories-list\"><li><a href=\"https:\/\/www2.uepg.br\/eri\/category\/bolsas-de-estudo\/\" rel=\"category\"> Bolsas de Estudo <\/a><\/li><li><a href=\"https:\/\/www2.uepg.br\/eri\/category\/novidades\/\" rel=\"category\"> Novidades <\/a><\/li><\/ul><\/div>\r\n\t\t\t  \t<h2 class=\"wppsac-post-title\">\r\n\t\t\t<a href=\"https:\/\/www2.uepg.br\/eri\/fundacion-carolina-bolsas\/\">Fundaci\u00f3n Carolina abre convocat\u00f3ria de bolsas 2026-2027<\/a>\r\n\t\t<\/h2>\r\n\t\t\t\t\t<div class=\"wppsac-post-date\">\r\n\t\t\t\t14 de janeiro de 2026\t\t\t<\/div>\r\n\t\t\t\t\t<\/div>\r\n<\/div>\r\n<div class=\"wppsac-carousel-slides\">\r\n\t\t\t<div class=\"wppsac-post-image-bg\">\r\n\t\t\t<a href=\"https:\/\/www2.uepg.br\/eri\/beneficios-oferecidos-pelo-instituto-cervantes-dezembro-2025\/\">\r\n\t\t\t\t<img class=\"wppsac-post-image-bg\"  src=\"https:\/\/www2.uepg.br\/eri\/wp-content\/uploads\/sites\/52\/2025\/12\/unnamed.png\" alt=\"Benef\u00edcios oferecidos pelo Instituto Cervantes &#8211; Dezembro 2025\" \/>\r\n\t\t\t<\/a>\r\n\t\t<\/div>\r\n\t\t<div class=\"wppsac-post-content-position\">\r\n\t\t\t\t\t<div class=\"wppsac-post-categories\"><ul class=\"wppsac-post-categories-list\"><li><a href=\"https:\/\/www2.uepg.br\/eri\/category\/novidades\/\" rel=\"category\"> Novidades <\/a><\/li><\/ul><\/div>\r\n\t\t\t  \t<h2 class=\"wppsac-post-title\">\r\n\t\t\t<a href=\"https:\/\/www2.uepg.br\/eri\/beneficios-oferecidos-pelo-instituto-cervantes-dezembro-2025\/\">Benef\u00edcios oferecidos pelo Instituto Cervantes &#8211; Dezembro 2025<\/a>\r\n\t\t<\/h2>\r\n\t\t\t\t\t<div class=\"wppsac-post-date\">\r\n\t\t\t\t16 de dezembro de 2025\t\t\t<\/div>\r\n\t\t\t\t\t<\/div>\r\n<\/div>\t\t\t<\/div>\r\n\t\t\t<div class=\"wppsac-carousel-conf wppsac-hide\" data-conf=\"{&quot;slides_to_show&quot;:&quot;4&quot;,&quot;slides_to_scroll&quot;:1,&quot;dots&quot;:&quot;false&quot;,&quot;arrows&quot;:&quot;true&quot;,&quot;autoplay&quot;:&quot;true&quot;,&quot;autoplay_interval&quot;:&quot;19500&quot;,&quot;speed&quot;:500,&quot;rtl&quot;:&quot;false&quot;,&quot;lazyload&quot;:&quot;&quot;}\"><\/div>\r\n\t\t<\/div>\r\n\t\n<\/div>\n<\/div><\/div><\/div><\/div><\/div><div id=\"pg-5-1\"  class=\"panel-grid panel-no-style\" ><div id=\"pgc-5-1-0\"  class=\"panel-grid-cell panel-grid-cell-empty panel-grid-cell-mobile-last\" ><\/div><div id=\"pgc-5-1-1\"  class=\"panel-grid-cell panel-grid-cell-empty\" ><\/div><\/div><div id=\"pg-5-2\"  class=\"panel-grid panel-no-style\" ><div id=\"pgc-5-2-0\"  class=\"panel-grid-cell\" ><div id=\"panel-5-2-0-0\" class=\"so-panel widget widget_sow-button panel-first-child panel-last-child\" data-index=\"1\" ><div class=\"panel-widget-style panel-widget-style-for-5-2-0-0\" ><div\n\t\t\t\n\t\t\tclass=\"so-widget-sow-button so-widget-sow-button-atom-f28947f507e4-7411\"\n\t\t\t\n\t\t><div class=\"ow-button-base ow-button-align-center\">\n\t<a href=\"https:\/\/www2.uepg.br\/eri\/novidades\/\" class=\"ow-icon-placement-left ow-button-hover\" \t\t>\n\t\t<span>\n\t\t\t\n\t\t\tveja todas as novidades\t\t<\/span>\n\t<\/a>\n<\/div>\n<\/div><\/div><\/div><\/div><\/div><div id=\"pg-5-3\"  class=\"panel-grid panel-no-style\" ><div id=\"pgc-5-3-0\"  class=\"panel-grid-cell panel-grid-cell-empty panel-grid-cell-mobile-last\" ><\/div><div id=\"pgc-5-3-1\"  class=\"panel-grid-cell panel-grid-cell-empty\" ><\/div><\/div><div id=\"pg-5-4\"  class=\"panel-grid panel-no-style\" ><div id=\"pgc-5-4-0\"  class=\"panel-grid-cell panel-grid-cell-empty\" ><\/div><div id=\"pgc-5-4-1\"  class=\"panel-grid-cell\" ><div id=\"panel-5-4-1-0\" class=\"so-panel widget widget_sow-image panel-first-child\" data-index=\"2\" ><div\n\t\t\t\n\t\t\tclass=\"so-widget-sow-image so-widget-sow-image-default-d6014b76747a-7411\"\n\t\t\t\n\t\t>\n\n<div class=\"sow-image-container\">\n\t\t\t<a href=\"https:\/\/www2.uepg.br\/eri\/category\/o-mundo-na-uepg\/\"\n\t\t\ttarget=\"_blank\" rel=\"noopener noreferrer\" \t\t>\n\t\t\t<img src=\"https:\/\/www2.uepg.br\/eri\/wp-content\/uploads\/sites\/52\/2020\/07\/O-mundo-na-UEPG.jpg\" width=\"1800\" height=\"1800\" srcset=\"https:\/\/www2.uepg.br\/eri\/wp-content\/uploads\/sites\/52\/2020\/07\/O-mundo-na-UEPG.jpg 1800w, https:\/\/www2.uepg.br\/eri\/wp-content\/uploads\/sites\/52\/2020\/07\/O-mundo-na-UEPG-300x300.jpg 300w, https:\/\/www2.uepg.br\/eri\/wp-content\/uploads\/sites\/52\/2020\/07\/O-mundo-na-UEPG-1024x1024.jpg 1024w, https:\/\/www2.uepg.br\/eri\/wp-content\/uploads\/sites\/52\/2020\/07\/O-mundo-na-UEPG-150x150.jpg 150w, https:\/\/www2.uepg.br\/eri\/wp-content\/uploads\/sites\/52\/2020\/07\/O-mundo-na-UEPG-768x768.jpg 768w, https:\/\/www2.uepg.br\/eri\/wp-content\/uploads\/sites\/52\/2020\/07\/O-mundo-na-UEPG-1536x1536.jpg 1536w, https:\/\/www2.uepg.br\/eri\/wp-content\/uploads\/sites\/52\/2020\/07\/O-mundo-na-UEPG-1232x1232.jpg 1232w, https:\/\/www2.uepg.br\/eri\/wp-content\/uploads\/sites\/52\/2020\/07\/O-mundo-na-UEPG-1080x1080.jpg 1080w\" sizes=\"(max-width: 1800px) 100vw, 1800px\" title=\"O mundo na UEPG\" alt=\"\" loading=\"lazy\" \t\tclass=\"so-widget-image\"\/>\n\t<\/a><\/div>\n\n<\/div><\/div><div id=\"panel-5-4-1-1\" class=\"so-panel widget widget_sow-editor panel-last-child\" data-index=\"3\" ><div class=\"panel-widget-style panel-widget-style-for-5-4-1-1\" ><div\n\t\t\t\n\t\t\tclass=\"so-widget-sow-editor so-widget-sow-editor-base\"\n\t\t\t\n\t\t>\n<div class=\"siteorigin-widget-tinymce textwidget\">\n\t<h5 class=\"q_team_name\" style=\"text-align: center\"><a href=\"https:\/\/www2.uepg.br\/eri\/category\/o-mundo-na-uepg\/\">Conhe\u00e7a a experi\u00eancia de alunos, professores e pesquisadores internacionais na UEPG<\/a><\/h5>\n<\/div>\n<\/div><\/div><\/div><\/div><div id=\"pgc-5-4-2\"  class=\"panel-grid-cell panel-grid-cell-empty\" ><\/div><div id=\"pgc-5-4-3\"  class=\"panel-grid-cell panel-grid-cell-mobile-last\" ><div id=\"panel-5-4-3-0\" class=\"so-panel widget widget_sow-image panel-first-child\" data-index=\"4\" ><div\n\t\t\t\n\t\t\tclass=\"so-widget-sow-image so-widget-sow-image-default-d6014b76747a-7411\"\n\t\t\t\n\t\t>\n\n<div class=\"sow-image-container\">\n\t\t\t<a href=\"https:\/\/www2.uepg.br\/eri\/category\/a-uepg-no-mundo\/\"\n\t\t\ttarget=\"_blank\" rel=\"noopener noreferrer\" \t\t>\n\t\t\t<img src=\"https:\/\/www2.uepg.br\/eri\/wp-content\/uploads\/sites\/52\/2020\/07\/A-UEPG-no-mundo.jpg\" width=\"1800\" height=\"1800\" srcset=\"https:\/\/www2.uepg.br\/eri\/wp-content\/uploads\/sites\/52\/2020\/07\/A-UEPG-no-mundo.jpg 1800w, https:\/\/www2.uepg.br\/eri\/wp-content\/uploads\/sites\/52\/2020\/07\/A-UEPG-no-mundo-300x300.jpg 300w, https:\/\/www2.uepg.br\/eri\/wp-content\/uploads\/sites\/52\/2020\/07\/A-UEPG-no-mundo-1024x1024.jpg 1024w, https:\/\/www2.uepg.br\/eri\/wp-content\/uploads\/sites\/52\/2020\/07\/A-UEPG-no-mundo-150x150.jpg 150w, https:\/\/www2.uepg.br\/eri\/wp-content\/uploads\/sites\/52\/2020\/07\/A-UEPG-no-mundo-768x768.jpg 768w, https:\/\/www2.uepg.br\/eri\/wp-content\/uploads\/sites\/52\/2020\/07\/A-UEPG-no-mundo-1536x1536.jpg 1536w, https:\/\/www2.uepg.br\/eri\/wp-content\/uploads\/sites\/52\/2020\/07\/A-UEPG-no-mundo-1232x1232.jpg 1232w, https:\/\/www2.uepg.br\/eri\/wp-content\/uploads\/sites\/52\/2020\/07\/A-UEPG-no-mundo-1080x1080.jpg 1080w\" sizes=\"(max-width: 1800px) 100vw, 1800px\" title=\"A UEPG no mundo\" alt=\"\" loading=\"lazy\" \t\tclass=\"so-widget-image\"\/>\n\t<\/a><\/div>\n\n<\/div><\/div><div id=\"panel-5-4-3-1\" class=\"so-panel widget widget_sow-editor panel-last-child\" data-index=\"5\" ><div class=\"panel-widget-style panel-widget-style-for-5-4-3-1\" ><div\n\t\t\t\n\t\t\tclass=\"so-widget-sow-editor so-widget-sow-editor-base\"\n\t\t\t\n\t\t>\n<div class=\"siteorigin-widget-tinymce textwidget\">\n\t<h5 style=\"text-align: center\"><a href=\"https:\/\/www2.uepg.br\/eri\/category\/a-uepg-no-mundo\/\">Confira relatos da experi\u00eancia internacional de alunos, professores e pesquisadores da UEPG pelo mundo<\/a><\/h5>\n<\/div>\n<\/div><\/div><\/div><\/div><div id=\"pgc-5-4-4\"  class=\"panel-grid-cell panel-grid-cell-empty\" ><\/div><\/div><div id=\"pg-5-5\"  class=\"panel-grid panel-no-style\" ><div id=\"pgc-5-5-0\"  class=\"panel-grid-cell panel-grid-cell-empty\" ><\/div><\/div><\/div>","protected":false},"excerpt":{"rendered":"<p>&nbsp; &nbsp; &nbsp; Conhe\u00e7a a experi\u00eancia de alunos, professores e pesquisadores internacionais na UEPG Confira relatos da experi\u00eancia internacional de alunos, professores e pesquisadores da UEPG pelo mundo<\/p>\n","protected":false},"author":24,"featured_media":0,"parent":0,"menu_order":0,"comment_status":"closed","ping_status":"closed","template":"page-templates\/page-with-left-sidebar.php","meta":[],"_links":{"self":[{"href":"https:\/\/www2.uepg.br\/eri\/wp-json\/wp\/v2\/pages\/5"}],"collection":[{"href":"https:\/\/www2.uepg.br\/eri\/wp-json\/wp\/v2\/pages"}],"about":[{"href":"https:\/\/www2.uepg.br\/eri\/wp-json\/wp\/v2\/types\/page"}],"author":[{"embeddable":true,"href":"https:\/\/www2.uepg.br\/eri\/wp-json\/wp\/v2\/users\/24"}],"replies":[{"embeddable":true,"href":"https:\/\/www2.uepg.br\/eri\/wp-json\/wp\/v2\/comments?post=5"}],"version-history":[{"count":45,"href":"https:\/\/www2.uepg.br\/eri\/wp-json\/wp\/v2\/pages\/5\/revisions"}],"predecessor-version":[{"id":6372,"href":"https:\/\/www2.uepg.br\/eri\/wp-json\/wp\/v2\/pages\/5\/revisions\/6372"}],"wp:attachment":[{"href":"https:\/\/www2.uepg.br\/eri\/wp-json\/wp\/v2\/media?parent=5"}],"curies":[{"name":"wp","href":"https:\/\/api.w.org\/{rel}","templated":true}]}}