{"id":5876,"date":"2023-11-22T15:58:07","date_gmt":"2023-11-22T18:58:07","guid":{"rendered":"https:\/\/www2.uepg.br\/eri\/?page_id=5876"},"modified":"2023-11-22T16:23:56","modified_gmt":"2023-11-22T19:23:56","slug":"le-eri","status":"publish","type":"page","link":"https:\/\/www2.uepg.br\/eri\/fr\/le-eri\/","title":{"rendered":"L&#8217;ERI"},"content":{"rendered":"<div id=\"pl-5876\"  class=\"panel-layout\" ><div id=\"pg-5876-0\"  class=\"panel-grid panel-no-style\" ><div id=\"pgc-5876-0-0\"  class=\"panel-grid-cell\" ><div id=\"panel-5876-0-0-0\" class=\"so-panel widget widget_sow-editor panel-first-child\" data-index=\"0\" ><div id=\"contato\" class=\"panel-widget-style panel-widget-style-for-5876-0-0-0\" ><div\n\t\t\t\n\t\t\tclass=\"so-widget-sow-editor so-widget-sow-editor-base\"\n\t\t\t\n\t\t><h3 class=\"widget-title\">Contact<\/h3>\n<div class=\"siteorigin-widget-tinymce textwidget\">\n\t<p style=\"text-align: center\"><b>UNIVERSIT\u00c9 D\u2019\u00c9TAT DE PONTA GROSSA<\/b><\/p>\n<p style=\"text-align: center\"><span style=\"font-weight: 400\">Bureau des Relations Internationales-ERI<\/span><\/p>\n<p style=\"text-align: center\"><span style=\"font-weight: 400\">Hall d\u2019entr\u00e9e du bloc du rectoire, salle 54- Campus d\u2019uvaranas<\/span><\/p>\n<p style=\"text-align: center\"><span style=\"font-weight: 400\">4748, Avenue G\u00e9n\u00e9ral Carlos Cavalcanti CEP 84030-900<\/span><\/p>\n<p style=\"text-align: center\"><span style=\"font-weight: 400\">Ponta Grossa- PR<\/span><\/p>\n<p style=\"text-align: center\"><span style=\"font-weight: 400\">T\u00e9l\u00e9phone: +55 42 3220-3260<\/span><\/p>\n<p style=\"text-align: center\"><span style=\"font-weight: 400\">www2.uepg.br\/eri\/<\/span><\/p>\n<p style=\"text-align: center\"><span style=\"font-weight: 400\">Courriel: <\/span><a href=\"mailto:eri@uepg.br\"><span style=\"font-weight: 400\">eri@uepg.br<\/span><\/a><\/p>\n<\/div>\n<\/div><\/div><\/div><div id=\"panel-5876-0-0-1\" class=\"so-panel widget widget_sow-editor panel-last-child\" data-index=\"1\" ><div id=\"contato\" class=\"panel-widget-style panel-widget-style-for-5876-0-0-1\" ><div\n\t\t\t\n\t\t\tclass=\"so-widget-sow-editor so-widget-sow-editor-base\"\n\t\t\t\n\t\t><h3 class=\"widget-title\">Reseaux Sociaux<\/h3>\n<div class=\"siteorigin-widget-tinymce textwidget\">\n\t<p style=\"text-align: center\"><b>Facebook: <\/b><a href=\"https:\/\/www.facebook.com\/eri.uepg\">https:\/\/www.facebook.com\/eri.uepg<\/a><br \/>\n<strong>Instagram: <\/strong><a href=\"https:\/\/www.instagram.com\/eriuepg\/\">https:\/\/www.instagram.com\/eriuepg\/<\/a><br \/>\n<strong>Twitter:<\/strong> <a href=\"https:\/\/twitter.com\/eriUEPG\">https:\/\/twitter.com\/eriUEPG<\/a><\/p>\n<p style=\"text-align: center\"><b>Suivez-nous!<\/b><\/p>\n<\/div>\n<\/div><\/div><\/div><\/div><\/div><div id=\"pg-5876-1\"  class=\"panel-grid panel-no-style\" ><div id=\"pgc-5876-1-0\"  class=\"panel-grid-cell panel-grid-cell-empty\" ><\/div><\/div><\/div>","protected":false},"excerpt":{"rendered":"<p>UNIVERSIT\u00c9 D\u2019\u00c9TAT DE PONTA GROSSA Bureau des Relations Internationales-ERI Hall d\u2019entr\u00e9e du bloc du rectoire, salle 54- Campus d\u2019uvaranas 4748, Avenue G\u00e9n\u00e9ral Carlos Cavalcanti CEP 84030-900 Ponta Grossa- PR T\u00e9l\u00e9phone: +55 42 3220-3260 www2.uepg.br\/eri\/ Courriel: eri@uepg.br Facebook: https:\/\/www.facebook.com\/eri.uepg Instagram: https:\/\/www.instagram.com\/eriuepg\/ Twitter: https:\/\/twitter.com\/eriUEPG Suivez-nous!<\/p>\n","protected":false},"author":378,"featured_media":0,"parent":0,"menu_order":0,"comment_status":"closed","ping_status":"closed","template":"page-templates\/page-with-left-sidebar.php","meta":[],"_links":{"self":[{"href":"https:\/\/www2.uepg.br\/eri\/wp-json\/wp\/v2\/pages\/5876"}],"collection":[{"href":"https:\/\/www2.uepg.br\/eri\/wp-json\/wp\/v2\/pages"}],"about":[{"href":"https:\/\/www2.uepg.br\/eri\/wp-json\/wp\/v2\/types\/page"}],"author":[{"embeddable":true,"href":"https:\/\/www2.uepg.br\/eri\/wp-json\/wp\/v2\/users\/378"}],"replies":[{"embeddable":true,"href":"https:\/\/www2.uepg.br\/eri\/wp-json\/wp\/v2\/comments?post=5876"}],"version-history":[{"count":4,"href":"https:\/\/www2.uepg.br\/eri\/wp-json\/wp\/v2\/pages\/5876\/revisions"}],"predecessor-version":[{"id":5907,"href":"https:\/\/www2.uepg.br\/eri\/wp-json\/wp\/v2\/pages\/5876\/revisions\/5907"}],"wp:attachment":[{"href":"https:\/\/www2.uepg.br\/eri\/wp-json\/wp\/v2\/media?parent=5876"}],"curies":[{"name":"wp","href":"https:\/\/api.w.org\/{rel}","templated":true}]}}