{"id":5887,"date":"2023-11-22T16:04:49","date_gmt":"2023-11-22T19:04:49","guid":{"rendered":"https:\/\/www2.uepg.br\/eri\/?page_id=5887"},"modified":"2023-11-23T13:57:31","modified_gmt":"2023-11-23T16:57:31","slug":"faq-questions-frequentes","status":"publish","type":"page","link":"https:\/\/www2.uepg.br\/eri\/fr\/faq-questions-frequentes\/","title":{"rendered":"FAQ &#8211; Questions Fr\u00e9quentes"},"content":{"rendered":"<div id=\"pl-5887\"  class=\"panel-layout\" ><div id=\"pg-5887-0\"  class=\"panel-grid panel-no-style\" ><div id=\"pgc-5887-0-0\"  class=\"panel-grid-cell\" ><div id=\"panel-5887-0-0-0\" class=\"so-panel widget widget_sow-accordion panel-first-child panel-last-child\" data-index=\"0\" ><div\n\t\t\t\n\t\t\tclass=\"so-widget-sow-accordion so-widget-sow-accordion-default-0382f98d8c5d-5887\"\n\t\t\t\n\t\t><h3 class=\"widget-title\">FAQ- QUESTIONS FR\u00c9QUENTES<\/h3><div>\n\t<div class=\"sow-accordion\">\n\t\t\t<div class=\"sow-accordion-panel\"\n\t\t\t data-anchor=\"qu%e2%80%99est-ce-que-signifie-eri\">\n\t\t\t\t<div class=\"sow-accordion-panel-header-container\" role=\"heading\" aria-level=\"2\">\n\t\t\t\t\t<div class=\"sow-accordion-panel-header\" tabindex=\"0\" role=\"button\" id=\"accordion-label-qu%e2%80%99est-ce-que-signifie-eri\" aria-controls=\"accordion-content-qu%e2%80%99est-ce-que-signifie-eri\" aria-expanded=\"false\">\n\t\t\t\t\t\t<div class=\"sow-accordion-title sow-accordion-title-icon-left\">\n\t\t\t\t\t\t\t\t\t\t\t\t\t\tQU\u2019EST-CE QUE SIGNIFIE ERI?\t\t\t\t\t\t\t\t\t\t\t\t\t<\/div>\n\t\t\t\t\t\t<div class=\"sow-accordion-open-close-button\">\n\t\t\t\t\t\t\t<div class=\"sow-accordion-open-button\">\n\t\t\t\t\t\t\t\t<span class=\"sow-icon-ionicons\" data-sow-icon=\"&#xf218;\"\n\t\t \n\t\taria-hidden=\"true\"><\/span>\t\t\t\t\t\t\t<\/div>\n\t\t\t\t\t\t\t<div class=\"sow-accordion-close-button\">\n\t\t\t\t\t\t\t\t<span class=\"sow-icon-ionicons\" data-sow-icon=\"&#xf209;\"\n\t\t \n\t\taria-hidden=\"true\"><\/span>\t\t\t\t\t\t\t<\/div>\n\t\t\t\t\t\t<\/div>\n\t\t\t\t\t<\/div>\n\t\t\t\t<\/div>\n\n\t\t\t<div\n\t\t\t\tclass=\"sow-accordion-panel-content\"\n\t\t\t\trole=\"region\"\n\t\t\t\taria-labelledby=\"accordion-label-qu%e2%80%99est-ce-que-signifie-eri\"\n\t\t\t\tid=\"accordion-content-qu%e2%80%99est-ce-que-signifie-eri\"\n\t\t\t\tstyle=\"display: none;\"\t\t\t>\n\t\t\t\t<div class=\"sow-accordion-panel-border\" tabindex=\"0\">\n\t\t\t\t\t<p><span style=\"font-weight: 400\">Bureau des Relations Internationales<\/span><\/p>\n\t\t\t\t<\/div>\n\t\t\t<\/div>\n\t\t<\/div>\n\t\t\t<div class=\"sow-accordion-panel\"\n\t\t\t data-anchor=\"qu%e2%80%99est-ce-qu%e2%80%99eri-fait\">\n\t\t\t\t<div class=\"sow-accordion-panel-header-container\" role=\"heading\" aria-level=\"2\">\n\t\t\t\t\t<div class=\"sow-accordion-panel-header\" tabindex=\"0\" role=\"button\" id=\"accordion-label-qu%e2%80%99est-ce-qu%e2%80%99eri-fait\" aria-controls=\"accordion-content-qu%e2%80%99est-ce-qu%e2%80%99eri-fait\" aria-expanded=\"false\">\n\t\t\t\t\t\t<div class=\"sow-accordion-title sow-accordion-title-icon-left\">\n\t\t\t\t\t\t\t\t\t\t\t\t\t\tQU\u2019EST-CE QU\u2019ERI FAIT?\t\t\t\t\t\t\t\t\t\t\t\t\t<\/div>\n\t\t\t\t\t\t<div class=\"sow-accordion-open-close-button\">\n\t\t\t\t\t\t\t<div class=\"sow-accordion-open-button\">\n\t\t\t\t\t\t\t\t<span class=\"sow-icon-ionicons\" data-sow-icon=\"&#xf218;\"\n\t\t \n\t\taria-hidden=\"true\"><\/span>\t\t\t\t\t\t\t<\/div>\n\t\t\t\t\t\t\t<div class=\"sow-accordion-close-button\">\n\t\t\t\t\t\t\t\t<span class=\"sow-icon-ionicons\" data-sow-icon=\"&#xf209;\"\n\t\t \n\t\taria-hidden=\"true\"><\/span>\t\t\t\t\t\t\t<\/div>\n\t\t\t\t\t\t<\/div>\n\t\t\t\t\t<\/div>\n\t\t\t\t<\/div>\n\n\t\t\t<div\n\t\t\t\tclass=\"sow-accordion-panel-content\"\n\t\t\t\trole=\"region\"\n\t\t\t\taria-labelledby=\"accordion-label-qu%e2%80%99est-ce-qu%e2%80%99eri-fait\"\n\t\t\t\tid=\"accordion-content-qu%e2%80%99est-ce-qu%e2%80%99eri-fait\"\n\t\t\t\tstyle=\"display: none;\"\t\t\t>\n\t\t\t\t<div class=\"sow-accordion-panel-border\" tabindex=\"0\">\n\t\t\t\t\t<p><span style=\"font-weight: 400\">Nous sommes responsables pour:<\/span><\/p>\n<ul>\n<li><span style=\"font-weight: 400\">Firmer des accords de coop\u00e9ration internationales;<\/span><\/li>\n<li><span style=\"font-weight: 400\">\u00c9tablir la mobilit\u00e9 des \u00e9tudiants internationaux \u00e0 l\u2019UEPG;<\/span><\/li>\n<li><span style=\"font-weight: 400\">Aider nos professeurs et \u00e9tudiants internationaux.<\/span><\/li>\n<li><span style=\"font-weight: 400\">Publier les opportunit\u00e9s d\u2019internationalisation, de mobilit\u00e9 et de bourses d\u2019\u00e9tudes;<\/span><\/li>\n<li><span style=\"font-weight: 400\">R\u00e9pondre des doutes et founir les informations \u00e0 propos de l\u2019internationalisation.<\/span><\/li>\n<\/ul>\n\t\t\t\t<\/div>\n\t\t\t<\/div>\n\t\t<\/div>\n\t\t\t<div class=\"sow-accordion-panel\"\n\t\t\t data-anchor=\"o%c3%b9-se-trouve-l%e2%80%99eri\">\n\t\t\t\t<div class=\"sow-accordion-panel-header-container\" role=\"heading\" aria-level=\"2\">\n\t\t\t\t\t<div class=\"sow-accordion-panel-header\" tabindex=\"0\" role=\"button\" id=\"accordion-label-o%c3%b9-se-trouve-l%e2%80%99eri\" aria-controls=\"accordion-content-o%c3%b9-se-trouve-l%e2%80%99eri\" aria-expanded=\"false\">\n\t\t\t\t\t\t<div class=\"sow-accordion-title sow-accordion-title-icon-left\">\n\t\t\t\t\t\t\t\t\t\t\t\t\t\tO\u00d9 SE TROUVE L\u2019ERI?\t\t\t\t\t\t\t\t\t\t\t\t\t<\/div>\n\t\t\t\t\t\t<div class=\"sow-accordion-open-close-button\">\n\t\t\t\t\t\t\t<div class=\"sow-accordion-open-button\">\n\t\t\t\t\t\t\t\t<span class=\"sow-icon-ionicons\" data-sow-icon=\"&#xf218;\"\n\t\t \n\t\taria-hidden=\"true\"><\/span>\t\t\t\t\t\t\t<\/div>\n\t\t\t\t\t\t\t<div class=\"sow-accordion-close-button\">\n\t\t\t\t\t\t\t\t<span class=\"sow-icon-ionicons\" data-sow-icon=\"&#xf209;\"\n\t\t \n\t\taria-hidden=\"true\"><\/span>\t\t\t\t\t\t\t<\/div>\n\t\t\t\t\t\t<\/div>\n\t\t\t\t\t<\/div>\n\t\t\t\t<\/div>\n\n\t\t\t<div\n\t\t\t\tclass=\"sow-accordion-panel-content\"\n\t\t\t\trole=\"region\"\n\t\t\t\taria-labelledby=\"accordion-label-o%c3%b9-se-trouve-l%e2%80%99eri\"\n\t\t\t\tid=\"accordion-content-o%c3%b9-se-trouve-l%e2%80%99eri\"\n\t\t\t\tstyle=\"display: none;\"\t\t\t>\n\t\t\t\t<div class=\"sow-accordion-panel-border\" tabindex=\"0\">\n\t\t\t\t\t<p><span style=\"font-weight: 400\">Nous sommes \u00e0 la salle 54 au hall d'entr\u00e9e du rectoire- Campus d\u2019Uvaranas- 4748, Avenue G\u00e9neral Carlos Cavalcanti. CEP 84030-900, Ponta Grossa- PR.<\/span><\/p>\n\t\t\t\t<\/div>\n\t\t\t<\/div>\n\t\t<\/div>\n\t\t\t<div class=\"sow-accordion-panel\"\n\t\t\t data-anchor=\"qui-travaille-dans-l%e2%80%99eri\">\n\t\t\t\t<div class=\"sow-accordion-panel-header-container\" role=\"heading\" aria-level=\"2\">\n\t\t\t\t\t<div class=\"sow-accordion-panel-header\" tabindex=\"0\" role=\"button\" id=\"accordion-label-qui-travaille-dans-l%e2%80%99eri\" aria-controls=\"accordion-content-qui-travaille-dans-l%e2%80%99eri\" aria-expanded=\"false\">\n\t\t\t\t\t\t<div class=\"sow-accordion-title sow-accordion-title-icon-left\">\n\t\t\t\t\t\t\t\t\t\t\t\t\t\tQUI TRAVAILLE DANS L\u2019ERI?\t\t\t\t\t\t\t\t\t\t\t\t\t<\/div>\n\t\t\t\t\t\t<div class=\"sow-accordion-open-close-button\">\n\t\t\t\t\t\t\t<div class=\"sow-accordion-open-button\">\n\t\t\t\t\t\t\t\t<span class=\"sow-icon-ionicons\" data-sow-icon=\"&#xf218;\"\n\t\t \n\t\taria-hidden=\"true\"><\/span>\t\t\t\t\t\t\t<\/div>\n\t\t\t\t\t\t\t<div class=\"sow-accordion-close-button\">\n\t\t\t\t\t\t\t\t<span class=\"sow-icon-ionicons\" data-sow-icon=\"&#xf209;\"\n\t\t \n\t\taria-hidden=\"true\"><\/span>\t\t\t\t\t\t\t<\/div>\n\t\t\t\t\t\t<\/div>\n\t\t\t\t\t<\/div>\n\t\t\t\t<\/div>\n\n\t\t\t<div\n\t\t\t\tclass=\"sow-accordion-panel-content\"\n\t\t\t\trole=\"region\"\n\t\t\t\taria-labelledby=\"accordion-label-qui-travaille-dans-l%e2%80%99eri\"\n\t\t\t\tid=\"accordion-content-qui-travaille-dans-l%e2%80%99eri\"\n\t\t\t\tstyle=\"display: none;\"\t\t\t>\n\t\t\t\t<div class=\"sow-accordion-panel-border\" tabindex=\"0\">\n\t\t\t\t\t<p><span style=\"font-weight: 400\">Maintenant, notre \u00e9quipe est form\u00e9e pour:<\/span><\/p>\n<p><i><span style=\"font-weight: 400\">Directrice:<\/span><\/i><span style=\"font-weight: 400\"> Dra. Sulany Silveira dos Santos.<\/span><\/p>\n<p><i><span style=\"font-weight: 400\">Adjoint(e)<\/span><\/i><span style=\"font-weight: 400\">: Domitila Gonzalez<\/span><\/p>\n<p><i><span style=\"font-weight: 400\">Adjoint(e)<\/span><\/i><span style=\"font-weight: 400\">: Bruna Machado<\/span><\/p>\n<p><i><span style=\"font-weight: 400\">Adjoint(e): <\/span><\/i><span style=\"font-weight: 400\">Magnun Josu\u00e9 do Nascimento<\/span><\/p>\n<p><i><span style=\"font-weight: 400\">Stagi\u00e8re: <\/span><\/i><span style=\"font-weight: 400\">D\u00e9bora Resende<\/span><\/p>\n\t\t\t\t<\/div>\n\t\t\t<\/div>\n\t\t<\/div>\n\t\t\t<div class=\"sow-accordion-panel\"\n\t\t\t data-anchor=\"comment-entre-en-contact\">\n\t\t\t\t<div class=\"sow-accordion-panel-header-container\" role=\"heading\" aria-level=\"2\">\n\t\t\t\t\t<div class=\"sow-accordion-panel-header\" tabindex=\"0\" role=\"button\" id=\"accordion-label-comment-entre-en-contact\" aria-controls=\"accordion-content-comment-entre-en-contact\" aria-expanded=\"false\">\n\t\t\t\t\t\t<div class=\"sow-accordion-title sow-accordion-title-icon-left\">\n\t\t\t\t\t\t\t\t\t\t\t\t\t\tCOMMENT ENTRE EN CONTACT?\t\t\t\t\t\t\t\t\t\t\t\t\t<\/div>\n\t\t\t\t\t\t<div class=\"sow-accordion-open-close-button\">\n\t\t\t\t\t\t\t<div class=\"sow-accordion-open-button\">\n\t\t\t\t\t\t\t\t<span class=\"sow-icon-ionicons\" data-sow-icon=\"&#xf218;\"\n\t\t \n\t\taria-hidden=\"true\"><\/span>\t\t\t\t\t\t\t<\/div>\n\t\t\t\t\t\t\t<div class=\"sow-accordion-close-button\">\n\t\t\t\t\t\t\t\t<span class=\"sow-icon-ionicons\" data-sow-icon=\"&#xf209;\"\n\t\t \n\t\taria-hidden=\"true\"><\/span>\t\t\t\t\t\t\t<\/div>\n\t\t\t\t\t\t<\/div>\n\t\t\t\t\t<\/div>\n\t\t\t\t<\/div>\n\n\t\t\t<div\n\t\t\t\tclass=\"sow-accordion-panel-content\"\n\t\t\t\trole=\"region\"\n\t\t\t\taria-labelledby=\"accordion-label-comment-entre-en-contact\"\n\t\t\t\tid=\"accordion-content-comment-entre-en-contact\"\n\t\t\t\tstyle=\"display: none;\"\t\t\t>\n\t\t\t\t<div class=\"sow-accordion-panel-border\" tabindex=\"0\">\n\t\t\t\t\t<p><span style=\"font-weight: 400\">Vous pouvez\u00a0 entre en contact par Courriel, t\u00e9l\u00e9phone ou pr\u00e9sentiel.<\/span><b>\u00a0<\/b><\/p>\n\t\t\t\t<\/div>\n\t\t\t<\/div>\n\t\t<\/div>\n\t\t\t<div class=\"sow-accordion-panel\"\n\t\t\t data-anchor=\"quel-est-le-t%c3%a9l%c3%a9phone\">\n\t\t\t\t<div class=\"sow-accordion-panel-header-container\" role=\"heading\" aria-level=\"2\">\n\t\t\t\t\t<div class=\"sow-accordion-panel-header\" tabindex=\"0\" role=\"button\" id=\"accordion-label-quel-est-le-t%c3%a9l%c3%a9phone\" aria-controls=\"accordion-content-quel-est-le-t%c3%a9l%c3%a9phone\" aria-expanded=\"false\">\n\t\t\t\t\t\t<div class=\"sow-accordion-title sow-accordion-title-icon-left\">\n\t\t\t\t\t\t\t\t\t\t\t\t\t\tQUEL EST LE T\u00c9L\u00c9PHONE?\t\t\t\t\t\t\t\t\t\t\t\t\t<\/div>\n\t\t\t\t\t\t<div class=\"sow-accordion-open-close-button\">\n\t\t\t\t\t\t\t<div class=\"sow-accordion-open-button\">\n\t\t\t\t\t\t\t\t<span class=\"sow-icon-ionicons\" data-sow-icon=\"&#xf218;\"\n\t\t \n\t\taria-hidden=\"true\"><\/span>\t\t\t\t\t\t\t<\/div>\n\t\t\t\t\t\t\t<div class=\"sow-accordion-close-button\">\n\t\t\t\t\t\t\t\t<span class=\"sow-icon-ionicons\" data-sow-icon=\"&#xf209;\"\n\t\t \n\t\taria-hidden=\"true\"><\/span>\t\t\t\t\t\t\t<\/div>\n\t\t\t\t\t\t<\/div>\n\t\t\t\t\t<\/div>\n\t\t\t\t<\/div>\n\n\t\t\t<div\n\t\t\t\tclass=\"sow-accordion-panel-content\"\n\t\t\t\trole=\"region\"\n\t\t\t\taria-labelledby=\"accordion-label-quel-est-le-t%c3%a9l%c3%a9phone\"\n\t\t\t\tid=\"accordion-content-quel-est-le-t%c3%a9l%c3%a9phone\"\n\t\t\t\tstyle=\"display: none;\"\t\t\t>\n\t\t\t\t<div class=\"sow-accordion-panel-border\" tabindex=\"0\">\n\t\t\t\t\t<p><span style=\"font-weight: 400\">Notre t\u00e9l\u00e9phone est +55 42 3220-3260.<\/span><\/p>\n\t\t\t\t<\/div>\n\t\t\t<\/div>\n\t\t<\/div>\n\t\t\t<div class=\"sow-accordion-panel\"\n\t\t\t data-anchor=\"quel-est-le-courriel\">\n\t\t\t\t<div class=\"sow-accordion-panel-header-container\" role=\"heading\" aria-level=\"2\">\n\t\t\t\t\t<div class=\"sow-accordion-panel-header\" tabindex=\"0\" role=\"button\" id=\"accordion-label-quel-est-le-courriel\" aria-controls=\"accordion-content-quel-est-le-courriel\" aria-expanded=\"false\">\n\t\t\t\t\t\t<div class=\"sow-accordion-title sow-accordion-title-icon-left\">\n\t\t\t\t\t\t\t\t\t\t\t\t\t\tQUEL EST LE COURRIEL?\t\t\t\t\t\t\t\t\t\t\t\t\t<\/div>\n\t\t\t\t\t\t<div class=\"sow-accordion-open-close-button\">\n\t\t\t\t\t\t\t<div class=\"sow-accordion-open-button\">\n\t\t\t\t\t\t\t\t<span class=\"sow-icon-ionicons\" data-sow-icon=\"&#xf218;\"\n\t\t \n\t\taria-hidden=\"true\"><\/span>\t\t\t\t\t\t\t<\/div>\n\t\t\t\t\t\t\t<div class=\"sow-accordion-close-button\">\n\t\t\t\t\t\t\t\t<span class=\"sow-icon-ionicons\" data-sow-icon=\"&#xf209;\"\n\t\t \n\t\taria-hidden=\"true\"><\/span>\t\t\t\t\t\t\t<\/div>\n\t\t\t\t\t\t<\/div>\n\t\t\t\t\t<\/div>\n\t\t\t\t<\/div>\n\n\t\t\t<div\n\t\t\t\tclass=\"sow-accordion-panel-content\"\n\t\t\t\trole=\"region\"\n\t\t\t\taria-labelledby=\"accordion-label-quel-est-le-courriel\"\n\t\t\t\tid=\"accordion-content-quel-est-le-courriel\"\n\t\t\t\tstyle=\"display: none;\"\t\t\t>\n\t\t\t\t<div class=\"sow-accordion-panel-border\" tabindex=\"0\">\n\t\t\t\t\t<p><span style=\"font-weight: 400\">Notre Courriel est <\/span><a href=\"mailto:eri@uepg.br\"><span style=\"font-weight: 400\">eri@uepg.br<\/span><\/a><\/p>\n\t\t\t\t<\/div>\n\t\t\t<\/div>\n\t\t<\/div>\n\t\t\t<div class=\"sow-accordion-panel\"\n\t\t\t data-anchor=\"l%e2%80%99eri-a-reseaux-sociaux\">\n\t\t\t\t<div class=\"sow-accordion-panel-header-container\" role=\"heading\" aria-level=\"2\">\n\t\t\t\t\t<div class=\"sow-accordion-panel-header\" tabindex=\"0\" role=\"button\" id=\"accordion-label-l%e2%80%99eri-a-reseaux-sociaux\" aria-controls=\"accordion-content-l%e2%80%99eri-a-reseaux-sociaux\" aria-expanded=\"false\">\n\t\t\t\t\t\t<div class=\"sow-accordion-title sow-accordion-title-icon-left\">\n\t\t\t\t\t\t\t\t\t\t\t\t\t\tL\u2019ERI A RESEAUX SOCIAUX?\t\t\t\t\t\t\t\t\t\t\t\t\t<\/div>\n\t\t\t\t\t\t<div class=\"sow-accordion-open-close-button\">\n\t\t\t\t\t\t\t<div class=\"sow-accordion-open-button\">\n\t\t\t\t\t\t\t\t<span class=\"sow-icon-ionicons\" data-sow-icon=\"&#xf218;\"\n\t\t \n\t\taria-hidden=\"true\"><\/span>\t\t\t\t\t\t\t<\/div>\n\t\t\t\t\t\t\t<div class=\"sow-accordion-close-button\">\n\t\t\t\t\t\t\t\t<span class=\"sow-icon-ionicons\" data-sow-icon=\"&#xf209;\"\n\t\t \n\t\taria-hidden=\"true\"><\/span>\t\t\t\t\t\t\t<\/div>\n\t\t\t\t\t\t<\/div>\n\t\t\t\t\t<\/div>\n\t\t\t\t<\/div>\n\n\t\t\t<div\n\t\t\t\tclass=\"sow-accordion-panel-content\"\n\t\t\t\trole=\"region\"\n\t\t\t\taria-labelledby=\"accordion-label-l%e2%80%99eri-a-reseaux-sociaux\"\n\t\t\t\tid=\"accordion-content-l%e2%80%99eri-a-reseaux-sociaux\"\n\t\t\t\tstyle=\"display: none;\"\t\t\t>\n\t\t\t\t<div class=\"sow-accordion-panel-border\" tabindex=\"0\">\n\t\t\t\t\t<p><span style=\"font-weight: 400\">Oui, Suivez-nous!!!<\/span><\/p>\n<p><span style=\"font-weight: 400\">Facebook @eri.uepg<\/span><\/p>\n<p><span style=\"font-weight: 400\">Instagram @eriuepg<\/span><\/p>\n<p><span style=\"font-weight: 400\">Twitter @eriUEPG\u00a0<\/span><\/p>\n\t\t\t\t<\/div>\n\t\t\t<\/div>\n\t\t<\/div>\n\t\t<\/div>\n<\/div>\n<\/div><\/div><\/div><\/div><\/div>","protected":false},"excerpt":{"rendered":"<p>FAQ- QUESTIONS FR\u00c9QUENTES QU\u2019EST-CE QUE SIGNIFIE ERI? Bureau des Relations Internationales QU\u2019EST-CE QU\u2019ERI FAIT? Nous sommes responsables pour: Firmer des accords de coop\u00e9ration internationales; \u00c9tablir la mobilit\u00e9 des \u00e9tudiants internationaux \u00e0 l\u2019UEPG; Aider nos professeurs et \u00e9tudiants internationaux. Publier les opportunit\u00e9s d\u2019internationalisation, de mobilit\u00e9 et de bourses d\u2019\u00e9tudes; R\u00e9pondre des doutes et founir les informations&nbsp;&hellip;<\/p>\n","protected":false},"author":378,"featured_media":0,"parent":0,"menu_order":0,"comment_status":"closed","ping_status":"closed","template":"","meta":[],"_links":{"self":[{"href":"https:\/\/www2.uepg.br\/eri\/wp-json\/wp\/v2\/pages\/5887"}],"collection":[{"href":"https:\/\/www2.uepg.br\/eri\/wp-json\/wp\/v2\/pages"}],"about":[{"href":"https:\/\/www2.uepg.br\/eri\/wp-json\/wp\/v2\/types\/page"}],"author":[{"embeddable":true,"href":"https:\/\/www2.uepg.br\/eri\/wp-json\/wp\/v2\/users\/378"}],"replies":[{"embeddable":true,"href":"https:\/\/www2.uepg.br\/eri\/wp-json\/wp\/v2\/comments?post=5887"}],"version-history":[{"count":3,"href":"https:\/\/www2.uepg.br\/eri\/wp-json\/wp\/v2\/pages\/5887\/revisions"}],"predecessor-version":[{"id":5912,"href":"https:\/\/www2.uepg.br\/eri\/wp-json\/wp\/v2\/pages\/5887\/revisions\/5912"}],"wp:attachment":[{"href":"https:\/\/www2.uepg.br\/eri\/wp-json\/wp\/v2\/media?parent=5887"}],"curies":[{"name":"wp","href":"https:\/\/api.w.org\/{rel}","templated":true}]}}