{"id":67,"date":"2020-02-21T16:01:14","date_gmt":"2020-02-21T19:01:14","guid":{"rendered":"http:\/\/www2.uepg.br\/eri\/?page_id=67"},"modified":"2025-12-18T14:55:24","modified_gmt":"2025-12-18T17:55:24","slug":"mobilidade-in","status":"publish","type":"page","link":"https:\/\/www2.uepg.br\/eri\/mobilidade-in\/","title":{"rendered":"Mobilidade IN"},"content":{"rendered":"<header class=\"entry-header\"><\/header>\n<p style=\"text-align: center\">Quer estudar na Universidade Estadual de Ponta Grossa (UEPG)?<\/p>\n<p style=\"text-align: center\"><em><a href=\"https:\/\/www2.uepg.br\/eri\/es\/movilidad-in\/\">Esta p\u00e1gina est\u00e1 disponible en espa\u00f1ol<\/a> \/ <a href=\"https:\/\/www2.uepg.br\/eri\/en\/mobility-in\/\">This page is available in English<\/a><\/em><\/p>\n<p style=\"text-align: center\"><strong>Por onde come\u00e7ar?<\/strong><\/p>\n<p><strong>Cursos de gradua\u00e7\u00e3o:<\/strong><\/p>\n<p>Para se tornar um aluno de mobilidade durante seus estudos de gradua\u00e7\u00e3o, siga estas etapas.<\/p>\n<p>1 &#8211; Acesse o site da UEPG e pesquise o curso e as disciplinas de seu interesse.<\/p>\n<p>2 &#8211; Preencha o formul\u00e1rio PROMEI, dispon\u00edvel aqui.<\/p>\n<p>3 &#8211; Envie os seguintes documentos para eri@uepg.br:<\/p>\n<ul>\n<li><a href=\"http:\/\/www2.uepg.br\/eri\/wp-content\/uploads\/sites\/52\/2025\/12\/PROMEI-Resolucao-CEPE-No-054-2014.pdf\">Formul\u00e1rio PROMEI<\/a> (Anexos I, II e III) preenchido e assinado;<\/li>\n<li>C\u00f3pia do seu passaporte;<\/li>\n<li>Hist\u00f3rico escolar* da sua universidade de origem e sua tradu\u00e7\u00e3o para Portugu\u00eas;<\/li>\n<li>C\u00f3pia da sua certid\u00e3o de nascimento;<\/li>\n<li>Carta de apresenta\u00e7\u00e3o da sua universidade de origem.<\/li>\n<\/ul>\n<p>*O hist\u00f3rico escolar \u00e9 um documento que lista as disciplinas cursadas pelo aluno em sua universidade de origem e seu desempenho em cada uma delas.<\/p>\n<hr \/>\n<p><strong>Programas de p\u00f3s-gradua\u00e7\u00e3o:<\/strong><\/p>\n<p>Se voc\u00ea estiver interessado em fazer cursos de p\u00f3s-gradua\u00e7\u00e3o na UEPG, confira os programas de interc\u00e2mbio dispon\u00edveis.<\/p>\n<p>Se voc\u00ea for um candidato independente, pode entrar em contato com o coordenador do curso de seu interesse na UEPG para obter informa\u00e7\u00f5es sobre vagas dispon\u00edveis e o processo seletivo. Veja os programas.<\/p>\n<hr \/>\n<p><strong>Recebi minha Carta de Aceite. E agora?<\/strong><\/p>\n<p>O aluno precisa providenciar\/apresentar:<\/p>\n<ul>\n<li>Passagem a\u00e9rea;<\/li>\n<li>Visto (Visto de Estudante (VITEM IV));<\/li>\n<li>CPF (Cadastro Pessoa F\u00edsica) \u2013 <a href=\"https:\/\/servicos.receita.fazenda.gov.br\/servicos\/cpf\/inscricaocpfestrangeiro\/default.asp\">fa\u00e7a online<\/a> com anteced\u00eancia;<\/li>\n<li>Seguro sa\u00fade com cl\u00e1usula de repatria\u00e7\u00e3o funer\u00e1ria (\u201cBrasil Receptivo\u201d, seguro para estrangeiros), que deve ser adquirido antes da viagem;<\/li>\n<li>Cart\u00e3o de vacina\u00e7\u00e3o atualizado: informe-se sobre as vacinas necess\u00e1rias;<\/li>\n<li><a href=\"http:\/\/www2.uepg.br\/eri\/wp-content\/uploads\/sites\/52\/2025\/12\/TERMO-DE-CESSAO-DE-USO-DE-IMAGEM-E-VOZ.pdf\">Termo de cess\u00e3o para uso de imagem e voz<\/a> preenchido e assinado.<\/li>\n<\/ul>\n<p>Observa\u00e7\u00e3o: al\u00e9m da sua caderneta de vacina\u00e7\u00e3o, lembre-se de fornecer \u00e0 UEPG informa\u00e7\u00f5es sobre seu estado de sa\u00fade (alergias e cirurgias anteriores) e seus contatos de emerg\u00eancia.<\/p>\n<hr \/>\n<p>Ao chegar em Ponta Grossa, dirija-se ao Escrit\u00f3rio de Rela\u00e7\u00f5es Internacionais. Podemos ajud\u00e1-lo com:<\/p>\n<ul>\n<li>emiss\u00e3o do seu CPF (caso voc\u00ea n\u00e3o tenha conseguido faz\u00ea-lo por conta pr\u00f3pria);<\/li>\n<li>matr\u00edcula na UEPG;<\/li>\n<li>abertura de conta banc\u00e1ria (se necess\u00e1rio, para receber pagamentos de bolsa de estudos);<\/li>\n<li>preenchimento de formul\u00e1rios para obten\u00e7\u00e3o da Carteira de Registro Nacional de Migra\u00e7\u00e3o (CRNM) da Pol\u00edcia Federal;<\/li>\n<li>acompanhamento at\u00e9 a Pol\u00edcia Federal no dia marcado para entrega da documenta\u00e7\u00e3o necess\u00e1ria para a CRNM.<\/li>\n<\/ul>\n<hr \/>\n<p><strong>VISTO TEMPOR\u00c1RIO IV \u2013 VISTO DE ESTUDANTE<\/strong><\/p>\n<p>O que \u00e9: o Visto Tempor\u00e1rio IV \u00e9 uma autoriza\u00e7\u00e3o obrigat\u00f3ria para todos os estrangeiros que desejam estudar em uma universidade brasileira.<\/p>\n<p>Quem pode obt\u00ea-lo: pode ser concedido a qualquer estudante estrangeiro que pretenda vir ao Brasil temporariamente, sem a inten\u00e7\u00e3o de imigrar ou exercer atividade remunerada.<\/p>\n<p>Como funciona: este visto autoriza o estrangeiro a frequentar um curso espec\u00edfico em uma institui\u00e7\u00e3o de ensino espec\u00edfica.<\/p>\n<p>Onde solicitar: no Consulado ou Embaixada do Brasil no pa\u00eds de origem.<\/p>\n<p>Validade: pode ser v\u00e1lido por at\u00e9 um (1) ano (de acordo com a Carta de Aceita\u00e7\u00e3o emitida pela Universidade Anfitri\u00e3) e pode ser prorrogado pelo mesmo per\u00edodo, v\u00e1rias vezes, durante a dura\u00e7\u00e3o do curso. O pedido de prorroga\u00e7\u00e3o deve ser feito ao Departamento de Pol\u00edcia Federal pelo menos trinta (30) dias antes do t\u00e9rmino da estadia.<\/p>\n<p>Documentos necess\u00e1rios: consulte o Consulado Geral do Brasil em seu pa\u00eds de resid\u00eancia e solicite uma lista completa dos documentos necess\u00e1rios para obter o Visto de Estudante, pois ela pode variar.<\/p>\n<hr \/>\n<p><strong>Informa\u00e7\u00f5es importantes:<\/strong><\/p>\n<p>Uma vez concedido o visto, os estudantes estrangeiros t\u00eam 90 dias para entrar no Brasil e, a partir de ent\u00e3o, 30 dias para se registrar no Departamento de Pol\u00edcia Federal da cidade onde residem.<\/p>\n<p>Os portadores de visto de estudante est\u00e3o proibidos de exercer atividades remuneradas, sob pena de multa, notifica\u00e7\u00e3o ou expuls\u00e3o.<\/p>\n<p>Aten\u00e7\u00e3o: informe-se sobre o tipo correto de visto! A legisla\u00e7\u00e3o brasileira n\u00e3o permite a altera\u00e7\u00e3o do visto depois que voc\u00ea j\u00e1 estiver no pa\u00eds.<\/p>\n<blockquote><p>Para mais informa\u00e7\u00f5es, entre em contato conosco enviando um e-mail para eri@uepg.br<\/p><\/blockquote>\n","protected":false},"excerpt":{"rendered":"<p>Quer estudar na Universidade Estadual de Ponta Grossa (UEPG)? Esta p\u00e1gina est\u00e1 disponible en espa\u00f1ol \/ This page is available in English Por onde come\u00e7ar? Cursos de gradua\u00e7\u00e3o: Para se tornar um aluno de mobilidade durante seus estudos de gradua\u00e7\u00e3o, siga estas etapas. 1 &#8211; Acesse o site da UEPG e pesquise o curso e&nbsp;&hellip;<\/p>\n","protected":false},"author":24,"featured_media":0,"parent":0,"menu_order":0,"comment_status":"closed","ping_status":"closed","template":"page-templates\/page-with-left-sidebar.php","meta":[],"_links":{"self":[{"href":"https:\/\/www2.uepg.br\/eri\/wp-json\/wp\/v2\/pages\/67"}],"collection":[{"href":"https:\/\/www2.uepg.br\/eri\/wp-json\/wp\/v2\/pages"}],"about":[{"href":"https:\/\/www2.uepg.br\/eri\/wp-json\/wp\/v2\/types\/page"}],"author":[{"embeddable":true,"href":"https:\/\/www2.uepg.br\/eri\/wp-json\/wp\/v2\/users\/24"}],"replies":[{"embeddable":true,"href":"https:\/\/www2.uepg.br\/eri\/wp-json\/wp\/v2\/comments?post=67"}],"version-history":[{"count":28,"href":"https:\/\/www2.uepg.br\/eri\/wp-json\/wp\/v2\/pages\/67\/revisions"}],"predecessor-version":[{"id":7429,"href":"https:\/\/www2.uepg.br\/eri\/wp-json\/wp\/v2\/pages\/67\/revisions\/7429"}],"wp:attachment":[{"href":"https:\/\/www2.uepg.br\/eri\/wp-json\/wp\/v2\/media?parent=67"}],"curies":[{"name":"wp","href":"https:\/\/api.w.org\/{rel}","templated":true}]}}