{"id":70,"date":"2020-02-21T16:02:50","date_gmt":"2020-02-21T19:02:50","guid":{"rendered":"http:\/\/www2.uepg.br\/eri\/?page_id=70"},"modified":"2022-08-03T10:16:08","modified_gmt":"2022-08-03T13:16:08","slug":"mobilidade-docente","status":"publish","type":"page","link":"https:\/\/www2.uepg.br\/eri\/mobilidade-docente\/","title":{"rendered":"Mobilidade Docente"},"content":{"rendered":"<header class=\"entry-header\">\n<p class=\"entry-title\"><strong>Docente<\/strong><\/p>\n<\/header>\n<div class=\"entry-content\">\n<p>N\u00e3o h\u00e1 editais abertos para Mobilidade Docente neste momento. Aguarde novos editais!<\/p>\n<p style=\"text-align: center\"><a href=\"http:\/\/www2.uepg.br\/eri\/wp-content\/uploads\/sites\/52\/2022\/07\/AFASTAMENDO-DOCENTE-Resolucao-CEPE-No-071-2016.pdf\">AFASTAMENDO-DOCENTE-Resolu\u00e7\u00e3o-CEPE-N\u00ba-071-2016<\/a><\/p>\n<p style=\"text-align: center\"><a href=\"http:\/\/www2.uepg.br\/eri\/wp-content\/uploads\/sites\/52\/2022\/08\/Ficha-de-Tramitacao.pdf\">Ficha de Tramita\u00e7\u00e3o<\/a><\/p>\n<\/div>\n","protected":false},"excerpt":{"rendered":"<p>Docente N\u00e3o h\u00e1 editais abertos para Mobilidade Docente neste momento. Aguarde novos editais! AFASTAMENDO-DOCENTE-Resolu\u00e7\u00e3o-CEPE-N\u00ba-071-2016 Ficha de Tramita\u00e7\u00e3o<\/p>\n","protected":false},"author":24,"featured_media":0,"parent":0,"menu_order":0,"comment_status":"closed","ping_status":"closed","template":"page-templates\/page-with-left-sidebar.php","meta":[],"_links":{"self":[{"href":"https:\/\/www2.uepg.br\/eri\/wp-json\/wp\/v2\/pages\/70"}],"collection":[{"href":"https:\/\/www2.uepg.br\/eri\/wp-json\/wp\/v2\/pages"}],"about":[{"href":"https:\/\/www2.uepg.br\/eri\/wp-json\/wp\/v2\/types\/page"}],"author":[{"embeddable":true,"href":"https:\/\/www2.uepg.br\/eri\/wp-json\/wp\/v2\/users\/24"}],"replies":[{"embeddable":true,"href":"https:\/\/www2.uepg.br\/eri\/wp-json\/wp\/v2\/comments?post=70"}],"version-history":[{"count":6,"href":"https:\/\/www2.uepg.br\/eri\/wp-json\/wp\/v2\/pages\/70\/revisions"}],"predecessor-version":[{"id":4121,"href":"https:\/\/www2.uepg.br\/eri\/wp-json\/wp\/v2\/pages\/70\/revisions\/4121"}],"wp:attachment":[{"href":"https:\/\/www2.uepg.br\/eri\/wp-json\/wp\/v2\/media?parent=70"}],"curies":[{"name":"wp","href":"https:\/\/api.w.org\/{rel}","templated":true}]}}