{"id":7028,"date":"2025-08-21T15:15:28","date_gmt":"2025-08-21T18:15:28","guid":{"rendered":"https:\/\/www2.uepg.br\/eri\/?page_id=7028"},"modified":"2025-08-21T15:15:28","modified_gmt":"2025-08-21T18:15:28","slug":"memorandos-de-entendimento","status":"publish","type":"page","link":"https:\/\/www2.uepg.br\/eri\/memorandos-de-entendimento\/","title":{"rendered":"Memorandos de Entendimento"},"content":{"rendered":"<p><img loading=\"lazy\" class=\"aligncenter\" src=\"https:\/\/www.universitiesnz.ac.nz\/sites\/all\/themes\/uninz\/images\/universities-logo-blue.png\" alt=\"Homepage | Universities New Zealand - Te P\u014dkai Tara\" width=\"310\" height=\"87\" \/><\/p>\n<p style=\"text-align: center\"><a href=\"https:\/\/www.seti.pr.gov.br\/Noticia\/Parana-e-Nova-Zelandia-firmam-parceria-entre-universidades-para-pesquisa-e-intercambio\">Rede Internacional de Coopera\u00e7\u00e3o entre as IES do Paran\u00e1 e a Nova Zel\u00e2ndia &#8211; SETI<\/a><\/p>\n","protected":false},"excerpt":{"rendered":"<p>Rede Internacional de Coopera\u00e7\u00e3o entre as IES do Paran\u00e1 e a Nova Zel\u00e2ndia &#8211; SETI<\/p>\n","protected":false},"author":699,"featured_media":0,"parent":0,"menu_order":0,"comment_status":"closed","ping_status":"closed","template":"","meta":[],"_links":{"self":[{"href":"https:\/\/www2.uepg.br\/eri\/wp-json\/wp\/v2\/pages\/7028"}],"collection":[{"href":"https:\/\/www2.uepg.br\/eri\/wp-json\/wp\/v2\/pages"}],"about":[{"href":"https:\/\/www2.uepg.br\/eri\/wp-json\/wp\/v2\/types\/page"}],"author":[{"embeddable":true,"href":"https:\/\/www2.uepg.br\/eri\/wp-json\/wp\/v2\/users\/699"}],"replies":[{"embeddable":true,"href":"https:\/\/www2.uepg.br\/eri\/wp-json\/wp\/v2\/comments?post=7028"}],"version-history":[{"count":2,"href":"https:\/\/www2.uepg.br\/eri\/wp-json\/wp\/v2\/pages\/7028\/revisions"}],"predecessor-version":[{"id":7030,"href":"https:\/\/www2.uepg.br\/eri\/wp-json\/wp\/v2\/pages\/7028\/revisions\/7030"}],"wp:attachment":[{"href":"https:\/\/www2.uepg.br\/eri\/wp-json\/wp\/v2\/media?parent=7028"}],"curies":[{"name":"wp","href":"https:\/\/api.w.org\/{rel}","templated":true}]}}